{"id":61160,"date":"2023-11-09T08:57:35","date_gmt":"2023-11-09T13:57:35","guid":{"rendered":"https:\/\/oceaneering.com\/renewable-energy-solutions\/"},"modified":"2025-12-04T04:38:13","modified_gmt":"2025-12-04T10:38:13","slug":"renewable-energy-solutions","status":"publish","type":"page","link":"https:\/\/www.oceaneering.com\/es\/renewable-energy-solutions\/","title":{"rendered":"Soluciones de energ\u00eda renovable"},"content":{"rendered":"<p><a href=\"https:\/\/www.oceaneering.com\/es\/renewable-energy-solutions\/#contact\" target=\"_self\"> Debatir un proyecto <\/a><\/p>\r\n<h1>Soluciones de energ\u00eda renovable<\/h1>\r\n<p>Apoyamos sus diversos proyectos de energ\u00edas renovables y bajas emisiones de carbono con soluciones innovadoras.<\/p>\r\n<h2>Soluciones avanzadas para un futuro con bajas emisiones de carbono<\/h2>\r\n<p>Estamos dando forma al futuro de la industria energ\u00e9tica con tecnolog\u00edas y servicios avanzados que satisfacen las ambiciones mundiales de bajas emisiones de carbono. Estamos en una posici\u00f3n ideal para atender sus proyectos globales de energ\u00eda e\u00f3lica marina, mareomotriz, undimotriz, de interconexi\u00f3n, hidr\u00f3geno y captura de carbono en regiones clave de todo el mundo, como Am\u00e9rica, Europa y Asia-Pac\u00edfico.<\/p>\r\n<!-- Comment to fix spacing issue\r\n\t-->\r\n<p>0+<\/p>\r\n<!-- Comment to fix spacing issue\r\n\t-->\r\n<p>A\u00f1os de experiencia en proyectos offshore<\/p>\r\n<!-- Comment to fix spacing issue\r\n\t-->\r\n<p>0+<\/p>\r\n<!-- Comment to fix spacing issue\r\n\t-->\r\n<p>A\u00f1os de experiencia en energ\u00edas renovables<\/p>\r\n<!-- Comment to fix spacing issue\r\n\t-->\r\n<p>0+<\/p>\r\n<!-- Comment to fix spacing issue\r\n\t-->\r\n<p>Proyectos de energ\u00edas renovables finalizados con \u00e9xito<\/p>\r\n<h2>Soluciones m\u00e1s seguras, ecol\u00f3gicas y rentables<\/h2>\r\n<p>Nos hemos labrado un historial de \u00e9xitos en los sectores de las energ\u00edas renovables y con bajas emisiones de carbono mediante la ejecuci\u00f3n de proyectos seguros, eficientes, rentables y respetuosos con el medio ambiente, desde su desarrollo hasta su desmantelamiento.<\/p>\r\n<p><a href=\"https:\/\/oceaneering.canto.com\/download\/document\/tmplasjifl3cp3idkesq5bus12\/original.pdf\" target=\"_blank\" rel=\"noopener\"> Historial de Oceaneering Renewable <\/a> <img loading=\"lazy\" decoding=\"async\" title=\"Offshore-Fixed-Wind-Image-Magnum-ROV\" src=\"https:\/\/www.oceaneering.com\/wp-content\/uploads\/2024\/05\/Offshore-Fixed-Wind-Image-Magnum-ROV-1024x576.jpg\" alt=\"The Magnum ROV in a cage over the water in a sunset.\" width=\"1024\" height=\"576\" \/><\/p>\r\n<h3>E\u00f3lica marina fija<\/h3>\r\n<p>Agilizar la gesti\u00f3n de interfaces en regiones clave aprovechando nuestras d\u00e9cadas de experiencia en energ\u00eda offshore y construcci\u00f3n marina compleja.<\/p>\r\n<p><a href=\"https:\/\/www.oceaneering.com\/es\/renewable-energy-solutions\/fixed-offshore-wind\/\" target=\"_self\"> Seguir leyendo <\/a> <img loading=\"lazy\" decoding=\"async\" title=\"230822_Operations-and-Maintenance-Phase_V01\" src=\"https:\/\/www.oceaneering.com\/wp-content\/uploads\/2024\/05\/230822_Operations-and-Maintenance-Phase_V01-1024x576.jpg\" alt=\"Floating Offshore Wind farm with Oceaneering technologies.\" width=\"1024\" height=\"576\" \/><\/p>\r\n<h3>Energ\u00eda e\u00f3lica marina flotante<\/h3>\r\n<p>Abordar las complejidades de los entornos marinos dif\u00edciles, incluidas las aguas m\u00e1s profundas, abriendo grandes franjas de oportunidades para generar energ\u00eda e\u00f3lica renovable.<\/p>\r\n<p><a href=\"https:\/\/www.oceaneering.com\/es\/renewable-energy-solutions\/floating-offshore-wind\/\" target=\"_self\"> Seguir leyendo <\/a> <img loading=\"lazy\" decoding=\"async\" title=\"Hydrogen-featured-image\" src=\"https:\/\/www.oceaneering.com\/wp-content\/uploads\/2024\/05\/Hydrogen-featured-image.jpg\" alt=\"Clean hydrogen energy concept.\" width=\"3000\" height=\"1800\" \/><\/p>\r\n<h3>Servicios de apoyo al hidr\u00f3geno<\/h3>\r\n<p>Optimice sus proyectos globales de hidr\u00f3geno con nuestros productos Grayloc\u00ae, l\u00edderes en el sector, y nuestros servicios de gesti\u00f3n de la integridad de los activos.<\/p>\r\n<p><a href=\"https:\/\/www.oceaneering.com\/es\/renewable-energy-solutions\/hydrogen-support-services\/\" target=\"_self\"> Seguir leyendo <\/a> <img loading=\"lazy\" decoding=\"async\" title=\"Central nuclear - Caso pr\u00e1ctico\" src=\"https:\/\/www.oceaneering.com\/wp-content\/uploads\/2024\/02\/Case-Study-Successful-NDT-Enables-Decommissioning-of-Nuclear-Power-Facilities-in-UK-1-1024x566.jpg\" alt=\"Nuclear Power Plant\" width=\"1024\" height=\"566\" \/><\/p>\r\n<h3>Soluciones de energ\u00eda nuclear<\/h3>\r\n<p>Satisfaga las exigencias cambiantes de sus instalaciones de energ\u00eda nuclear, incluidos los reactores modulares peque\u00f1os de nueva generaci\u00f3n.<\/p>\r\n<p><a href=\"https:\/\/www.oceaneering.com\/es\/renewable-energy-solutions\/nuclear-power-solutions\/\" target=\"_self\"> Seguir leyendo <\/a> <img loading=\"lazy\" decoding=\"async\" title=\"CCS\" src=\"https:\/\/www.oceaneering.com\/wp-content\/uploads\/2024\/10\/CCS.jpg\" alt=\"Carbfix project in Iceland. Renewable energy.\" width=\"1920\" height=\"1280\" \/><\/p>\r\n<h3>Captura y almacenamiento de carbono<\/h3>\r\n<p>Garantice la seguridad e integridad de su infraestructura CCS al tiempo que aumenta la fiabilidad y la rentabilidad.<\/p>\r\n<p><a href=\"https:\/\/www.oceaneering.com\/es\/renewable-energy-solutions\/carbon-capture-and-storage-solutions\/\" target=\"_self\"> Seguir leyendo <\/a> <img loading=\"lazy\" decoding=\"async\" title=\"230612_Linnorm-Field-Layout-artwork_V02-edited\" src=\"https:\/\/www.oceaneering.com\/wp-content\/uploads\/2024\/09\/230612_Linnorm-Field-Layout-artwork_V02-edited.jpg\" alt=\"230612_Linnorm-Field-Layout-artwork_V02-edited\" width=\"1920\" height=\"1080\" \/><\/p>\r\n<h3>Electrificaci\u00f3n de activos petrol\u00edferos y de gas en alta mar<\/h3>\r\n<p>Aproveche las fuentes de energ\u00eda renovables para satisfacer sus necesidades energ\u00e9ticas.<\/p>\r\n<p><a href=\"https:\/\/oceaneering.canto.com\/download\/document\/gaaqj5odj9045c4gotn1h8ul53\/original.pdf\" target=\"_blank\" rel=\"noopener\"> Leer el folleto <\/a><\/p>\r\n<h3>Probado en campo. L\u00edder en el sector.<\/h3>\r\n<p>M\u00e1s informaci\u00f3n sobre nuestro apoyo a proyectos de energ\u00edas renovables, bajas emisiones de carbono y descarbonizaci\u00f3n.<\/p>\r\n<p><a href=\"https:\/\/www.oceaneering.com\/es\/resources\/?_content_types=case-study\" target=\"_self\"> Ver todos los casos pr\u00e1cticos <\/a> <button> Anterior <\/button> <button> Siguiente <\/button> <a href=\"https:\/\/www.oceaneering.com\/es\/case-studies\/development-of-maintenance-program-for-the-worlds-largest-offshore-wind-farm\/\"> <img decoding=\"async\" src=\"https:\/\/www.oceaneering.com\/wp-content\/uploads\/2024\/04\/Wind-Farm.jpg\" alt=\"Offshore wind farm\" \/><\/a><\/p>\r\n<h3>Desarrollo del programa de mantenimiento del mayor parque e\u00f3lico marino del mundo<\/h3>\r\n<h3>Desarrollo del programa de mantenimiento del mayor parque e\u00f3lico marino del mundo<\/h3>\r\n<p>Oceaneering was contracted to complete the comprehensive maintenance scope for the Dogger Bank A offshore wind development&#8230;<\/p>\r\n<p><a href=\"https:\/\/www.oceaneering.com\/es\/case-studies\/development-of-maintenance-program-for-the-worlds-largest-offshore-wind-farm\/\">M\u00e1s informaci\u00f3n <\/a> <a href=\"https:\/\/www.oceaneering.com\/es\/case-studies\/multi-qualified-level-3-engineers-complete-managed-audit-program-for-uk-nuclear-power-plants\/\"> <img decoding=\"async\" src=\"https:\/\/www.oceaneering.com\/wp-content\/uploads\/2024\/02\/Case-Study-Multi-Qualified-Level-3-Engineers-Complete-Managed-Audit-Program-for-UK-Nuclear-Power-Plants-1.png\" alt=\"Power plant\" \/><\/a><\/p>\r\n<h3>Ingenieros multicualificados de nivel 3 completan un programa de auditor\u00eda gestionada para centrales nucleares del Reino Unido<\/h3>\r\n<h3>Ingenieros multicualificados de nivel 3 completan un programa de auditor\u00eda gestionada para centrales nucleares del Reino Unido<\/h3>\r\n<p>Oceaneering recently completed its sixth year delivering managed audit support at UK nuclear power plants as part&#8230;<\/p>\r\n<p><a href=\"https:\/\/www.oceaneering.com\/es\/case-studies\/multi-qualified-level-3-engineers-complete-managed-audit-program-for-uk-nuclear-power-plants\/\">M\u00e1s informaci\u00f3n <\/a> <a href=\"https:\/\/www.oceaneering.com\/es\/case-studies\/nuclear-focused-inspection-team-supports-newbuild-power-plant-in-the-uk\/\"> <img decoding=\"async\" src=\"https:\/\/www.oceaneering.com\/wp-content\/uploads\/2024\/03\/Case-Study-Oceaneering-Completes-Fourth-Year-of-Inspection-Support-at-Newbuild-Nuclear-Power-Plant-in-the-UK-1.jpg\" alt=\"Control wheel at a machine room\" \/><\/a><\/p>\r\n<h3>Un equipo de inspecci\u00f3n nuclear presta apoyo a una nueva central el\u00e9ctrica en el Reino Unido<\/h3>\r\n<h3>Un equipo de inspecci\u00f3n nuclear presta apoyo a una nueva central el\u00e9ctrica en el Reino Unido<\/h3>\r\n<p>Oceaneering recently completed the fourth year of a long-term contract to provide inspection services at a nuclear&#8230;<\/p>\r\n<p><a href=\"https:\/\/www.oceaneering.com\/es\/case-studies\/nuclear-focused-inspection-team-supports-newbuild-power-plant-in-the-uk\/\">M\u00e1s informaci\u00f3n <\/a> <a href=\"https:\/\/www.oceaneering.com\/es\/case-studies\/successful-ndt-enables-decommissioning-of-nuclear-power-facilities-in-uk\/\"> <img decoding=\"async\" src=\"https:\/\/www.oceaneering.com\/wp-content\/uploads\/2024\/02\/Case-Study-Successful-NDT-Enables-Decommissioning-of-Nuclear-Power-Facilities-in-UK-1.jpg\" alt=\"Nuclear Power Plant\" \/><\/a><\/p>\r\n<h3>El \u00e9xito de los ensayos no destructivos permite el desmantelamiento de instalaciones nucleares en el Reino Unido<\/h3>\r\n<h3>El \u00e9xito de los ensayos no destructivos permite el desmantelamiento de instalaciones nucleares en el Reino Unido<\/h3>\r\n<p>In February 2023, Oceaneering completed a two-and-a-half-year project providing non-destructive testing (NDT) services to support the safe&#8230;<\/p>\r\n<p><a href=\"https:\/\/www.oceaneering.com\/es\/case-studies\/successful-ndt-enables-decommissioning-of-nuclear-power-facilities-in-uk\/\">M\u00e1s informaci\u00f3n <\/a> <a href=\"https:\/\/www.oceaneering.com\/es\/case-studies\/oceaneering-subsea-robotics-supports-floating-offshore-wind-installation-offshore-spain\/\"> <img decoding=\"async\" src=\"https:\/\/www.oceaneering.com\/wp-content\/uploads\/2024\/01\/Wind-turbine-1.jpg\" alt=\"\" \/><\/a><\/p>\r\n<h3>Un equipo de ROV ayuda a instalar un aerogenerador flotante en Espa\u00f1a<\/h3>\r\n<h3>Un equipo de ROV ayuda a instalar un aerogenerador flotante en Espa\u00f1a<\/h3>\r\n<p>Qverview En agosto de 2023, una tripulaci\u00f3n de Oceaneering y el veh\u00edculo operado por control remoto (ROV) Magnum\u00ae...<\/p>\r\n<p><a href=\"https:\/\/www.oceaneering.com\/es\/case-studies\/oceaneering-subsea-robotics-supports-floating-offshore-wind-installation-offshore-spain\/\">M\u00e1s informaci\u00f3n <\/a> <a href=\"https:\/\/www.oceaneering.com\/es\/case-studies\/oceaneering-subsea-robotics-supports-installation-project-at-the-worlds-largest-offshore-floating-wind-project\/\"> <img decoding=\"async\" src=\"https:\/\/www.oceaneering.com\/wp-content\/uploads\/2023\/11\/Windmills-offshore-1.jpg\" alt=\"Wind mills offshore wind\" \/><\/a><\/p>\r\n<h3>\u00c9xito de la instalaci\u00f3n del cable din\u00e1mico entre torres en el mayor proyecto e\u00f3lico flotante marino del mundo<\/h3>\r\n<h3>\u00c9xito de la instalaci\u00f3n del cable din\u00e1mico entre torres en el mayor proyecto e\u00f3lico flotante marino del mundo<\/h3>\r\n<p>In Q2 2023, an Oceaneering project team and remotely operated vehicles (ROVs) were used to support a&#8230;<\/p>\r\n<p><a href=\"https:\/\/www.oceaneering.com\/es\/case-studies\/oceaneering-subsea-robotics-supports-installation-project-at-the-worlds-largest-offshore-floating-wind-project\/\">M\u00e1s informaci\u00f3n <\/a> <a href=\"https:\/\/www.oceaneering.com\/es\/case-studies\/oceaneering-rovs-support-installation-of-offshore-floating-wind-turbines-off-the-french-coast\/\"> <img decoding=\"async\" src=\"https:\/\/www.oceaneering.com\/wp-content\/uploads\/2023\/11\/Wind-turbines-edited.jpg\" alt=\"\" \/><\/a><\/p>\r\n<h3>ROVs de Oceaneering apoyan la instalaci\u00f3n de aerogeneradores flotantes en Francia<\/h3>\r\n<h3>ROVs de Oceaneering apoyan la instalaci\u00f3n de aerogeneradores flotantes en Francia<\/h3>\r\n<p>In October 2023, Oceaneering&#8217;s remotely operated vehicles (ROVs) on the Normand Installer vessel finished a work scope&#8230;<\/p>\r\n<p><a href=\"https:\/\/www.oceaneering.com\/es\/case-studies\/oceaneering-rovs-support-installation-of-offshore-floating-wind-turbines-off-the-french-coast\/\">M\u00e1s informaci\u00f3n <\/a> <a href=\"https:\/\/www.oceaneering.com\/es\/case-studies\/oceaneerings-innovative-isurus-rov-reduces-cost-and-carbon-footprint-while-shortening-project-schedule\/\"> <img decoding=\"async\" src=\"https:\/\/www.oceaneering.com\/wp-content\/uploads\/2023\/11\/DSC04024-scaled-1.jpg\" alt=\"\" \/><\/a><\/p>\r\n<h3>El ROV Isurus\u2122 permite operaciones de tendido de cables m\u00e1s eficientes<\/h3>\r\n<h3>El ROV Isurus\u2122 permite operaciones de tendido de cables m\u00e1s eficientes<\/h3>\r\n<p>In late 2019, a major offshore wind developer mobilized Oceaneering&#8217;s Isurus\u2122 ROV on one of its cable&#8230;<\/p>\r\n<p><a href=\"https:\/\/www.oceaneering.com\/es\/case-studies\/oceaneerings-innovative-isurus-rov-reduces-cost-and-carbon-footprint-while-shortening-project-schedule\/\">M\u00e1s informaci\u00f3n <\/a> <a href=\"https:\/\/www.oceaneering.com\/es\/case-studies\/oceaneering-completes-successful-wind-turbine-anode-installation\/\"> <img decoding=\"async\" src=\"https:\/\/www.oceaneering.com\/wp-content\/uploads\/2018\/11\/Case-Study-Oceaneering-completes-successful-wind-turbine-anode-installation-1.jpg\" alt=\"\" \/><\/a><\/p>\r\n<h3>Oceaneering finaliza con \u00e9xito la instalaci\u00f3n de \u00e1nodos en aerogeneradores<\/h3>\r\n<h3>Oceaneering finaliza con \u00e9xito la instalaci\u00f3n de \u00e1nodos en aerogeneradores<\/h3>\r\n<p>Oceaneering was contracted by a leading geotechnical and offshore solutions provider to install anti-corrosion plate anode clamps&#8230;<\/p>\r\n<p><a href=\"https:\/\/www.oceaneering.com\/es\/case-studies\/oceaneering-completes-successful-wind-turbine-anode-installation\/\">M\u00e1s informaci\u00f3n <\/a><\/p>\r\n<h2>Noticias sobre energ\u00edas renovables<\/h2>\r\n<p><a title=\"Oceaneering logra \" href=\"https:\/\/www.oceaneering.com\/es\/oceaneering-achieves-fit-4-offshore-renewables-f4or-granted-status-at-rosyth-scotland-cable-facility\/\"><img loading=\"lazy\" decoding=\"async\" title=\"La planta de fabricaci\u00f3n de umbilicales y cables de Rosyth, Escocia | Oceaneering\" src=\"https:\/\/www.oceaneering.com\/wp-content\/uploads\/2024\/03\/DJI_0373-1024x576.jpg\" sizes=\"auto, (max-width: 1024px) 100vw, 1024px\" srcset=\"https:\/\/www.oceaneering.com\/wp-content\/uploads\/2024\/03\/DJI_0373-1024x576.jpg 1024w, https:\/\/www.oceaneering.com\/wp-content\/uploads\/2024\/03\/DJI_0373-300x169.jpg 300w, https:\/\/www.oceaneering.com\/wp-content\/uploads\/2024\/03\/DJI_0373-768x432.jpg 768w, https:\/\/www.oceaneering.com\/wp-content\/uploads\/2024\/03\/DJI_0373-1536x864.jpg 1536w, https:\/\/www.oceaneering.com\/wp-content\/uploads\/2024\/03\/DJI_0373-2048x1152.jpg 2048w, https:\/\/www.oceaneering.com\/wp-content\/uploads\/2024\/03\/DJI_0373-18x10.jpg 18w, https:\/\/www.oceaneering.com\/wp-content\/uploads\/2024\/03\/DJI_0373-1280x720.jpg 1280w, https:\/\/www.oceaneering.com\/wp-content\/uploads\/2024\/03\/DJI_0373-960x540.jpg 960w, https:\/\/www.oceaneering.com\/wp-content\/uploads\/2024\/03\/DJI_0373-640x360.jpg 640w, https:\/\/www.oceaneering.com\/wp-content\/uploads\/2024\/03\/DJI_0373-320x180.jpg 320w\" alt=\"The umbilicals and cable manufacturing facility in Rosyth Scotland\" width=\"1024\" height=\"576\" \/><\/a> 3\/28\/2024<\/p>\r\n<h3><a title=\"Oceaneering logra \" href=\"https:\/\/www.oceaneering.com\/es\/oceaneering-achieves-fit-4-offshore-renewables-f4or-granted-status-at-rosyth-scotland-cable-facility\/\">Oceaneering obtiene la certificaci\u00f3n \"Fit 4 Offshore Renewables\" para la instalaci\u00f3n de cables de Rosyth (Escocia)<\/a><\/h3>\r\n<p>Houston, Texas &#8211; Oceaneering announces today that its Rosyth, Scotland, cable manufacturing facility has successfully achieved &#8220;Fit 4 Offshore Renewables&#8221;\u2026<\/p>\r\n<p><a href=\"https:\/\/www.oceaneering.com\/es\/oceaneering-achieves-fit-4-offshore-renewables-f4or-granted-status-at-rosyth-scotland-cable-facility\/\">Seguir leyendo <\/a> <a title=\"Oceaneering anuncia un exitoso ensayo de campo de la soluci\u00f3n de software Ocean Perception\u2122 para la mitigaci\u00f3n de mam\u00edferos marinos\" href=\"https:\/\/www.oceaneering.com\/es\/oceaneering-announces-a-successful-field-trial-for-ocean-perception-marine-mammal-mitigation-software-solution\/\"><img loading=\"lazy\" decoding=\"async\" title=\"Percepci\u00f3n de los oc\u00e9anos | Oceaneering\" src=\"https:\/\/www.oceaneering.com\/wp-content\/uploads\/2024\/02\/220308_Ocean_perception_02-3-2-1024x576.jpg\" sizes=\"auto, (max-width: 1024px) 100vw, 1024px\" srcset=\"https:\/\/www.oceaneering.com\/wp-content\/uploads\/2024\/02\/220308_Ocean_perception_02-3-2-1024x576.jpg 1024w, https:\/\/www.oceaneering.com\/wp-content\/uploads\/2024\/02\/220308_Ocean_perception_02-3-2-300x169.jpg 300w, https:\/\/www.oceaneering.com\/wp-content\/uploads\/2024\/02\/220308_Ocean_perception_02-3-2-768x432.jpg 768w, https:\/\/www.oceaneering.com\/wp-content\/uploads\/2024\/02\/220308_Ocean_perception_02-3-2-1536x864.jpg 1536w, https:\/\/www.oceaneering.com\/wp-content\/uploads\/2024\/02\/220308_Ocean_perception_02-3-2-18x10.jpg 18w, https:\/\/www.oceaneering.com\/wp-content\/uploads\/2024\/02\/220308_Ocean_perception_02-3-2-1280x720.jpg 1280w, https:\/\/www.oceaneering.com\/wp-content\/uploads\/2024\/02\/220308_Ocean_perception_02-3-2-960x540.jpg 960w, https:\/\/www.oceaneering.com\/wp-content\/uploads\/2024\/02\/220308_Ocean_perception_02-3-2-640x360.jpg 640w, https:\/\/www.oceaneering.com\/wp-content\/uploads\/2024\/02\/220308_Ocean_perception_02-3-2-320x180.jpg 320w, https:\/\/www.oceaneering.com\/wp-content\/uploads\/2024\/02\/220308_Ocean_perception_02-3-2.jpg 1920w\" alt=\"Ocean Perception marine mammal mitigation  PSO software platform\" width=\"1024\" height=\"576\" \/><\/a> 12\/5\/2023<\/p>\r\n<h3><a title=\"Oceaneering anuncia un exitoso ensayo de campo de la soluci\u00f3n de software Ocean Perception\u2122 para la mitigaci\u00f3n de mam\u00edferos marinos\" href=\"https:\/\/www.oceaneering.com\/es\/oceaneering-announces-a-successful-field-trial-for-ocean-perception-marine-mammal-mitigation-software-solution\/\">Oceaneering anuncia un exitoso ensayo de campo de la soluci\u00f3n de software Ocean Perception\u2122 para la mitigaci\u00f3n de mam\u00edferos marinos<\/a><\/h3>\r\n<p>Houston, Texas &#8211; Today, Oceaneering International, Inc., announces the successful field trial of Ocean Perception\u2122, a patented marine mammal mitigation\u2026<\/p>\r\n<p><a href=\"https:\/\/www.oceaneering.com\/es\/oceaneering-announces-a-successful-field-trial-for-ocean-perception-marine-mammal-mitigation-software-solution\/\">Seguir leyendo <\/a> <a title=\"Oceaneering se adjudica un contrato marco de ingenier\u00eda de mantenimiento\u00a0\" href=\"https:\/\/www.oceaneering.com\/es\/oceaneering-awarded-maintenance-engineering-framework-agreement\/\"><img loading=\"lazy\" decoding=\"async\" title=\"Inspecci\u00f3n en alta mar IMDS | Oceaneering\" src=\"https:\/\/www.oceaneering.com\/wp-content\/uploads\/2023\/11\/imds-overview-2022-1200x628-1-1024x536.jpg\" sizes=\"auto, (max-width: 1024px) 100vw, 1024px\" srcset=\"https:\/\/www.oceaneering.com\/wp-content\/uploads\/2023\/11\/imds-overview-2022-1200x628-1-1024x536.jpg 1024w, https:\/\/www.oceaneering.com\/wp-content\/uploads\/2023\/11\/imds-overview-2022-1200x628-1-300x157.jpg 300w, https:\/\/www.oceaneering.com\/wp-content\/uploads\/2023\/11\/imds-overview-2022-1200x628-1-768x402.jpg 768w, https:\/\/www.oceaneering.com\/wp-content\/uploads\/2023\/11\/imds-overview-2022-1200x628-1-18x9.jpg 18w, https:\/\/www.oceaneering.com\/wp-content\/uploads\/2023\/11\/imds-overview-2022-1200x628-1.jpg 1200w\" alt=\"Offshore platform and data integrity system\" width=\"1024\" height=\"536\" \/><\/a> 2\/28\/2022<\/p>\r\n<h3><a title=\"Oceaneering se adjudica un contrato marco de ingenier\u00eda de mantenimiento\u00a0\" href=\"https:\/\/www.oceaneering.com\/es\/oceaneering-awarded-maintenance-engineering-framework-agreement\/\">Oceaneering se adjudica un contrato marco de ingenier\u00eda de mantenimiento\u00a0<\/a><\/h3>\r\n<p>Oceaneering International\u2019s Integrity Management and Digital Solutions (IMDS) group has been awarded a framework agreement covering maintenance engineering for all Equinor&#8217;s business areas. \u00a0<\/p>\r\n<p><a href=\"https:\/\/www.oceaneering.com\/es\/oceaneering-awarded-maintenance-engineering-framework-agreement\/\">Seguir leyendo <\/a><\/p>\r\n<!-- .pp-content-posts -->\r\n<p><a href=\"https:\/\/www.oceaneering.com\/es\/blog\/\" target=\"_self\"> Ver todas las noticias <\/a><\/p>\r\n<h1>Contacte con nosotros<\/h1>\r\n<h2>Nuestro equipo de expertos est\u00e1 listo para ayudarle a empezar.<\/h2>\r\n<p>Oceaneering ofrece los mejores productos y soluciones de su clase, respaldados por una calidad, fiabilidad y asistencia global inigualables. Rellene el formulario de consulta para iniciar una conversaci\u00f3n hoy mismo.<\/p>","protected":false},"excerpt":{"rendered":"<p>Discutir un proyecto Soluciones de energ\u00eda renovable Apoyo a sus diversos proyectos de energ\u00eda renovable y baja emisi\u00f3n de carbono con soluciones innovadoras. Soluciones avanzadas para un futuro con bajas emisiones de carbono Estamos dando forma al futuro de la industria energ\u00e9tica con tecnolog\u00edas y servicios avanzados que satisfacen las ambiciones mundiales de bajas emisiones de carbono. Estamos en una posici\u00f3n ideal para atender sus proyectos globales de energ\u00eda e\u00f3lica marina, mareomotriz, ... <a title=\"Soluciones de energ\u00eda renovable\" class=\"read-more\" href=\"https:\/\/www.oceaneering.com\/es\/renewable-energy-solutions\/\" aria-label=\"Leer m\u00e1s sobre Soluciones de energ\u00eda renovable\">Seguir leyendo<\/a><\/p>","protected":false},"author":20,"featured_media":0,"parent":0,"menu_order":91,"comment_status":"closed","ping_status":"closed","template":"","meta":{"_acf_changed":false,"footnotes":"","_links_to":"","_links_to_target":""},"product_category":[1159],"search_tags":[1398],"class_list":["post-61160","page","type-page","status-publish","product_category-renewables","search_tags-renewable-energy"],"acf":[],"aioseo_notices":[],"_links":{"self":[{"href":"https:\/\/www.oceaneering.com\/es\/wp-json\/wp\/v2\/pages\/61160","targetHints":{"allow":["GET"]}}],"collection":[{"href":"https:\/\/www.oceaneering.com\/es\/wp-json\/wp\/v2\/pages"}],"about":[{"href":"https:\/\/www.oceaneering.com\/es\/wp-json\/wp\/v2\/types\/page"}],"author":[{"embeddable":true,"href":"https:\/\/www.oceaneering.com\/es\/wp-json\/wp\/v2\/users\/20"}],"replies":[{"embeddable":true,"href":"https:\/\/www.oceaneering.com\/es\/wp-json\/wp\/v2\/comments?post=61160"}],"version-history":[{"count":3,"href":"https:\/\/www.oceaneering.com\/es\/wp-json\/wp\/v2\/pages\/61160\/revisions"}],"predecessor-version":[{"id":80139,"href":"https:\/\/www.oceaneering.com\/es\/wp-json\/wp\/v2\/pages\/61160\/revisions\/80139"}],"wp:attachment":[{"href":"https:\/\/www.oceaneering.com\/es\/wp-json\/wp\/v2\/media?parent=61160"}],"wp:term":[{"taxonomy":"product_category","embeddable":true,"href":"https:\/\/www.oceaneering.com\/es\/wp-json\/wp\/v2\/product_category?post=61160"},{"taxonomy":"search_tags","embeddable":true,"href":"https:\/\/www.oceaneering.com\/es\/wp-json\/wp\/v2\/search_tags?post=61160"}],"curies":[{"name":"wp","href":"https:\/\/api.w.org\/{rel}","templated":true}]}}