{"id":61157,"date":"2025-12-05T08:56:31","date_gmt":"2025-12-05T14:56:31","guid":{"rendered":"https:\/\/oceaneering.com\/rov-services\/next-generation-subsea-vehicles\/isurus-rov\/"},"modified":"2026-03-03T08:13:47","modified_gmt":"2026-03-03T14:13:47","slug":"isurus-rov","status":"publish","type":"page","link":"https:\/\/www.oceaneering.com\/es\/rov-services\/rov-systems\/isurus-rov\/","title":{"rendered":"ROV Isurus"},"content":{"rendered":"<p><a href=\"https:\/\/www.oceaneering.com\/es\/rov-services\/#contact\" target=\"_self\"> Debatir un proyecto <\/a><\/p>\r\n<h1>ROV Isurus<\/h1>\r\n<p>Devuelva la flotabilidad a su proyecto de instalaci\u00f3n e\u00f3lica marina. El ROV Isurus\u2122 es un aut\u00e9ntico sistema de clase de trabajo que permite realizar operaciones en condiciones de corrientes elevadas. Aumente su capacidad de trabajo con hasta seis horas adicionales de tiempo operativo.<\/p>\r\n<p>Basado en el sistema ROV Magnum\u2122 de Oceaneering, de eficacia probada sobre el terreno, el ROV Isurus combina paquetes hidr\u00e1ulicos y de propulsi\u00f3n optimizados con un dise\u00f1o hidrodin\u00e1mico para satisfacer los requisitos de entornos dif\u00edciles.<\/p>\r\n<h2>Aumenta tus ventanas meteorol\u00f3gicas en corrientes dif\u00edciles<\/h2>\r\n<h2>Aumenta la velocidad hasta 5 nudos hacia delante y hacia atr\u00e1s<\/h2>\r\n<h2>Reduzca sus costes<\/h2>\r\n<h2>V\u00eddeo del ROV Isurus<\/h2>\r\n<p><img decoding=\"async\" title=\"Isurus-video-thumbnail-1\" src=\"https:\/\/oceaneering.com\/wp-content\/uploads\/2023\/11\/Isurus-video-thumbnail-1.jpg\" alt=\"\" \/> Ver v\u00eddeo Isurus ROV<\/p>\r\n<h2>Un verdadero sistema de clases trabajadoras<\/h2>\r\n<h3>Condiciones dif\u00edciles<\/h3>\r\n<p>El ROV Isurus aumenta las ventanas operativas en zonas como el oeste de Shetland, en el Mar del Norte del Reino Unido, la India y Brasil, donde las altas corrientes pueden afectar a las operaciones. El Isurus, un aut\u00e9ntico ROV de clase de trabajo, integra manipuladores hidr\u00e1ulicos de tama\u00f1o completo, maneja las mismas cargas que un ROV Magnum y puede ofrecer la misma potencia de carga a los dispositivos.<\/p>\r\n<h3>Velocidad<\/h3>\r\n<p>Isurus es capaz de alcanzar 5 nudos en avance y retroceso, velocidades laterales superiores a 2 nudos y una velocidad vertical de 1,3 nudos. Equipado con funciones avanzadas de control del veh\u00edculo, navegaci\u00f3n y estacionamiento opcional, Isurus permite realizar el trabajo de forma m\u00e1s eficiente, puntual y rentable.<\/p>\r\n<h3>Preparados para las energ\u00edas renovables<\/h3>\r\n<p>El ROV Isurus es ideal para <a href=\"https:\/\/www.oceaneering.com\/es\/renewable-energy-solutions\/\">\u00e1mbitos de trabajo de los proyectos de energ\u00edas renovables<\/a>El proyecto incluye el tendido de cables, la realizaci\u00f3n de inspecciones de cables antes y despu\u00e9s del tendido, la conexi\u00f3n de cables mensajeros y la asistencia en el despliegue de robots submarinos para la inspecci\u00f3n de soldaduras submarinas.<\/p>\r\n<h3>Folletos<\/h3>\r\n<p><a href=\"https:\/\/oceaneering.canto.com\/download\/document\/fo2oespj6t4arfvvlpju788p5v\/original.pdf\" target=\"_blank\" rel=\"noopener\"> <img decoding=\"async\" title=\"1615243323000\" src=\"https:\/\/oceaneering.com\/wp-content\/uploads\/2023\/11\/1615243323000.jpg\" alt=\"1615243323000\" \/> <\/a> <a href=\"https:\/\/oceaneering.canto.com\/download\/document\/fo2oespj6t4arfvvlpju788p5v\/original.pdf\" target=\"_blank\" rel=\"noopener\"> Descargar A4 <\/a> <a href=\"https:\/\/oceaneering.canto.com\/download\/document\/qs2dbkjant0rhe1nl0298orf4m\/original.pdf\" target=\"_blank\" rel=\"noopener\"> <img decoding=\"async\" title=\"1575319101000\" src=\"https:\/\/oceaneering.com\/wp-content\/uploads\/2023\/11\/1575319101000.jpg\" alt=\"1575319101000\" \/> <\/a> <a href=\"https:\/\/oceaneering.canto.com\/download\/document\/qs2dbkjant0rhe1nl0298orf4m\/original.pdf\" target=\"_blank\" rel=\"noopener\"> Descargar carta <\/a><\/p>\r\n<h3>Estudio de caso<\/h3>\r\n<p><a href=\"https:\/\/www.oceaneering.com\/es\/case-studies\/oceaneerings-innovative-isurus-rov-reduces-cost-and-carbon-footprint-while-shortening-project-schedule\/\" target=\"\"> <img decoding=\"async\" title=\"DSC04024-700x465-panorama\" src=\"https:\/\/oceaneering.com\/wp-content\/uploads\/2023\/11\/DSC04024-700x465-panorama.jpg\" alt=\"DSC04024-700x465-panorama\" \/> <\/a><\/p>\r\n<h3><a title=\"El innovador ROV Isurus de Oceaneering reduce los costes y la huella de carbono al tiempo que acorta el calendario del proyecto\" href=\"https:\/\/www.oceaneering.com\/es\/case-studies\/oceaneerings-innovative-isurus-rov-reduces-cost-and-carbon-footprint-while-shortening-project-schedule\/\" target=\"_self\"> El innovador ROV Isurus de Oceaneering reduce los costes y la huella de carbono al tiempo que acorta el calendario del proyecto <\/a><\/h3>\r\n<h2>Art\u00edculos relevantes<\/h2>\r\n<p><a title=\"Tecnolog\u00eda ROV de alta velocidad en Subsea Tieback\" href=\"https:\/\/www.offshore-mag.com\/subsea\/article\/14291028\/oceaneering-showcases-rov-technology-at-subsea-tieback#new_tab\"><img loading=\"lazy\" decoding=\"async\" title=\"IsurusROVfeaturedimage | Oceaneering\" src=\"https:\/\/www.oceaneering.com\/wp-content\/uploads\/2023\/11\/Isurus-ROV-featured-image-1024x536.jpg\" sizes=\"auto, (max-width: 1024px) 100vw, 1024px\" srcset=\"https:\/\/www.oceaneering.com\/wp-content\/uploads\/2023\/11\/Isurus-ROV-featured-image-1024x536.jpg 1024w, https:\/\/www.oceaneering.com\/wp-content\/uploads\/2023\/11\/Isurus-ROV-featured-image-300x157.jpg 300w, https:\/\/www.oceaneering.com\/wp-content\/uploads\/2023\/11\/Isurus-ROV-featured-image-768x402.jpg 768w, https:\/\/www.oceaneering.com\/wp-content\/uploads\/2023\/11\/Isurus-ROV-featured-image-18x9.jpg 18w, https:\/\/www.oceaneering.com\/wp-content\/uploads\/2023\/11\/Isurus-ROV-featured-image.jpg 1200w\" alt=\"\" width=\"1024\" height=\"536\" \/><\/a> 3\/14\/2023<\/p>\r\n<h3><a title=\"Tecnolog\u00eda ROV de alta velocidad en Subsea Tieback\" href=\"https:\/\/www.offshore-mag.com\/subsea\/article\/14291028\/oceaneering-showcases-rov-technology-at-subsea-tieback#new_tab\">Tecnolog\u00eda ROV de alta velocidad en Subsea Tieback<\/a><\/h3>\r\n<p>El ROV Isurus offshore de alta velocidad es un sistema de clase de trabajo que optimiza el factor de forma hidrodin\u00e1mico y la propulsi\u00f3n hidr\u00e1ulica para operar en corrientes dif\u00edciles.<\/p>\r\n<p><a href=\"https:\/\/www.offshore-mag.com\/subsea\/article\/14291028\/oceaneering-showcases-rov-technology-at-subsea-tieback#new_tab\">Seguir leyendo<\/a> <a title=\"Isurus 5 y 6\" href=\"https:\/\/758c071a.flowpaper.com\/SingleIssue52022UT3197\/#page=22#new_tab\"><img loading=\"lazy\" decoding=\"async\" title=\"Isurusmobilized2featured1 | Oceaneering\" src=\"https:\/\/www.oceaneering.com\/wp-content\/uploads\/2023\/11\/Isurus-mobilized2-featured-1-1024x536.jpg\" sizes=\"auto, (max-width: 1024px) 100vw, 1024px\" srcset=\"https:\/\/www.oceaneering.com\/wp-content\/uploads\/2023\/11\/Isurus-mobilized2-featured-1-1024x536.jpg 1024w, https:\/\/www.oceaneering.com\/wp-content\/uploads\/2023\/11\/Isurus-mobilized2-featured-1-300x157.jpg 300w, https:\/\/www.oceaneering.com\/wp-content\/uploads\/2023\/11\/Isurus-mobilized2-featured-1-768x402.jpg 768w, https:\/\/www.oceaneering.com\/wp-content\/uploads\/2023\/11\/Isurus-mobilized2-featured-1-18x9.jpg 18w, https:\/\/www.oceaneering.com\/wp-content\/uploads\/2023\/11\/Isurus-mobilized2-featured-1.jpg 1200w\" alt=\"\" width=\"1024\" height=\"536\" \/><\/a> 10\/1\/2022<\/p>\r\n<h3><a title=\"Isurus 5 y 6\" href=\"https:\/\/758c071a.flowpaper.com\/SingleIssue52022UT3197\/#page=22#new_tab\">Isurus 5 y 6<\/a><\/h3>\r\n<p>Oceaneering lanz\u00f3 sus sistemas ROV Isurus quinto y sexto en marzo y mayo de 2022, respectivamente, debido al aumento de la demanda de los clientes....<\/p>\r\n<p><a href=\"https:\/\/758c071a.flowpaper.com\/SingleIssue52022UT3197\/#page=22#new_tab\">Seguir leyendo<\/a> <a title=\"Enviar ROVer\" href=\"https:\/\/magazines.marinelink.com\/nwm\/MarineTechnology\/202207\/#page\/27\"><img loading=\"lazy\" decoding=\"async\" title=\"19RW178 | Oceaneering\" src=\"https:\/\/www.oceaneering.com\/wp-content\/uploads\/2023\/11\/19RW178-1024x791.jpg\" sizes=\"auto, (max-width: 1024px) 100vw, 1024px\" srcset=\"https:\/\/www.oceaneering.com\/wp-content\/uploads\/2023\/11\/19RW178-1024x791.jpg 1024w, https:\/\/www.oceaneering.com\/wp-content\/uploads\/2023\/11\/19RW178-300x232.jpg 300w, https:\/\/www.oceaneering.com\/wp-content\/uploads\/2023\/11\/19RW178-768x594.jpg 768w, https:\/\/www.oceaneering.com\/wp-content\/uploads\/2023\/11\/19RW178-1536x1187.jpg 1536w, https:\/\/www.oceaneering.com\/wp-content\/uploads\/2023\/11\/19RW178-16x12.jpg 16w, https:\/\/www.oceaneering.com\/wp-content\/uploads\/2023\/11\/19RW178.jpg 1920w\" alt=\"\" width=\"1024\" height=\"791\" \/><\/a> 7\/12\/2022<\/p>\r\n<h3><a title=\"Enviar ROVer\" href=\"https:\/\/magazines.marinelink.com\/nwm\/MarineTechnology\/202207\/#page\/27\">Enviar ROVer<\/a><\/h3>\r\n<p>El sistema ROV Isurus de Oceaneering\u00ae es un veh\u00edculo de trabajo completo con una profundidad de 3000 m, dos manipuladores y capacidad para manejar herramientas pesadas. Esto ser\u00e1 a\u00fan m\u00e1s importante a medida que la energ\u00eda e\u00f3lica marina se aleje m\u00e1s de la costa con proyectos de energ\u00eda e\u00f3lica flotante. Isurus podr\u00e1 instalar y mantener los cables y sistemas de amarre de la e\u00f3lica flotante, incluso en regiones con fuertes mareas o corrientes oce\u00e1nicas.<\/p>\r\n<p><a href=\"https:\/\/magazines.marinelink.com\/nwm\/MarineTechnology\/202207\/#page\/27\">Seguir leyendo<\/a> <a title=\"Actualizaci\u00f3n del ROV Isurus\" href=\"https:\/\/758c071a.flowpaper.com\/UV2ISSUE4NEW152\/#page=32\"><img loading=\"lazy\" decoding=\"async\" title=\"isurus | Oceaneering\" src=\"https:\/\/www.oceaneering.com\/wp-content\/uploads\/2023\/11\/isurus-1024x722.png\" sizes=\"auto, (max-width: 1024px) 100vw, 1024px\" srcset=\"https:\/\/www.oceaneering.com\/wp-content\/uploads\/2023\/11\/isurus-1024x722.png 1024w, https:\/\/www.oceaneering.com\/wp-content\/uploads\/2023\/11\/isurus-300x212.png 300w, https:\/\/www.oceaneering.com\/wp-content\/uploads\/2023\/11\/isurus-768x542.png 768w, https:\/\/www.oceaneering.com\/wp-content\/uploads\/2023\/11\/isurus-18x12.png 18w, https:\/\/www.oceaneering.com\/wp-content\/uploads\/2023\/11\/isurus.png 1161w\" alt=\"\" width=\"1024\" height=\"722\" \/><\/a> 11\/25\/2021<\/p>\r\n<h3><a title=\"Actualizaci\u00f3n del ROV Isurus\" href=\"https:\/\/758c071a.flowpaper.com\/UV2ISSUE4NEW152\/#page=32\">Actualizaci\u00f3n del ROV Isurus<\/a><\/h3>\r\n<p>Oceaneering dise\u00f1\u00f3 un veh\u00edculo especializado para la industria de las energ\u00edas renovables capaz de aumentar la ventana operativa de estas zonas nicho de la costa este de EE.UU., el Mar del Norte y el este de Asia, afectadas por fuertes corrientes.<\/p>\r\n<p><a href=\"https:\/\/758c071a.flowpaper.com\/UV2ISSUE4NEW152\/#page=32\">Seguir leyendo<\/a> <a title=\"El ROV Isurus abre ventanas operativas a los proyectos de energ\u00edas renovables\" href=\"https:\/\/issuu.com\/rovplanet\/docs\/rovplanet_magazine_028_web_\/12#new_tab\"><img loading=\"lazy\" decoding=\"async\" title=\"Isurus durante las operaciones en Taiw\u00e1n | Oceaneering\" src=\"https:\/\/www.oceaneering.com\/wp-content\/uploads\/2023\/11\/061421-Isurus-scaled-1-768x1024.jpg\" sizes=\"auto, (max-width: 768px) 100vw, 768px\" srcset=\"https:\/\/www.oceaneering.com\/wp-content\/uploads\/2023\/11\/061421-Isurus-scaled-1-768x1024.jpg 768w, https:\/\/www.oceaneering.com\/wp-content\/uploads\/2023\/11\/061421-Isurus-scaled-1-225x300.jpg 225w, https:\/\/www.oceaneering.com\/wp-content\/uploads\/2023\/11\/061421-Isurus-scaled-1-1152x1536.jpg 1152w, https:\/\/www.oceaneering.com\/wp-content\/uploads\/2023\/11\/061421-Isurus-scaled-1-1536x2048.jpg 1536w, https:\/\/www.oceaneering.com\/wp-content\/uploads\/2023\/11\/061421-Isurus-scaled-1-9x12.jpg 9w, https:\/\/www.oceaneering.com\/wp-content\/uploads\/2023\/11\/061421-Isurus-scaled-1.jpg 1920w\" alt=\"\" width=\"768\" height=\"1024\" \/><\/a> 8\/30\/2021<\/p>\r\n<h3><a title=\"El ROV Isurus abre ventanas operativas a los proyectos de energ\u00edas renovables\" href=\"https:\/\/issuu.com\/rovplanet\/docs\/rovplanet_magazine_028_web_\/12#new_tab\">El ROV Isurus abre ventanas operativas a los proyectos de energ\u00edas renovables<\/a><\/h3>\r\n<p>Los veh\u00edculos operados por control remoto (ROV) de clase de trabajo existentes tienen dificultades para seguir el ritmo de las furiosas corrientes de marea que se encuentran en las zonas de desarrollo de proyectos e\u00f3licos y renovables en alta mar. Se contact\u00f3 con Oceaneering para crear una soluci\u00f3n ROV que abriera ventanas operativas en estas zonas geogr\u00e1ficas donde las duras corrientes pueden causar costosos retrasos en los proyectos.<\/p>\r\n<p><a href=\"https:\/\/issuu.com\/rovplanet\/docs\/rovplanet_magazine_028_web_\/12#new_tab\">Seguir leyendo<\/a> <a title=\"Impulsar un futuro sostenible\" href=\"https:\/\/issuu.com\/wellservicingmagazine\/docs\/wsm_q3_2021_final\/s\/13045511#new_tab\"><img loading=\"lazy\" decoding=\"async\" title=\"Prueba del ROV Isurus en el Reino Unido | Oceaneering\" src=\"https:\/\/www.oceaneering.com\/wp-content\/uploads\/2023\/11\/Isurus-mobilized2-1024x680.jpg\" sizes=\"auto, (max-width: 1024px) 100vw, 1024px\" srcset=\"https:\/\/www.oceaneering.com\/wp-content\/uploads\/2023\/11\/Isurus-mobilized2-1024x680.jpg 1024w, https:\/\/www.oceaneering.com\/wp-content\/uploads\/2023\/11\/Isurus-mobilized2-300x199.jpg 300w, https:\/\/www.oceaneering.com\/wp-content\/uploads\/2023\/11\/Isurus-mobilized2-768x510.jpg 768w, https:\/\/www.oceaneering.com\/wp-content\/uploads\/2023\/11\/Isurus-mobilized2-1536x1020.jpg 1536w, https:\/\/www.oceaneering.com\/wp-content\/uploads\/2023\/11\/Isurus-mobilized2-2048x1361.jpg 2048w, https:\/\/www.oceaneering.com\/wp-content\/uploads\/2023\/11\/Isurus-mobilized2-18x12.jpg 18w\" alt=\"\" width=\"1024\" height=\"680\" \/><\/a> 8\/19\/2021<\/p>\r\n<h3><a title=\"Impulsar un futuro sostenible\" href=\"https:\/\/issuu.com\/wellservicingmagazine\/docs\/wsm_q3_2021_final\/s\/13045511#new_tab\">Impulsar un futuro sostenible<\/a><\/h3>\r\n<p>Oceaneering sigue avanzando en sus capacidades desarrollando tecnolog\u00edas para mitigar las emisiones de gases de efecto invernadero para sus clientes y sus propias operaciones.<\/p>\r\n<p><a href=\"https:\/\/issuu.com\/wellservicingmagazine\/docs\/wsm_q3_2021_final\/s\/13045511#new_tab\">Seguir leyendo<\/a> <a title=\"La hora de la renovaci\u00f3n en el mundo laboral\" href=\"https:\/\/magazines.marinelink.com\/nwm\/MarineTechnology\/202107\/#page\/28#new_tab\"><img loading=\"lazy\" decoding=\"async\" title=\"190110EROV011e1560973762953 | Oceaneering\" src=\"https:\/\/www.oceaneering.com\/wp-content\/uploads\/2023\/11\/190110_EROV_01-1-e1560973762953-1024x768.jpg\" sizes=\"auto, (max-width: 1024px) 100vw, 1024px\" srcset=\"https:\/\/www.oceaneering.com\/wp-content\/uploads\/2023\/11\/190110_EROV_01-1-e1560973762953-1024x768.jpg 1024w, https:\/\/www.oceaneering.com\/wp-content\/uploads\/2023\/11\/190110_EROV_01-1-e1560973762953-300x225.jpg 300w, https:\/\/www.oceaneering.com\/wp-content\/uploads\/2023\/11\/190110_EROV_01-1-e1560973762953-768x576.jpg 768w, https:\/\/www.oceaneering.com\/wp-content\/uploads\/2023\/11\/190110_EROV_01-1-e1560973762953-16x12.jpg 16w, https:\/\/www.oceaneering.com\/wp-content\/uploads\/2023\/11\/190110_EROV_01-1-e1560973762953.jpg 1440w\" alt=\"\" width=\"1024\" height=\"768\" \/><\/a> 8\/18\/2021<\/p>\r\n<h3><a title=\"La hora de la renovaci\u00f3n en el mundo laboral\" href=\"https:\/\/magazines.marinelink.com\/nwm\/MarineTechnology\/202107\/#page\/28#new_tab\">La hora de la renovaci\u00f3n en el mundo laboral<\/a><\/h3>\r\n<p>Peter Buchanan, Director de Productos y Servicios de Rob\u00f3tica Submarina de Oceaneering, habla de los avances tecnol\u00f3gicos de los ROV de trabajo en el \u00faltimo Marine Technology Reporter.<\/p>\r\n<p><a href=\"https:\/\/magazines.marinelink.com\/nwm\/MarineTechnology\/202107\/#page\/28#new_tab\">Seguir leyendo<\/a> <a title=\"Un nuevo ROV de trabajo puede operar en entornos mareales agresivos\" href=\"https:\/\/digital.offshore-mag.com\/offshoremag\/20210708\/MobilePagedReplica.action?pm=2&amp;folio=42#pg44#new_tab\"><img loading=\"lazy\" decoding=\"async\" title=\"Isurus durante las operaciones en Taiw\u00e1n | Oceaneering\" src=\"https:\/\/www.oceaneering.com\/wp-content\/uploads\/2023\/11\/529-Isurus-Camera-View-1024x576.jpg\" sizes=\"auto, (max-width: 1024px) 100vw, 1024px\" srcset=\"https:\/\/www.oceaneering.com\/wp-content\/uploads\/2023\/11\/529-Isurus-Camera-View-1024x576.jpg 1024w, https:\/\/www.oceaneering.com\/wp-content\/uploads\/2023\/11\/529-Isurus-Camera-View-300x169.jpg 300w, https:\/\/www.oceaneering.com\/wp-content\/uploads\/2023\/11\/529-Isurus-Camera-View-768x432.jpg 768w, https:\/\/www.oceaneering.com\/wp-content\/uploads\/2023\/11\/529-Isurus-Camera-View-1536x864.jpg 1536w, https:\/\/www.oceaneering.com\/wp-content\/uploads\/2023\/11\/529-Isurus-Camera-View-18x10.jpg 18w, https:\/\/www.oceaneering.com\/wp-content\/uploads\/2023\/11\/529-Isurus-Camera-View-1280x720.jpg 1280w, https:\/\/www.oceaneering.com\/wp-content\/uploads\/2023\/11\/529-Isurus-Camera-View-960x540.jpg 960w, https:\/\/www.oceaneering.com\/wp-content\/uploads\/2023\/11\/529-Isurus-Camera-View-640x360.jpg 640w, https:\/\/www.oceaneering.com\/wp-content\/uploads\/2023\/11\/529-Isurus-Camera-View-320x180.jpg 320w, https:\/\/www.oceaneering.com\/wp-content\/uploads\/2023\/11\/529-Isurus-Camera-View.jpg 1920w\" alt=\"\" width=\"1024\" height=\"576\" \/><\/a> 8\/1\/2021<\/p>\r\n<h3><a title=\"Un nuevo ROV de trabajo puede operar en entornos mareales agresivos\" href=\"https:\/\/digital.offshore-mag.com\/offshoremag\/20210708\/MobilePagedReplica.action?pm=2&amp;folio=42#pg44#new_tab\">Un nuevo ROV de trabajo puede operar en entornos mareales agresivos<\/a><\/h3>\r\n<p>Los veh\u00edculos operados por control remoto (ROV) de clase de trabajo existentes tienen dificultades para seguir el ritmo de las furiosas corrientes de marea que se encuentran en las zonas de desarrollo de proyectos e\u00f3licos y renovables en alta mar. Se contact\u00f3 con Oceaneering para crear una soluci\u00f3n ROV que abriera ventanas operativas en estas zonas geogr\u00e1ficas donde las duras corrientes pueden causar costosos retrasos en los proyectos.<\/p>\r\n<p><a href=\"https:\/\/digital.offshore-mag.com\/offshoremag\/20210708\/MobilePagedReplica.action?pm=2&amp;folio=42#pg44#new_tab\">Seguir leyendo<\/a> <a title=\"Qu\u00e9\" href=\"https:\/\/issuu.com\/rovplanet\/docs\/rovplanet_magazine_027_web_\/s\/12382735#new_tab\"><img loading=\"lazy\" decoding=\"async\" title=\"Renovables | Oceaneering\" src=\"https:\/\/www.oceaneering.com\/wp-content\/uploads\/2023\/11\/Renewables-1024x538.jpg\" sizes=\"auto, (max-width: 1024px) 100vw, 1024px\" srcset=\"https:\/\/www.oceaneering.com\/wp-content\/uploads\/2023\/11\/Renewables-1024x538.jpg 1024w, https:\/\/www.oceaneering.com\/wp-content\/uploads\/2023\/11\/Renewables-300x158.jpg 300w, https:\/\/www.oceaneering.com\/wp-content\/uploads\/2023\/11\/Renewables-768x403.jpg 768w, https:\/\/www.oceaneering.com\/wp-content\/uploads\/2023\/11\/Renewables-1536x806.jpg 1536w, https:\/\/www.oceaneering.com\/wp-content\/uploads\/2023\/11\/Renewables-18x9.jpg 18w, https:\/\/www.oceaneering.com\/wp-content\/uploads\/2023\/11\/Renewables.jpg 1600w\" alt=\"\" width=\"1024\" height=\"538\" \/><\/a> 6\/13\/2021<\/p>\r\n<h3><a title=\"Qu\u00e9\" href=\"https:\/\/issuu.com\/rovplanet\/docs\/rovplanet_magazine_027_web_\/s\/12382735#new_tab\">El futuro y las necesidades del petr\u00f3leo y el gas en alta mar<\/a><\/h3>\r\n<p>La cuesti\u00f3n ahora es si podemos ser \"limpios\". M\u00e1s concretamente, \u00bfpodemos ser lo bastante limpios como para obtener un mandato p\u00fablico que nos permita seguir haciendo lo que hacemos para suministrar la energ\u00eda que el mundo necesita?, se pregunta el Presidente y Director General de Oceaneering, Rod Larson.<\/p>\r\n<p><a href=\"https:\/\/issuu.com\/rovplanet\/docs\/rovplanet_magazine_027_web_\/s\/12382735#new_tab\">Seguir leyendo<\/a> <a title=\"La nueva tecnolog\u00eda de Oceaneering apunta al coste nivelado de la energ\u00eda en el mercado de las energ\u00edas renovables\" href=\"http:\/\/digital.oceannews.com\/publication\/?i=619092&amp;ver=html5&amp;p=24#%22page%22:%2224%22,%22issue_id%22:619092,%22publication_id%22:%229767%22#new_tab\"><img loading=\"lazy\" decoding=\"async\" title=\"isurusuwild | Oceaneering\" src=\"https:\/\/www.oceaneering.com\/wp-content\/uploads\/2023\/11\/isurus-uwild.png\" sizes=\"auto, (max-width: 603px) 100vw, 603px\" srcset=\"https:\/\/www.oceaneering.com\/wp-content\/uploads\/2023\/11\/isurus-uwild.png 603w, https:\/\/www.oceaneering.com\/wp-content\/uploads\/2023\/11\/isurus-uwild-300x185.png 300w, https:\/\/www.oceaneering.com\/wp-content\/uploads\/2023\/11\/isurus-uwild-18x12.png 18w\" alt=\"\" width=\"603\" height=\"372\" \/><\/a> 9\/1\/2019<\/p>\r\n<h3><a title=\"La nueva tecnolog\u00eda de Oceaneering apunta al coste nivelado de la energ\u00eda en el mercado de las energ\u00edas renovables\" href=\"http:\/\/digital.oceannews.com\/publication\/?i=619092&amp;ver=html5&amp;p=24#%22page%22:%2224%22,%22issue_id%22:619092,%22publication_id%22:%229767%22#new_tab\">La nueva tecnolog\u00eda de Oceaneering apunta al coste nivelado de la energ\u00eda en el mercado de las energ\u00edas renovables<\/a><\/h3>\r\n<p>Oceaneering ha lanzado el ROV Isurus\u2122 para el mercado de las energ\u00edas renovables. El veh\u00edculo es un ROV flexible, totalmente apto para...<\/p>\r\n<p><a href=\"http:\/\/digital.oceannews.com\/publication\/?i=619092&amp;ver=html5&amp;p=24#%22page%22:%2224%22,%22issue_id%22:619092,%22publication_id%22:%229767%22#new_tab\">Seguir leyendo<\/a><\/p>\r\n<!-- .pp-content-posts -->\r\n<h1>Contacte con nosotros<\/h1>\r\n<h2>Nuestro equipo de expertos est\u00e1 listo para ayudarle a empezar.<\/h2>\r\n<p>Oceaneering ofrece los mejores productos y soluciones de su clase, respaldados por una calidad, fiabilidad y asistencia global inigualables. Rellene el formulario de consulta para iniciar una conversaci\u00f3n hoy mismo.<\/p>","protected":false},"excerpt":{"rendered":"<p>Discutir un proyecto Isurus\u2122 ROV Devuelva la flotabilidad a su proyecto de instalaci\u00f3n e\u00f3lica marina. El Isurus\u2122 ROV es un aut\u00e9ntico sistema de clase de trabajo que permite realizar operaciones en condiciones de corrientes elevadas. Aumente su capacidad de trabajo con hasta seis horas adicionales de tiempo operativo. Basado en el sistema ROV Magnum\u2122 de Oceaneering, probado sobre el terreno, el ROV Isurus combina ... <a title=\"ROV Isurus\" class=\"read-more\" href=\"https:\/\/www.oceaneering.com\/es\/rov-services\/rov-systems\/isurus-rov\/\" aria-label=\"Leer m\u00e1s sobre Isurus ROV\">Seguir leyendo<\/a><\/p>","protected":false},"author":20,"featured_media":0,"parent":61151,"menu_order":89,"comment_status":"closed","ping_status":"closed","template":"","meta":{"_acf_changed":false,"footnotes":"","_links_to":"","_links_to_target":""},"product_category":[1181,1182],"search_tags":[1533,1363],"class_list":["post-61157","page","type-page","status-publish","product_category-remotely-operated-vehicles-rovs","product_category-resident-rovs","search_tags-isurus","search_tags-rov"],"acf":[],"aioseo_notices":[],"_links":{"self":[{"href":"https:\/\/www.oceaneering.com\/es\/wp-json\/wp\/v2\/pages\/61157","targetHints":{"allow":["GET"]}}],"collection":[{"href":"https:\/\/www.oceaneering.com\/es\/wp-json\/wp\/v2\/pages"}],"about":[{"href":"https:\/\/www.oceaneering.com\/es\/wp-json\/wp\/v2\/types\/page"}],"author":[{"embeddable":true,"href":"https:\/\/www.oceaneering.com\/es\/wp-json\/wp\/v2\/users\/20"}],"replies":[{"embeddable":true,"href":"https:\/\/www.oceaneering.com\/es\/wp-json\/wp\/v2\/comments?post=61157"}],"version-history":[{"count":1,"href":"https:\/\/www.oceaneering.com\/es\/wp-json\/wp\/v2\/pages\/61157\/revisions"}],"predecessor-version":[{"id":79227,"href":"https:\/\/www.oceaneering.com\/es\/wp-json\/wp\/v2\/pages\/61157\/revisions\/79227"}],"up":[{"embeddable":true,"href":"https:\/\/www.oceaneering.com\/es\/wp-json\/wp\/v2\/pages\/61151"}],"wp:attachment":[{"href":"https:\/\/www.oceaneering.com\/es\/wp-json\/wp\/v2\/media?parent=61157"}],"wp:term":[{"taxonomy":"product_category","embeddable":true,"href":"https:\/\/www.oceaneering.com\/es\/wp-json\/wp\/v2\/product_category?post=61157"},{"taxonomy":"search_tags","embeddable":true,"href":"https:\/\/www.oceaneering.com\/es\/wp-json\/wp\/v2\/search_tags?post=61157"}],"curies":[{"name":"wp","href":"https:\/\/api.w.org\/{rel}","templated":true}]}}