{"id":61152,"date":"2023-11-09T08:53:47","date_gmt":"2023-11-09T13:53:47","guid":{"rendered":"https:\/\/oceaneering.com\/rov-services\/rov-technology\/"},"modified":"2025-10-21T04:45:49","modified_gmt":"2025-10-21T09:45:49","slug":"rov-technology","status":"publish","type":"page","link":"https:\/\/www.oceaneering.com\/es\/rov-services\/rov-technology\/","title":{"rendered":"Tecnolog\u00eda ROV"},"content":{"rendered":"<p><a href=\"https:\/\/www.oceaneering.com\/es\/rov-services\/#contact\" target=\"_self\" rel=\"noopener\"> Debatir un proyecto <\/a><\/p>\r\n<h1>Tecnolog\u00eda ROV<\/h1>\r\n<p>Nuestra incomparable flota de sistemas ROV se complementa con tecnolog\u00edas de vanguardia que permiten un mejor control e im\u00e1genes de v\u00eddeo, una manipulaci\u00f3n precisa de las herramientas y el cumplimiento de los requisitos del sector.<\/p>\r\n<h2>Pilotaje a distancia y tecnolog\u00eda de control automatizado<\/h2>\r\n<p>Nuestra innovadora tecnolog\u00eda de pilotaje remoto y control automatizado (RPACT) permite el pilotaje completo de ROV mediante tecnolog\u00edas de conexi\u00f3n virtual, como radiofrecuencia (RF) de buque a buque, sat\u00e9lite\/Internet o enlace \u00f3ptico submarino.<\/p>\r\n<p>Complementado con comandos preprogramados y automatizados, RPACT utiliza un software de procesamiento de v\u00eddeo que analiza el v\u00eddeo, determina las distancias espaciales y reconoce las formas para permitir el movimiento adecuado del ROV. Esto proporciona un mayor apoyo operativo desde tierra o desde otro buque durante actividades complejas o de larga duraci\u00f3n.<\/p>\r\n<p><img loading=\"lazy\" decoding=\"async\" title=\"RPACT-gr\u00e1fico\" src=\"https:\/\/oceaneering.com\/wp-content\/uploads\/2023\/11\/RPACT-graphic.png\" alt=\"RPACT-graphic\" width=\"2000\" height=\"850\" \/><\/p>\r\n<p>Integrado con RPACT, el control de trayectoria guiado por herramienta (TIP) facilita la adquisici\u00f3n, el despliegue, el funcionamiento y el acoplamiento de herramientas. Nuestros brazos manipuladores con correspondencia espacial pueden manejarse mediante control de velocidad, correspondencia espacial y TIP. Esto simplifica y agiliza las tareas del manipulador piloto al proporcionar controladores alternativos, como un rat\u00f3n de bola 3D, para controlar la trayectoria del manipulador y la herramienta sin necesidad de controlar individualmente cada articulaci\u00f3n.<\/p>\r\n<p><img decoding=\"async\" title=\"website-thumbnail-2019-edited-1\" src=\"https:\/\/oceaneering.com\/wp-content\/uploads\/2023\/11\/website-thumbnail-2019-edited-1.jpg\" alt=\"\" \/> Reproducir v\u00eddeo<\/p>\r\n<h2>Centro de Operaciones Remotas en Tierra (OROC)<\/h2>\r\n<p>Optimice la eficiencia operativa a la vez que reduce sus costes, el riesgo HSE y la huella de carbono utilizando un Centro de Operaciones Remotas en Tierra (OROC) de Oceaneering para completar sus operaciones en alta mar.<\/p>\r\n<p>Lanzado en 2015, el OROC permite la realizaci\u00f3n eficaz de operaciones en alta mar al proporcionar una base remota para sus representantes, pilotos de ROV adicionales y expertos en la materia. Las operaciones realizadas con RPACT y el OROC van desde la instalaci\u00f3n de \u00e1nodos submarinos hasta el funcionamiento de v\u00e1lvulas submarinas. Las aplicaciones est\u00e1n tan limitadas como su imaginaci\u00f3n.<\/p>\r\n<h3>El uso de OROC ofrece claras ventajas<\/h3>\r\n<ul>\r\n<li>Menos personas movilizadas en alta mar y menor tiempo de espera operativa<\/li>\r\n<li>El coste de varias operaciones que requieren la supervisi\u00f3n de un especialista puede cubrirse con una sola visita al OROC<\/li>\r\n<li>Mayor interacci\u00f3n y compromiso de los representantes de los clientes con los pilotos y las operaciones de los ROV.<\/li>\r\n<\/ul>\r\n<p><a href=\"https:\/\/youtu.be\/Db6iHo3LxW4\" target=\"_blank\" rel=\"noopener\"> M\u00e1s informaci\u00f3n sobre OROC <\/a><\/p>\r\n<h2>Tecnolog\u00eda de visualizaci\u00f3n avanzada<\/h2>\r\n<p>Fuimos los primeros del sector en ofrecer v\u00eddeo de alta definici\u00f3n (HD) en operaciones submarinas. Tenemos m\u00e1s de 300 c\u00e1maras HD instaladas en nuestros ROV de clase de trabajo y en otros proyectos submarinos en todo el mundo.<\/p>\r\n<p>Transmisi\u00f3n en tiempo real de alt\u00edsima resoluci\u00f3n y mayor visibilidad de la superficie de proyecci\u00f3n para mejorar la toma de decisiones.<\/p>\r\n<p>Manipulaci\u00f3n mejorada del piloto gracias a una mejor percepci\u00f3n de la profundidad y a im\u00e1genes estereosc\u00f3picas de \u00faltima generaci\u00f3n.<\/p>\r\n<p>Im\u00e1genes submarinas completas, sencillas y asequibles que permiten a los pilotos ver los manipuladores de los ROV y todo el lugar de trabajo sin necesidad de realizar paneos.<\/p>\r\n<p>Ejecuci\u00f3n predecible de las tareas submarinas con ROV, lo que aumenta la eficacia operativa y reduce el riesgo de da\u00f1os a los activos submarinos.<\/p>\r\n<h2>Manipulaci\u00f3n h\u00edbrida del brazo<\/h2>\r\n<p>Ofrecemos el brazo manipulador Atlas Hybrid para uso exclusivo en nuestros ROV. El manipulador se dise\u00f1\u00f3 en colaboraci\u00f3n con Schilling Robotics y ofrece robustez, facilidad de mantenimiento y un tiempo de actividad optimizado.<\/p>\r\n<p>El brazo manipulador incorpora un exclusivo sistema de control h\u00edbrido que permite seleccionar r\u00e1pidamente un modo de control (correspondiente al espacio\/lazo cerrado o velocidad\/lazo abierto) durante las operaciones. Esto permite al operario seleccionar el modo de control que mejor se adapte a la tarea, al tiempo que proporciona redundancia.<\/p>\r\n<p><a href=\"https:\/\/oceaneering.canto.com\/download\/document\/so2c9ncbep2rtf7qq0i7g2qa6j\/original.pdf\" target=\"_blank\" rel=\"noopener\"> Manipulador h\u00edbrido Atlas <\/a><\/p>\r\n<h2>Norma API 53 y soluciones de intervenci\u00f3n<\/h2>\r\n<p>La norma API 53 se public\u00f3 en 2012 como culminaci\u00f3n de dos a\u00f1os de trabajo conjunto de expertos del sector para reforzar, alinear y aclarar los requisitos de los equipos BOP. Como parte integrante de este proceso de desarrollo, ofrecemos equipos que le permiten cumplir los \u00faltimos requisitos de intervenci\u00f3n ROV.<\/p>\r\n<p><img loading=\"lazy\" decoding=\"async\" title=\"AJA_7532-FIXED-sm\" src=\"https:\/\/oceaneering.com\/wp-content\/uploads\/2023\/11\/AJA_7532-FIXED-sm.png\" alt=\"AJA_7532-FIXED-sm\" width=\"600\" height=\"344\" \/><\/p>\r\n<p>Ofrecemos la soluci\u00f3n de bombeo integrada en ROV (RIPS) como parte del sistema ROV NEXXUS. La soluci\u00f3n tambi\u00e9n est\u00e1 disponible como kit de actualizaci\u00f3n o sistema de acumulador independiente.<\/p>\r\n<h1>Contacte con nosotros<\/h1>\r\n<h2>Nuestro equipo de expertos est\u00e1 listo para ayudarle a empezar.<\/h2>\r\n<p>Oceaneering ofrece los mejores productos y soluciones de su clase, respaldados por una calidad, fiabilidad y asistencia global inigualables. Rellene el formulario de consulta para iniciar una conversaci\u00f3n hoy mismo.<\/p>","protected":false},"excerpt":{"rendered":"<p>Discuta un proyecto Tecnolog\u00eda ROV Nuestra inigualable flota de sistemas ROV se complementa con tecnolog\u00edas de vanguardia que permiten un mejor control e im\u00e1genes de v\u00eddeo, una manipulaci\u00f3n precisa de las herramientas y el cumplimiento de los requisitos del sector. Tecnolog\u00eda de pilotaje remoto y control automatizado Nuestra innovadora tecnolog\u00eda de pilotaje remoto y control automatizado (RPACT) permite el pilotaje completo de ROV mediante tecnolog\u00edas de conexi\u00f3n virtual como ... <a title=\"Tecnolog\u00eda ROV\" class=\"read-more\" href=\"https:\/\/www.oceaneering.com\/es\/rov-services\/rov-technology\/\" aria-label=\"Leer m\u00e1s sobre Tecnolog\u00eda ROV\">Seguir leyendo<\/a><\/p>","protected":false},"author":20,"featured_media":0,"parent":60900,"menu_order":85,"comment_status":"closed","ping_status":"closed","template":"","meta":{"_acf_changed":false,"footnotes":"","_links_to":"","_links_to_target":""},"product_category":[1317,1181],"search_tags":[1363],"class_list":["post-61152","page","type-page","status-publish","product_category-mission-support-center","product_category-remotely-operated-vehicles-rovs","search_tags-rov"],"acf":[],"aioseo_notices":[],"_links":{"self":[{"href":"https:\/\/www.oceaneering.com\/es\/wp-json\/wp\/v2\/pages\/61152","targetHints":{"allow":["GET"]}}],"collection":[{"href":"https:\/\/www.oceaneering.com\/es\/wp-json\/wp\/v2\/pages"}],"about":[{"href":"https:\/\/www.oceaneering.com\/es\/wp-json\/wp\/v2\/types\/page"}],"author":[{"embeddable":true,"href":"https:\/\/www.oceaneering.com\/es\/wp-json\/wp\/v2\/users\/20"}],"replies":[{"embeddable":true,"href":"https:\/\/www.oceaneering.com\/es\/wp-json\/wp\/v2\/comments?post=61152"}],"version-history":[{"count":1,"href":"https:\/\/www.oceaneering.com\/es\/wp-json\/wp\/v2\/pages\/61152\/revisions"}],"predecessor-version":[{"id":79229,"href":"https:\/\/www.oceaneering.com\/es\/wp-json\/wp\/v2\/pages\/61152\/revisions\/79229"}],"up":[{"embeddable":true,"href":"https:\/\/www.oceaneering.com\/es\/wp-json\/wp\/v2\/pages\/60900"}],"wp:attachment":[{"href":"https:\/\/www.oceaneering.com\/es\/wp-json\/wp\/v2\/media?parent=61152"}],"wp:term":[{"taxonomy":"product_category","embeddable":true,"href":"https:\/\/www.oceaneering.com\/es\/wp-json\/wp\/v2\/product_category?post=61152"},{"taxonomy":"search_tags","embeddable":true,"href":"https:\/\/www.oceaneering.com\/es\/wp-json\/wp\/v2\/search_tags?post=61152"}],"curies":[{"name":"wp","href":"https:\/\/api.w.org\/{rel}","templated":true}]}}