{"id":61151,"date":"2023-11-09T08:53:47","date_gmt":"2023-11-09T13:53:47","guid":{"rendered":"https:\/\/oceaneering.com\/rov-services\/rov-systems\/"},"modified":"2026-03-04T01:01:51","modified_gmt":"2026-03-04T07:01:51","slug":"rov-systems","status":"publish","type":"page","link":"https:\/\/www.oceaneering.com\/es\/rov-services\/rov-systems\/","title":{"rendered":"Sistemas ROV"},"content":{"rendered":"<a href=\"https:\/\/www.oceaneering.com\/es\/rov-services\/#contact\" target=\"_self\">\n\t\t\t\t\t\t\tDebatir un proyecto\n\t\t\t\t\t<\/a>\n<h1>\n\t\tSistemas ROV\n\t<\/h1>\n<h2>\n\t\tDando forma al futuro de la rob\u00f3tica submarina \n\t<\/h2>\n\t<p>Nuestra flota de ROV incluye sistemas de clase de trabajo e inspecci\u00f3n aptos para aplicaciones desde rutinarias a extremas. A medida que el sector evoluciona, nosotros tambi\u00e9n lo hacemos: nuestros ROV cumplen las normas de intervenci\u00f3n API y est\u00e1n preparados para aguas profundas.<\/p>\n\t\tTodos los productos\n\t<ul>\n\t\t<li data-filter=\"*\" tabindex=\"0\" aria-label=\"Todos los productos\">Todos los productos<\/li><li data-filter=\".products_product_category-electric\" data-term=\"electric\" data-item-count=\"1\" tabindex=\"0\" aria-label=\"El\u00e9ctrico\">El\u00e9ctrico<\/li><li data-filter=\".products_product_category-heavy-work-class\" data-term=\"heavy-work-class\" data-item-count=\"3\" tabindex=\"0\" aria-label=\"Clase de trabajo pesado\">Clase de trabajo pesado<\/li><li data-filter=\".products_product_category-resident\" data-term=\"resident\" data-item-count=\"2\" tabindex=\"0\" aria-label=\"Residente\">Residente<\/li><li data-filter=\".products_product_category-work-class\" data-term=\"work-class\" data-item-count=\"3\" tabindex=\"0\" aria-label=\"Clase laboral\">Clase laboral<\/li>\t<\/ul>\n\t<a href=\"https:\/\/www.oceaneering.com\/es\/rov-services\/rov-systems\/momentum-electric-rov\/\"><img width=\"1024\" height=\"576\" src=\"https:\/\/www.oceaneering.com\/wp-content\/uploads\/2026\/02\/260205_Momentum_ROV_0000-1-copy-1024x576.webp\" alt=\"Rendered front ISO view of the Momentum electric ROV including the two hydraulic manipulators and advanced camera systems\" decoding=\"async\" loading=\"lazy\" srcset=\"https:\/\/www.oceaneering.com\/wp-content\/uploads\/2026\/02\/260205_Momentum_ROV_0000-1-copy-1024x576.webp 1024w, https:\/\/www.oceaneering.com\/wp-content\/uploads\/2026\/02\/260205_Momentum_ROV_0000-1-copy-300x169.webp 300w, https:\/\/www.oceaneering.com\/wp-content\/uploads\/2026\/02\/260205_Momentum_ROV_0000-1-copy-768x432.webp 768w, https:\/\/www.oceaneering.com\/wp-content\/uploads\/2026\/02\/260205_Momentum_ROV_0000-1-copy-1536x864.webp 1536w, https:\/\/www.oceaneering.com\/wp-content\/uploads\/2026\/02\/260205_Momentum_ROV_0000-1-copy-18x10.webp 18w, https:\/\/www.oceaneering.com\/wp-content\/uploads\/2026\/02\/260205_Momentum_ROV_0000-1-copy-1280x720.webp 1280w, https:\/\/www.oceaneering.com\/wp-content\/uploads\/2026\/02\/260205_Momentum_ROV_0000-1-copy-960x540.webp 960w, https:\/\/www.oceaneering.com\/wp-content\/uploads\/2026\/02\/260205_Momentum_ROV_0000-1-copy-640x360.webp 640w, https:\/\/www.oceaneering.com\/wp-content\/uploads\/2026\/02\/260205_Momentum_ROV_0000-1-copy-320x180.webp 320w, https:\/\/www.oceaneering.com\/wp-content\/uploads\/2026\/02\/260205_Momentum_ROV_0000-1-copy.webp 1920w\" sizes=\"auto, (max-width: 1024px) 100vw, 1024px\" title=\"260205MomentumROV0000 1 copia | Oceaneering\" \/><\/a><h3><a href=\"https:\/\/www.oceaneering.com\/es\/rov-services\/rov-systems\/momentum-electric-rov\/\">ROV el\u00e9ctrico Momentum\u2122<\/a><\/h3>Admite operaciones de clase de trabajo con hasta 30 d\u00edas sin mantenimiento en entornos submarinos complejos. <a href=\"https:\/\/www.oceaneering.com\/es\/rov-services\/rov-systems\/momentum-electric-rov\/\">M\u00e1s informaci\u00f3n<\/a>\n\t<a href=\"https:\/\/www.oceaneering.com\/es\/products\/magnum-plus-rov\/\"><img width=\"1000\" height=\"665\" src=\"https:\/\/www.oceaneering.com\/wp-content\/uploads\/2023\/11\/Magnum-Plus-ROV2-2.jpg\" alt=\"Magnum Plus ROV\" decoding=\"async\" loading=\"lazy\" srcset=\"https:\/\/www.oceaneering.com\/wp-content\/uploads\/2023\/11\/Magnum-Plus-ROV2-2.jpg 1000w, https:\/\/www.oceaneering.com\/wp-content\/uploads\/2023\/11\/Magnum-Plus-ROV2-2-300x200.jpg 300w, https:\/\/www.oceaneering.com\/wp-content\/uploads\/2023\/11\/Magnum-Plus-ROV2-2-768x511.jpg 768w, https:\/\/www.oceaneering.com\/wp-content\/uploads\/2023\/11\/Magnum-Plus-ROV2-2-18x12.jpg 18w\" sizes=\"auto, (max-width: 1000px) 100vw, 1000px\" title=\"MagnumPlusROV22 | Oceaneering\" \/><\/a><h3><a href=\"https:\/\/www.oceaneering.com\/es\/products\/magnum-plus-rov\/\">Magnum Plus ROV<\/a><\/h3>Ofrece una intervenci\u00f3n fiable en aguas profundas con una potencia de 170 hp, una gran versatilidad de carga \u00fatil y capacidades avanzadas de herramientas. <a href=\"https:\/\/www.oceaneering.com\/es\/products\/magnum-plus-rov\/\">M\u00e1s informaci\u00f3n<\/a>\n\t<a href=\"https:\/\/www.oceaneering.com\/es\/products\/millennium-plus-rov\/\"><img width=\"1000\" height=\"665\" src=\"https:\/\/www.oceaneering.com\/wp-content\/uploads\/2023\/11\/Millennium-Right-side-Low-2.jpg\" alt=\"Millennium Plus ROV\" decoding=\"async\" loading=\"lazy\" srcset=\"https:\/\/www.oceaneering.com\/wp-content\/uploads\/2023\/11\/Millennium-Right-side-Low-2.jpg 1000w, https:\/\/www.oceaneering.com\/wp-content\/uploads\/2023\/11\/Millennium-Right-side-Low-2-300x200.jpg 300w, https:\/\/www.oceaneering.com\/wp-content\/uploads\/2023\/11\/Millennium-Right-side-Low-2-768x511.jpg 768w, https:\/\/www.oceaneering.com\/wp-content\/uploads\/2023\/11\/Millennium-Right-side-Low-2-18x12.jpg 18w\" sizes=\"auto, (max-width: 1000px) 100vw, 1000px\" title=\"MillenniumRightsideLow2 | Oceaneering\" \/><\/a><h3><a href=\"https:\/\/www.oceaneering.com\/es\/products\/millennium-plus-rov\/\">ROV Millennium Plus<\/a><\/h3>Transforma la capacidad de elevaci\u00f3n con una configuraci\u00f3n mejorada del propulsor que aumenta la capacidad de elevaci\u00f3n en m\u00e1s de 50% en comparaci\u00f3n con el sistema ROV Millennium.<a href=\"https:\/\/www.oceaneering.com\/es\/products\/millennium-plus-rov\/\">M\u00e1s informaci\u00f3n<\/a>\n\t<a href=\"https:\/\/www.oceaneering.com\/es\/products\/nexxus-rov\/\"><img width=\"1024\" height=\"576\" src=\"https:\/\/www.oceaneering.com\/wp-content\/uploads\/2024\/11\/Nexxus_02-1024x576.jpg\" alt=\"NEXXUS ROV\" decoding=\"async\" loading=\"lazy\" srcset=\"https:\/\/www.oceaneering.com\/wp-content\/uploads\/2024\/11\/Nexxus_02-1024x576.jpg 1024w, https:\/\/www.oceaneering.com\/wp-content\/uploads\/2024\/11\/Nexxus_02-300x169.jpg 300w, https:\/\/www.oceaneering.com\/wp-content\/uploads\/2024\/11\/Nexxus_02-768x432.jpg 768w, https:\/\/www.oceaneering.com\/wp-content\/uploads\/2024\/11\/Nexxus_02-1536x864.jpg 1536w, https:\/\/www.oceaneering.com\/wp-content\/uploads\/2024\/11\/Nexxus_02-18x10.jpg 18w, https:\/\/www.oceaneering.com\/wp-content\/uploads\/2024\/11\/Nexxus_02-1280x720.jpg 1280w, https:\/\/www.oceaneering.com\/wp-content\/uploads\/2024\/11\/Nexxus_02-960x540.jpg 960w, https:\/\/www.oceaneering.com\/wp-content\/uploads\/2024\/11\/Nexxus_02-640x360.jpg 640w, https:\/\/www.oceaneering.com\/wp-content\/uploads\/2024\/11\/Nexxus_02-320x180.jpg 320w, https:\/\/www.oceaneering.com\/wp-content\/uploads\/2024\/11\/Nexxus_02.jpg 1920w\" sizes=\"auto, (max-width: 1024px) 100vw, 1024px\" title=\"Nexxus02 | Oceaneering\" \/><\/a><h3><a href=\"https:\/\/www.oceaneering.com\/es\/products\/nexxus-rov\/\">ROV NEXXUS<\/a><\/h3>Eleva el nivel y supera las especificaciones API S53 para satisfacer los exigentes requisitos de las herramientas de intervenci\u00f3n.<a href=\"https:\/\/www.oceaneering.com\/es\/products\/nexxus-rov\/\">M\u00e1s informaci\u00f3n<\/a>\n\t<a href=\"https:\/\/www.oceaneering.com\/es\/products\/enovus-rov\/\"><img width=\"1024\" height=\"576\" src=\"https:\/\/www.oceaneering.com\/wp-content\/uploads\/2024\/02\/ROV-ENOVUS-update-1024x576.png\" alt=\"The eNovus Work Class ROV from Oceaneering\" decoding=\"async\" loading=\"lazy\" srcset=\"https:\/\/www.oceaneering.com\/wp-content\/uploads\/2024\/02\/ROV-ENOVUS-update-1024x576.png 1024w, https:\/\/www.oceaneering.com\/wp-content\/uploads\/2024\/02\/ROV-ENOVUS-update-300x169.png 300w, https:\/\/www.oceaneering.com\/wp-content\/uploads\/2024\/02\/ROV-ENOVUS-update-768x432.png 768w, https:\/\/www.oceaneering.com\/wp-content\/uploads\/2024\/02\/ROV-ENOVUS-update-1536x864.png 1536w, https:\/\/www.oceaneering.com\/wp-content\/uploads\/2024\/02\/ROV-ENOVUS-update-18x10.png 18w, https:\/\/www.oceaneering.com\/wp-content\/uploads\/2024\/02\/ROV-ENOVUS-update-1280x720.png 1280w, https:\/\/www.oceaneering.com\/wp-content\/uploads\/2024\/02\/ROV-ENOVUS-update-960x540.png 960w, https:\/\/www.oceaneering.com\/wp-content\/uploads\/2024\/02\/ROV-ENOVUS-update-640x360.png 640w, https:\/\/www.oceaneering.com\/wp-content\/uploads\/2024\/02\/ROV-ENOVUS-update-320x180.png 320w, https:\/\/www.oceaneering.com\/wp-content\/uploads\/2024\/02\/ROV-ENOVUS-update.png 1920w\" sizes=\"auto, (max-width: 1024px) 100vw, 1024px\" title=\"ENOVUS rov | Oceaneering\" \/><\/a><h3><a href=\"https:\/\/www.oceaneering.com\/es\/products\/enovus-rov\/\">ROV eNovus<\/a><\/h3>Dise\u00f1o compacto impulsado por un sistema de propulsi\u00f3n el\u00e9ctrico de 150 kVA (equivalente a 235 hp hidr\u00e1ulicos) respetuoso con el medio ambiente.<a href=\"https:\/\/www.oceaneering.com\/es\/products\/enovus-rov\/\">M\u00e1s informaci\u00f3n<\/a>\n\t<a href=\"https:\/\/www.oceaneering.com\/es\/rov-services\/next-generation-subsea-vehicles\/isurus-rov\/\"><img width=\"1024\" height=\"681\" src=\"https:\/\/www.oceaneering.com\/wp-content\/uploads\/2023\/11\/190717-Isurus-Skin-1-1-1024x681.png\" alt=\"\" decoding=\"async\" loading=\"lazy\" srcset=\"https:\/\/www.oceaneering.com\/wp-content\/uploads\/2023\/11\/190717-Isurus-Skin-1-1-1024x681.png 1024w, https:\/\/www.oceaneering.com\/wp-content\/uploads\/2023\/11\/190717-Isurus-Skin-1-1-300x200.png 300w, https:\/\/www.oceaneering.com\/wp-content\/uploads\/2023\/11\/190717-Isurus-Skin-1-1-768x511.png 768w, https:\/\/www.oceaneering.com\/wp-content\/uploads\/2023\/11\/190717-Isurus-Skin-1-1-18x12.png 18w, https:\/\/www.oceaneering.com\/wp-content\/uploads\/2023\/11\/190717-Isurus-Skin-1-1.png 1082w\" sizes=\"auto, (max-width: 1024px) 100vw, 1024px\" title=\"190717IsurusSkin1 | Oceaneering\" \/><\/a><h3><a href=\"https:\/\/www.oceaneering.com\/es\/rov-services\/next-generation-subsea-vehicles\/isurus-rov\/\">ROV Isurus<\/a><\/h3>Un aut\u00e9ntico sistema de clase de trabajo que permite operar en condiciones de alta corriente. <a href=\"https:\/\/www.oceaneering.com\/es\/rov-services\/next-generation-subsea-vehicles\/isurus-rov\/\">M\u00e1s informaci\u00f3n<\/a>\n\t<a href=\"https:\/\/www.oceaneering.com\/es\/rov-services\/next-generation-subsea-vehicles\/freedom-autonomous-underwater-vehicle\/\"><img width=\"400\" height=\"266\" src=\"https:\/\/www.oceaneering.com\/wp-content\/uploads\/2023\/11\/220823_Freedomcutout-1.jpg\" alt=\"\" decoding=\"async\" loading=\"lazy\" srcset=\"https:\/\/www.oceaneering.com\/wp-content\/uploads\/2023\/11\/220823_Freedomcutout-1.jpg 400w, https:\/\/www.oceaneering.com\/wp-content\/uploads\/2023\/11\/220823_Freedomcutout-1-300x200.jpg 300w, https:\/\/www.oceaneering.com\/wp-content\/uploads\/2023\/11\/220823_Freedomcutout-1-18x12.jpg 18w\" sizes=\"auto, (max-width: 400px) 100vw, 400px\" title=\"220823Freedomcutout | Oceaneering\" \/><\/a><h3><a href=\"https:\/\/www.oceaneering.com\/es\/rov-services\/next-generation-subsea-vehicles\/freedom-autonomous-underwater-vehicle\/\">AUV Freedom<\/a><\/h3>Utiliza capacidades de navegaci\u00f3n basadas en caracter\u00edsticas para proporcionar datos de alta resoluci\u00f3n y proximidad. <a href=\"https:\/\/www.oceaneering.com\/es\/rov-services\/next-generation-subsea-vehicles\/freedom-autonomous-underwater-vehicle\/\">M\u00e1s informaci\u00f3n<\/a>\n\t<a href=\"https:\/\/www.oceaneering.com\/es\/rov-services\/next-generation-subsea-vehicles\/liberty-resident-system\/\"><img width=\"1000\" height=\"665\" src=\"https:\/\/www.oceaneering.com\/wp-content\/uploads\/2023\/11\/liberty-cutout.png\" alt=\"Liberty Resident System\" decoding=\"async\" loading=\"lazy\" srcset=\"https:\/\/www.oceaneering.com\/wp-content\/uploads\/2023\/11\/liberty-cutout.png 1000w, https:\/\/www.oceaneering.com\/wp-content\/uploads\/2023\/11\/liberty-cutout-300x200.png 300w, https:\/\/www.oceaneering.com\/wp-content\/uploads\/2023\/11\/liberty-cutout-768x511.png 768w, https:\/\/www.oceaneering.com\/wp-content\/uploads\/2023\/11\/liberty-cutout-18x12.png 18w\" sizes=\"auto, (max-width: 1000px) 100vw, 1000px\" title=\"libertycutout | Oceaneering\" \/><\/a><h3><a href=\"https:\/\/www.oceaneering.com\/es\/rov-services\/next-generation-subsea-vehicles\/liberty-resident-system\/\">Sistema Liberty\u2122 para residentes<\/a><\/h3>La estaci\u00f3n de acoplamiento submarina totalmente aut\u00f3noma admite operaciones remotas y residentes con ROV y AUV.<a href=\"https:\/\/www.oceaneering.com\/es\/rov-services\/next-generation-subsea-vehicles\/liberty-resident-system\/\">M\u00e1s informaci\u00f3n<\/a>\n\t\t<!-- .pp-content-posts -->\n<h2>\n\t\tContacte con nosotros\n\t<\/h2>\n<h3>\n\t\tNuestro equipo de expertos est\u00e1 listo para ayudarle a empezar.\n\t<\/h3>\n\t<p>Oceaneering ofrece los mejores productos y soluciones de su clase, respaldados por una calidad, fiabilidad y asistencia global inigualables. Rellene el formulario de consulta para iniciar una conversaci\u00f3n hoy mismo.<\/p>","protected":false},"excerpt":{"rendered":"<p>Discuss a Project ROV Systems Shaping the Future of Subsea Robotics Our ROV fleet includes work class and inspection systems fit for applications from routine to extreme. As the industry evolves, so do we-our ROVs comply with API intervention standards and are rated for deep waters. All Products All Products Electric Heavy Work Class Resident &#8230; <a title=\"Sistemas ROV\" class=\"read-more\" href=\"https:\/\/www.oceaneering.com\/es\/rov-services\/rov-systems\/\" aria-label=\"Leer m\u00e1s sobre Sistemas ROV\">Seguir leyendo<\/a><\/p>","protected":false},"author":20,"featured_media":0,"parent":60900,"menu_order":84,"comment_status":"closed","ping_status":"closed","template":"","meta":{"_acf_changed":false,"footnotes":"","_links_to":"","_links_to_target":""},"product_category":[1317,1181,1182,1226],"search_tags":[1363],"class_list":["post-61151","page","type-page","status-publish","product_category-mission-support-center","product_category-remotely-operated-vehicles-rovs","product_category-resident-rovs","product_category-rov-tooling","search_tags-rov"],"acf":[],"aioseo_notices":[],"_links":{"self":[{"href":"https:\/\/www.oceaneering.com\/es\/wp-json\/wp\/v2\/pages\/61151","targetHints":{"allow":["GET"]}}],"collection":[{"href":"https:\/\/www.oceaneering.com\/es\/wp-json\/wp\/v2\/pages"}],"about":[{"href":"https:\/\/www.oceaneering.com\/es\/wp-json\/wp\/v2\/types\/page"}],"author":[{"embeddable":true,"href":"https:\/\/www.oceaneering.com\/es\/wp-json\/wp\/v2\/users\/20"}],"replies":[{"embeddable":true,"href":"https:\/\/www.oceaneering.com\/es\/wp-json\/wp\/v2\/comments?post=61151"}],"version-history":[{"count":6,"href":"https:\/\/www.oceaneering.com\/es\/wp-json\/wp\/v2\/pages\/61151\/revisions"}],"predecessor-version":[{"id":81305,"href":"https:\/\/www.oceaneering.com\/es\/wp-json\/wp\/v2\/pages\/61151\/revisions\/81305"}],"up":[{"embeddable":true,"href":"https:\/\/www.oceaneering.com\/es\/wp-json\/wp\/v2\/pages\/60900"}],"wp:attachment":[{"href":"https:\/\/www.oceaneering.com\/es\/wp-json\/wp\/v2\/media?parent=61151"}],"wp:term":[{"taxonomy":"product_category","embeddable":true,"href":"https:\/\/www.oceaneering.com\/es\/wp-json\/wp\/v2\/product_category?post=61151"},{"taxonomy":"search_tags","embeddable":true,"href":"https:\/\/www.oceaneering.com\/es\/wp-json\/wp\/v2\/search_tags?post=61151"}],"curies":[{"name":"wp","href":"https:\/\/api.w.org\/{rel}","templated":true}]}}