{"id":61150,"date":"2023-11-09T08:53:46","date_gmt":"2023-11-09T13:53:46","guid":{"rendered":"https:\/\/oceaneering.com\/rov-services\/rov-personnel-training\/"},"modified":"2025-10-21T04:53:02","modified_gmt":"2025-10-21T09:53:02","slug":"rov-personnel-training","status":"publish","type":"page","link":"https:\/\/www.oceaneering.com\/es\/rov-services\/rov-personnel-training\/","title":{"rendered":"Personal ROV y formaci\u00f3n"},"content":{"rendered":"<h1>Personal ROV y formaci\u00f3n<\/h1>\r\n<p>Como proveedor l\u00edder del sector de servicios ROV, nos dedicamos a formar no s\u00f3lo a nuestros propios empleados, sino tambi\u00e9n a nuestros clientes.<\/p>\r\n<h1>Supervisores de ROV y T\u00e9cnicos Pilotos de Oceaneering<\/h1>\r\n<p>Con el objetivo de establecer la mano de obra de ROV m\u00e1s cualificada del sector, en 1996 abrimos el primer centro de formaci\u00f3n de ROV de clase laboral del mundo. En la actualidad, contamos con centros de formaci\u00f3n en Estados Unidos, Noruega, Reino Unido, Brasil, Indonesia y otros pa\u00edses.<\/p>\r\n<h2>Centros de formaci\u00f3n<\/h2>\r\n<p>Nuestros centros de formaci\u00f3n albergan aulas equipadas con multimedia, laboratorios de electr\u00f3nica e hidr\u00e1ulica y un ROV totalmente funcional con una completa suite de control. Gran parte del plan de estudios se centra en los simuladores de ROV utilizados para la formaci\u00f3n de pilotos.<\/p>\r\n<p>Trabajando en la consola del simulador, los alumnos aprenden t\u00e9cnicas b\u00e1sicas de vuelo y experimentan muchos de los retos de las operaciones en alta mar, antes de ser enviados a alta mar por primera vez.<\/p>\r\n<p><img loading=\"lazy\" decoding=\"async\" title=\"Simulador_formaci\u00f3n_2\" src=\"https:\/\/oceaneering.com\/wp-content\/uploads\/2023\/11\/Simulator_Training_2.jpg\" alt=\"Simulator_Training_2\" width=\"1031\" height=\"1000\" \/><\/p>\r\n<h2>Certificaciones del programa<\/h2>\r\n<p>Las siguientes organizaciones han auditado nuestro Programa de Formaci\u00f3n ROV y han certificado su profesionalidad y calidad de instrucci\u00f3n.<\/p>\r\n<ul>\r\n<li>Asociaci\u00f3n Internacional de Contratistas Mar\u00edtimos (IMCA)<\/li>\r\n<li>Sistema de escuelas universitarias comunitarias y t\u00e9cnicas de Luisiana (LCTCS)<\/li>\r\n<li>Consejo Nacional de Educaci\u00f3n Ocupacional (NCOE)<\/li>\r\n<\/ul>\r\n<p>La American Society for Training and Development (ASTD) certifica a todos nuestros instructores.<\/p>\r\n<p>Contacte con nosotros<\/p>\r\n<h3>Nuestro equipo de expertos est\u00e1 listo para ayudarle a empezar.<\/h3>\r\n<p>Oceaneering ofrece los mejores productos y soluciones de su clase, respaldados por una calidad, fiabilidad y asistencia global inigualables. Rellene el formulario de consulta para iniciar una conversaci\u00f3n hoy mismo.<\/p>\r\n<p>\"*\" indica campos obligatorios<\/p>\r\n<form id=\"gform_4\" action=\"\/es\/?page_id=61150&#038;fl_builder#gf_4\" enctype=\"multipart\/form-data\" method=\"post\" target=\"gform_ajax_frame_4\" data-formid=\"4\" data-trp-original-action=\"\/?page_id=61150&amp;fl_builder#gf_4\"><fieldset id=\"field_4_1\" data-js-reload=\"field_4_1\"><legend class=\"gfield_label gform-field-label gfield_label_before_complex\">Nombre<\/legend> <input id=\"input_4_1_3\" tabindex=\"201\" name=\"input_1.3\" type=\"text\" value=\"\" aria-required=\"true\" \/> <label class=\"gform-field-label gform-field-label--type-sub\" for=\"input_4_1_3\">En primer lugar<\/label> <input id=\"input_4_1_6\" tabindex=\"203\" name=\"input_1.6\" type=\"text\" value=\"\" aria-required=\"true\" \/> <label class=\"gform-field-label gform-field-label--type-sub\" for=\"input_4_1_6\">\u00daltima<\/label><\/fieldset><label class=\"gfield_label gform-field-label\" for=\"input_4_4\">Tel\u00e9fono<\/label><input id=\"input_4_4\" class=\"large\" tabindex=\"205\" name=\"input_4\" type=\"text\" value=\"\" aria-required=\"true\" aria-invalid=\"false\" \/><label class=\"gfield_label gform-field-label\" for=\"input_4_3\">Correo electr\u00f3nico<\/label> <input id=\"input_4_3\" class=\"large\" tabindex=\"206\" name=\"input_3\" type=\"text\" value=\"\" aria-required=\"true\" aria-invalid=\"false\" \/> <label class=\"gfield_label gform-field-label\" for=\"input_4_5\">Otro<\/label><select id=\"input_4_5\" class=\"large gfield_select\" tabindex=\"207\" name=\"input_5\" aria-invalid=\"false\">\r\n<option class=\"gf_placeholder\" selected=\"selected\" value=\"\">Seleccione uno<\/option>\r\n<option value=\"First Choice\">Primera elecci\u00f3n<\/option>\r\n<option value=\"Second Choice\">Segunda opci\u00f3n<\/option>\r\n<option value=\"Third Choice\">Tercera opci\u00f3n<\/option>\r\n<\/select><label class=\"gfield_label gform-field-label\" for=\"input_4_6\">Otro<\/label><select id=\"input_4_6\" class=\"large gfield_select\" tabindex=\"208\" name=\"input_6\" aria-invalid=\"false\">\r\n<option class=\"gf_placeholder\" selected=\"selected\" value=\"\">Seleccione uno<\/option>\r\n<option value=\"First Choice\">Primera elecci\u00f3n<\/option>\r\n<option value=\"Second Choice\">Segunda opci\u00f3n<\/option>\r\n<option value=\"Third Choice\">Tercera opci\u00f3n<\/option>\r\n<\/select><label class=\"gfield_label gform-field-label\" for=\"input_4_7\">Otro<\/label><input id=\"input_4_7\" class=\"large\" tabindex=\"209\" name=\"input_7\" type=\"text\" value=\"\" aria-invalid=\"false\" \/> <label class=\"gfield_label gform-field-label\" for=\"input_4_8\">Otro<\/label><input id=\"input_4_8\" class=\"large\" tabindex=\"210\" name=\"input_8\" type=\"text\" value=\"\" aria-invalid=\"false\" \/>\r\n<p>Lorem ipsum dolor sit amet, consetetur sadipscing elitr, sed diam nonumy eirmod tempor invidunt ut labore et dolore magna aliquyam erat voluptua.<\/p>\r\n<input id=\"gform_submit_button_4\" class=\"gform_button button\" tabindex=\"211\" type=\"submit\" value=\"Solicitar presupuesto\" \/> <input name=\"gform_ajax\" type=\"hidden\" value=\"form_id=4&amp;title=&amp;description=&amp;tabindex=200\" \/> <input class=\"gform_hidden\" name=\"is_submit_4\" type=\"hidden\" value=\"1\" \/> <input class=\"gform_hidden\" name=\"gform_submit\" type=\"hidden\" value=\"4\" \/> <input class=\"gform_hidden\" name=\"gform_unique_id\" type=\"hidden\" value=\"\" \/> <input class=\"gform_hidden\" name=\"state_4\" type=\"hidden\" value=\"WyJ7XCI1XCI6W1wiZGYzN2E2ZTliYzJkYTVlMjU5ZDBmNDMwMTdlYjVhMGVcIixcImZhNGEwM2ZkMGU0YmYxOGMzYzM3NDhmYWZmMGIzYmJkXCIsXCIxMTAzYTVhMmJlZjQ3NWI5MjRhMmZmYTMyYTNhNzM1N1wiXSxcIjZcIjpbXCJkZjM3YTZlOWJjMmRhNWUyNTlkMGY0MzAxN2ViNWEwZVwiLFwiZmE0YTAzZmQwZTRiZjE4YzNjMzc0OGZhZmYwYjNiYmRcIixcIjExMDNhNWEyYmVmNDc1YjkyNGEyZmZhMzJhM2E3MzU3XCJdfSIsImExMTE4N2U4YmFkMGY5NmE2ZTIxYTQxYTMyMDZjM2E4Il0=\" \/> <input id=\"gform_target_page_number_4\" class=\"gform_hidden\" name=\"gform_target_page_number_4\" type=\"hidden\" value=\"0\" \/> <input id=\"gform_source_page_number_4\" class=\"gform_hidden\" name=\"gform_source_page_number_4\" type=\"hidden\" value=\"1\" \/> <input name=\"gform_field_values\" type=\"hidden\" value=\"\" \/>\r\n<p><label>\u0394<textarea cols=\"45\" maxlength=\"100\" name=\"ak_hp_textarea\" rows=\"8\"><\/textarea><\/label><input id=\"ak_js_1\" name=\"ak_js\" type=\"hidden\" value=\"237\" \/><\/p>\r\n<input type=\"hidden\" name=\"trp-form-language\" value=\"es\"\/><\/form>\r\n<p><iframe id=\"gform_ajax_frame_4\" style=\"display: none; width: 0px; height: 0px;\" title=\"Este iframe contiene la l\u00f3gica necesaria para manejar formularios Gravity con Ajax.\" src=\"about:blank\" name=\"gform_ajax_frame_4\"><\/iframe><\/p>","protected":false},"excerpt":{"rendered":"<p>Personal y formaci\u00f3n ROV Como proveedor l\u00edder del sector de servicios ROV, nos dedicamos a formar no s\u00f3lo a nuestros propios empleados, sino tambi\u00e9n a nuestros clientes. Supervisores y T\u00e9cnicos Pilotos de ROV de Oceaneering Con el objetivo de establecer la mano de obra de ROV m\u00e1s cualificada del sector, en 1996 abrimos el primer centro de formaci\u00f3n de ROV de clase laboral del mundo. En la actualidad, ... <a title=\"Personal ROV y formaci\u00f3n\" class=\"read-more\" href=\"https:\/\/www.oceaneering.com\/es\/rov-services\/rov-personnel-training\/\" aria-label=\"Leer m\u00e1s sobre Personal y formaci\u00f3n de ROV\">Seguir leyendo<\/a><\/p>","protected":false},"author":20,"featured_media":0,"parent":60900,"menu_order":83,"comment_status":"closed","ping_status":"closed","template":"","meta":{"_acf_changed":false,"footnotes":"","_links_to":"","_links_to_target":""},"product_category":[1317,1181],"search_tags":[1363],"class_list":["post-61150","page","type-page","status-publish","product_category-mission-support-center","product_category-remotely-operated-vehicles-rovs","search_tags-rov"],"acf":[],"aioseo_notices":[],"_links":{"self":[{"href":"https:\/\/www.oceaneering.com\/es\/wp-json\/wp\/v2\/pages\/61150","targetHints":{"allow":["GET"]}}],"collection":[{"href":"https:\/\/www.oceaneering.com\/es\/wp-json\/wp\/v2\/pages"}],"about":[{"href":"https:\/\/www.oceaneering.com\/es\/wp-json\/wp\/v2\/types\/page"}],"author":[{"embeddable":true,"href":"https:\/\/www.oceaneering.com\/es\/wp-json\/wp\/v2\/users\/20"}],"replies":[{"embeddable":true,"href":"https:\/\/www.oceaneering.com\/es\/wp-json\/wp\/v2\/comments?post=61150"}],"version-history":[{"count":1,"href":"https:\/\/www.oceaneering.com\/es\/wp-json\/wp\/v2\/pages\/61150\/revisions"}],"predecessor-version":[{"id":79232,"href":"https:\/\/www.oceaneering.com\/es\/wp-json\/wp\/v2\/pages\/61150\/revisions\/79232"}],"up":[{"embeddable":true,"href":"https:\/\/www.oceaneering.com\/es\/wp-json\/wp\/v2\/pages\/60900"}],"wp:attachment":[{"href":"https:\/\/www.oceaneering.com\/es\/wp-json\/wp\/v2\/media?parent=61150"}],"wp:term":[{"taxonomy":"product_category","embeddable":true,"href":"https:\/\/www.oceaneering.com\/es\/wp-json\/wp\/v2\/product_category?post=61150"},{"taxonomy":"search_tags","embeddable":true,"href":"https:\/\/www.oceaneering.com\/es\/wp-json\/wp\/v2\/search_tags?post=61150"}],"curies":[{"name":"wp","href":"https:\/\/api.w.org\/{rel}","templated":true}]}}