{"id":61148,"date":"2023-11-09T08:51:50","date_gmt":"2023-11-09T13:51:50","guid":{"rendered":"https:\/\/oceaneering.com\/asset-integrity\/floating-systems-inspection-and-integrity\/special-periodic-surveys-and-uwild\/"},"modified":"2025-10-21T05:08:56","modified_gmt":"2025-10-21T10:08:56","slug":"floating-systems-inspection-and-integrity-services","status":"publish","type":"page","link":"https:\/\/www.oceaneering.com\/es\/asset-integrity-management\/floating-systems-inspection-and-integrity-services\/","title":{"rendered":"Inspecci\u00f3n e integridad de sistemas flotantes"},"content":{"rendered":"<p><a href=\"\/es\/asset-integrity\/#contact\" target=\"_self\" rel=\"noopener\"> Debatir un proyecto <\/a><\/p>\r\n<h1>Inspecci\u00f3n e integridad de sistemas flotantes<\/h1>\r\n<p>Ofrecemos servicios de gesti\u00f3n de integridad e inspecci\u00f3n basados en riesgos y totalmente gestionados para sistemas flotantes. Nuestras soluciones escalables proporcionan los servicios y tecnolog\u00edas que necesita para operar con seguridad y mantener el cumplimiento normativo.<\/p>\r\n<h2>Seguridad, fiabilidad y conformidad de los activos<\/h2>\r\n<p>Nuestro equipo de arquitectos navales e ingenieros estructurales trabaja en colaboraci\u00f3n con los t\u00e9cnicos para proporcionar una inspecci\u00f3n eficaz de los activos en alta mar.<\/p>\r\n<p>Los equipos globales garantizan la prestaci\u00f3n de servicios de gesti\u00f3n de proyectos, ingenier\u00eda, inspecci\u00f3n en superficie y submarina, interpretaci\u00f3n de resultados y preparaci\u00f3n de informes de estado de integridad de alta calidad, ya sea individualmente o como un programa global gestionado.<\/p>\r\n<ul>\r\n<li>Evaluaci\u00f3n de las diferencias entre el dise\u00f1o y las especificaciones de fabricaci\u00f3n<\/li>\r\n<li>Asistencia para sistemas y componentes nuevos y en servicio<\/li>\r\n<li>Elaboraci\u00f3n de documentos de inspecci\u00f3n y gesti\u00f3n de la integridad<\/li>\r\n<li>Inspecci\u00f3n en alta mar rentable y optimizada con evaluaci\u00f3n del estado en tiempo real<\/li>\r\n<li>Revisiones t\u00e9cnicas de los resultados de las inspecciones y recomendaciones de intervenci\u00f3n<\/li>\r\n<li>Gesti\u00f3n de subcontratistas<\/li>\r\n<li>Preparar declaraciones sobre el estado de los activos, informes resumidos y facilitar revisiones sumarias.<\/li>\r\n<li>Actualizar las estrategias de inspecci\u00f3n e integridad<\/li>\r\n<li>Generaci\u00f3n de informes anuales de inspecci\u00f3n del casco<\/li>\r\n<li>Proporcionar una interfaz de representaci\u00f3n entre las sociedades de clasificaci\u00f3n, los reguladores y los organismos de verificaci\u00f3n.<\/li>\r\n<\/ul>\r\n<p>Prestamos estos servicios bas\u00e1ndonos en nuestra amplia experiencia y trayectoria de trabajo con sistemas de presi\u00f3n, estructuras y tuber\u00edas. Nuestras soluciones minimizan las interrupciones de la producci\u00f3n y ofrecen el uso m\u00e1s eficaz de los recursos de inspecci\u00f3n mediante la definici\u00f3n de inspecciones espec\u00edficas con alcances y frecuencias justificados.<\/p>\r\n<p>Nuestra experiencia en inspecci\u00f3n de activos submarinos, proyectos submarinos, servicios de veh\u00edculos operados por control remoto (ROV), herramientas submarinas y an\u00e1lisis de activos nos permite ofrecer servicios integrados a trav\u00e9s de un \u00fanico punto focal.<\/p>\r\n<p><img loading=\"lazy\" decoding=\"async\" title=\"Circle-graphics-Data-large\" src=\"https:\/\/oceaneering.com\/wp-content\/uploads\/2023\/11\/Circle-graphics-Data-large.png\" alt=\"Circle-graphics-Data-large\" width=\"945\" height=\"945\" \/><\/p>\r\n<h2>Ofrecemos una serie de servicios adicionales relacionados con cascos y sistemas flotantes<\/h2>\r\n<ul>\r\n<li>Revisi\u00f3n de los sistemas flotantes de gesti\u00f3n de la integridad (FSIMS)<\/li>\r\n<li>Inspecciones b\u00e1sicas completas de estructuras flotantes y fijas de nueva construcci\u00f3n<\/li>\r\n<li>Inspecci\u00f3n visual y ultras\u00f3nica en el interior del tanque con el uso de mini ROVs<\/li>\r\n<li>Garant\u00eda de competencia en la gesti\u00f3n de la integridad del casco<\/li>\r\n<li>Evaluaciones de protecci\u00f3n cat\u00f3dica<\/li>\r\n<li>Gesti\u00f3n del escaneado de nubes en el casco<\/li>\r\n<li>Proporcionar datos estructurales para un sistema de gesti\u00f3n de activos de nueva construcci\u00f3n o de zonas industriales abandonadas.<\/li>\r\n<li>Inspecci\u00f3n y gesti\u00f3n de la integridad de los sistemas de torreta<\/li>\r\n<li><a href=\"https:\/\/www.oceaneering.com\/es\/asset-integrity\/floating-systems-inspection-and-integrity-services\/special-periodic-surveys-and-uwild\/\" data-kmt=\"1\">Inspecciones peri\u00f3dicas especiales e inspecciones subacu\u00e1ticas en lugar de dique seco (UWILD)<\/a>\u00a0definici\u00f3n del \u00e1mbito de trabajo<\/li>\r\n<li>Gestionar los programas de inspecci\u00f3n, reparaci\u00f3n e integridad de los buques de producci\u00f3n, almacenamiento y descarga flotantes (FPSO).<\/li>\r\n<\/ul>\r\n<p><a href=\"https:\/\/www.oceaneering.com\/es\/asset-integrity\/floating-systems-inspection-and-integrity-services\/special-periodic-surveys-and-uwild\/\" target=\"_self\" rel=\"noopener\"> M\u00e1s informaci\u00f3n sobre nuestras capacidades especiales de encuesta peri\u00f3dica y UWILD <\/a> Acreditaci\u00f3n industrial: ISO 3001, ISO 17025, ISO 14001, DNV-GL, ABS, LR y BV para la medici\u00f3n del grosor de las estructuras del casco.<br \/>Acreditaci\u00f3n de la Sociedad de Clasificaci\u00f3n para inspecciones en el casco y bajo el agua (en lugar de inspecciones en dique seco).<\/p>\r\n<h1>Contacte con nosotros<\/h1>\r\n<h2>Nuestro equipo de expertos est\u00e1 listo para ayudarle a empezar.<\/h2>\r\n<p>Oceaneering ofrece los mejores productos y soluciones de su clase, respaldados por una calidad, fiabilidad y asistencia global inigualables. Rellene el formulario de consulta para iniciar una conversaci\u00f3n hoy mismo.<\/p>","protected":false},"excerpt":{"rendered":"<p>Discutir un proyecto Inspecci\u00f3n e integridad de sistemas flotantes Ofrecemos servicios de gesti\u00f3n de integridad e inspecci\u00f3n de sistemas flotantes totalmente gestionados y basados en riesgos. Nuestras soluciones escalables proporcionan los servicios y tecnolog\u00edas que necesita para operar con seguridad y mantener el cumplimiento normativo. Mantenimiento de activos seguros, fiables y conformes Nuestro equipo de arquitectos navales e ingenieros estructurales trabaja en colaboraci\u00f3n con ... <a title=\"Inspecci\u00f3n e integridad de sistemas flotantes\" class=\"read-more\" href=\"https:\/\/www.oceaneering.com\/es\/asset-integrity-management\/floating-systems-inspection-and-integrity-services\/\" aria-label=\"Leer m\u00e1s sobre Inspecci\u00f3n e integridad de sistemas flotantes\">Seguir leyendo<\/a><\/p>","protected":false},"author":20,"featured_media":0,"parent":59710,"menu_order":82,"comment_status":"closed","ping_status":"closed","template":"","meta":{"_acf_changed":false,"footnotes":"","_links_to":"","_links_to_target":""},"product_category":[1205,1293],"search_tags":[1800],"class_list":["post-61148","page","type-page","status-publish","product_category-asset-integrity-management","product_category-integrity-management","search_tags-asset-integrity"],"acf":[],"aioseo_notices":[],"_links":{"self":[{"href":"https:\/\/www.oceaneering.com\/es\/wp-json\/wp\/v2\/pages\/61148","targetHints":{"allow":["GET"]}}],"collection":[{"href":"https:\/\/www.oceaneering.com\/es\/wp-json\/wp\/v2\/pages"}],"about":[{"href":"https:\/\/www.oceaneering.com\/es\/wp-json\/wp\/v2\/types\/page"}],"author":[{"embeddable":true,"href":"https:\/\/www.oceaneering.com\/es\/wp-json\/wp\/v2\/users\/20"}],"replies":[{"embeddable":true,"href":"https:\/\/www.oceaneering.com\/es\/wp-json\/wp\/v2\/comments?post=61148"}],"version-history":[{"count":1,"href":"https:\/\/www.oceaneering.com\/es\/wp-json\/wp\/v2\/pages\/61148\/revisions"}],"predecessor-version":[{"id":79233,"href":"https:\/\/www.oceaneering.com\/es\/wp-json\/wp\/v2\/pages\/61148\/revisions\/79233"}],"up":[{"embeddable":true,"href":"https:\/\/www.oceaneering.com\/es\/wp-json\/wp\/v2\/pages\/59710"}],"wp:attachment":[{"href":"https:\/\/www.oceaneering.com\/es\/wp-json\/wp\/v2\/media?parent=61148"}],"wp:term":[{"taxonomy":"product_category","embeddable":true,"href":"https:\/\/www.oceaneering.com\/es\/wp-json\/wp\/v2\/product_category?post=61148"},{"taxonomy":"search_tags","embeddable":true,"href":"https:\/\/www.oceaneering.com\/es\/wp-json\/wp\/v2\/search_tags?post=61148"}],"curies":[{"name":"wp","href":"https:\/\/api.w.org\/{rel}","templated":true}]}}