{"id":61144,"date":"2023-11-09T08:49:53","date_gmt":"2023-11-09T13:49:53","guid":{"rendered":"https:\/\/oceaneering.com\/floating-systems-inspection-and-integrity\/"},"modified":"2026-03-10T07:55:26","modified_gmt":"2026-03-10T12:55:26","slug":"special-periodic-surveys-and-uwild","status":"publish","type":"page","link":"https:\/\/www.oceaneering.com\/es\/asset-integrity-management\/floating-systems-inspection-and-integrity-services\/special-periodic-surveys-and-uwild\/","title":{"rendered":"Encuestas peri\u00f3dicas especiales y UWILD"},"content":{"rendered":"<p><a href=\"\/es\/asset-integrity\/#contact\" target=\"_self\"> Debatir un proyecto <\/a><\/p>\r\n<h1>Encuestas peri\u00f3dicas especiales y UWILD<\/h1>\r\n<p>Tratamos los buques como activos integrales y no clasificamos las inspecciones en submarinas o de superficie.<\/p>\r\n<p><a href=\"https:\/\/oceaneering.canto.com\/direct\/document\/q5t35beu6h25935e9t54d18t3t\/zhdAADCIv5vn8K5TBwt6QIY5ph4\/original?content-type=application%2Fpdf&amp;name=SSPJ-Underwater-Inspection-in-Lieu-of-Drydocking-%28UWILD%29.pdf\" target=\"_blank\" rel=\"noopener\"> Inspecci\u00f3n subacu\u00e1tica en lugar de dique seco (UWILD) <\/a><\/p>\r\n<p>Nuestras amplias capacidades internas nos permiten ofrecerle una gama completa de trabajos de inspecci\u00f3n, incluidas inspecciones peri\u00f3dicas especiales (SPS) e inspecciones subacu\u00e1ticas en lugar de dique seco (UWILD).<\/p>\r\n<h2>Aprovechar la oportunidad<\/h2>\r\n<p>Nuestros ROV de perforaci\u00f3n premovilizados permiten flexibilidad y la realizaci\u00f3n de inspecciones durante ventanas meteorol\u00f3gicas ideales.<\/p>\r\n<p><a href=\"https:\/\/oceaneering.canto.com\/direct\/video\/6pobv1esml6bn3hrpl1b31b950\/Z9VydKQLWJXX1eHiaw-yI-s3jjU\/original?content-type=video%2Fmp4&amp;name=UWILD+_+Oceaneering.mp4\" data-fancybox=\"video-carousel-\"> <img decoding=\"async\" src=\"https:\/\/oceaneering.com\/wp-content\/uploads\/2023\/12\/UWILD-1.jpg\" alt=\"\" \/> Reproducir v\u00eddeo <\/a> <a href=\"https:\/\/oceaneering.canto.com\/direct\/video\/rm58bk2ee54m78dgdgelrlg24i\/2-X2xwvtdHceUSkUZuqETh7apFE\/original?content-type=video%2Fmp4&amp;name=UWILD+-+ROV+Inspection.mp4\" data-fancybox=\"video-carousel-\"> <img decoding=\"async\" src=\"https:\/\/oceaneering.com\/wp-content\/uploads\/2023\/12\/UWILD-ROV-inspection-1.jpg\" alt=\"\" \/> Reproducir v\u00eddeo <\/a> <button> Anterior <\/button> <button> Siguiente <\/button><\/p>\r\n<h2>De la torre de perforaci\u00f3n al fondo marino<\/h2>\r\n<p>Nosotros le cubrimos. Evaluamos infraestructuras y equipos cr\u00edticos utilizando t\u00e9cnicas y m\u00e9todos de <a href=\"https:\/\/www.oceaneering.com\/es\/asset-integrity\/in-service-inspection\/ensuring-access\/\">acceso mediante cuerda<\/a> y ensayos no destructivos (END) a la UWILD basada en ROV y orugas.<\/p>\r\n<p>Tanto si se trabaja en superficie como bajo el mar, creamos y ejecutamos planes de inspecci\u00f3n programados espec\u00edficamente para ayudar a los clientes a reducir o eliminar el costoso tiempo de inactividad.<\/p>\r\n<h2>Inspecci\u00f3n a distancia<\/h2>\r\n<p>Proporcionamos una flexibilidad inigualable con nuestra capacidad y experiencia en la realizaci\u00f3n de inspecciones utilizando nuestra tecnolog\u00eda de pilotaje remoto y control automatizado (RPACT). Este revolucionario m\u00e9todo de control de ROV ofrece amplias ventajas y permite a un inspector de clase utilizar nuestras redes de datos existentes para completar UWILD desde una ubicaci\u00f3n remota.<\/p>\r\n<p><img decoding=\"async\" title=\"Industry-Leading-icon-150x150\" src=\"https:\/\/oceaneering.com\/wp-content\/uploads\/2023\/11\/Industry-Leading-icon-150x150-1.png\" alt=\"Industry-Leading-icon-150x150\" \/><\/p>\r\n<h6>Costes reducidos<\/h6>\r\n<p><img decoding=\"async\" title=\"Fast-Track-icon-150x150\" src=\"https:\/\/oceaneering.com\/wp-content\/uploads\/2023\/11\/Fast-Track-icon-150x150-2.png\" alt=\"Fast-Track-icon-150x150\" \/><\/p>\r\n<h6>Entrega de datos en tiempo real<\/h6>\r\n<p><img decoding=\"async\" title=\"Offshore-Projects-icon-150x150\" src=\"https:\/\/oceaneering.com\/wp-content\/uploads\/2023\/11\/Offshore-Projects-icon-150x150-1.png\" alt=\"Offshore-Projects-icon-150x150\" \/><\/p>\r\n<h6>Menos personal y equipos movilizados<\/h6>\r\n<p><img decoding=\"async\" title=\"Vessel-Fleet-icon-150x150\" src=\"https:\/\/oceaneering.com\/wp-content\/uploads\/2023\/11\/Vessel-Fleet-icon-150x150-1.png\" alt=\"Vessel-Fleet-icon-150x150\" \/><\/p>\r\n<h6>Despliegue r\u00e1pido para aprovechar las condiciones de inspecci\u00f3n favorables<\/h6>\r\n<h3>Probado en campo. L\u00edder en el sector.<\/h3>\r\n<p>Lea nuestros estudios de casos sobre proyectos SPS y UWILD.<\/p>\r\n<p><a href=\"https:\/\/www.oceaneering.com\/es\/resources\/?_content_types=case-study\" target=\"_self\"> Ver todos los casos pr\u00e1cticos <\/a> <button> Anterior <\/button> <button> Siguiente <\/button> <a href=\"https:\/\/www.oceaneering.com\/es\/case-studies\/special-periodic-survey-team-delivers-optimized-solution-for-client-in-us-gulf\/\"> <img decoding=\"async\" src=\"https:\/\/www.oceaneering.com\/wp-content\/uploads\/2025\/05\/Freedom-underwater.jpg\" alt=\"\" \/><\/a><\/p>\r\n<h3>Private: Special Periodic Survey Team Delivers Optimized Solution for Client in US Gulf<\/h3>\r\n<h3>Private: Special Periodic Survey Team Delivers Optimized Solution for Client in US Gulf<\/h3>\r\n<p>In Q3 2023, Oceaneering was challenged to provide special periodic survey (SPS) services to a leading drilling&#8230;<\/p>\r\n<p><a href=\"https:\/\/www.oceaneering.com\/es\/case-studies\/special-periodic-survey-team-delivers-optimized-solution-for-client-in-us-gulf\/\">M\u00e1s informaci\u00f3n <\/a> <a href=\"https:\/\/www.oceaneering.com\/es\/case-studies\/emergency-dock-assessment-uses-sonar-mapping-to-confirm-damage\/\"> <img decoding=\"async\" src=\"https:\/\/www.oceaneering.com\/wp-content\/uploads\/2024\/11\/Sonar-Dock-Assessment.png\" alt=\"\" \/><\/a><\/p>\r\n<h3>La evaluaci\u00f3n de emergencia de muelles utiliza el sonar para confirmar los da\u00f1os<\/h3>\r\n<h3>La evaluaci\u00f3n de emergencia de muelles utiliza el sonar para confirmar los da\u00f1os<\/h3>\r\n<p>In late 2022, a client we had worked with, primarily on projects related to life extension and&#8230;<\/p>\r\n<p><a href=\"https:\/\/www.oceaneering.com\/es\/case-studies\/emergency-dock-assessment-uses-sonar-mapping-to-confirm-damage\/\">M\u00e1s informaci\u00f3n <\/a> <a href=\"https:\/\/www.oceaneering.com\/es\/case-studies\/optimized-fspo-ballast-tank-inspection-scope-eliminates-confined-space-entry\/\"> <img decoding=\"async\" src=\"https:\/\/www.oceaneering.com\/wp-content\/uploads\/2024\/11\/Ballast-Tank-2-edited.jpg\" alt=\"\" \/><\/a><\/p>\r\n<h3>El alcance optimizado de la inspecci\u00f3n de tanques de lastre de FSPO elimina la entrada en espacios confinados<\/h3>\r\n<h3>El alcance optimizado de la inspecci\u00f3n de tanques de lastre de FSPO elimina la entrada en espacios confinados<\/h3>\r\n<p>In October 2023, Oceaneering completed a 13-day inspection scope on three dual-compartment L-shaped ballast tanks on a&#8230;<\/p>\r\n<p><a href=\"https:\/\/www.oceaneering.com\/es\/case-studies\/optimized-fspo-ballast-tank-inspection-scope-eliminates-confined-space-entry\/\">M\u00e1s informaci\u00f3n <\/a> <a href=\"https:\/\/www.oceaneering.com\/es\/case-studies\/oceaneering-successfully-conducts-remote-uwild-operations-around-the-globe\/\"> <img decoding=\"async\" src=\"https:\/\/www.oceaneering.com\/wp-content\/uploads\/2023\/11\/211028_Remote-UWILD-Case-Study_01-1.jpeg\" alt=\"\" \/><\/a><\/p>\r\n<h3>\u00c9xito de las operaciones a distancia de UWILD en todo el mundo<\/h3>\r\n<h3>\u00c9xito de las operaciones a distancia de UWILD en todo el mundo<\/h3>\r\n<p>Over the past five years, Oceaneering has changed the way it offers Underwater Inspections In Lieu of&#8230;<\/p>\r\n<p><a href=\"https:\/\/www.oceaneering.com\/es\/case-studies\/oceaneering-successfully-conducts-remote-uwild-operations-around-the-globe\/\">M\u00e1s informaci\u00f3n <\/a> <a href=\"https:\/\/www.oceaneering.com\/es\/case-studies\/floating-unit-inspections-by-mini-rov-increasing-capability\/\"> <img decoding=\"async\" src=\"https:\/\/www.oceaneering.com\/wp-content\/uploads\/2017\/06\/floating-unit-inspection.jpg\" alt=\"\" \/><\/a><\/p>\r\n<h3>Aumento de la capacidad de las inspecciones de unidades flotantes mediante mini-ROV<\/h3>\r\n<h3>Aumento de la capacidad de las inspecciones de unidades flotantes mediante mini-ROV<\/h3>\r\n<p><a href=\"https:\/\/www.oceaneering.com\/es\/case-studies\/floating-unit-inspections-by-mini-rov-increasing-capability\/\">M\u00e1s informaci\u00f3n <\/a><\/p>\r\n<h1>Contacte con nosotros<\/h1>\r\n<h2>Nuestro equipo de expertos est\u00e1 listo para ayudarle a empezar.<\/h2>\r\n<p>Oceaneering ofrece los mejores productos y soluciones de su clase, respaldados por una calidad, fiabilidad y asistencia global inigualables. Rellene el formulario de consulta para iniciar una conversaci\u00f3n hoy mismo.<\/p>","protected":false},"excerpt":{"rendered":"<p>Discutir un proyecto Inspecciones peri\u00f3dicas especiales y UWILD Tratamos los buques como activos integrales y no clasificamos las inspecciones simplemente como submarinas o de superficie. Inspecci\u00f3n subacu\u00e1tica en lugar de dique seco (UWILD) Nuestras amplias capacidades internas nos permiten ofrecerle una gama completa de trabajos de inspecci\u00f3n, incluidas inspecciones peri\u00f3dicas especiales (SPS) e inspecciones subacu\u00e1ticas ... <a title=\"Encuestas peri\u00f3dicas especiales y UWILD\" class=\"read-more\" href=\"https:\/\/www.oceaneering.com\/es\/asset-integrity-management\/floating-systems-inspection-and-integrity-services\/special-periodic-surveys-and-uwild\/\" aria-label=\"Leer m\u00e1s sobre Encuestas Peri\u00f3dicas Especiales y UWILD\">Seguir leyendo<\/a><\/p>","protected":false},"author":20,"featured_media":0,"parent":61148,"menu_order":80,"comment_status":"closed","ping_status":"closed","template":"","meta":{"_acf_changed":false,"footnotes":"","_links_to":"","_links_to_target":""},"product_category":[1205,1293,1721],"search_tags":[1800],"class_list":["post-61144","page","type-page","status-publish","product_category-asset-integrity-management","product_category-integrity-management","product_category-uwild","search_tags-asset-integrity"],"acf":[],"aioseo_notices":[],"_links":{"self":[{"href":"https:\/\/www.oceaneering.com\/es\/wp-json\/wp\/v2\/pages\/61144","targetHints":{"allow":["GET"]}}],"collection":[{"href":"https:\/\/www.oceaneering.com\/es\/wp-json\/wp\/v2\/pages"}],"about":[{"href":"https:\/\/www.oceaneering.com\/es\/wp-json\/wp\/v2\/types\/page"}],"author":[{"embeddable":true,"href":"https:\/\/www.oceaneering.com\/es\/wp-json\/wp\/v2\/users\/20"}],"replies":[{"embeddable":true,"href":"https:\/\/www.oceaneering.com\/es\/wp-json\/wp\/v2\/comments?post=61144"}],"version-history":[{"count":3,"href":"https:\/\/www.oceaneering.com\/es\/wp-json\/wp\/v2\/pages\/61144\/revisions"}],"predecessor-version":[{"id":79257,"href":"https:\/\/www.oceaneering.com\/es\/wp-json\/wp\/v2\/pages\/61144\/revisions\/79257"}],"up":[{"embeddable":true,"href":"https:\/\/www.oceaneering.com\/es\/wp-json\/wp\/v2\/pages\/61148"}],"wp:attachment":[{"href":"https:\/\/www.oceaneering.com\/es\/wp-json\/wp\/v2\/media?parent=61144"}],"wp:term":[{"taxonomy":"product_category","embeddable":true,"href":"https:\/\/www.oceaneering.com\/es\/wp-json\/wp\/v2\/product_category?post=61144"},{"taxonomy":"search_tags","embeddable":true,"href":"https:\/\/www.oceaneering.com\/es\/wp-json\/wp\/v2\/search_tags?post=61144"}],"curies":[{"name":"wp","href":"https:\/\/api.w.org\/{rel}","templated":true}]}}