{"id":61140,"date":"2023-11-09T08:48:09","date_gmt":"2023-11-09T13:48:09","guid":{"rendered":"https:\/\/oceaneering.com\/asset-integrity\/in-service-inspection\/taxi\/"},"modified":"2024-01-29T10:48:31","modified_gmt":"2024-01-29T15:48:31","slug":"taxi","status":"publish","type":"page","link":"https:\/\/www.oceaneering.com\/es\/asset-integrity-management\/inspection\/taxi\/","title":{"rendered":"Sistema de inspecci\u00f3n por rayos X para evitar desplazamientos (TAXI)"},"content":{"rendered":"\n<h1>\n\t\tTrip Avoidance X-ray Inspection (TAXI)\u2122 System\n\t<\/h1>\n\t<p>Perform safe radiography near nucleonic control instrumentation and avoid plant shutdowns with our field-proven (TAXI)\u2122 system.<\/p>\n<h1>\n\t\tSafely Maximize Plant Uptime\n\t<\/h1>\n\t<p>Radiation typically upsets nucleonic level control instrumentation on pressure vessels, causing &#8216;trips&#8217; that result in costly plant shutdowns and increased process safety risks. The TAXI system provides a safe alternative, enabling Oceaneering&#8217;s inspectors to perform radiography on installations with nucleonic level control instrumentation.<\/p>\n<p>An unacceptable number of loss of pressure containment (LOPC) incidents are due to corrosion failures in piping, typically from corrosion under insulation (CUI). Our TAXI system is field-proven and provides the optimal non-destructive testing (NDT) solution to detect corrosion and loss of integrity.<\/p>\n<p>Our equipment doesn&#8217;t require plant isolation, avoids process control blind spots, maximizes plant uptime and most significantly, eliminates any risk from trips.<\/p>\n\t<p>It is beneficial for aging assets where inspection has been deferred for many years and can be used efficiently and cost-effectively as part of routine or planned inspection campaigns.<\/p>\n\t\t\t<img decoding=\"async\" src=\"https:\/\/oceaneering.com\/wp-content\/uploads\/2023\/11\/website-thumbnail-201966-scaled.jpg\" title=\"Taxi thumbnail\" alt=\"\" \/>\t\t\t\t\t\t\t\n\t\t\t\t\tPlay Video\n\t\t\t\t<img loading=\"lazy\" decoding=\"async\" src=\"https:\/\/oceaneering.com\/wp-content\/uploads\/2023\/11\/taxi-equiment.jpg\" alt=\"taxi-equiment\" itemprop=\"image\" height=\"830\" width=\"1576\" title=\"taxi-equiment\" onerror=\"this.style.display='none'\"  \/>\n<h2>\n\t\tKey benefits of the TAXI\u2122 system\n\t<\/h2>\n\t<ul>\n<li>Early detection of pipe corrosion and wall thickness loss<\/li>\n<li>No risk of unplanned process outages or shutdowns<\/li>\n<li>Mitigates equipment failure risks and LOPC<\/li>\n<li>No impact on process operations control<\/li>\n<li>Higher plant and equipment uptime<\/li>\n<li>Provides accurate assessment of CUI<\/li>\n<\/ul>\n\t\tContact Us\n<h3>\n\t\tOur team of experts is ready to help you get started.\n\t<\/h3>\n\t<p>Oceaneering offers best-in-class products and solutions, backed by unparalleled quality, reliability, and global support. Fill out the inquiry form to start a conversation today.<\/p>\n\t\t\t\t\t\t\t&quot;*&quot; indicates required fields\n                        <form method='post' enctype='multipart\/form-data' target='gform_ajax_frame_4' id='gform_4'  action='\/?page_id=61140&#038;fl_builder#gf_4' data-formid='4'>\n                        <fieldset id=\"field_4_1\"   data-js-reload=\"field_4_1\"><legend class='gfield_label gform-field-label gfield_label_before_complex'>Name*<\/legend>\n                                                    <input type='text' name='input_1.3' id='input_4_1_3' value='' tabindex='201'  aria-required='true'     \/>\n                                                    <label for='input_4_1_3' class='gform-field-label gform-field-label--type-sub '>First<\/label>\n                                                    <input type='text' name='input_1.6' id='input_4_1_6' value='' tabindex='203'  aria-required='true'     \/>\n                                                    <label for='input_4_1_6' class='gform-field-label gform-field-label--type-sub '>Last<\/label>\n                        <\/fieldset><label class='gfield_label gform-field-label' for='input_4_4'>Phone*<\/label><input name='input_4' id='input_4_4' type='text' value='' class='large' tabindex='205'  aria-required=\"true\" aria-invalid=\"false\"   \/><label class='gfield_label gform-field-label' for='input_4_3'>Email*<\/label>\n                            <input name='input_3' id='input_4_3' type='text' value='' class='large' tabindex='206'   aria-required=\"true\" aria-invalid=\"false\"  \/>\n                        <label class='gfield_label gform-field-label' for='input_4_5'>Another<\/label><select name='input_5' id='input_4_5' class='large gfield_select' tabindex='207'    aria-invalid=\"false\"><option value='' selected='selected' class='gf_placeholder'>Select One<\/option><option value='First Choice'>First Choice<\/option><option value='Second Choice'>Second Choice<\/option><option value='Third Choice'>Third Choice<\/option><\/select><label class='gfield_label gform-field-label' for='input_4_6'>Another<\/label><select name='input_6' id='input_4_6' class='large gfield_select' tabindex='208'    aria-invalid=\"false\"><option value='' selected='selected' class='gf_placeholder'>Select One<\/option><option value='First Choice'>First Choice<\/option><option value='Second Choice'>Second Choice<\/option><option value='Third Choice'>Third Choice<\/option><\/select><label class='gfield_label gform-field-label' for='input_4_7'>Another<\/label><input name='input_7' id='input_4_7' type='text' value='' class='large'   tabindex='209'   aria-invalid=\"false\"   \/> <label class='gfield_label gform-field-label' for='input_4_8'>Another<\/label><input name='input_8' id='input_4_8' type='text' value='' class='large'   tabindex='210'   aria-invalid=\"false\"   \/> <p>Lorem ipsum dolor sit amet, consetetur sadipscing elitr, sed diam nonumy eirmod tempor invidunt ut labore et dolore magna aliquyam erat voluptua.<\/p>\n         <input type='submit' id='gform_submit_button_4' class='gform_button button' value='Request a Quote' tabindex='211' onclick='if(window[\"gf_submitting_4\"]){return false;}  window[\"gf_submitting_4\"]=true;  ' onkeypress='if( event.keyCode == 13 ){ if(window[\"gf_submitting_4\"]){return false;} window[\"gf_submitting_4\"]=true;  jQuery(\"#gform_4\").trigger(\"submit\",[true]); }' \/> <input type='hidden' name='gform_ajax' value='form_id=4&amp;title=&amp;description=&amp;tabindex=200' \/>\n            <input type='hidden' class='gform_hidden' name='is_submit_4' value='1' \/>\n            <input type='hidden' class='gform_hidden' name='gform_submit' value='4' \/>\n            <input type='hidden' class='gform_hidden' name='gform_unique_id' value='' \/>\n            <input type='hidden' class='gform_hidden' name='state_4' value='WyJ7XCI1XCI6W1wiZGYzN2E2ZTliYzJkYTVlMjU5ZDBmNDMwMTdlYjVhMGVcIixcImZhNGEwM2ZkMGU0YmYxOGMzYzM3NDhmYWZmMGIzYmJkXCIsXCIxMTAzYTVhMmJlZjQ3NWI5MjRhMmZmYTMyYTNhNzM1N1wiXSxcIjZcIjpbXCJkZjM3YTZlOWJjMmRhNWUyNTlkMGY0MzAxN2ViNWEwZVwiLFwiZmE0YTAzZmQwZTRiZjE4YzNjMzc0OGZhZmYwYjNiYmRcIixcIjExMDNhNWEyYmVmNDc1YjkyNGEyZmZhMzJhM2E3MzU3XCJdfSIsImExMTE4N2U4YmFkMGY5NmE2ZTIxYTQxYTMyMDZjM2E4Il0=' \/>\n            <input type='hidden' class='gform_hidden' name='gform_target_page_number_4' id='gform_target_page_number_4' value='0' \/>\n            <input type='hidden' class='gform_hidden' name='gform_source_page_number_4' id='gform_source_page_number_4' value='1' \/>\n            <input type='hidden' name='gform_field_values' value='' \/>\n                        <p><label>&#916;<textarea name=\"ak_hp_textarea\" cols=\"45\" rows=\"8\" maxlength=\"100\"><\/textarea><\/label><input type=\"hidden\" id=\"ak_js_1\" name=\"ak_js\" value=\"97\"\/><\/p><\/form>\n\t\t                <iframe style='display:none;width:0px;height:0px;' src='about:blank' name='gform_ajax_frame_4' id='gform_ajax_frame_4' title='This iframe contains the logic required to handle Ajax powered Gravity Forms.'><\/iframe>\n\n","protected":false},"excerpt":{"rendered":"<p>Sistema de inspecci\u00f3n por rayos X para evitar disparos (TAXI)\u2122 Realice radiograf\u00edas seguras cerca de la instrumentaci\u00f3n de control nucle\u00f3nico y evite paradas de planta con nuestro sistema (TAXI)\u2122 probado en campo. Maximice de forma segura el tiempo de actividad de la planta La radiaci\u00f3n suele alterar la instrumentaci\u00f3n de control de nivel nucle\u00f3nico en recipientes a presi\u00f3n, provocando \"disparos\" que dan lugar a costosas paradas de planta y mayores riesgos para la seguridad del proceso. El sistema TAXI proporciona un ... <a title=\"Sistema de inspecci\u00f3n por rayos X para evitar desplazamientos (TAXI)\" class=\"read-more\" href=\"https:\/\/www.oceaneering.com\/es\/asset-integrity-management\/inspection\/taxi\/\" aria-label=\"Leer m\u00e1s sobre Sistema de inspecci\u00f3n por rayos X para evitar viajes (TAXI)\">Seguir leyendo<\/a><\/p>","protected":false},"author":20,"featured_media":0,"parent":59820,"menu_order":78,"comment_status":"closed","ping_status":"closed","template":"","meta":{"_acf_changed":false,"footnotes":"","_links_to":"","_links_to_target":""},"product_category":[1205,1206],"search_tags":[1800,1367,1368],"class_list":["post-61140","page","type-page","status-publish","product_category-asset-integrity-management","product_category-in-service-inspection","search_tags-asset-integrity","search_tags-inspection","search_tags-taxi"],"acf":[],"aioseo_notices":[],"_links":{"self":[{"href":"https:\/\/www.oceaneering.com\/es\/wp-json\/wp\/v2\/pages\/61140","targetHints":{"allow":["GET"]}}],"collection":[{"href":"https:\/\/www.oceaneering.com\/es\/wp-json\/wp\/v2\/pages"}],"about":[{"href":"https:\/\/www.oceaneering.com\/es\/wp-json\/wp\/v2\/types\/page"}],"author":[{"embeddable":true,"href":"https:\/\/www.oceaneering.com\/es\/wp-json\/wp\/v2\/users\/20"}],"replies":[{"embeddable":true,"href":"https:\/\/www.oceaneering.com\/es\/wp-json\/wp\/v2\/comments?post=61140"}],"version-history":[{"count":0,"href":"https:\/\/www.oceaneering.com\/es\/wp-json\/wp\/v2\/pages\/61140\/revisions"}],"up":[{"embeddable":true,"href":"https:\/\/www.oceaneering.com\/es\/wp-json\/wp\/v2\/pages\/59820"}],"wp:attachment":[{"href":"https:\/\/www.oceaneering.com\/es\/wp-json\/wp\/v2\/media?parent=61140"}],"wp:term":[{"taxonomy":"product_category","embeddable":true,"href":"https:\/\/www.oceaneering.com\/es\/wp-json\/wp\/v2\/product_category?post=61140"},{"taxonomy":"search_tags","embeddable":true,"href":"https:\/\/www.oceaneering.com\/es\/wp-json\/wp\/v2\/search_tags?post=61140"}],"curies":[{"name":"wp","href":"https:\/\/api.w.org\/{rel}","templated":true}]}}