{"id":61139,"date":"2023-11-09T08:48:09","date_gmt":"2023-11-09T13:48:09","guid":{"rendered":"https:\/\/oceaneering.com\/asset-integrity\/in-service-inspection\/subsea-inspection\/"},"modified":"2025-10-23T10:07:02","modified_gmt":"2025-10-23T15:07:02","slug":"subsea-inspection","status":"publish","type":"page","link":"https:\/\/www.oceaneering.com\/es\/asset-integrity-management\/inspection\/subsea-inspection\/","title":{"rendered":"Inspecci\u00f3n submarina"},"content":{"rendered":"<p><a href=\"\/es\/asset-integrity\/#contact\" target=\"_self\" rel=\"noopener\"> Debatir un proyecto <\/a><\/p>\r\n<h1>Inspecci\u00f3n submarina<\/h1>\r\n<p>Ofrecemos un enfoque integrado para proporcionar soluciones de inspecci\u00f3n submarina rentables y optimizadas.<\/p>\r\n<h2>Mantener la infraestructura submarina segura, operativa y conforme a la ley<\/h2>\r\n<p>Seguimos a la vanguardia de la marinizaci\u00f3n de m\u00e9todos y procesos de ensayos no destructivos.<\/p>\r\n<ul>\r\n<li>Presencia mundial respaldada por t\u00e9cnicos con gran experiencia y formaci\u00f3n cruzada<\/li>\r\n<li>Experiencia y familiaridad con diversos requisitos normativos<\/li>\r\n<li>Las soluciones integrales reducen la gesti\u00f3n de proveedores y el riesgo general del proyecto<\/li>\r\n<li>T\u00e9cnicas de inspecci\u00f3n rentables con ROV y buzos<\/li>\r\n<li>Amplia experiencia con tubos ascendentes flexibles, casquillos y equipos submarinos.<\/li>\r\n<\/ul>\r\n<p>De la zona de salpicaduras a las aguas ultraprofundas<\/p>\r\n<h2>Tecnolog\u00edas de inspecci\u00f3n<\/h2>\r\n<p>Nuestra gama de m\u00e9todos avanzados de ensayos no destructivos proporciona datos sobre los equipos, desde la zona de salpicaduras hasta ubicaciones en aguas ultraprofundas. Equipado con esta informaci\u00f3n, puede tomar decisiones informadas sobre la idoneidad de un activo para el servicio e identificar la intervenci\u00f3n necesaria.<\/p>\r\n<p>Nuestra cartera de tecnolog\u00edas cumple los requisitos de inspecci\u00f3n tanto para el despliegue interno como externo encargado de identificar problemas comunes de integridad.<\/p>\r\n<h2>Soluciones a los problemas habituales de integridad<\/h2>\r\n<p><img decoding=\"async\" title=\"Lupa peque\u00f1a\" src=\"https:\/\/oceaneering.com\/wp-content\/uploads\/2023\/11\/Magnifing-glass-small.png\" alt=\"Magnifing-glass-small\" \/><\/p>\r\n<h3>Corrosi\u00f3n externa e interna<\/h3>\r\n<p><img decoding=\"async\" title=\"Abolladuras-peque\u00f1as\" src=\"https:\/\/oceaneering.com\/wp-content\/uploads\/2023\/11\/Dents-small.png\" alt=\"Dents-small\" \/><\/p>\r\n<h3>Abolladuras<\/h3>\r\n<p><img decoding=\"async\" title=\"Recubrimiento y revestimiento-da\u00f1os-spray-peque\u00f1os\" src=\"https:\/\/oceaneering.com\/wp-content\/uploads\/2023\/11\/Coating-and-liner-damage-spray-small.png\" alt=\"Coating-and-liner-damage-spray-small\" \/><\/p>\r\n<h3>Da\u00f1os en el revestimiento y la camisa<\/h3>\r\n<p><img decoding=\"async\" title=\"Grietas-peque\u00f1as\" src=\"https:\/\/oceaneering.com\/wp-content\/uploads\/2023\/11\/Cracks-small.png\" alt=\"Cracks-small\" \/><\/p>\r\n<h3>Grietas y defectos de soldadura<\/h3>\r\n<p><img decoding=\"async\" title=\"Gota de agua-peque\u00f1a\" src=\"https:\/\/oceaneering.com\/wp-content\/uploads\/2023\/11\/Water-drop-small.png\" alt=\"Water-drop-small\" \/><\/p>\r\n<h3>Anillo inundado en tuber\u00edas flexibles<\/h3>\r\n<p><img decoding=\"async\" title=\"Atasco-cerdo-y-obstrucciones-peque\u00f1as\" src=\"https:\/\/oceaneering.com\/wp-content\/uploads\/2023\/11\/Stuck-pig-and-blockages-small.png\" alt=\"Stuck-pig-and-blockages-small\" \/><\/p>\r\n<h3>Atascos y cerdos atascados<\/h3>\r\n<h2>Tecnolog\u00edas externas<\/h2>\r\n<p><img decoding=\"async\" title=\"Neptuno-v\u00eddeo2\" src=\"https:\/\/oceaneering.com\/wp-content\/uploads\/2023\/12\/Neptune-video2.jpg\" alt=\"\" \/> Reproducir v\u00eddeo<\/p>\r\n<h3>Neptuno<\/h3>\r\n<p>Detecta corrosi\u00f3n externa e interna, abolladuras, da\u00f1os en revestimientos y camisas, grietas y defectos de soldadura, anillos inundados en tuber\u00edas flexibles.<\/p>\r\n<p><img decoding=\"async\" title=\"7\" src=\"https:\/\/oceaneering.com\/wp-content\/uploads\/2023\/11\/7.jpg\" alt=\"7\" \/><\/p>\r\n<h3>Radiograf\u00eda digital<\/h3>\r\n<p>Detecta corrosi\u00f3n externa e interna, obstrucciones y cerdos atascados.<\/p>\r\n<p><img decoding=\"async\" title=\"10\" src=\"https:\/\/oceaneering.com\/wp-content\/uploads\/2023\/11\/10.jpg\" alt=\"10\" \/><\/p>\r\n<h3>Trident<\/h3>\r\n<p>Detecta corrosi\u00f3n externa e interna, abolladuras, da\u00f1os en revestimientos y camisas, grietas y defectos de soldadura, anillos inundados en tuber\u00edas flexibles.<\/p>\r\n<h1>Contacte con nosotros<\/h1>\r\n<h2>Nuestro equipo de expertos est\u00e1 listo para ayudarle a empezar.<\/h2>\r\n<p>Oceaneering ofrece los mejores productos y soluciones de su clase, respaldados por una calidad, fiabilidad y asistencia global inigualables. Rellene el formulario de consulta para iniciar una conversaci\u00f3n hoy mismo.<\/p>","protected":false},"excerpt":{"rendered":"<p>Discutir un proyecto Inspecci\u00f3n submarina Ofrecemos un enfoque integrado para proporcionar soluciones de inspecci\u00f3n submarina rentables y optimizadas. Mantenemos la infraestructura submarina segura, operativa y conforme a la ley Seguimos a la vanguardia de la marinizaci\u00f3n de m\u00e9todos y procesos de ensayos no destructivos. Presencia mundial respaldada por t\u00e9cnicos altamente experimentados y con formaci\u00f3n cruzada Experiencia y familiaridad con diversos requisitos normativos Soluciones integrales que reducen ... <a title=\"Inspecci\u00f3n submarina\" class=\"read-more\" href=\"https:\/\/www.oceaneering.com\/es\/asset-integrity-management\/inspection\/subsea-inspection\/\" aria-label=\"Leer m\u00e1s sobre Inspecci\u00f3n submarina\">Seguir leyendo<\/a><\/p>","protected":false},"author":20,"featured_media":0,"parent":59820,"menu_order":77,"comment_status":"closed","ping_status":"closed","template":"","meta":{"_acf_changed":false,"footnotes":"","_links_to":"","_links_to_target":""},"product_category":[1205,1206],"search_tags":[1800,1367],"class_list":["post-61139","page","type-page","status-publish","product_category-asset-integrity-management","product_category-in-service-inspection","search_tags-asset-integrity","search_tags-inspection"],"acf":[],"aioseo_notices":[],"_links":{"self":[{"href":"https:\/\/www.oceaneering.com\/es\/wp-json\/wp\/v2\/pages\/61139","targetHints":{"allow":["GET"]}}],"collection":[{"href":"https:\/\/www.oceaneering.com\/es\/wp-json\/wp\/v2\/pages"}],"about":[{"href":"https:\/\/www.oceaneering.com\/es\/wp-json\/wp\/v2\/types\/page"}],"author":[{"embeddable":true,"href":"https:\/\/www.oceaneering.com\/es\/wp-json\/wp\/v2\/users\/20"}],"replies":[{"embeddable":true,"href":"https:\/\/www.oceaneering.com\/es\/wp-json\/wp\/v2\/comments?post=61139"}],"version-history":[{"count":2,"href":"https:\/\/www.oceaneering.com\/es\/wp-json\/wp\/v2\/pages\/61139\/revisions"}],"predecessor-version":[{"id":79311,"href":"https:\/\/www.oceaneering.com\/es\/wp-json\/wp\/v2\/pages\/61139\/revisions\/79311"}],"up":[{"embeddable":true,"href":"https:\/\/www.oceaneering.com\/es\/wp-json\/wp\/v2\/pages\/59820"}],"wp:attachment":[{"href":"https:\/\/www.oceaneering.com\/es\/wp-json\/wp\/v2\/media?parent=61139"}],"wp:term":[{"taxonomy":"product_category","embeddable":true,"href":"https:\/\/www.oceaneering.com\/es\/wp-json\/wp\/v2\/product_category?post=61139"},{"taxonomy":"search_tags","embeddable":true,"href":"https:\/\/www.oceaneering.com\/es\/wp-json\/wp\/v2\/search_tags?post=61139"}],"curies":[{"name":"wp","href":"https:\/\/api.w.org\/{rel}","templated":true}]}}