{"id":61138,"date":"2023-11-09T08:48:09","date_gmt":"2023-11-09T13:48:09","guid":{"rendered":"https:\/\/oceaneering.com\/asset-integrity\/in-service-inspection\/ensuring-access\/"},"modified":"2025-10-23T10:12:05","modified_gmt":"2025-10-23T15:12:05","slug":"ensuring-access","status":"publish","type":"page","link":"https:\/\/www.oceaneering.com\/es\/asset-integrity-management\/inspection\/ensuring-access\/","title":{"rendered":"Garantizar el acceso"},"content":{"rendered":"<h1>Garantizar el acceso<\/h1>\r\n<p>Desde el acceso mediante cuerdas hasta los sistemas aut\u00f3nomos, nuestra capacidad de acceso ofrece la flexibilidad y eficacia que necesita para satisfacer sus requisitos de inspecci\u00f3n. Recopilamos datos de forma segura y oportuna para garantizar que pueda tomar decisiones informadas sobre la integridad de sus activos, independientemente de su ubicaci\u00f3n.<\/p>\r\n<h2>Acceso por cuerda<\/h2>\r\n<p>Nuestros equipos de trabajos verticales desplegados por todo el mundo le ofrecen la m\u00e1xima flexibilidad en soluciones de inspecci\u00f3n. Nuestros t\u00e9cnicos de trabajos verticales con formaci\u00f3n cruzada ofrecen una soluci\u00f3n integral para las necesidades de inspecci\u00f3n e intervenci\u00f3n.<\/p>\r\n<p>Los trabajos verticales en cuerda son una soluci\u00f3n fiable y rentable.<\/p>\r\n<ul>\r\n<li>Permite inspeccionar eficazmente zonas de dif\u00edcil acceso<\/li>\r\n<li>Favorece una movilizaci\u00f3n eficaz y minimiza los riesgos<\/li>\r\n<li>Elimina la necesidad de andamios o plataformas, reduciendo los requisitos de gesti\u00f3n de proveedores y equipos en la obra<\/li>\r\n<\/ul>\r\n<p>Somos instructores miembros de la Industrial Rope Access Trade Association (IRATA) y miembros corporativos de la Society of Professional Rope Access Technicians (SPRAT).<\/p>\r\n<p><a href=\"https:\/\/oceaneering.canto.com\/download\/document\/kshii065k534t7l353c1e37r46\/original.pdf\" target=\"_blank\" rel=\"noopener\"> Hoja de datos de trabajos verticales en cuerda <\/a><\/p>\r\n<h2>Sistemas a\u00e9reos no tripulados (UAS)<\/h2>\r\n<p>El uso de un UAS ofrece un m\u00e9todo rentable de recopilar los datos necesarios para tomar decisiones con conocimiento de causa. Nuestra experiencia y nuestro enfoque comercial de los UAS nos permiten ofrecer una soluci\u00f3n segura y a medida.<\/p>\r\n<p>Desde la aprobaci\u00f3n de proveedores hasta la gesti\u00f3n de datos, ofrecemos soluciones UAS rentables y tecnol\u00f3gicamente avanzadas, al tiempo que proporcionamos supervisi\u00f3n y garant\u00eda de aviaci\u00f3n para todas las operaciones UAS.<\/p>\r\n<p><strong>\u00bfPor qu\u00e9 Oceaneering?<\/strong><\/p>\r\n<ul>\r\n<li>Utilizamos tecnolog\u00eda probada y l\u00edder en el sector.<\/li>\r\n<li>Le ayudamos a reducir riesgos eliminando el elemento humano en la realizaci\u00f3n de las operaciones de inspecci\u00f3n.<\/li>\r\n<li>Gestionamos las complejidades de la engorrosa supervisi\u00f3n mundial del aseguramiento de la aviaci\u00f3n.<\/li>\r\n<li>Los UAS complementan nuestra oferta de trabajos verticales con cuerdas con una identificaci\u00f3n y evaluaci\u00f3n eficaces y seguras de las anomal\u00edas.<\/li>\r\n<li>La t\u00e9cnica permite la inspecci\u00f3n en l\u00ednea de activos, incluidos los que tradicionalmente requer\u00edan una parada antes de la intervenci\u00f3n.<\/li>\r\n<li>Ofrecemos soluciones para la gesti\u00f3n completa de datos.<\/li>\r\n<li>Nuestros operadores cualificados ofrecen las tecnolog\u00edas m\u00e1s avanzadas y adecuadas para cada proyecto.<\/li>\r\n<li>Podemos ofrecer ahorros de costes mediante descuentos por volumen basados en nuestras relaciones establecidas con los proveedores.<\/li>\r\n<\/ul>\r\n<p><img decoding=\"async\" title=\"website-thumbnail-201912\" src=\"https:\/\/oceaneering.com\/wp-content\/uploads\/2023\/11\/website-thumbnail-201912-scaled.jpg\" alt=\"\" \/> Reproducir v\u00eddeo<\/p>\r\n<h2>Veh\u00edculos submarinos aut\u00f3nomos (AUV)<\/h2>\r\n<p>Ahorro de tiempo y costes asociados a la inspecci\u00f3n y la topograf\u00eda<\/p>\r\n<p>Con casi dos d\u00e9cadas de experiencia, nuestros AUVs han explorado m\u00e1s de 401.000 km de datos para m\u00e1s de 75 clientes en 14 pa\u00edses.<\/p>\r\n<p>Nuestros AUV se despliegan bajo el mar para recopilar datos de inspecci\u00f3n y estudio. No solo le ayudan a cumplir los requisitos normativos, sino que le permiten tomar decisiones de ingenier\u00eda fundamentadas sobre sus activos.<\/p>\r\n<p>Los AUV proporcionan datos de alta calidad en tiempo real que pueden revisarse inmediatamente para garantizar que se ha captado la informaci\u00f3n necesaria.<\/p>\r\n<ul>\r\n<li>El dise\u00f1o del AUV anclado mejora el control en comparaci\u00f3n con los m\u00e9todos tradicionales de arrastre en profundidad.<\/li>\r\n<li>Los sensores montados en AUV cerca del fondo marino ofrecen una mayor resoluci\u00f3n y mejores datos, lo que reduce las necesidades de reinspecci\u00f3n y agiliza la toma de decisiones.<\/li>\r\n<li>Revisi\u00f3n de datos en el software propio IntegReview\u2122: una soluci\u00f3n a medida que muestra la informaci\u00f3n en una interfaz gr\u00e1fica de usuario configurada por el usuario.<\/li>\r\n<li>El m\u00e9todo de inspecci\u00f3n reduce los costes de los buques<\/li>\r\n<li>Flexibilidad superior de la misi\u00f3n, que permite la reinspecci\u00f3n de l\u00edneas, la marcha atr\u00e1s, las revisiones y las modificaciones de rutas en un entorno en directo.<\/li>\r\n<\/ul>\r\n<h2>ROVs en miniatura<\/h2>\r\n<p>La necesidad de desplegar personal en zonas dif\u00edciles y peligrosas (en buques, cascos o tanques de almacenamiento) ya no tiene por qu\u00e9 dictar sus programas de inspecci\u00f3n.<\/p>\r\n<p>Los ROV en miniatura reducen eficazmente los riesgos y los costes mediante el uso de tecnolog\u00eda probada para recopilar datos sobre el estado de los equipos. Hemos utilizado con \u00e9xito ROVs de peque\u00f1o tama\u00f1o para completar inspecciones visuales y ultras\u00f3nicas e identificamos su uso como el enfoque preferido para los requisitos de integridad de sistemas flotantes y plantas de proceso.<\/p>\r\n<p>Contacte con nosotros<\/p>\r\n<h3>Nuestro equipo de expertos est\u00e1 listo para ayudarle a empezar.<\/h3>\r\n<p>Oceaneering ofrece los mejores productos y soluciones de su clase, respaldados por una calidad, fiabilidad y asistencia global inigualables. Rellene el formulario de consulta para iniciar una conversaci\u00f3n hoy mismo.<\/p>\r\n<p>\"*\" indica campos obligatorios<\/p>\r\n<form id=\"gform_4\" action=\"\/es\/?page_id=61138&#038;fl_builder#gf_4\" enctype=\"multipart\/form-data\" method=\"post\" target=\"gform_ajax_frame_4\" data-formid=\"4\" data-trp-original-action=\"\/?page_id=61138&amp;fl_builder#gf_4\"><fieldset id=\"field_4_1\" data-js-reload=\"field_4_1\"><legend class=\"gfield_label gform-field-label gfield_label_before_complex\">Nombre<\/legend> <input id=\"input_4_1_3\" tabindex=\"201\" name=\"input_1.3\" type=\"text\" value=\"\" aria-required=\"true\" \/> <label class=\"gform-field-label gform-field-label--type-sub\" for=\"input_4_1_3\">En primer lugar<\/label> <input id=\"input_4_1_6\" tabindex=\"203\" name=\"input_1.6\" type=\"text\" value=\"\" aria-required=\"true\" \/> <label class=\"gform-field-label gform-field-label--type-sub\" for=\"input_4_1_6\">\u00daltima<\/label><\/fieldset><label class=\"gfield_label gform-field-label\" for=\"input_4_4\">Tel\u00e9fono<\/label><input id=\"input_4_4\" class=\"large\" tabindex=\"205\" name=\"input_4\" type=\"text\" value=\"\" aria-required=\"true\" aria-invalid=\"false\" \/><label class=\"gfield_label gform-field-label\" for=\"input_4_3\">Correo electr\u00f3nico<\/label> <input id=\"input_4_3\" class=\"large\" tabindex=\"206\" name=\"input_3\" type=\"text\" value=\"\" aria-required=\"true\" aria-invalid=\"false\" \/> <label class=\"gfield_label gform-field-label\" for=\"input_4_5\">Otro<\/label><select id=\"input_4_5\" class=\"large gfield_select\" tabindex=\"207\" name=\"input_5\" aria-invalid=\"false\">\r\n<option class=\"gf_placeholder\" selected=\"selected\" value=\"\">Seleccione uno<\/option>\r\n<option value=\"First Choice\">Primera elecci\u00f3n<\/option>\r\n<option value=\"Second Choice\">Segunda opci\u00f3n<\/option>\r\n<option value=\"Third Choice\">Tercera opci\u00f3n<\/option>\r\n<\/select><label class=\"gfield_label gform-field-label\" for=\"input_4_6\">Otro<\/label><select id=\"input_4_6\" class=\"large gfield_select\" tabindex=\"208\" name=\"input_6\" aria-invalid=\"false\">\r\n<option class=\"gf_placeholder\" selected=\"selected\" value=\"\">Seleccione uno<\/option>\r\n<option value=\"First Choice\">Primera elecci\u00f3n<\/option>\r\n<option value=\"Second Choice\">Segunda opci\u00f3n<\/option>\r\n<option value=\"Third Choice\">Tercera opci\u00f3n<\/option>\r\n<\/select><label class=\"gfield_label gform-field-label\" for=\"input_4_7\">Otro<\/label><input id=\"input_4_7\" class=\"large\" tabindex=\"209\" name=\"input_7\" type=\"text\" value=\"\" aria-invalid=\"false\" \/> <label class=\"gfield_label gform-field-label\" for=\"input_4_8\">Otro<\/label><input id=\"input_4_8\" class=\"large\" tabindex=\"210\" name=\"input_8\" type=\"text\" value=\"\" aria-invalid=\"false\" \/>\r\n<p>Lorem ipsum dolor sit amet, consetetur sadipscing elitr, sed diam nonumy eirmod tempor invidunt ut labore et dolore magna aliquyam erat voluptua.<\/p>\r\n<input id=\"gform_submit_button_4\" class=\"gform_button button\" tabindex=\"211\" type=\"submit\" value=\"Solicitar presupuesto\" \/> <input name=\"gform_ajax\" type=\"hidden\" value=\"form_id=4&amp;title=&amp;description=&amp;tabindex=200\" \/> <input class=\"gform_hidden\" name=\"is_submit_4\" type=\"hidden\" value=\"1\" \/> <input class=\"gform_hidden\" name=\"gform_submit\" type=\"hidden\" value=\"4\" \/> <input class=\"gform_hidden\" name=\"gform_unique_id\" type=\"hidden\" value=\"\" \/> <input class=\"gform_hidden\" name=\"state_4\" type=\"hidden\" value=\"WyJ7XCI1XCI6W1wiZGYzN2E2ZTliYzJkYTVlMjU5ZDBmNDMwMTdlYjVhMGVcIixcImZhNGEwM2ZkMGU0YmYxOGMzYzM3NDhmYWZmMGIzYmJkXCIsXCIxMTAzYTVhMmJlZjQ3NWI5MjRhMmZmYTMyYTNhNzM1N1wiXSxcIjZcIjpbXCJkZjM3YTZlOWJjMmRhNWUyNTlkMGY0MzAxN2ViNWEwZVwiLFwiZmE0YTAzZmQwZTRiZjE4YzNjMzc0OGZhZmYwYjNiYmRcIixcIjExMDNhNWEyYmVmNDc1YjkyNGEyZmZhMzJhM2E3MzU3XCJdfSIsImExMTE4N2U4YmFkMGY5NmE2ZTIxYTQxYTMyMDZjM2E4Il0=\" \/> <input id=\"gform_target_page_number_4\" class=\"gform_hidden\" name=\"gform_target_page_number_4\" type=\"hidden\" value=\"0\" \/> <input id=\"gform_source_page_number_4\" class=\"gform_hidden\" name=\"gform_source_page_number_4\" type=\"hidden\" value=\"1\" \/> <input name=\"gform_field_values\" type=\"hidden\" value=\"\" \/>\r\n<p><label>\u0394<textarea cols=\"45\" maxlength=\"100\" name=\"ak_hp_textarea\" rows=\"8\"><\/textarea><\/label><input id=\"ak_js_1\" name=\"ak_js\" type=\"hidden\" value=\"234\" \/><\/p>\r\n<input type=\"hidden\" name=\"trp-form-language\" value=\"es\"\/><\/form>\r\n<p><iframe id=\"gform_ajax_frame_4\" style=\"display: none; width: 0px; height: 0px;\" title=\"Este iframe contiene la l\u00f3gica necesaria para manejar formularios Gravity con Ajax.\" src=\"about:blank\" name=\"gform_ajax_frame_4\"><\/iframe><\/p>","protected":false},"excerpt":{"rendered":"<p>Garantizar el acceso Desde el acceso mediante cuerdas hasta los sistemas aut\u00f3nomos, nuestra capacidad de proporcionar acceso ofrece la flexibilidad y eficacia que necesita para satisfacer sus requisitos de inspecci\u00f3n. Recopilamos datos de forma segura y oportuna para garantizar que pueda tomar decisiones informadas sobre la integridad de sus activos, independientemente de su ubicaci\u00f3n. Trabajos verticales con cuerdas Nuestros ... <a title=\"Garantizar el acceso\" class=\"read-more\" href=\"https:\/\/www.oceaneering.com\/es\/asset-integrity-management\/inspection\/ensuring-access\/\" aria-label=\"Leer m\u00e1s sobre Garantizar el acceso\">Seguir leyendo<\/a><\/p>","protected":false},"author":20,"featured_media":0,"parent":59820,"menu_order":76,"comment_status":"closed","ping_status":"closed","template":"","meta":{"_acf_changed":false,"footnotes":"","_links_to":"","_links_to_target":""},"product_category":[1205,1206],"search_tags":[1800,1367],"class_list":["post-61138","page","type-page","status-publish","product_category-asset-integrity-management","product_category-in-service-inspection","search_tags-asset-integrity","search_tags-inspection"],"acf":[],"aioseo_notices":[],"_links":{"self":[{"href":"https:\/\/www.oceaneering.com\/es\/wp-json\/wp\/v2\/pages\/61138","targetHints":{"allow":["GET"]}}],"collection":[{"href":"https:\/\/www.oceaneering.com\/es\/wp-json\/wp\/v2\/pages"}],"about":[{"href":"https:\/\/www.oceaneering.com\/es\/wp-json\/wp\/v2\/types\/page"}],"author":[{"embeddable":true,"href":"https:\/\/www.oceaneering.com\/es\/wp-json\/wp\/v2\/users\/20"}],"replies":[{"embeddable":true,"href":"https:\/\/www.oceaneering.com\/es\/wp-json\/wp\/v2\/comments?post=61138"}],"version-history":[{"count":1,"href":"https:\/\/www.oceaneering.com\/es\/wp-json\/wp\/v2\/pages\/61138\/revisions"}],"predecessor-version":[{"id":79312,"href":"https:\/\/www.oceaneering.com\/es\/wp-json\/wp\/v2\/pages\/61138\/revisions\/79312"}],"up":[{"embeddable":true,"href":"https:\/\/www.oceaneering.com\/es\/wp-json\/wp\/v2\/pages\/59820"}],"wp:attachment":[{"href":"https:\/\/www.oceaneering.com\/es\/wp-json\/wp\/v2\/media?parent=61138"}],"wp:term":[{"taxonomy":"product_category","embeddable":true,"href":"https:\/\/www.oceaneering.com\/es\/wp-json\/wp\/v2\/product_category?post=61138"},{"taxonomy":"search_tags","embeddable":true,"href":"https:\/\/www.oceaneering.com\/es\/wp-json\/wp\/v2\/search_tags?post=61138"}],"curies":[{"name":"wp","href":"https:\/\/api.w.org\/{rel}","templated":true}]}}