{"id":61137,"date":"2023-11-09T08:48:08","date_gmt":"2023-11-09T13:48:08","guid":{"rendered":"https:\/\/oceaneering.com\/asset-integrity\/in-service-inspection\/crane-lifting\/"},"modified":"2025-10-24T02:25:33","modified_gmt":"2025-10-24T07:25:33","slug":"crane-lifting","status":"publish","type":"page","link":"https:\/\/www.oceaneering.com\/es\/asset-integrity-management\/inspection\/crane-lifting\/","title":{"rendered":"Gr\u00faa y elevaci\u00f3n"},"content":{"rendered":"<h1>Pruebas y cualificaci\u00f3n de gr\u00faas y equipos de elevaci\u00f3n<\/h1>\r\n<p>Ofrecemos amplios servicios de inspecci\u00f3n, verificaci\u00f3n por terceros y certificaci\u00f3n de gr\u00faas y equipos de elevaci\u00f3n, tanto en tierra como en alta mar.<\/p>\r\n<p><a href=\"https:\/\/cl.oceaneering.no\/\" target=\"_blank\" rel=\"noopener\"> M\u00e1s informaci\u00f3n en el micrositio web de Norwegian Crane and Lifting <\/a><\/p>\r\n<h1>Inspecci\u00f3n, verificaci\u00f3n por terceros y certificaci\u00f3n<\/h1>\r\n<p>Realizamos estudios de estado iniciales, evaluaci\u00f3n de equipos, calificaci\u00f3n de estado e inspecciones peri\u00f3dicas para garantizar la disponibilidad de una amplia gama de equipos.<\/p>\r\n<ul>\r\n<li>Gr\u00faas<\/li>\r\n<li>Equipos de elevaci\u00f3n<\/li>\r\n<li>Sistemas de lanzamiento y recuperaci\u00f3n<\/li>\r\n<li>Contenedores mar\u00edtimos<\/li>\r\n<li>Cestas elevadoras<\/li>\r\n<li>Yugos<\/li>\r\n<li>Grilletes<\/li>\r\n<li>Ganchos<\/li>\r\n<li>Protecci\u00f3n contra ca\u00eddas<\/li>\r\n<li>Hardware para energ\u00edas renovables<\/li>\r\n<\/ul>\r\n<p>Cumplimos plenamente todas las directrices normativas sobre los equipos utilizados en las operaciones de perforaci\u00f3n y pozos.<\/p>\r\n<p>Nuestro banco de ensayos de tracci\u00f3n hidr\u00e1ulica de \u00faltima generaci\u00f3n est\u00e1 dise\u00f1ado para alojar equipos de gran tama\u00f1o de hasta 750 toneladas.El banco integra sistemas avanzados de supervisi\u00f3n que proporcionan vigilancia y seguridad durante los ensayos.<\/p>\r\n<p>El banco de ensayos de tracci\u00f3n se suele utilizar para ensayar componentes.<\/p>\r\n<ul>\r\n<li>Equipos de elevaci\u00f3n de pozos y perforaciones, incluidos los casquillos de elevaci\u00f3n y las herramientas de funcionamiento.<\/li>\r\n<li>Cables de gr\u00faa, cadenas, grilletes, ganchos, cabrestantes y polipastos<\/li>\r\n<li>Eslingas de elevaci\u00f3n<\/li>\r\n<\/ul>\r\n<h1>Servicios de gr\u00faas y equipos de elevaci\u00f3n<\/h1>\r\n<p>Proporcionamos apoyo de ingenier\u00eda para permitir el dise\u00f1o y la fabricaci\u00f3n de equipos de elevaci\u00f3n rentables y fiables.<\/p>\r\n<ul>\r\n<li>Dise\u00f1o llave en mano de equipos de elevaci\u00f3n<\/li>\r\n<li>An\u00e1lisis de riesgos y evaluaciones de conformidad<\/li>\r\n<li>An\u00e1lisis estructural<\/li>\r\n<li>Elaboraci\u00f3n de manuales de uso y mantenimiento<\/li>\r\n<li>Control de la documentaci\u00f3n<\/li>\r\n<li>Aplicaci\u00f3n de revestimiento y marcado<\/li>\r\n<li>Preparaci\u00f3n de planes de manipulaci\u00f3n de la carga y operaciones de plataforma<\/li>\r\n<li>Ganchos<\/li>\r\n<li>Planificaci\u00f3n de las operaciones de elevaci\u00f3n<\/li>\r\n<\/ul>\r\n<p>Tambi\u00e9n ofrecemos la verificaci\u00f3n por terceros del dise\u00f1o, los c\u00e1lculos y los procedimientos.<\/p>\r\n<h1>Servicios y mantenimiento de equipos de elevaci\u00f3n<\/h1>\r\n<p>Proporcionamos servicios y mantenimiento, incluida la evaluaci\u00f3n del estado, limpieza, pruebas de funcionamiento y reparaci\u00f3n de equipos de protecci\u00f3n contra ca\u00eddas y equipos de elevaci\u00f3n.<\/p>\r\n<p>Podemos utilizar estrategias de inspecci\u00f3n basadas en riesgos y an\u00e1lisis de modos de fallo, efectos y criticidad para optimizar sus programas de mantenimiento de equipos de elevaci\u00f3n.<\/p>\r\n<p>Contacte con nosotros<\/p>\r\n<h3>Nuestro equipo de expertos est\u00e1 listo para ayudarle a empezar.<\/h3>\r\n<p>Oceaneering ofrece los mejores productos y soluciones de su clase, respaldados por una calidad, fiabilidad y asistencia global inigualables. Rellene el formulario de consulta para iniciar una conversaci\u00f3n hoy mismo.<\/p>\r\n<p>\"*\" indica campos obligatorios<\/p>\r\n<form id=\"gform_4\" action=\"\/es\/?page_id=61137&#038;fl_builder#gf_4\" enctype=\"multipart\/form-data\" method=\"post\" target=\"gform_ajax_frame_4\" data-formid=\"4\" data-trp-original-action=\"\/?page_id=61137&amp;fl_builder#gf_4\"><fieldset id=\"field_4_1\" data-js-reload=\"field_4_1\"><legend class=\"gfield_label gform-field-label gfield_label_before_complex\">Nombre<\/legend> <input id=\"input_4_1_3\" tabindex=\"201\" name=\"input_1.3\" type=\"text\" value=\"\" aria-required=\"true\" \/> <label class=\"gform-field-label gform-field-label--type-sub\" for=\"input_4_1_3\">En primer lugar<\/label> <input id=\"input_4_1_6\" tabindex=\"203\" name=\"input_1.6\" type=\"text\" value=\"\" aria-required=\"true\" \/> <label class=\"gform-field-label gform-field-label--type-sub\" for=\"input_4_1_6\">\u00daltima<\/label><\/fieldset><label class=\"gfield_label gform-field-label\" for=\"input_4_4\">Tel\u00e9fono<\/label><input id=\"input_4_4\" class=\"large\" tabindex=\"205\" name=\"input_4\" type=\"text\" value=\"\" aria-required=\"true\" aria-invalid=\"false\" \/><label class=\"gfield_label gform-field-label\" for=\"input_4_3\">Correo electr\u00f3nico<\/label> <input id=\"input_4_3\" class=\"large\" tabindex=\"206\" name=\"input_3\" type=\"text\" value=\"\" aria-required=\"true\" aria-invalid=\"false\" \/> <label class=\"gfield_label gform-field-label\" for=\"input_4_5\">Otro<\/label><select id=\"input_4_5\" class=\"large gfield_select\" tabindex=\"207\" name=\"input_5\" aria-invalid=\"false\">\r\n<option class=\"gf_placeholder\" selected=\"selected\" value=\"\">Seleccione uno<\/option>\r\n<option value=\"First Choice\">Primera elecci\u00f3n<\/option>\r\n<option value=\"Second Choice\">Segunda opci\u00f3n<\/option>\r\n<option value=\"Third Choice\">Tercera opci\u00f3n<\/option>\r\n<\/select><label class=\"gfield_label gform-field-label\" for=\"input_4_6\">Otro<\/label><select id=\"input_4_6\" class=\"large gfield_select\" tabindex=\"208\" name=\"input_6\" aria-invalid=\"false\">\r\n<option class=\"gf_placeholder\" selected=\"selected\" value=\"\">Seleccione uno<\/option>\r\n<option value=\"First Choice\">Primera elecci\u00f3n<\/option>\r\n<option value=\"Second Choice\">Segunda opci\u00f3n<\/option>\r\n<option value=\"Third Choice\">Tercera opci\u00f3n<\/option>\r\n<\/select><label class=\"gfield_label gform-field-label\" for=\"input_4_7\">Otro<\/label><input id=\"input_4_7\" class=\"large\" tabindex=\"209\" name=\"input_7\" type=\"text\" value=\"\" aria-invalid=\"false\" \/> <label class=\"gfield_label gform-field-label\" for=\"input_4_8\">Otro<\/label><input id=\"input_4_8\" class=\"large\" tabindex=\"210\" name=\"input_8\" type=\"text\" value=\"\" aria-invalid=\"false\" \/>\r\n<p>Lorem ipsum dolor sit amet, consetetur sadipscing elitr, sed diam nonumy eirmod tempor invidunt ut labore et dolore magna aliquyam erat voluptua.<\/p>\r\n<input id=\"gform_submit_button_4\" class=\"gform_button button\" tabindex=\"211\" type=\"submit\" value=\"Solicitar presupuesto\" \/> <input name=\"gform_ajax\" type=\"hidden\" value=\"form_id=4&amp;title=&amp;description=&amp;tabindex=200\" \/> <input class=\"gform_hidden\" name=\"is_submit_4\" type=\"hidden\" value=\"1\" \/> <input class=\"gform_hidden\" name=\"gform_submit\" type=\"hidden\" value=\"4\" \/> <input class=\"gform_hidden\" name=\"gform_unique_id\" type=\"hidden\" value=\"\" \/> <input class=\"gform_hidden\" name=\"state_4\" type=\"hidden\" value=\"WyJ7XCI1XCI6W1wiZGYzN2E2ZTliYzJkYTVlMjU5ZDBmNDMwMTdlYjVhMGVcIixcImZhNGEwM2ZkMGU0YmYxOGMzYzM3NDhmYWZmMGIzYmJkXCIsXCIxMTAzYTVhMmJlZjQ3NWI5MjRhMmZmYTMyYTNhNzM1N1wiXSxcIjZcIjpbXCJkZjM3YTZlOWJjMmRhNWUyNTlkMGY0MzAxN2ViNWEwZVwiLFwiZmE0YTAzZmQwZTRiZjE4YzNjMzc0OGZhZmYwYjNiYmRcIixcIjExMDNhNWEyYmVmNDc1YjkyNGEyZmZhMzJhM2E3MzU3XCJdfSIsImExMTE4N2U4YmFkMGY5NmE2ZTIxYTQxYTMyMDZjM2E4Il0=\" \/> <input id=\"gform_target_page_number_4\" class=\"gform_hidden\" name=\"gform_target_page_number_4\" type=\"hidden\" value=\"0\" \/> <input id=\"gform_source_page_number_4\" class=\"gform_hidden\" name=\"gform_source_page_number_4\" type=\"hidden\" value=\"1\" \/> <input name=\"gform_field_values\" type=\"hidden\" value=\"\" \/>\r\n<p><label>\u0394<textarea cols=\"45\" maxlength=\"100\" name=\"ak_hp_textarea\" rows=\"8\"><\/textarea><\/label><input id=\"ak_js_1\" name=\"ak_js\" type=\"hidden\" value=\"17\" \/><\/p>\r\n<input type=\"hidden\" name=\"trp-form-language\" value=\"es\"\/><\/form>\r\n<p><iframe id=\"gform_ajax_frame_4\" style=\"display: none; width: 0px; height: 0px;\" title=\"Este iframe contiene la l\u00f3gica necesaria para manejar formularios Gravity con Ajax.\" src=\"about:blank\" name=\"gform_ajax_frame_4\"><\/iframe><\/p>","protected":false},"excerpt":{"rendered":"<p>Pruebas y cualificaci\u00f3n de gr\u00faas y equipos de elevaci\u00f3n Ofrecemos amplios servicios de inspecci\u00f3n, verificaci\u00f3n por terceros y certificaci\u00f3n de gr\u00faas y equipos de elevaci\u00f3n, tanto en tierra como en alta mar. Obtenga m\u00e1s informaci\u00f3n en nuestro micrositio de gr\u00faas y equipos de elevaci\u00f3n noruegos Inspecci\u00f3n, verificaci\u00f3n por terceros y certificaci\u00f3n Realizamos estudios de estado iniciales, evaluaci\u00f3n de equipos, calificaci\u00f3n de estado e inspecciones peri\u00f3dicas para... <a title=\"Gr\u00faa y elevaci\u00f3n\" class=\"read-more\" href=\"https:\/\/www.oceaneering.com\/es\/asset-integrity-management\/inspection\/crane-lifting\/\" aria-label=\"Leer m\u00e1s sobre Gr\u00faa y elevaci\u00f3n\">Seguir leyendo<\/a><\/p>","protected":false},"author":20,"featured_media":0,"parent":59820,"menu_order":75,"comment_status":"closed","ping_status":"closed","template":"","meta":{"_acf_changed":false,"footnotes":"","_links_to":"","_links_to_target":""},"product_category":[1205,1206],"search_tags":[1800,1367],"class_list":["post-61137","page","type-page","status-publish","product_category-asset-integrity-management","product_category-in-service-inspection","search_tags-asset-integrity","search_tags-inspection"],"acf":[],"aioseo_notices":[],"_links":{"self":[{"href":"https:\/\/www.oceaneering.com\/es\/wp-json\/wp\/v2\/pages\/61137","targetHints":{"allow":["GET"]}}],"collection":[{"href":"https:\/\/www.oceaneering.com\/es\/wp-json\/wp\/v2\/pages"}],"about":[{"href":"https:\/\/www.oceaneering.com\/es\/wp-json\/wp\/v2\/types\/page"}],"author":[{"embeddable":true,"href":"https:\/\/www.oceaneering.com\/es\/wp-json\/wp\/v2\/users\/20"}],"replies":[{"embeddable":true,"href":"https:\/\/www.oceaneering.com\/es\/wp-json\/wp\/v2\/comments?post=61137"}],"version-history":[{"count":1,"href":"https:\/\/www.oceaneering.com\/es\/wp-json\/wp\/v2\/pages\/61137\/revisions"}],"predecessor-version":[{"id":79323,"href":"https:\/\/www.oceaneering.com\/es\/wp-json\/wp\/v2\/pages\/61137\/revisions\/79323"}],"up":[{"embeddable":true,"href":"https:\/\/www.oceaneering.com\/es\/wp-json\/wp\/v2\/pages\/59820"}],"wp:attachment":[{"href":"https:\/\/www.oceaneering.com\/es\/wp-json\/wp\/v2\/media?parent=61137"}],"wp:term":[{"taxonomy":"product_category","embeddable":true,"href":"https:\/\/www.oceaneering.com\/es\/wp-json\/wp\/v2\/product_category?post=61137"},{"taxonomy":"search_tags","embeddable":true,"href":"https:\/\/www.oceaneering.com\/es\/wp-json\/wp\/v2\/search_tags?post=61137"}],"curies":[{"name":"wp","href":"https:\/\/api.w.org\/{rel}","templated":true}]}}