{"id":61136,"date":"2023-11-09T08:46:58","date_gmt":"2023-11-09T13:46:58","guid":{"rendered":"https:\/\/oceaneering.com\/asset-integrity\/in-service-inspection\/conventional-ndt\/"},"modified":"2026-01-22T01:49:01","modified_gmt":"2026-01-22T07:49:01","slug":"conventional-ndt","status":"publish","type":"page","link":"https:\/\/www.oceaneering.com\/es\/asset-integrity-management\/inspection\/conventional-ndt\/","title":{"rendered":"END convencionales"},"content":{"rendered":"<p><a href=\"\/es\/asset-integrity\/#contact\" target=\"_self\" rel=\"noopener\"> Debatir un proyecto <\/a><\/p>\r\n<h1>Ensayos no destructivos convencionales<\/h1>\r\n<p>Sus activos est\u00e1n en manos expertas cuando conf\u00eda en nosotros para prestar servicios de inspecci\u00f3n.<\/p>\r\n<h2>Elimine las conjeturas<\/h2>\r\n<p>Desde la identificaci\u00f3n de defectos de soldadura hasta la evaluaci\u00f3n de variaciones en las propiedades estructurales, tenemos una soluci\u00f3n.<\/p>\r\n<p>Los ensayos no destructivos (END) convencionales han servido durante mucho tiempo como punto de partida para establecer o evaluar el estado de los equipos. Nuestro alcance mundial, que incluye t\u00e9cnicos y soluciones probadas sobre el terreno, satisface sus necesidades de END. Ofrecemos soluciones para equipos de nueva construcci\u00f3n, infraestructuras existentes y actividades de desmantelamiento identificando los m\u00e9todos adecuados para cada aplicaci\u00f3n.<\/p>\r\n<p><a href=\"https:\/\/oceaneering.canto.com\/download\/document\/h211ujn0hl09v5au7q8dpc5366\/original.pdf\" target=\"_blank\" rel=\"noopener\"> END convencionales <\/a><\/p>\r\n<h3>Nuestras soluciones desplegables en todo el mundo satisfacen sus necesidades cr\u00edticas y urgentes de ensayos no destructivos.<\/h3>\r\n<h2>Programas integrales de Condition Monitoring<\/h2>\r\n<p>Soluciones estrat\u00e9gicas basadas en intervalos<\/p>\r\n<p>Le permitimos mantener una visi\u00f3n continua y de valor a\u00f1adido de sus activos mediante el despliegue de tecnolog\u00edas avanzadas de supervisi\u00f3n del estado. Utilizamos la recopilaci\u00f3n de datos de forma continua y a intervalos definidos para garantizar que cumple los requisitos normativos con el enfoque m\u00e1s eficiente y seguro.<\/p>\r\n<ul>\r\n<li>Reducir el riesgo para la seguridad<\/li>\r\n<li>Reducir el personal a bordo (POB)<\/li>\r\n<li>Mejorar la utilizaci\u00f3n de los recursos de inspecci\u00f3n<\/li>\r\n<li>Realizar un seguimiento continuo de las zonas de preocupaci\u00f3n conocida y de los lugares en los que se producen anomal\u00edas.<\/li>\r\n<li>Supervisar e inspeccionar lugares de dif\u00edcil acceso<\/li>\r\n<li>Reducir el coste de las inspecciones repetidas<\/li>\r\n<\/ul>\r\n<h1>Contacte con nosotros<\/h1>\r\n<h2>Nuestro equipo de expertos est\u00e1 listo para ayudarle a empezar.<\/h2>\r\n<p>Oceaneering ofrece los mejores productos y soluciones de su clase, respaldados por una calidad, fiabilidad y asistencia global inigualables. Rellene el formulario de consulta para iniciar una conversaci\u00f3n hoy mismo.<\/p>","protected":false},"excerpt":{"rendered":"<p>Discutir un proyecto Ensayos no destructivos convencionales Sus activos est\u00e1n en manos expertas cuando conf\u00eda en nosotros para prestar servicios de inspecci\u00f3n. Elimine las conjeturas Desde la identificaci\u00f3n de defectos de soldadura hasta la evaluaci\u00f3n de variaciones en las propiedades estructurales, tenemos una soluci\u00f3n. Los ensayos no destructivos (END) convencionales han servido durante mucho tiempo como punto de partida para establecer o evaluar el estado de ... <a title=\"END convencionales\" class=\"read-more\" href=\"https:\/\/www.oceaneering.com\/es\/asset-integrity-management\/inspection\/conventional-ndt\/\" aria-label=\"Leer m\u00e1s sobre END convencionales\">Seguir leyendo<\/a><\/p>","protected":false},"author":20,"featured_media":0,"parent":59820,"menu_order":74,"comment_status":"closed","ping_status":"closed","template":"","meta":{"_acf_changed":false,"footnotes":"","_links_to":"","_links_to_target":""},"product_category":[1205,1206],"search_tags":[1800,1367],"class_list":["post-61136","page","type-page","status-publish","product_category-asset-integrity-management","product_category-in-service-inspection","search_tags-asset-integrity","search_tags-inspection"],"acf":[],"aioseo_notices":[],"_links":{"self":[{"href":"https:\/\/www.oceaneering.com\/es\/wp-json\/wp\/v2\/pages\/61136","targetHints":{"allow":["GET"]}}],"collection":[{"href":"https:\/\/www.oceaneering.com\/es\/wp-json\/wp\/v2\/pages"}],"about":[{"href":"https:\/\/www.oceaneering.com\/es\/wp-json\/wp\/v2\/types\/page"}],"author":[{"embeddable":true,"href":"https:\/\/www.oceaneering.com\/es\/wp-json\/wp\/v2\/users\/20"}],"replies":[{"embeddable":true,"href":"https:\/\/www.oceaneering.com\/es\/wp-json\/wp\/v2\/comments?post=61136"}],"version-history":[{"count":1,"href":"https:\/\/www.oceaneering.com\/es\/wp-json\/wp\/v2\/pages\/61136\/revisions"}],"predecessor-version":[{"id":79316,"href":"https:\/\/www.oceaneering.com\/es\/wp-json\/wp\/v2\/pages\/61136\/revisions\/79316"}],"up":[{"embeddable":true,"href":"https:\/\/www.oceaneering.com\/es\/wp-json\/wp\/v2\/pages\/59820"}],"wp:attachment":[{"href":"https:\/\/www.oceaneering.com\/es\/wp-json\/wp\/v2\/media?parent=61136"}],"wp:term":[{"taxonomy":"product_category","embeddable":true,"href":"https:\/\/www.oceaneering.com\/es\/wp-json\/wp\/v2\/product_category?post=61136"},{"taxonomy":"search_tags","embeddable":true,"href":"https:\/\/www.oceaneering.com\/es\/wp-json\/wp\/v2\/search_tags?post=61136"}],"curies":[{"name":"wp","href":"https:\/\/api.w.org\/{rel}","templated":true}]}}