{"id":61135,"date":"2023-11-09T08:46:57","date_gmt":"2023-11-09T13:46:57","guid":{"rendered":"https:\/\/oceaneering.com\/asset-integrity\/in-service-inspection\/advanced-ndt\/"},"modified":"2025-10-24T02:29:42","modified_gmt":"2025-10-24T07:29:42","slug":"advanced-ndt","status":"publish","type":"page","link":"https:\/\/www.oceaneering.com\/es\/asset-integrity-management\/inspection\/advanced-ndt\/","title":{"rendered":"END avanzados"},"content":{"rendered":"<h1>END avanzados: inspecci\u00f3n especializada<\/h1>\r\n<p>Satisfacemos sus complejas necesidades de inspecci\u00f3n desplegando tecnolog\u00eda de inspecci\u00f3n y ensayos no destructivos (END) avanzada y l\u00edder en el sector. Nuestros equipos de \u00faltima generaci\u00f3n y t\u00e9cnicos competentes, multidisciplinares y con gran experiencia garantizan que se satisfagan sus necesidades, independientemente de la anomal\u00eda o el tipo de equipo.<\/p>\r\n<h2>Preocupaciones especializadas. Soluciones especializadas.<\/h2>\r\n<p>Proporcionamos las tecnolog\u00edas necesarias para satisfacer sus necesidades de soluciones de inspecci\u00f3n especializadas que aborden problemas de integridad comunes y emergentes.<\/p>\r\n<ul>\r\n<li>Corrosi\u00f3n bajo el aislamiento<\/li>\r\n<li>Inspecci\u00f3n no intrusiva<\/li>\r\n<li>Costras de corrosi\u00f3n<\/li>\r\n<li>Corrosi\u00f3n bajo soportes de tuber\u00edas (CUPS)<\/li>\r\n<li>Control continuo de los activos<\/li>\r\n<li>Control remoto del estado<\/li>\r\n<\/ul>\r\n<h2>Ofrecemos soluciones de inspecci\u00f3n avanzadas que satisfacen las diversas necesidades de las industrias.<\/h2>\r\n<ul>\r\n<li>Sistemas de tuber\u00edas<\/li>\r\n<li>Tubos de peque\u00f1o di\u00e1metro<\/li>\r\n<li>Caras de las bridas<\/li>\r\n<li>Intercambiadores de calor y condensadores<\/li>\r\n<li>Instalaciones mar\u00edtimas y unidades flotantes de producci\u00f3n, almacenamiento y descarga (FPSO)<\/li>\r\n<li>Cascos<\/li>\r\n<li>Tuber\u00edas verticales, soportes de tuber\u00edas e infraestructuras cr\u00edticas de la zona de salpicadura<\/li>\r\n<li>Infraestructuras de energ\u00eda renovable y nuclear<\/li>\r\n<li>Dep\u00f3sitos, recipientes y esferas<\/li>\r\n<\/ul>\r\n<h2>Capacidades avanzadas de END e inspecci\u00f3n<\/h2>\r\n<p>Desde la inspecci\u00f3n de equipos est\u00e1ndar hasta geometr\u00edas complejas, le proporcionamos las soluciones necesarias para recopilar los datos necesarios para tomar decisiones fundamentadas.<\/p>\r\n<p>Tecnolog\u00edas avanzadas de END m\u00e1s utilizadas*.<\/p>\r\n<ul>\r\n<li>Medici\u00f3n de la corriente de campo alterno (ACFM)<\/li>\r\n<li>Exploraci\u00f3n ultras\u00f3nica automatizada y semiautomatizada<\/li>\r\n<li>Inspecci\u00f3n de soldaduras austen\u00edticas<\/li>\r\n<li>Cartograf\u00eda de la corrosi\u00f3n<\/li>\r\n<li>Radiograf\u00eda computarizada y digital<\/li>\r\n<li>Pruebas ultras\u00f3nicas de onda guiada<\/li>\r\n<li>Inspecci\u00f3n ultras\u00f3nica Multi-SKIP (M-SKIP)<\/li>\r\n<li>Ensayos por ultrasonidos phased-array<\/li>\r\n<li>Pruebas de corrientes inducidas pulsadas (PEC y Lyft)<\/li>\r\n<li>Difracci\u00f3n del tiempo de vuelo (TOFD)<\/li>\r\n<li><a href=\"https:\/\/www.trnd.tech\/\" target=\"_blank\" rel=\"noopener\">Sistema TRND<\/a> - Soluci\u00f3n de control de la corrosi\u00f3n<\/li>\r\n<\/ul>\r\n<p><a href=\"https:\/\/oceaneering.canto.com\/download\/document\/2qh6j0v85p1179nc8752732p1s\/original.pdf\" target=\"_blank\" rel=\"noopener\"> Folleto TRND - M\u00e1s informaci\u00f3n sobre nuestra \u00faltima colaboraci\u00f3n <\/a><\/p>\r\n<p>*Esta lista no es exhaustiva. P\u00f3ngase en contacto con nosotros en asset-integrity@oceaneering.com para obtener m\u00e1s informaci\u00f3n sobre c\u00f3mo podemos satisfacer sus necesidades.<\/p>\r\n<h2>Centros de validaci\u00f3n y competencia espec\u00edficos<\/h2>\r\n<p>Tecnolog\u00eda avanzada y mayores capacidades<\/p>\r\n<p>Nuestros Centros Regionales de Excelencia se centran en desarrollar y dar forma al futuro de la tecnolog\u00eda END. Resolvemos lo improbable con soluciones innovadoras, cualificadas y validadas.<\/p>\r\n<p><img loading=\"lazy\" decoding=\"async\" title=\"DSC0245811\" src=\"https:\/\/oceaneering.com\/wp-content\/uploads\/2023\/11\/DSC0245811-640x360.jpg\" alt=\"DSC0245811\" width=\"640\" height=\"360\" \/> Nuestros Centros de Validaci\u00f3n y Competencia prestan servicios de validaci\u00f3n de nuevas tecnolog\u00edas a medida que salen al mercado y garantizan la competencia de los operadores para llevar a cabo servicios de inspecci\u00f3n en todo el mundo.<\/p>\r\n<ul>\r\n<li>Prestar servicios de END no normalizados y plenamente conformes, acreditados por el Servicio de Acreditaci\u00f3n del Reino Unido (UKAS)<\/li>\r\n<li>Apoyo a las operaciones mundiales con personal altamente cualificado y equipos avanzados<\/li>\r\n<li>Proporcionar expertos en la materia para asesoramiento y consulta<\/li>\r\n<li>Evaluar, validar e impartir formaci\u00f3n sobre nuevas tecnolog\u00edas<\/li>\r\n<li>Desarrollar nuevas aplicaciones para la tecnolog\u00eda existente<\/li>\r\n<li>Evaluar y validar de forma independiente m\u00e9todos avanzados de inspecci\u00f3n END<\/li>\r\n<li>Impartir formaci\u00f3n centrada en la detecci\u00f3n de defectos en activos envejecidos y en servicio.<\/li>\r\n<li>Proporcionar certificaci\u00f3n de competencias cuando no se disponga de cualificaciones de terceros.<\/li>\r\n<\/ul>\r\n<p>Contacte con nosotros<\/p>\r\n<h3>Nuestro equipo de expertos est\u00e1 listo para ayudarle a empezar.<\/h3>\r\n<p>Oceaneering ofrece los mejores productos y soluciones de su clase, respaldados por una calidad, fiabilidad y asistencia global inigualables. Rellene el formulario de consulta para iniciar una conversaci\u00f3n hoy mismo.<\/p>\r\n<p>\"*\" indica campos obligatorios<\/p>\r\n<form id=\"gform_4\" action=\"\/es\/?page_id=61135&#038;fl_builder#gf_4\" enctype=\"multipart\/form-data\" method=\"post\" target=\"gform_ajax_frame_4\" data-formid=\"4\" data-trp-original-action=\"\/?page_id=61135&amp;fl_builder#gf_4\"><fieldset id=\"field_4_1\" data-js-reload=\"field_4_1\"><legend class=\"gfield_label gform-field-label gfield_label_before_complex\">Nombre<\/legend> <input id=\"input_4_1_3\" tabindex=\"201\" name=\"input_1.3\" type=\"text\" value=\"\" aria-required=\"true\" \/> <label class=\"gform-field-label gform-field-label--type-sub\" for=\"input_4_1_3\">En primer lugar<\/label> <input id=\"input_4_1_6\" tabindex=\"203\" name=\"input_1.6\" type=\"text\" value=\"\" aria-required=\"true\" \/> <label class=\"gform-field-label gform-field-label--type-sub\" for=\"input_4_1_6\">\u00daltima<\/label><\/fieldset><label class=\"gfield_label gform-field-label\" for=\"input_4_4\">Tel\u00e9fono<\/label><input id=\"input_4_4\" class=\"large\" tabindex=\"205\" name=\"input_4\" type=\"text\" value=\"\" aria-required=\"true\" aria-invalid=\"false\" \/><label class=\"gfield_label gform-field-label\" for=\"input_4_3\">Correo electr\u00f3nico<\/label> <input id=\"input_4_3\" class=\"large\" tabindex=\"206\" name=\"input_3\" type=\"text\" value=\"\" aria-required=\"true\" aria-invalid=\"false\" \/> <label class=\"gfield_label gform-field-label\" for=\"input_4_5\">Otro<\/label><select id=\"input_4_5\" class=\"large gfield_select\" tabindex=\"207\" name=\"input_5\" aria-invalid=\"false\">\r\n<option class=\"gf_placeholder\" selected=\"selected\" value=\"\">Seleccione uno<\/option>\r\n<option value=\"First Choice\">Primera elecci\u00f3n<\/option>\r\n<option value=\"Second Choice\">Segunda opci\u00f3n<\/option>\r\n<option value=\"Third Choice\">Tercera opci\u00f3n<\/option>\r\n<\/select><label class=\"gfield_label gform-field-label\" for=\"input_4_6\">Otro<\/label><select id=\"input_4_6\" class=\"large gfield_select\" tabindex=\"208\" name=\"input_6\" aria-invalid=\"false\">\r\n<option class=\"gf_placeholder\" selected=\"selected\" value=\"\">Seleccione uno<\/option>\r\n<option value=\"First Choice\">Primera elecci\u00f3n<\/option>\r\n<option value=\"Second Choice\">Segunda opci\u00f3n<\/option>\r\n<option value=\"Third Choice\">Tercera opci\u00f3n<\/option>\r\n<\/select><label class=\"gfield_label gform-field-label\" for=\"input_4_7\">Otro<\/label><input id=\"input_4_7\" class=\"large\" tabindex=\"209\" name=\"input_7\" type=\"text\" value=\"\" aria-invalid=\"false\" \/> <label class=\"gfield_label gform-field-label\" for=\"input_4_8\">Otro<\/label><input id=\"input_4_8\" class=\"large\" tabindex=\"210\" name=\"input_8\" type=\"text\" value=\"\" aria-invalid=\"false\" \/>\r\n<p>Lorem ipsum dolor sit amet, consetetur sadipscing elitr, sed diam nonumy eirmod tempor invidunt ut labore et dolore magna aliquyam erat voluptua.<\/p>\r\n<input id=\"gform_submit_button_4\" class=\"gform_button button\" tabindex=\"211\" type=\"submit\" value=\"Solicitar presupuesto\" \/> <input name=\"gform_ajax\" type=\"hidden\" value=\"form_id=4&amp;title=&amp;description=&amp;tabindex=200\" \/> <input class=\"gform_hidden\" name=\"is_submit_4\" type=\"hidden\" value=\"1\" \/> <input class=\"gform_hidden\" name=\"gform_submit\" type=\"hidden\" value=\"4\" \/> <input class=\"gform_hidden\" name=\"gform_unique_id\" type=\"hidden\" value=\"\" \/> <input class=\"gform_hidden\" name=\"state_4\" type=\"hidden\" value=\"WyJ7XCI1XCI6W1wiZGYzN2E2ZTliYzJkYTVlMjU5ZDBmNDMwMTdlYjVhMGVcIixcImZhNGEwM2ZkMGU0YmYxOGMzYzM3NDhmYWZmMGIzYmJkXCIsXCIxMTAzYTVhMmJlZjQ3NWI5MjRhMmZmYTMyYTNhNzM1N1wiXSxcIjZcIjpbXCJkZjM3YTZlOWJjMmRhNWUyNTlkMGY0MzAxN2ViNWEwZVwiLFwiZmE0YTAzZmQwZTRiZjE4YzNjMzc0OGZhZmYwYjNiYmRcIixcIjExMDNhNWEyYmVmNDc1YjkyNGEyZmZhMzJhM2E3MzU3XCJdfSIsImExMTE4N2U4YmFkMGY5NmE2ZTIxYTQxYTMyMDZjM2E4Il0=\" \/> <input id=\"gform_target_page_number_4\" class=\"gform_hidden\" name=\"gform_target_page_number_4\" type=\"hidden\" value=\"0\" \/> <input id=\"gform_source_page_number_4\" class=\"gform_hidden\" name=\"gform_source_page_number_4\" type=\"hidden\" value=\"1\" \/> <input name=\"gform_field_values\" type=\"hidden\" value=\"\" \/>\r\n<p><label>\u0394<textarea cols=\"45\" maxlength=\"100\" name=\"ak_hp_textarea\" rows=\"8\"><\/textarea><\/label><input id=\"ak_js_1\" name=\"ak_js\" type=\"hidden\" value=\"130\" \/><\/p>\r\n<input type=\"hidden\" name=\"trp-form-language\" value=\"es\"\/><\/form>\r\n<p><iframe id=\"gform_ajax_frame_4\" style=\"display: none; width: 0px; height: 0px;\" title=\"Este iframe contiene la l\u00f3gica necesaria para manejar formularios Gravity con Ajax.\" src=\"about:blank\" name=\"gform_ajax_frame_4\"><\/iframe><\/p>","protected":false},"excerpt":{"rendered":"<p>END avanzados: inspecci\u00f3n especializada Satisfacemos sus complejas necesidades de inspecci\u00f3n desplegando tecnolog\u00eda avanzada de inspecci\u00f3n y ensayos no destructivos (END) l\u00edder en el sector. Nuestros equipos de \u00faltima generaci\u00f3n y t\u00e9cnicos altamente experimentados, multidisciplinares y competentes garantizan que se satisfagan sus necesidades, independientemente de la anomal\u00eda o del tipo de equipo. Preocupaciones especializadas. Soluciones especializadas. Proporcionamos las tecnolog\u00edas necesarias para satisfacer sus necesidades de ... <a title=\"END avanzados\" class=\"read-more\" href=\"https:\/\/www.oceaneering.com\/es\/asset-integrity-management\/inspection\/advanced-ndt\/\" aria-label=\"Leer m\u00e1s sobre END avanzados\">Seguir leyendo<\/a><\/p>","protected":false},"author":20,"featured_media":0,"parent":59820,"menu_order":73,"comment_status":"closed","ping_status":"closed","template":"","meta":{"_acf_changed":false,"footnotes":"","_links_to":"","_links_to_target":""},"product_category":[1205,1206],"search_tags":[1800],"class_list":["post-61135","page","type-page","status-publish","product_category-asset-integrity-management","product_category-in-service-inspection","search_tags-asset-integrity"],"acf":[],"aioseo_notices":[],"_links":{"self":[{"href":"https:\/\/www.oceaneering.com\/es\/wp-json\/wp\/v2\/pages\/61135","targetHints":{"allow":["GET"]}}],"collection":[{"href":"https:\/\/www.oceaneering.com\/es\/wp-json\/wp\/v2\/pages"}],"about":[{"href":"https:\/\/www.oceaneering.com\/es\/wp-json\/wp\/v2\/types\/page"}],"author":[{"embeddable":true,"href":"https:\/\/www.oceaneering.com\/es\/wp-json\/wp\/v2\/users\/20"}],"replies":[{"embeddable":true,"href":"https:\/\/www.oceaneering.com\/es\/wp-json\/wp\/v2\/comments?post=61135"}],"version-history":[{"count":1,"href":"https:\/\/www.oceaneering.com\/es\/wp-json\/wp\/v2\/pages\/61135\/revisions"}],"predecessor-version":[{"id":79324,"href":"https:\/\/www.oceaneering.com\/es\/wp-json\/wp\/v2\/pages\/61135\/revisions\/79324"}],"up":[{"embeddable":true,"href":"https:\/\/www.oceaneering.com\/es\/wp-json\/wp\/v2\/pages\/59820"}],"wp:attachment":[{"href":"https:\/\/www.oceaneering.com\/es\/wp-json\/wp\/v2\/media?parent=61135"}],"wp:term":[{"taxonomy":"product_category","embeddable":true,"href":"https:\/\/www.oceaneering.com\/es\/wp-json\/wp\/v2\/product_category?post=61135"},{"taxonomy":"search_tags","embeddable":true,"href":"https:\/\/www.oceaneering.com\/es\/wp-json\/wp\/v2\/search_tags?post=61135"}],"curies":[{"name":"wp","href":"https:\/\/api.w.org\/{rel}","templated":true}]}}