{"id":61133,"date":"2023-11-09T08:44:13","date_gmt":"2023-11-09T13:44:13","guid":{"rendered":"https:\/\/oceaneering.com\/intervention-tooling\/subsea-engineered-solutions\/"},"modified":"2025-10-24T02:46:48","modified_gmt":"2025-10-24T07:46:48","slug":"subsea-engineered-solutions","status":"publish","type":"page","link":"https:\/\/www.oceaneering.com\/es\/intervention-tooling\/subsea-engineered-solutions\/","title":{"rendered":"Soluciones de ingenier\u00eda submarina"},"content":{"rendered":"<p><a href=\"https:\/\/www.oceaneering.com\/es\/intervention-tooling\/#contact\" target=\"_self\" rel=\"noopener\"> Debatir un proyecto <\/a><\/p>\r\n<h1>Soluciones de ingenier\u00eda submarina<\/h1>\r\n<p>Los retos complejos exigen soluciones creativas. Desde entornos submarinos rutinarios hasta extremos, Oceaneering cumple los requisitos m\u00e1s exigentes y las especificaciones \u00fanicas de nuestros clientes para ofrecer soluciones innovadoras que reducen el coste total de propiedad.<\/p>\r\n<p>Oceaneering crea soluciones de ingenier\u00eda l\u00edderes en el sector gracias a nuestra gesti\u00f3n de proyectos t\u00e9cnicos y mec\u00e1nicos y al r\u00e1pido desarrollo de productos. Con m\u00e1s de 40 a\u00f1os de experiencia, nuestros equipos internos de dise\u00f1o e ingenier\u00eda son expertos en resolver los retos del sector.<\/p>\r\n<h2>Desarrollo de productos<\/h2>\r\n<p>Oceaneering proporciona productos nuevos y fiables para toda la vida \u00fatil del yacimiento que reducen el coste de instalaci\u00f3n y explotaci\u00f3n para nuestros clientes. Hemos desarrollado una amplia gama de equipos y soluciones que cumplen las normas y reglamentos exigidos a nivel mundial.<\/p>\r\n<p><img loading=\"lazy\" decoding=\"async\" title=\"Ingenier\u00eda4\" src=\"https:\/\/oceaneering.com\/wp-content\/uploads\/2023\/11\/Engineering4.png\" alt=\"Engineering4\" width=\"1100\" height=\"495\" \/> Nuestro amplio conocimiento de las operaciones submarinas y de los bloques de construcci\u00f3n nos proporciona una comprensi\u00f3n \u00fanica de las necesidades de los clientes dentro del espacio submarino.<\/p>\r\n<p>Nuestro departamento interno de desarrollo de productos ofrece apoyo desde el concepto hasta el producto acabado y cualificado. Oceaneering suministra productos de calidad y a tiempo con el objetivo de superar las expectativas del cliente.<\/p>\r\n<p>Soluciones t\u00edpicas:<\/p>\r\n<ul>\r\n<li>Aplicaciones de apoyo al sistema de producci\u00f3n submarina (SPS)<\/li>\r\n<li>Paquetes de herramientas de instalaci\u00f3n<\/li>\r\n<li>Soluciones de sellado y elevaci\u00f3n personalizadas<\/li>\r\n<li>ROV herramientas de intervenci\u00f3n hardware submarino<\/li>\r\n<li>Equipamiento espec\u00edfico del proyecto<\/li>\r\n<li>Equipamiento y piezas de serie<\/li>\r\n<\/ul>\r\n<h2>Soluciones de reparaci\u00f3n submarina a medida<\/h2>\r\n<p>Nuestras soluciones de reparaci\u00f3n submarina a medida permiten operar manteniendo la producci\u00f3n y la integridad del sistema. Con m\u00e1s de 350 ingenieros cualificados y expertos en operaciones, nuestra amplia cartera y experiencia nos permiten resolver proyectos de intervenci\u00f3n submarina planificados y no planificados, de forma r\u00e1pida y rentable.<\/p>\r\n<p><img loading=\"lazy\" decoding=\"async\" title=\"Rotator_093-1360x2048\" src=\"https:\/\/oceaneering.com\/wp-content\/uploads\/2023\/11\/Rotator_093-1360x2048-1.jpeg\" alt=\"Rotator_093-1360x2048\" width=\"1360\" height=\"2048\" \/><\/p>\r\n<h2>Ofrecemos soluciones de ingenier\u00eda y gesti\u00f3n de proyectos totalmente integradas para todo tipo de proyectos de reparaci\u00f3n submarina:<\/h2>\r\n<ul>\r\n<li>V\u00e1lvulas<\/li>\r\n<li>Sistemas de distribuci\u00f3n submarina<\/li>\r\n<li>Abrazaderas y conectores<\/li>\r\n<li>Bridas<\/li>\r\n<li>Aplicaciones XT<\/li>\r\n<li>M\u00faltiplos y estructuras<\/li>\r\n<li>L\u00edneas de control<\/li>\r\n<li>M\u00faltiplos y estructuras<\/li>\r\n<li>Risers y Umbilicales<\/li>\r\n<li>Modificaciones y conversiones<\/li>\r\n<li>Resoluci\u00f3n de problemas ad hoc<\/li>\r\n<\/ul>\r\n<h2>Ventanilla \u00fanica<\/h2>\r\n<p>Oceaneering ofrece soluciones personalizadas con ingenier\u00eda, mecanizado de precisi\u00f3n e instalaciones de fabricaci\u00f3n locales e internas. Un equipo de t\u00e9cnicos especializados en herramientas e instalaciones ofrece pruebas de integraci\u00f3n en el sitio (SIT) y pruebas de aceptaci\u00f3n en f\u00e1brica (FAT) a escala completa.<\/p>\r\n<p><img loading=\"lazy\" decoding=\"async\" title=\"Captura de pantalla 2023-11-14 a las 3.04.51 PM\" src=\"https:\/\/oceaneering.com\/wp-content\/uploads\/2023\/11\/Screen-Shot-2023-11-14-at-3.04.51-PM.png\" alt=\"Screen Shot 2023-11-14 at 3.04.51 PM\" width=\"160\" height=\"122\" \/><\/p>\r\n<h3>Ingenier\u00eda<\/h3>\r\n<p>M\u00e1s de 250 ingenieros se encargan del dise\u00f1o, el an\u00e1lisis estructural, las interfaces y la integraci\u00f3n de sistemas para cualquier aplicaci\u00f3n submarina.<\/p>\r\n<p><img loading=\"lazy\" decoding=\"async\" title=\"Captura de pantalla 2023-11-14 a las 3.04.58 PM\" src=\"https:\/\/oceaneering.com\/wp-content\/uploads\/2023\/11\/Screen-Shot-2023-11-14-at-3.04.58-PM.png\" alt=\"Screen Shot 2023-11-14 at 3.04.58 PM\" width=\"180\" height=\"120\" \/><\/p>\r\n<h3>Fabricaci\u00f3n<\/h3>\r\n<p>Taller de nivel Seis Sigma con capacidades internas de mecanizado y t\u00e9cnicos altamente cualificados.<\/p>\r\n<p><img loading=\"lazy\" decoding=\"async\" title=\"Captura de pantalla 2023-11-14 a las 3.05.11 PM\" src=\"https:\/\/oceaneering.com\/wp-content\/uploads\/2023\/11\/Screen-Shot-2023-11-14-at-3.05.11-PM.png\" alt=\"Screen Shot 2023-11-14 at 3.05.11 PM\" width=\"120\" height=\"122\" \/><\/p>\r\n<h3>Pruebas<\/h3>\r\n<p>Instalaciones de ensayo de \u00faltima generaci\u00f3n para equipos submarinos y de superficie.<\/p>\r\n<p><img loading=\"lazy\" decoding=\"async\" title=\"Captura de pantalla 2023-11-14 a las 3.05.18 PM\" src=\"https:\/\/oceaneering.com\/wp-content\/uploads\/2023\/11\/Screen-Shot-2023-11-14-at-3.05.18-PM.png\" alt=\"Screen Shot 2023-11-14 at 3.05.18 PM\" width=\"142\" height=\"120\" \/><\/p>\r\n<h3>Servicio y mantenimiento<\/h3>\r\n<p>Servicio, mantenimiento, reparaci\u00f3n y almacenamiento de productos para todo tipo de equipos submarinos.<\/p>\r\n<p>Caudal\u00edmetro ultras\u00f3nico submarino instalable por ROV Anclaje ROV Swagelok Caudal\u00edmetro ultras\u00f3nico submarino instalable por ROV<\/p>\r\n<p><strong>Resumen del proyecto<\/strong><br \/>Oceaneering desarroll\u00f3 un caudal\u00edmetro ultras\u00f3nico submarino instalable mediante ROV para determinar el caudal de inyecci\u00f3n de gas en un pozo de la costa australiana. Esta herramienta se dise\u00f1\u00f3 para optimizar la inyecci\u00f3n de un sellante en el pozo midiendo el caudal en un puente de elevaci\u00f3n de gas de 3 pulgadas recubierto de polipropileno tricapa (3LPP).<\/p>\r\n<p><strong>Soluci\u00f3n<\/strong><br \/>Un equipo de Oceaneering con base en Jandakot (Australia) trabaj\u00f3 con un equipo de expertos locales para marinizar con \u00e9xito un caudal\u00edmetro ultras\u00f3nico y hacerlo instalable mediante ROV. Para ello, era necesario dotar al caudal\u00edmetro de un mecanismo de fijaci\u00f3n seguro y fiable.<\/p>\r\n<p>Lea el estudio de caso completo <a href=\"https:\/\/www.oceaneering.com\/es\/case-studies\/oceaneering-develops-industry-first-rov-installable-subsea-ultrasonic-flowmeter\/\">aqu\u00ed<\/a>.<\/p>\r\n<p>Conexi\u00f3n ROV Swagelok<\/p>\r\n<p><strong>Problema<\/strong><br \/>V\u00e1lvulas XT lineales fijadas en posici\u00f3n abierta y sospecha de formaci\u00f3n de hidratos en el interior del sistema de compensaci\u00f3n.<\/p>\r\n<p><strong>Desaf\u00edos<\/strong><br \/>El sistema de compensaci\u00f3n no ofrec\u00eda f\u00e1cilmente un punto de intervenci\u00f3n ROV para acceder y permitir el derribo de los hidratos.<\/p>\r\n<p><strong>Soluci\u00f3n<\/strong><br \/>Se identific\u00f3 un tap\u00f3n Swagelok de \u00be\" en una pila de racores sobre el cofre marino. Se desarrollaron herramientas ROV a medida para permitir la retirada del tap\u00f3n Swagelok y la instalaci\u00f3n de una manguera resistente al colapso en el racor con una pu\u00f1alada caliente, creando as\u00ed un punto de intervenci\u00f3n para la remediaci\u00f3n de hidratos.<\/p>\r\n<p>Webinar destacado<\/p>\r\n<h2>Soluciones a medida para la reparaci\u00f3n de v\u00e1lvulas submarinas<\/h2>\r\n<p>15 de octubre de 2020<\/p>\r\n<p>Los retos complejos exigen soluciones creativas. Un cliente se puso en contacto con Oceaneering para reparar v\u00e1lvulas averiadas en un colector submarino. En este seminario web, demostraremos c\u00f3mo Oceaneering colabor\u00f3 globalmente, desde el dise\u00f1o hasta las operaciones, para crear una soluci\u00f3n innovadora para este desaf\u00edo \u00fanico.<\/p>\r\n<p><a href=\"https:\/\/www.oceaneering.com\/es\/webinars\/creating-bespoke-solutions-for-subsea-valve-repair\/\" target=\"_self\" rel=\"noopener\"> Ver a la carta <\/a> <img loading=\"lazy\" decoding=\"async\" title=\"Reparaci\u00f3n de v\u00e1lvulas submarinas\" src=\"https:\/\/oceaneering.com\/wp-content\/uploads\/2023\/11\/Subsea-valve-repair.jpeg\" alt=\"Subsea-valve-repair\" width=\"500\" height=\"500\" \/><\/p>\r\n<h1>Contacte con nosotros<\/h1>\r\n<h2>Nuestro equipo de expertos est\u00e1 listo para ayudarle a empezar.<\/h2>\r\n<p>Oceaneering ofrece los mejores productos y soluciones de su clase, respaldados por una calidad, fiabilidad y asistencia global inigualables. Rellene el formulario de consulta para iniciar una conversaci\u00f3n hoy mismo.<\/p>","protected":false},"excerpt":{"rendered":"<p>Discutir un proyecto Soluciones de ingenier\u00eda submarina Los retos complejos exigen soluciones creativas. Desde entornos submarinos rutinarios hasta extremos, Oceaneering satisface los requisitos m\u00e1s exigentes y las especificaciones \u00fanicas de nuestros clientes para ofrecer soluciones innovadoras que reducen el coste total de propiedad. Oceaneering crea soluciones de ingenier\u00eda l\u00edderes en el sector gracias a nuestra gesti\u00f3n de proyectos t\u00e9cnicos y mec\u00e1nicos y al r\u00e1pido desarrollo de productos. Con ... <a title=\"Soluciones de ingenier\u00eda submarina\" class=\"read-more\" href=\"https:\/\/www.oceaneering.com\/es\/intervention-tooling\/subsea-engineered-solutions\/\" aria-label=\"Leer m\u00e1s sobre Soluciones de ingenier\u00eda submarina\">Seguir leyendo<\/a><\/p>","protected":false},"author":20,"featured_media":0,"parent":60938,"menu_order":71,"comment_status":"closed","ping_status":"closed","template":"","meta":{"_acf_changed":false,"footnotes":"","_links_to":"","_links_to_target":""},"product_category":[1300],"search_tags":[1715,1812],"class_list":["post-61133","page","type-page","status-publish","product_category-intervention-tooling","search_tags-intervention-tooling","search_tags-subsea-engineered-solutions"],"acf":[],"aioseo_notices":[],"_links":{"self":[{"href":"https:\/\/www.oceaneering.com\/es\/wp-json\/wp\/v2\/pages\/61133","targetHints":{"allow":["GET"]}}],"collection":[{"href":"https:\/\/www.oceaneering.com\/es\/wp-json\/wp\/v2\/pages"}],"about":[{"href":"https:\/\/www.oceaneering.com\/es\/wp-json\/wp\/v2\/types\/page"}],"author":[{"embeddable":true,"href":"https:\/\/www.oceaneering.com\/es\/wp-json\/wp\/v2\/users\/20"}],"replies":[{"embeddable":true,"href":"https:\/\/www.oceaneering.com\/es\/wp-json\/wp\/v2\/comments?post=61133"}],"version-history":[{"count":1,"href":"https:\/\/www.oceaneering.com\/es\/wp-json\/wp\/v2\/pages\/61133\/revisions"}],"predecessor-version":[{"id":79327,"href":"https:\/\/www.oceaneering.com\/es\/wp-json\/wp\/v2\/pages\/61133\/revisions\/79327"}],"up":[{"embeddable":true,"href":"https:\/\/www.oceaneering.com\/es\/wp-json\/wp\/v2\/pages\/60938"}],"wp:attachment":[{"href":"https:\/\/www.oceaneering.com\/es\/wp-json\/wp\/v2\/media?parent=61133"}],"wp:term":[{"taxonomy":"product_category","embeddable":true,"href":"https:\/\/www.oceaneering.com\/es\/wp-json\/wp\/v2\/product_category?post=61133"},{"taxonomy":"search_tags","embeddable":true,"href":"https:\/\/www.oceaneering.com\/es\/wp-json\/wp\/v2\/search_tags?post=61133"}],"curies":[{"name":"wp","href":"https:\/\/api.w.org\/{rel}","templated":true}]}}