{"id":61130,"date":"2023-11-09T08:43:05","date_gmt":"2023-11-09T13:43:05","guid":{"rendered":"https:\/\/oceaneering.com\/integrated-rig-services\/remote-offerings\/"},"modified":"2025-10-24T03:18:24","modified_gmt":"2025-10-24T08:18:24","slug":"remote-offerings","status":"publish","type":"page","link":"https:\/\/www.oceaneering.com\/es\/remote-services\/integrated-rig-services\/remote-offerings\/","title":{"rendered":"Ofertas a distancia"},"content":{"rendered":"<p><a href=\"https:\/\/www.oceaneering.com\/es\/remote-services\/#contact\" target=\"_self\"> Debatir un proyecto <\/a><\/p>\r\n<h1>Ofertas a distancia<\/h1>\r\n<h2>Encuesta por control remoto<\/h2>\r\n<p>Posicione y navegue por su plataforma de perforaci\u00f3n con nuestra probada estaci\u00f3n de control remoto (ROS). Retire al personal de alta mar y cambie a las capacidades de gesti\u00f3n de operaciones sin fisuras de nuestra Estaci\u00f3n de Monitorizaci\u00f3n por Control Remoto (RCMS) en tierra. El servicio incluye la movilizaci\u00f3n, el mantenimiento, las comprobaciones del estado del sistema, la gesti\u00f3n del proyecto, la adquisici\u00f3n de datos, el procesamiento de datos, la elaboraci\u00f3n de informes, los entregables y los planos de pozos certificados.<\/p>\r\n<p><img decoding=\"async\" title=\"colmena3\" src=\"https:\/\/oceaneering.com\/wp-content\/uploads\/2023\/11\/hive3-scaled.jpeg\" alt=\"hive3\" \/> <img decoding=\"async\" title=\"telemetr\u00eda\" src=\"https:\/\/oceaneering.com\/wp-content\/uploads\/2023\/11\/remote-metrology.jpeg\" alt=\"remote-metrology\" \/><\/p>\r\n<h2>Metrolog\u00eda a distancia<\/h2>\r\n<p>Oceaneering can also perform subsea metrologies for Jumpers fabrications using Inertial Navigation Systems (INS). This same technology can also provide orientation, wellhead angles and measure heights off the mud line with millimeter precision using a C-PINS tool installed onto our ROV&#8217;s.<\/p>\r\n<h2>Juegos de boyas de se\u00f1alizaci\u00f3n a distancia<\/h2>\r\n<p>Using the same C-PINS Inertial Navigation Systems (INS), marker buoys are placed from the drilling rig using Oceaneering&#8217;s ROV systems once the proposed well site location, pattern layout, and dimensions are agreed.<\/p>\r\n<p><img decoding=\"async\" title=\"conjuntos de boyas de se\u00f1alizaci\u00f3n a distancia-2\" src=\"https:\/\/oceaneering.com\/wp-content\/uploads\/2023\/11\/remote-marker-buoy-sets-2.jpeg\" alt=\"remote-marker-buoy-sets-2\" \/> <img decoding=\"async\" title=\"norway_roughseas_shutterstock_1251474406\" src=\"https:\/\/oceaneering.com\/wp-content\/uploads\/2023\/11\/norway_roughseas_shutterstock_1251474406.jpeg\" alt=\"norway_roughseas_shutterstock_1251474406\" \/><\/p>\r\n<h2>Servicios meteorol\u00f3gicos y oceanogr\u00e1ficos a distancia<\/h2>\r\n<p>Gracias a la instalaci\u00f3n de una unidad ROS (Remotely Operated Survey) y un sistema de manipulaci\u00f3n ADCP (Acoustic Doppler Current Profiler) en la plataforma, la tripulaci\u00f3n del ROV de Oceaneering puede desplegar el ADCP durante las operaciones de perforaci\u00f3n para recopilar datos vitales sobre la velocidad, direcci\u00f3n y profundidad de la corriente en la columna de agua. Como parte de este servicio, los datos pueden cargarse en estaciones de control de boyas gubernamentales o supervisarse en tiempo real.<\/p>\r\n<h2>Pilotaje a distancia<\/h2>\r\n<p>Nuestra inigualable flota de sistemas ROV se complementa con tecnolog\u00edas de vanguardia que permiten un mejor control e im\u00e1genes de v\u00eddeo, una manipulaci\u00f3n precisa de las herramientas y el cumplimiento de los requisitos del sector. Obtenga m\u00e1s informaci\u00f3n sobre nuestra Tecnolog\u00eda de Pilotaje Remoto y Control Automatizado (RPACT) y las tecnolog\u00edas avanzadas de visualizaci\u00f3n.<\/p>\r\n<p><a href=\"https:\/\/oceaneering.canto.com\/download\/document\/idcngclcrt2jj53n44fmeko32f\/original.pdf\" target=\"_blank\" rel=\"noopener\"> Tecnolog\u00eda de Pilotaje Remoto y Control Automatizado (RPACT) | Carta <\/a> <a href=\"https:\/\/www.oceaneering.com\/es\/rov-services\/rov-technology\/\" target=\"_self\"> M\u00e1s informaci\u00f3n <\/a> <img decoding=\"async\" title=\"Centro de apoyo a las misiones-11\" src=\"https:\/\/oceaneering.com\/wp-content\/uploads\/2023\/11\/Mission-support-center-11.jpg\" alt=\"Mission-support-center-11\" \/> <img decoding=\"async\" title=\"inspecciones-diagn\u00f3stico-a distancia-2\" src=\"https:\/\/oceaneering.com\/wp-content\/uploads\/2023\/11\/remote-inspections-diagnostics-2.jpeg\" alt=\"remote-inspections-diagnostics-2\" \/><\/p>\r\n<h2>Inspecciones y diagn\u00f3sticos a distancia<\/h2>\r\n<p>Responda r\u00e1pidamente a cualquier incidente utilizando el paquete de inspecci\u00f3n y diagn\u00f3stico remoto EDGEsmart\u2122. Nuestros t\u00e9cnicos ROV pueden gestionar el peque\u00f1o kit de vuelo con equipos para ampliar la comunicaci\u00f3n bidireccional hasta el punto de impacto. Utilice las \u00faltimas tecnolog\u00edas como Microsoft HoloLense y tabletas port\u00e1tiles para conectarse directamente a Skype y otras aplicaciones de mensajer\u00eda, aportando conocimientos t\u00e9cnicos adecuados al terreno de forma virtual.<\/p>\r\n<p><a href=\"https:\/\/oceaneering.canto.com\/download\/document\/t5a8v607b50mn689goqdoo5l0m\/original.pdf\" target=\"_blank\" rel=\"noopener\"> Solicitud EDGEsmart\u2122 | Carta <\/a><\/p>\r\n<h1>Contacte con nosotros<\/h1>\r\n<h2>Nuestro equipo de expertos est\u00e1 listo para ayudarle a empezar.<\/h2>\r\n<p>Oceaneering ofrece los mejores productos y soluciones de su clase, respaldados por una calidad, fiabilidad y asistencia global inigualables. Rellene el formulario de consulta para iniciar una conversaci\u00f3n hoy mismo.<\/p>","protected":false},"excerpt":{"rendered":"<p>Discuss a Project Remote Offerings Remotely Operated Survey Position and navigate your drilling rig using our proven Remotely Operated Survey (ROS). Remove personnel from offshore and switch to the seamless operation handling abilities of our onshore Remote Control Monitoring Station (RCMS). The service includes mobilization, maintenance, system health checks, project management, data acquisition, data processing, &#8230; <a title=\"Ofertas a distancia\" class=\"read-more\" href=\"https:\/\/www.oceaneering.com\/es\/remote-services\/integrated-rig-services\/remote-offerings\/\" aria-label=\"Leer m\u00e1s sobre Ofertas a distancia\">Seguir leyendo<\/a><\/p>","protected":false},"author":20,"featured_media":0,"parent":61129,"menu_order":68,"comment_status":"closed","ping_status":"closed","template":"","meta":{"_acf_changed":false,"footnotes":"","_links_to":"","_links_to_target":""},"product_category":[1343,1468],"search_tags":[1509,1802],"class_list":["post-61130","page","type-page","status-publish","product_category-integrated-rig-services","product_category-remote-operations","search_tags-integrated-rig-solutions","search_tags-remote-services"],"acf":[],"aioseo_notices":[],"_links":{"self":[{"href":"https:\/\/www.oceaneering.com\/es\/wp-json\/wp\/v2\/pages\/61130","targetHints":{"allow":["GET"]}}],"collection":[{"href":"https:\/\/www.oceaneering.com\/es\/wp-json\/wp\/v2\/pages"}],"about":[{"href":"https:\/\/www.oceaneering.com\/es\/wp-json\/wp\/v2\/types\/page"}],"author":[{"embeddable":true,"href":"https:\/\/www.oceaneering.com\/es\/wp-json\/wp\/v2\/users\/20"}],"replies":[{"embeddable":true,"href":"https:\/\/www.oceaneering.com\/es\/wp-json\/wp\/v2\/comments?post=61130"}],"version-history":[{"count":1,"href":"https:\/\/www.oceaneering.com\/es\/wp-json\/wp\/v2\/pages\/61130\/revisions"}],"predecessor-version":[{"id":79330,"href":"https:\/\/www.oceaneering.com\/es\/wp-json\/wp\/v2\/pages\/61130\/revisions\/79330"}],"up":[{"embeddable":true,"href":"https:\/\/www.oceaneering.com\/es\/wp-json\/wp\/v2\/pages\/61129"}],"wp:attachment":[{"href":"https:\/\/www.oceaneering.com\/es\/wp-json\/wp\/v2\/media?parent=61130"}],"wp:term":[{"taxonomy":"product_category","embeddable":true,"href":"https:\/\/www.oceaneering.com\/es\/wp-json\/wp\/v2\/product_category?post=61130"},{"taxonomy":"search_tags","embeddable":true,"href":"https:\/\/www.oceaneering.com\/es\/wp-json\/wp\/v2\/search_tags?post=61130"}],"curies":[{"name":"wp","href":"https:\/\/api.w.org\/{rel}","templated":true}]}}