{"id":61129,"date":"2023-11-09T08:42:53","date_gmt":"2023-11-09T13:42:53","guid":{"rendered":"https:\/\/oceaneering.com\/integrated-rig-services\/"},"modified":"2025-10-22T08:29:10","modified_gmt":"2025-10-22T13:29:10","slug":"integrated-rig-services","status":"publish","type":"page","link":"https:\/\/www.oceaneering.com\/es\/remote-services\/integrated-rig-services\/","title":{"rendered":"Servicios integrados de plataformas"},"content":{"rendered":"<h1>Servicios integrados de plataformas<\/h1>\r\n<p>Desde herramientas de inspecci\u00f3n y ROV hasta IWOCS y otras tecnolog\u00edas especializadas, Oceaneering ofrece una verdadera integraci\u00f3n de servicios para mejorar la HSE, agilizar las actividades, reducir el personal a bordo (POB), acortar los d\u00edas de navegaci\u00f3n, reducir el tiempo no productivo y disminuir los costes generales.<\/p>\r\n<h2>Con\u00e9ctate<\/h2>\r\n<p>La responsabilidad singular de Oceaneering en tierra y en alta mar permite una movilizaci\u00f3n m\u00e1s eficiente, una reducci\u00f3n del personal a bordo (POB), un acortamiento de las jornadas de navegaci\u00f3n, una disminuci\u00f3n de las emisiones de carbono, una mejora del tiempo de actividad y una respuesta m\u00e1s r\u00e1pida a las necesidades cr\u00edticas.<\/p>\r\n<p>Gracias a las comunicaciones redundantes dedicadas en alta mar, estas operaciones intensivas en mano de obra sobre el terreno se convierten en una prestaci\u00f3n racionalizada de servicios de calidad desde los centros de control de misi\u00f3n en tierra. El posicionamiento remoto de plataformas, el pilotaje remoto de ROV y las inspecciones remotas son solo el principio de los servicios de reducci\u00f3n de costes y recursos que ofrecemos.<\/p>\r\n<p><a href=\"https:\/\/oceaneering.canto.com\/download\/document\/sl6in3d6vl2s9auv8dqpb0o10m\/original.pdf\" target=\"_blank\" rel=\"noopener\"> Servicios integrados de perforaci\u00f3n | A4 <\/a> <img decoding=\"async\" title=\"2018_03_08_10_22_14_208\" src=\"https:\/\/oceaneering.com\/wp-content\/uploads\/2023\/11\/2018_03_08_10_22_14_208-scaled.jpeg\" alt=\"2018_03_08_10_22_14_208\" \/><\/p>\r\n<h2>Equipos integrados de servicios offshore<\/h2>\r\n<p>Oceaneering se enorgullece de la formaci\u00f3n y el entrenamiento cruzado de su personal. Con nuestros equipos integrados en alta mar, puede reducir el n\u00famero de personal necesario en alta mar para las operaciones IWOCS y ROV. La reducci\u00f3n del n\u00famero de empleados y de los cambios de tripulaci\u00f3n disminuye sus costes y los riesgos de salud, seguridad y medio ambiente de esos empleados al mantenerlos en tierra para abordar los problemas a medida que surgen.<\/p>\r\n<p>El equipo de alta mar estar\u00e1 dirigido por un superintendente responsable de todos los servicios contratados, lo que mejorar\u00e1 la rendici\u00f3n de cuentas de todo el \u00e1mbito de trabajo. Las tripulaciones permanentes de ROV con formaci\u00f3n cruzada para desempe\u00f1ar funciones de IWOCS permiten a Oceaneering apoyar la transici\u00f3n de operaciones de 12 horas a 24 horas utilizando las tripulaciones existentes mientras se moviliza la tripulaci\u00f3n adicional.<\/p>\r\n<h2>Ahorro<\/h2>\r\n<p>Integraci\u00f3n de los servicios para un<br \/>90 d\u00edas de simulacro y completa puede reconocer: Reducci\u00f3n de las movilizaciones de personal<br \/>y POB pueden lograr:<\/p>\r\n<!-- Comment to fix spacing issue\r\n\t-->\r\n<p>0%<\/p>\r\n<!-- Comment to fix spacing issue\r\n\t-->\r\n<p>reducci\u00f3n de las movilizaciones de personal<\/p>\r\n<!-- Comment to fix spacing issue\r\n\t-->\r\n<p>0%<\/p>\r\n<!-- Comment to fix spacing issue\r\n\t-->\r\n<p>Reducci\u00f3n del personal embarcado m\u00e1ximo en relaci\u00f3n con la compra de servicios discretos.<\/p>\r\n<!-- Comment to fix spacing issue\r\n\t-->\r\n<p>0%<\/p>\r\n<!-- Comment to fix spacing issue\r\n\t-->\r\n<p>reducci\u00f3n de la huella de carbono en el transporte y alojamiento del personal<\/p>\r\n<!-- Comment to fix spacing issue\r\n\t-->\r\n<p>0%<\/p>\r\n<!-- Comment to fix spacing issue\r\n\t-->\r\n<p>ahorro en la reducci\u00f3n de los costes de transporte y embarque en relaci\u00f3n con el valor total de los contratos discretos<\/p>\r\n<h2>Aumente su HSE<\/h2>\r\n<p>Reducir el personal embarcado ayuda a disminuir los riesgos operativos para los trabajadores al mantenerlos en tierra y reducir las emisiones de carbono. Tambi\u00e9n libera espacio en las camas y simplifica la log\u00edstica. Traiga solo a los trabajadores que necesite y d\u00e9jenos ayudarle a distancia.<\/p>\r\n<p>Podemos realizar operaciones de posicionamiento de plataformas y ROV desde nuestros centros de control en tierra. Tenemos expertos repartidos por todo el mundo para atender a nuestros clientes 24 horas al d\u00eda, 7 d\u00edas a la semana, y podemos diagnosticar y resolver cualquier problema que surja.<\/p>\r\n<p>Ubicaciones disponibles<\/p>\r\n<ul>\r\n<li>Houston (GOM)<\/li>\r\n<li>Stavanger<\/li>\r\n<\/ul>\r\n<p>Desde nuestros centros de control en tierra, estrat\u00e9gicamente situados, sus PYME tienen acceso directo al entorno en alta mar para realizar operaciones cr\u00edticas.<\/p>\r\n<h1>Contacte con nosotros<\/h1>\r\n<h2>Nuestro equipo de expertos est\u00e1 listo para ayudarle a empezar.<\/h2>\r\n<p>Oceaneering ofrece los mejores productos y soluciones de su clase, respaldados por una calidad, fiabilidad y asistencia global inigualables. Rellene el formulario de consulta para iniciar una conversaci\u00f3n hoy mismo.<\/p>","protected":false},"excerpt":{"rendered":"<p>Servicios integrados de perforaci\u00f3n Desde herramientas de inspecci\u00f3n y ROV hasta IWOCS y otras tecnolog\u00edas especializadas, Oceaneering ofrece una verdadera integraci\u00f3n de servicios para mejorar la salud, la seguridad y el medio ambiente, agilizar las actividades, reducir el personal a bordo, acortar los d\u00edas de navegaci\u00f3n, reducir el tiempo no productivo y disminuir los costes totales. Con\u00e9ctese La responsabilidad \u00fanica de Oceaneering en tierra y en alta mar ofrece una movilizaci\u00f3n m\u00e1s eficiente, ... <a title=\"Servicios integrados de plataformas\" class=\"read-more\" href=\"https:\/\/www.oceaneering.com\/es\/remote-services\/integrated-rig-services\/\" aria-label=\"Leer m\u00e1s sobre Servicios integrados de perforaci\u00f3n\">Seguir leyendo<\/a><\/p>","protected":false},"author":20,"featured_media":0,"parent":2682,"menu_order":67,"comment_status":"closed","ping_status":"closed","template":"","meta":{"_acf_changed":false,"footnotes":"","_links_to":"","_links_to_target":""},"product_category":[1343,1468],"search_tags":[1509,1802],"class_list":["post-61129","page","type-page","status-publish","product_category-integrated-rig-services","product_category-remote-operations","search_tags-integrated-rig-solutions","search_tags-remote-services"],"acf":[],"aioseo_notices":[],"_links":{"self":[{"href":"https:\/\/www.oceaneering.com\/es\/wp-json\/wp\/v2\/pages\/61129","targetHints":{"allow":["GET"]}}],"collection":[{"href":"https:\/\/www.oceaneering.com\/es\/wp-json\/wp\/v2\/pages"}],"about":[{"href":"https:\/\/www.oceaneering.com\/es\/wp-json\/wp\/v2\/types\/page"}],"author":[{"embeddable":true,"href":"https:\/\/www.oceaneering.com\/es\/wp-json\/wp\/v2\/users\/20"}],"replies":[{"embeddable":true,"href":"https:\/\/www.oceaneering.com\/es\/wp-json\/wp\/v2\/comments?post=61129"}],"version-history":[{"count":1,"href":"https:\/\/www.oceaneering.com\/es\/wp-json\/wp\/v2\/pages\/61129\/revisions"}],"predecessor-version":[{"id":79255,"href":"https:\/\/www.oceaneering.com\/es\/wp-json\/wp\/v2\/pages\/61129\/revisions\/79255"}],"up":[{"embeddable":true,"href":"https:\/\/www.oceaneering.com\/es\/wp-json\/wp\/v2\/pages\/2682"}],"wp:attachment":[{"href":"https:\/\/www.oceaneering.com\/es\/wp-json\/wp\/v2\/media?parent=61129"}],"wp:term":[{"taxonomy":"product_category","embeddable":true,"href":"https:\/\/www.oceaneering.com\/es\/wp-json\/wp\/v2\/product_category?post=61129"},{"taxonomy":"search_tags","embeddable":true,"href":"https:\/\/www.oceaneering.com\/es\/wp-json\/wp\/v2\/search_tags?post=61129"}],"curies":[{"name":"wp","href":"https:\/\/api.w.org\/{rel}","templated":true}]}}