{"id":61127,"date":"2023-11-09T08:42:22","date_gmt":"2023-11-09T13:42:22","guid":{"rendered":"https:\/\/oceaneering.com\/inspection-maintenance-and-repair-imr-solutions\/"},"modified":"2026-01-16T04:29:46","modified_gmt":"2026-01-16T10:29:46","slug":"imrge-integrated-customizable-imr-solutions","status":"publish","type":"page","link":"https:\/\/www.oceaneering.com\/es\/imrge-integrated-customizable-imr-solutions\/","title":{"rendered":"IMRGE\u2122 Soluciones IMR integradas y personalizables"},"content":{"rendered":"<p>IMRGE\u2122<\/p>\r\n<h1>Soluciones IMR integradas y personalizables<\/h1>\r\n<p>Mitigue los efectos de las reparaciones imprevistas y mejore el tiempo de actividad de su campo.<\/p>\r\n<h2>Repensar la RMI<\/h2>\r\n<p>Aumente la eficiencia operativa con IMRGE\u2122, nuestro enfoque totalmente integrado y personalizable para Inspecci\u00f3n, Mantenimiento y Reparaci\u00f3n (IMR). Combinamos nuestras tecnolog\u00edas l\u00edderes en el sector y nuestra experiencia global para ofrecer programas a medida que satisfagan los diversos requisitos de sus proyectos, desde los m\u00e1s rutinarios hasta los m\u00e1s extremos. Con la seguridad y la disponibilidad de los activos como motores, IMRGE\u2122 ampl\u00eda la vida \u00fatil de los activos mediante la recopilaci\u00f3n y presentaci\u00f3n de datos de manera m\u00e1s eficiente, equip\u00e1ndole con una visi\u00f3n que permite una mejor toma de decisiones.<\/p>\r\n<p><a href=\"https:\/\/oceaneering.canto.com\/download\/document\/5mcq8jus697ur3nktvdgi3is2b\/original.pdf\" target=\"_blank\" rel=\"noopener\"> IMRGE\u2122 Soluciones IMR integradas y personalizables <\/a> <video src=\"https:\/\/oceaneering.canto.com\/direct\/video\/hond5ad1pt06b4bd8vj5f3gi3b\/cB1OVrCmUIduMC_NiIYaiv5rzXg\/original?content-type=video%2Fmp4.mp4\" poster=\"https:\/\/www.oceaneering.com\/wp-content\/uploads\/2023\/12\/UWILD-1.jpg\" preload=\"none\" controls=\"controls\" width=\"300\" height=\"150\"><\/video> Reproducir v\u00eddeo<\/p>\r\n<h2>Reduzca el riesgo. Aumente el tiempo de actividad.<\/h2>\r\n<p>Respaldadas por una red global de personal altamente capacitado y experimentado, las soluciones IMRGE\u2122 IMR Solutions cuentan con el historial, las herramientas y los servicios disponibles para ejecutar con \u00e9xito sus alcances IMR convencionales y complejos. IMRGE\u2122 utiliza un enfoque \u00e1gil y de tama\u00f1o adecuado para aumentar la eficiencia, permitir la toma de decisiones informadas y apoyar la intervenci\u00f3n proactiva.<\/p>\r\n<p><img decoding=\"async\" title=\"Turnkey-Solutions-icon-250x250\" src=\"https:\/\/oceaneering.com\/wp-content\/uploads\/2023\/11\/Turnkey-Solutions-icon-250x250-1.png\" alt=\"Turnkey-Solutions-icon-250x250\" \/><\/p>\r\n<h6>Reducir el personal deslocalizado<\/h6>\r\n<p><img decoding=\"async\" title=\"Fast-Track-icon-150x150\" src=\"https:\/\/oceaneering.com\/wp-content\/uploads\/2023\/11\/Fast-Track-icon-150x150-1.png\" alt=\"Fast-Track-icon-150x150\" \/><\/p>\r\n<h6>Reducir los d\u00edas de buque<\/h6>\r\n<p><img decoding=\"async\" title=\"Vessel-Fleet-icon-250x250\" src=\"https:\/\/oceaneering.com\/wp-content\/uploads\/2023\/11\/Vessel-Fleet-icon-250x250-1.png\" alt=\"Vessel-Fleet-icon-250x250\" \/><\/p>\r\n<h6>Reducir la huella de carbono<\/h6>\r\n<p><img decoding=\"async\" title=\"Offshore-Projects-icon-250x250\" src=\"https:\/\/oceaneering.com\/wp-content\/uploads\/2023\/11\/Offshore-Projects-icon-250x250-1.png\" alt=\"Offshore-Projects-icon-250x250\" \/><\/p>\r\n<h6>Optimizar los gastos operativos relacionados con la RMI<\/h6>\r\n<p><img decoding=\"async\" title=\"Industry-Leading-icon-250x250\" src=\"https:\/\/oceaneering.com\/wp-content\/uploads\/2023\/11\/Industry-Leading-icon-250x250-1.png\" alt=\"Industry-Leading-icon-250x250\" \/><\/p>\r\n<h6>Aproveche las tecnolog\u00edas avanzadas y combinadas<\/h6>\r\n<h2>Tecnolog\u00edas y servicios avanzados<\/h2>\r\n<p><img loading=\"lazy\" decoding=\"async\" title=\"OROC-Featured\" src=\"https:\/\/www.oceaneering.com\/wp-content\/uploads\/2023\/12\/OROC-Featured.jpg\" alt=\"OROC-Featured\" width=\"600\" height=\"600\" \/><\/p>\r\n<h3>Centros de Operaciones Remotas en Tierra (OROC)<\/h3>\r\n<p>Nuestros OROC reducen el personal submarino a bordo y aumentan la colaboraci\u00f3n al tiempo que optimizan las operaciones. Los servicios de los OROC pueden combinarse con nuestro conjunto de soluciones rob\u00f3ticas submarinas avanzadas, entre las que se incluyen el <a href=\"https:\/\/www.oceaneering.com\/es\/rov-services\/next-generation-subsea-vehicles\/freedom-autonomous-underwater-vehicle\/\">AUV Freedom<\/a> y <a href=\"https:\/\/www.oceaneering.com\/es\/rov-services\/next-generation-subsea-vehicles\/liberty-e-rov\/\">Sistema Liberty\u2122 para residentes<\/a>.<\/p>\r\n<p><img loading=\"lazy\" decoding=\"async\" title=\"Superposici\u00f3n ASVM de la colocaci\u00f3n de conductores\" src=\"https:\/\/www.oceaneering.com\/wp-content\/uploads\/2024\/02\/ASVM-Overlay-of-Conductor-Placement.png\" alt=\"ASVM Overlay of Conductor Placement\" width=\"562\" height=\"438\" \/><\/p>\r\n<h3>Metrolog\u00eda visual submarina avanzada (ASVM)<\/h3>\r\n<p>ASVM permite la adquisici\u00f3n de im\u00e1genes de alta calidad y v\u00eddeo 4K durante inspecciones y estudios. Con ASVM, proporcionamos de forma eficiente datos fiables que pueden utilizarse para generar una nube de puntos densa en 3D sobre la que pueden realizarse mediciones de alta precisi\u00f3n.<\/p>\r\n<p><img loading=\"lazy\" decoding=\"async\" title=\"Mujer, ingeniera de sistemas, controles, procedimientos operativos, en segundo plano, trabajando.\" src=\"https:\/\/www.oceaneering.com\/wp-content\/uploads\/2023\/11\/shutterstock_669226090-2000.jpeg\" alt=\"Female System Engineer Controls Operational Proceedings. In the Background Working Monitors Show Various Information.\" width=\"2000\" height=\"1125\" \/><\/p>\r\n<h3>INFORM\u2122 Software Suite<\/h3>\r\n<p>Nuestra suite INFORM\u2122 patentada permite a nuestros especialistas generar evaluaciones y planes de inspecci\u00f3n personalizados basados en riesgos mediante la importaci\u00f3n de datos proporcionados por el cliente y la informaci\u00f3n obtenida de las inspecciones. Esto permite a los clientes tomar mejores decisiones sobre sus activos basadas en datos.<\/p>\r\n<h2>Apoyo a todo el ciclo de vida del proyecto con tecnolog\u00edas y servicios avanzados<\/h2>\r\n<p>Desde la planificaci\u00f3n hasta la inspecci\u00f3n, pasando por el an\u00e1lisis y la elaboraci\u00f3n de informes y el dise\u00f1o e instalaci\u00f3n de soluciones de ingenier\u00eda submarina, las soluciones IMRGE\u2122 IMR se adaptan a sus requisitos. IMRGE\u2122 aborda todos los aspectos del ciclo de vida de la IMR.<\/p>\r\n<p>Planning and Mobilization (Pre-IMR) Inspection Maintenance Repair Project Closure and Reporting (Post-IMR) Planning and Mobilization (Pre-IMR)<\/p>\r\n<h3>Planificaci\u00f3n y movilizaci\u00f3n (Pre-IMR)<\/h3>\r\n<ul>\r\n<li>Ingenier\u00eda y dise\u00f1o iniciales (FEED)<\/li>\r\n<li>Gesti\u00f3n y planificaci\u00f3n de proyectos<\/li>\r\n<li>Del tama\u00f1o adecuado, <a href=\"https:\/\/www.oceaneering.com\/es\/subsea-projects\/vessel-fleet\/\">buques situados en todo el mundo<\/a><\/li>\r\n<li>AUVs, <a href=\"https:\/\/www.oceaneering.com\/es\/rov-services\/\">ROVs<\/a>y <a href=\"https:\/\/www.oceaneering.com\/es\/diving\/\">buceadores<\/a><\/li>\r\n<li><a href=\"https:\/\/www.oceaneering.com\/es\/remote-services\/integrated-rig-services\/remote-offerings\/\">Operaciones a distancia<\/a><\/li>\r\n<\/ul>\r\n<p>Inspecci\u00f3n<\/p>\r\n<h3>Inspecci\u00f3n<\/h3>\r\n<ul>\r\n<li>Inspecci\u00f3n digital <a href=\"https:\/\/www.oceaneering.com\/es\/data-management\/\">gesti\u00f3n de datos<\/a> y soluciones de an\u00e1lisis<\/li>\r\n<li>Planificaci\u00f3n de inspecciones basadas en el riesgo (RBI)<\/li>\r\n<li><a href=\"https:\/\/www.oceaneering.com\/es\/asset-integrity\/\">Gesti\u00f3n de la integridad de los activos<\/a><\/li>\r\n<li>Inspecci\u00f3n interna de tuber\u00edas<\/li>\r\n<li>Inspecci\u00f3n aut\u00f3noma de tuber\u00edas y cables<\/li>\r\n<li>Cartograf\u00eda de la corrosi\u00f3n<\/li>\r\n<li>Fotogrametr\u00eda y metrolog\u00eda<\/li>\r\n<li>L\u00ednea de amarre y <a href=\"https:\/\/www.oceaneering.com\/es\/splash-zone-inspection-services\/\">inspecciones de zonas de chapoteo<\/a><\/li>\r\n<\/ul>\r\n<p>Mantenimiento<\/p>\r\n<h3>Mantenimiento<\/h3>\r\n<ul>\r\n<li>An\u00e1lisis de la aptitud para el servicio<\/li>\r\n<li><a href=\"https:\/\/www.oceaneering.com\/es\/flow-assurance\/\">Aseguramiento del flujo<\/a><\/li>\r\n<li>Eliminaci\u00f3n de hidratos<\/li>\r\n<li><a href=\"https:\/\/www.oceaneering.com\/es\/well-intervention\/\">Intervenci\u00f3n en pozos<\/a><\/li>\r\n<li>Pigging en l\u00ednea<\/li>\r\n<li><a href=\"https:\/\/www.oceaneering.com\/es\/asset-integrity\/floating-systems-inspection-and-integrity-services\/special-periodic-surveys-and-uwild\/\">Inspecci\u00f3n subacu\u00e1tica en lugar de dique seco (UWILD)<\/a><\/li>\r\n<li>Eliminaci\u00f3n del crecimiento marino<\/li>\r\n<li>Control remoto<\/li>\r\n<\/ul>\r\n<p>Repare<\/p>\r\n<h3>Repare<\/h3>\r\n<ul>\r\n<li>Respuesta r\u00e1pida y global<\/li>\r\n<li>Experiencia en ingenier\u00eda, desde la planificaci\u00f3n hasta la ejecuci\u00f3n<\/li>\r\n<li><a href=\"https:\/\/www.oceaneering.com\/es\/pipeline-repair\/\">Retirada y reparaci\u00f3n de revestimientos de tuber\u00edas<\/a><\/li>\r\n<li>Reparaciones din\u00e1micas y est\u00e1ticas de cables entre matrices<\/li>\r\n<li>Instalaci\u00f3n de \u00e1nodos<\/li>\r\n<li>Derivaciones y montaje de abrazaderas<\/li>\r\n<li>Fabricaci\u00f3n y abastecimiento<\/li>\r\n<\/ul>\r\n<p>Cierre del proyecto e informes (Post-IMR)<\/p>\r\n<h3>Cierre del proyecto e informes (Post-IMR)<\/h3>\r\n<ul>\r\n<li>Informes y <a href=\"https:\/\/www.oceaneering.com\/es\/asset-integrity\/integrity-management\/\">gesti\u00f3n de la integridad<\/a> actualizaci\u00f3n<\/li>\r\n<li>Planificaci\u00f3n futura del IMR<\/li>\r\n<li><a href=\"https:\/\/www.oceaneering.com\/es\/data-management\/\">Gesti\u00f3n de datos<\/a><\/li>\r\n<\/ul>\r\n<h2>Reducci\u00f3n del impacto ambiental de las operaciones en alta mar<\/h2>\r\n<p>Nos comprometemos a reducir el impacto ambiental de las operaciones en alta mar mediante la inversi\u00f3n y el desarrollo de tecnolog\u00edas y servicios avanzados. Nuestra tecnolog\u00eda avanzada y ecol\u00f3gica <a href=\"https:\/\/www.oceaneering.com\/es\/subsea-projects\/vessel-fleet\/\">flotas de buques<\/a> est\u00e1n equipados con nuestro <a href=\"https:\/\/www.oceaneering.com\/es\/rov-services\/rov-systems\/\">ROVs de clase de trabajo<\/a>, <a href=\"https:\/\/www.oceaneering.com\/es\/rov-services\/next-generation-subsea-vehicles\/\">veh\u00edculos submarinos aut\u00f3nomos y residentes<\/a>paquetes completos de inspecci\u00f3n y paquetes de datos y comunicaciones. Juntos, estos servicios ofrecen soluciones IMR que reducen el impacto ambiental en los entornos marinos de alta mar.<\/p>\r\n<p><a href=\"https:\/\/www.oceaneering.com\/es\/sustainability\/\" target=\"_self\"> M\u00e1s informaci\u00f3n <\/a> <img loading=\"lazy\" decoding=\"async\" title=\"Buque Oceaneering-1\" src=\"https:\/\/www.oceaneering.com\/wp-content\/uploads\/2023\/10\/Oceaneering-Vessel-1.jpg\" alt=\"Oceaneering-Vessel-1\" width=\"1920\" height=\"1279\" \/><\/p>\r\n<h3>Soluciones creativas para retos complejos<\/h3>\r\n<p>De lo rutinario a lo extremo, Oceaneering satisface sus requisitos m\u00e1s exigentes y especificaciones \u00fanicas para ofrecer soluciones innovadoras que reducen el coste total de propiedad.<\/p>\r\n<p><a href=\"https:\/\/www.oceaneering.com\/es\/resources\/?_content_types=case-study\" target=\"_self\"> Ver todos los casos pr\u00e1cticos <\/a> <button> Anterior <\/button> <button> Siguiente <\/button> <a href=\"https:\/\/www.oceaneering.com\/es\/case-studies\/delivering-intervention-solutions-for-water-injection-trees-offshore-west-africa\/\"> <img alt=\"\" \/><\/a><\/p>\r\n<h3>Private: Delivering Intervention Solutions for Water Injection Trees Offshore West Africa<\/h3>\r\n<h3>Private: Delivering Intervention Solutions for Water Injection Trees Offshore West Africa<\/h3>\r\n<p><a href=\"https:\/\/www.oceaneering.com\/es\/case-studies\/delivering-intervention-solutions-for-water-injection-trees-offshore-west-africa\/\">M\u00e1s informaci\u00f3n <\/a> <a href=\"https:\/\/www.oceaneering.com\/es\/case-studies\/advanced-subsea-visual-metrology-solution-delivers-improved-data-quality-for-external-wall-loss-measurement\/\"> <img decoding=\"async\" src=\"https:\/\/www.oceaneering.com\/wp-content\/uploads\/2024\/03\/ASVM-External-Pipeline-Wall-Los.jpg\" alt=\"\" \/><\/a><\/p>\r\n<h3>La avanzada soluci\u00f3n de metrolog\u00eda visual submarina mejora la calidad de los datos de medici\u00f3n de la p\u00e9rdida de pared externa<\/h3>\r\n<h3>La avanzada soluci\u00f3n de metrolog\u00eda visual submarina mejora la calidad de los datos de medici\u00f3n de la p\u00e9rdida de pared externa<\/h3>\r\n<p>In November 2023, Oceaneering was contracted by a major oil and gas operator to complete a work&#8230;<\/p>\r\n<p><a href=\"https:\/\/www.oceaneering.com\/es\/case-studies\/advanced-subsea-visual-metrology-solution-delivers-improved-data-quality-for-external-wall-loss-measurement\/\">M\u00e1s informaci\u00f3n <\/a> <a href=\"https:\/\/www.oceaneering.com\/es\/case-studies\/advanced-subsea-visual-metrology-solution-provides-images-and-3d-modelling-of-exceptional-quality\/\"> <img decoding=\"async\" src=\"https:\/\/www.oceaneering.com\/wp-content\/uploads\/2024\/02\/ROV-and-chain.jpg\" alt=\"\" \/><\/a><\/p>\r\n<h3>La soluci\u00f3n de metrolog\u00eda visual submarina avanzada proporciona im\u00e1genes y modelos 3D de calidad excepcional<\/h3>\r\n<h3>La soluci\u00f3n de metrolog\u00eda visual submarina avanzada proporciona im\u00e1genes y modelos 3D de calidad excepcional<\/h3>\r\n<p>In August 2023, Oceaneering deployed its Advanced Subsea Visual Metrology (ASVM) suite to collect data related to&#8230;<\/p>\r\n<p><a href=\"https:\/\/www.oceaneering.com\/es\/case-studies\/advanced-subsea-visual-metrology-solution-provides-images-and-3d-modelling-of-exceptional-quality\/\">M\u00e1s informaci\u00f3n <\/a> <a href=\"https:\/\/www.oceaneering.com\/es\/case-studies\/bespoke-plem-repair-tooling-suite-enables-intervention-to-restore-production\/\"> <img decoding=\"async\" src=\"https:\/\/www.oceaneering.com\/wp-content\/uploads\/2024\/02\/Cutting-Guide-on-PLEM.png\" alt=\"\" \/><\/a><\/p>\r\n<h3>El conjunto de herramientas de reparaci\u00f3n PLEM a medida permite intervenir para restablecer la producci\u00f3n<\/h3>\r\n<h3>El conjunto de herramientas de reparaci\u00f3n PLEM a medida permite intervenir para restablecer la producci\u00f3n<\/h3>\r\n<p>In early 2023, Oceaneering was contracted by a major Gulf of Mexico operator to provide a fast-track&#8230;<\/p>\r\n<p><a href=\"https:\/\/www.oceaneering.com\/es\/case-studies\/bespoke-plem-repair-tooling-suite-enables-intervention-to-restore-production\/\">M\u00e1s informaci\u00f3n <\/a> <a href=\"https:\/\/www.oceaneering.com\/es\/case-studies\/oceaneering-collaborates-with-equinor-and-tdw-to-use-the-libertytm-resident-rov-for-remote-subsea-pipeline-isolation-scope\/\"> <img decoding=\"async\" src=\"https:\/\/www.oceaneering.com\/wp-content\/uploads\/2023\/11\/OROC-1-1.jpg\" alt=\"\" \/><\/a><\/p>\r\n<h3>El sistema residente Liberty\u2122 ejecuta con \u00e9xito el alcance remoto de aislamiento de tuber\u00edas submarinas<\/h3>\r\n<h3>El sistema residente Liberty\u2122 ejecuta con \u00e9xito el alcance remoto de aislamiento de tuber\u00edas submarinas<\/h3>\r\n<p>In early 2022, Equinor required subsea pipeline isolation at one of its offshore production facilities planned for&#8230;<\/p>\r\n<p><a href=\"https:\/\/www.oceaneering.com\/es\/case-studies\/oceaneering-collaborates-with-equinor-and-tdw-to-use-the-libertytm-resident-rov-for-remote-subsea-pipeline-isolation-scope\/\">M\u00e1s informaci\u00f3n <\/a> <a href=\"https:\/\/www.oceaneering.com\/es\/case-studies\/oceaneering-refurbishes-offshore-pipe-handling-crane-in-cost-effective-manner\/\"> <img decoding=\"async\" src=\"https:\/\/www.oceaneering.com\/wp-content\/uploads\/2023\/11\/crane-image-orange-3-scaled.jpg\" alt=\"\" \/><\/a><\/p>\r\n<h3>Renovaci\u00f3n rentable de una gr\u00faa de manipulaci\u00f3n de tuber\u00edas en alta mar<\/h3>\r\n<h3>Renovaci\u00f3n rentable de una gr\u00faa de manipulaci\u00f3n de tuber\u00edas en alta mar<\/h3>\r\n<p>The overall condition of the crane was poor, with many parts requiring full replacement to meet current&#8230;<\/p>\r\n<p><a href=\"https:\/\/www.oceaneering.com\/es\/case-studies\/oceaneering-refurbishes-offshore-pipe-handling-crane-in-cost-effective-manner\/\">M\u00e1s informaci\u00f3n <\/a> <a href=\"https:\/\/www.oceaneering.com\/es\/case-studies\/oceaneering-addresses-stuck-valves-and-restores-production-for-okea\/\"> <img decoding=\"async\" src=\"https:\/\/www.oceaneering.com\/wp-content\/uploads\/2023\/11\/OKEA-featured-1.jpeg\" alt=\"\" \/><\/a><\/p>\r\n<h3>Oceaneering soluciona el atasco de v\u00e1lvulas y restablece la producci\u00f3n de OKEA<\/h3>\r\n<h3>Oceaneering soluciona el atasco de v\u00e1lvulas y restablece la producci\u00f3n de OKEA<\/h3>\r\n<p>In October 2020, Norwegian operator OKEA approached Oceaneering seeking a solution to address four stuck actuators located&#8230;<\/p>\r\n<p><a href=\"https:\/\/www.oceaneering.com\/es\/case-studies\/oceaneering-addresses-stuck-valves-and-restores-production-for-okea\/\">M\u00e1s informaci\u00f3n <\/a> <a href=\"https:\/\/www.oceaneering.com\/es\/case-studies\/oceaneering-delivers-bespoke-patch-clamp-solution-offshore-west-africa\/\"> <img decoding=\"async\" src=\"https:\/\/www.oceaneering.com\/wp-content\/uploads\/2023\/11\/CS-Picture-4-edited-1.jpg\" alt=\"\" \/><\/a><\/p>\r\n<h3>Abrazaderas de parche a medida en alta mar de \u00c1frica Occidental<\/h3>\r\n<h3>Abrazaderas de parche a medida en alta mar de \u00c1frica Occidental<\/h3>\r\n<p>In early 2022, a major operator approached Oceaneering seeking a solution to address anomalies affecting production. The&#8230;<\/p>\r\n<p><a href=\"https:\/\/www.oceaneering.com\/es\/case-studies\/oceaneering-delivers-bespoke-patch-clamp-solution-offshore-west-africa\/\">M\u00e1s informaci\u00f3n <\/a> <a href=\"https:\/\/www.oceaneering.com\/es\/case-studies\/oceaneering-supports-major-operator-with-bespoke-engineering-solution\/\"> <img decoding=\"async\" src=\"https:\/\/www.oceaneering.com\/wp-content\/uploads\/2023\/11\/Image004-1-1536x694-1.jpeg\" alt=\"\" \/><\/a><\/p>\r\n<h3>Mitigaci\u00f3n de la fatiga del elevador con una abrazadera antivibraciones a medida<\/h3>\r\n<h3>Mitigaci\u00f3n de la fatiga del elevador con una abrazadera antivibraciones a medida<\/h3>\r\n<p>In December, 2021, a global operator approached Oceaneering with an engineering challenge on four risers offshore Angola&#8230;.<\/p>\r\n<p><a href=\"https:\/\/www.oceaneering.com\/es\/case-studies\/oceaneering-supports-major-operator-with-bespoke-engineering-solution\/\">M\u00e1s informaci\u00f3n <\/a> <a href=\"https:\/\/www.oceaneering.com\/es\/case-studies\/innovative-subsea-flowline-pressure-containing-clamp-system-reduces-intervention-time-and-cost\/\"> <img decoding=\"async\" src=\"https:\/\/www.oceaneering.com\/wp-content\/uploads\/2023\/11\/Image004-1-1536x694-1.jpeg\" alt=\"\" \/><\/a><\/p>\r\n<h3>Un innovador sistema de abrazaderas de contenci\u00f3n de la presi\u00f3n de la l\u00ednea de flujo submarina reduce el tiempo y el coste de las intervenciones<\/h3>\r\n<h3>Un innovador sistema de abrazaderas de contenci\u00f3n de la presi\u00f3n de la l\u00ednea de flujo submarina reduce el tiempo y el coste de las intervenciones<\/h3>\r\n<p>In October 2020, a major operator contracted Oceaneering to remediate hydrates blocking their flowline in multiple locations&#8230;.<\/p>\r\n<p><a href=\"https:\/\/www.oceaneering.com\/es\/case-studies\/innovative-subsea-flowline-pressure-containing-clamp-system-reduces-intervention-time-and-cost\/\">M\u00e1s informaci\u00f3n <\/a><\/p>\r\n<h1>Contacte con nosotros<\/h1>\r\n<h2>Nuestro equipo de expertos est\u00e1 listo para ayudarle a empezar.<\/h2>\r\n<p>Oceaneering ofrece los mejores productos y soluciones de su clase, respaldados por una calidad, fiabilidad y asistencia global inigualables. Rellene el formulario de consulta para iniciar una conversaci\u00f3n hoy mismo.<\/p>","protected":false},"excerpt":{"rendered":"<p>Soluciones IMRGE\u2122 integradas y personalizables Mitigue los efectos de las reparaciones no planificadas y mejore el tiempo de actividad de su campo. Replanteamiento de IMR Aumente la eficiencia operativa con IMRGE\u2122, nuestro enfoque totalmente integrado y personalizable para Inspecci\u00f3n, Mantenimiento y Reparaci\u00f3n (IMR). Combinamos nuestras tecnolog\u00edas l\u00edderes en el sector y nuestra experiencia global para ofrecer programas a medida que satisfagan sus diversos requisitos de proyecto, desde la rutina ... <a title=\"IMRGE\u2122 Soluciones IMR integradas y personalizables\" class=\"read-more\" href=\"https:\/\/www.oceaneering.com\/es\/imrge-integrated-customizable-imr-solutions\/\" aria-label=\"Leer m\u00e1s sobre IMRGE\u2122 Soluciones IMR integradas y personalizables\">Seguir leyendo<\/a><\/p>","protected":false},"author":20,"featured_media":0,"parent":0,"menu_order":66,"comment_status":"closed","ping_status":"closed","template":"","meta":{"_acf_changed":false,"footnotes":"","_links_to":"","_links_to_target":""},"product_category":[1279],"search_tags":[1804],"class_list":["post-61127","page","type-page","status-publish","product_category-inspection-maintenance-and-repair-imr","search_tags-inspection-maintenance-and-repair-imr"],"acf":[],"aioseo_notices":[],"_links":{"self":[{"href":"https:\/\/www.oceaneering.com\/es\/wp-json\/wp\/v2\/pages\/61127","targetHints":{"allow":["GET"]}}],"collection":[{"href":"https:\/\/www.oceaneering.com\/es\/wp-json\/wp\/v2\/pages"}],"about":[{"href":"https:\/\/www.oceaneering.com\/es\/wp-json\/wp\/v2\/types\/page"}],"author":[{"embeddable":true,"href":"https:\/\/www.oceaneering.com\/es\/wp-json\/wp\/v2\/users\/20"}],"replies":[{"embeddable":true,"href":"https:\/\/www.oceaneering.com\/es\/wp-json\/wp\/v2\/comments?post=61127"}],"version-history":[{"count":1,"href":"https:\/\/www.oceaneering.com\/es\/wp-json\/wp\/v2\/pages\/61127\/revisions"}],"predecessor-version":[{"id":80688,"href":"https:\/\/www.oceaneering.com\/es\/wp-json\/wp\/v2\/pages\/61127\/revisions\/80688"}],"wp:attachment":[{"href":"https:\/\/www.oceaneering.com\/es\/wp-json\/wp\/v2\/media?parent=61127"}],"wp:term":[{"taxonomy":"product_category","embeddable":true,"href":"https:\/\/www.oceaneering.com\/es\/wp-json\/wp\/v2\/product_category?post=61127"},{"taxonomy":"search_tags","embeddable":true,"href":"https:\/\/www.oceaneering.com\/es\/wp-json\/wp\/v2\/search_tags?post=61127"}],"curies":[{"name":"wp","href":"https:\/\/api.w.org\/{rel}","templated":true}]}}