{"id":61126,"date":"2023-11-09T08:41:48","date_gmt":"2023-11-09T13:41:48","guid":{"rendered":"https:\/\/oceaneering.com\/diving\/"},"modified":"2026-01-23T04:07:21","modified_gmt":"2026-01-23T10:07:21","slug":"diving","status":"publish","type":"page","link":"https:\/\/www.oceaneering.com\/es\/diving\/","title":{"rendered":"Buceo"},"content":{"rendered":"<h1>Buceo<\/h1>\r\n<p>Somos un proveedor l\u00edder de servicios de buceo con aire, gases mixtos y saturaci\u00f3n para la industria del petr\u00f3leo y el gas.<\/p>\r\n<h2>Servicios especializados de buceo<\/h2>\r\n<p>Poseemos y utilizamos equipos especializados para llevar a cabo una amplia gama de reparaciones estructurales de plataformas en alta mar, servicios de inspecci\u00f3n, reparaciones y cambios de trazado de tuber\u00edas, reparaciones de lechada y soldadura hiperb\u00e1rica y h\u00fameda especializada. Nuestros servicios de buceo tambi\u00e9n incluyen trabajos no relacionados con los activos realizados para cumplir diversos requisitos gubernamentales y de los clientes.<\/p>\r\n<h1>Buques de apoyo al buceo<\/h1>\r\n<p>Apoyamos las operaciones de buceo con la primera flota mundial de veh\u00edculos operados por control remoto (ROV) y una de las flotas de buques de apoyo al buceo (DSV) m\u00e1s j\u00f3venes del Golfo de M\u00e9xico. Alcance sus objetivos de forma m\u00e1s eficiente con nuestros buques de buceo de cuatro puntos y posicionamiento din\u00e1mico (DP) con aire y saturaci\u00f3n.<\/p>\r\n<p><a href=\"https:\/\/www.oceaneering.com\/es\/subsea-projects\/vessel-fleet\/\" target=\"_self\"> M\u00e1s informaci\u00f3n sobre nuestras soluciones integradas para buques <\/a><\/p>\r\n<h2>Servicios de soldadura<\/h2>\r\n<p>Nuestros soldadores certificados realizan servicios de soldadura de construcci\u00f3n y mantenimiento, incluidas reparaciones de soldadura hiperb\u00e1rica subacu\u00e1tica h\u00fameda y seca. Nuestros buceadores tambi\u00e9n tienen experiencia en lechada, reparaciones de plataformas, inspecci\u00f3n y mantenimiento de tuber\u00edas, y taponamiento y abandono de tuber\u00edas.<\/p>\r\n<p><a href=\"https:\/\/oceaneering.canto.com\/download\/document\/1sab9ll57d7f374a9vg7ta8503\/original.pdf\" target=\"_blank\" rel=\"noopener\"> Equipos y capacidades de inyecci\u00f3n <\/a><\/p>\r\n<h2>Centro de rescate hiperb\u00e1rico<\/h2>\r\n<p>Hemos comprado a Mimir Marine, fabricante y operador l\u00edder de instalaciones de recepci\u00f3n hiperb\u00e1rica (HRF), un HRF port\u00e1til para apoyar nuestros servicios de buceo de saturaci\u00f3n. Nuestro equipo con sede en Morgan City, Luisiana, opera actualmente este sistema HRF.<\/p>\r\n<p><a href=\"https:\/\/oceaneering.canto.com\/download\/document\/hkp4lcmjkl1h189jjd85vsi07l\/original.pdf\" target=\"_blank\" rel=\"noopener\"> Instalaci\u00f3n de recepci\u00f3n hiperb\u00e1rica (HRF) para 12 personas. <\/a><\/p>\r\n<h2>Normas del sector<\/h2>\r\n<p>Para ofrecer el m\u00e1ximo nivel de confianza al cliente, en el Golfo de M\u00e9xico y en todo el mundo, podemos desplegar equipos y buzos que no s\u00f3lo cumplen las normas de la Asociaci\u00f3n Internacional de Contratistas Mar\u00edtimos (IMCA), la Asociaci\u00f3n Internacional de Productores de Petr\u00f3leo y Gas (IOGP) y la Asociaci\u00f3n Internacional de Contratistas de Buceo (ADC), sino que tambi\u00e9n cumplen todas las normas reconocidas del sector y, por supuesto, sus propias normas exigentes.<\/p>\r\n<p>Contacte con nosotros<\/p>\r\n<h2>Nuestro equipo de expertos est\u00e1 listo para ayudarle a empezar.<\/h2>\r\n<p>Oceaneering ofrece los mejores productos y soluciones de su clase, respaldados por una calidad, fiabilidad y asistencia global inigualables. Rellene el formulario de consulta para iniciar una conversaci\u00f3n hoy mismo.<\/p>","protected":false},"excerpt":{"rendered":"<p>Buceo Somos un proveedor l\u00edder de servicios de buceo con aire, gas mixto y saturaci\u00f3n para la industria del petr\u00f3leo y el gas. Servicios de buceo especializado Disponemos de equipos especializados para realizar una amplia gama de reparaciones estructurales de plataformas en alta mar, servicios de inspecci\u00f3n, reparaciones y cambios de trazado de tuber\u00edas, reparaciones de lechada y soldaduras hiperb\u00e1ricas y h\u00famedas especializadas. Nuestros ... <a title=\"Buceo\" class=\"read-more\" href=\"https:\/\/www.oceaneering.com\/es\/diving\/\" aria-label=\"Leer m\u00e1s sobre Buceo\">Seguir leyendo<\/a><\/p>","protected":false},"author":20,"featured_media":0,"parent":0,"menu_order":65,"comment_status":"closed","ping_status":"closed","template":"","meta":{"_acf_changed":false,"footnotes":"","_links_to":"","_links_to_target":""},"product_category":[1712],"search_tags":[1805],"class_list":["post-61126","page","type-page","status-publish","product_category-diving","search_tags-diving"],"acf":[],"aioseo_notices":[],"_links":{"self":[{"href":"https:\/\/www.oceaneering.com\/es\/wp-json\/wp\/v2\/pages\/61126","targetHints":{"allow":["GET"]}}],"collection":[{"href":"https:\/\/www.oceaneering.com\/es\/wp-json\/wp\/v2\/pages"}],"about":[{"href":"https:\/\/www.oceaneering.com\/es\/wp-json\/wp\/v2\/types\/page"}],"author":[{"embeddable":true,"href":"https:\/\/www.oceaneering.com\/es\/wp-json\/wp\/v2\/users\/20"}],"replies":[{"embeddable":true,"href":"https:\/\/www.oceaneering.com\/es\/wp-json\/wp\/v2\/comments?post=61126"}],"version-history":[{"count":2,"href":"https:\/\/www.oceaneering.com\/es\/wp-json\/wp\/v2\/pages\/61126\/revisions"}],"predecessor-version":[{"id":80787,"href":"https:\/\/www.oceaneering.com\/es\/wp-json\/wp\/v2\/pages\/61126\/revisions\/80787"}],"wp:attachment":[{"href":"https:\/\/www.oceaneering.com\/es\/wp-json\/wp\/v2\/media?parent=61126"}],"wp:term":[{"taxonomy":"product_category","embeddable":true,"href":"https:\/\/www.oceaneering.com\/es\/wp-json\/wp\/v2\/product_category?post=61126"},{"taxonomy":"search_tags","embeddable":true,"href":"https:\/\/www.oceaneering.com\/es\/wp-json\/wp\/v2\/search_tags?post=61126"}],"curies":[{"name":"wp","href":"https:\/\/api.w.org\/{rel}","templated":true}]}}