{"id":61115,"date":"2023-11-09T08:37:16","date_gmt":"2023-11-09T13:37:16","guid":{"rendered":"https:\/\/oceaneering.com\/positioning-solutions\/c-nav-alert-signup\/"},"modified":"2024-02-08T05:19:52","modified_gmt":"2024-02-08T10:19:52","slug":"c-nav-alert-signup","status":"publish","type":"page","link":"https:\/\/www.oceaneering.com\/es\/positioning-solutions\/c-nav-alert-signup\/","title":{"rendered":"Suscripci\u00f3n a la alerta C-Nav"},"content":{"rendered":"<h1>Suscripci\u00f3n a la alerta C-Nav<\/h1>\r\n<p>Rellene el siguiente formulario para recibir alertas por correo electr\u00f3nico sobre actualizaciones, interrupciones y periodos de mantenimiento del sistema Oceaneering\u00ae C-Nav\u00ae.<\/p>\r\n<p><style>\r\n    input {\r\n    color: #00263e;\r\n    background-color: rgba(230, 236, 239, 1);\r\n    border-width: 0;\r\n    border-color: #ffffff;\r\n    -webkit-border-radius: 2px;\r\n    -moz-border-radius: 2px;\r\n    -ms-border-radius: 2px;\r\n    -o-border-radius: 2px;\r\n    border-radius: 2px;\r\n    border-width: 2px;\r\n    border-style: solid;\r\n    width: 100% !important;\r\n    padding: 12px;\r\n    text-align: left;\r\n    outline: none;\r\n    }\r\n    .gform_button {\r\n        width: auto;\r\ncolor: #ffffff;\r\nbackground-color: rgba(0, 151, 169, 1);\r\nborder: 0px solid #333333;\r\n    border-top-width: 0px;\r\n    border-right-width: 0px;\r\n    border-bottom-width: 0px;\r\n    border-left-width: 0px;\r\nborder-radius: 5px;\r\n-moz-border-radius: 5px;\r\n-webkit-border-radius: 5px;\r\n-ms-border-radius: 5px;\r\n-o-border-radius: 5px;\r\npadding-top: 10px;\r\npadding-bottom: 10px;\r\npadding-left: 25px;\r\npadding-right: 25px;\r\nwhite-space: normal;\r\n    }\r\n    .gform_button:hover {\r\n            color: #00263e;\r\n    background: #7a99ac;\r\n    border-width: 0px;\r\n}\r\n    }\r\n<\/style><\/p>\r\n<form id=\"subForm\" action=\"https:\/\/www.createsend.com\/t\/subscribeerror?description=\" method=\"post\" data-id=\"A61C50BEC994754B1D79C5819EC1255C4BCBACB9858F28824D4CD35B9F68A8D6AFE43EEAD717CCBDDF75A7A56BAD48321F7FA90D007B5F8BC2477521F4107011\"><label for=\"fieldjtdihhk\">Nombre<\/label> <br \/><input id=\"fieldjtdihhk\" name=\"cm-f-jtdihhk\" type=\"text\" \/> <label for=\"fieldjtdihhu\">Apellido*<\/label> <br \/><input id=\"fieldjtdihhu\" name=\"cm-f-jtdihhu\" type=\"text\" \/> <label for=\"fieldjtdihhh\">Empresa<\/label> <br \/><input id=\"fieldjtdihhh\" name=\"cm-f-jtdihhh\" type=\"text\" \/> <label for=\"fieldEmail\">Correo electr\u00f3nico<\/label> <br \/><input id=\"fieldEmail\" name=\"cm-gliyki-gliyki\" required=\"\" type=\"email\" \/>\r\n<p>* indica un campo obligatorio<\/p>\r\n<button type=\"submit\">Enviar<\/button><\/form>\r\n<p>Al enviar este formulario, acepta nuestras Condiciones de uso. Cualquier dato que nos proporcione se regir\u00e1 por los t\u00e9rminos de la Pol\u00edtica Global de Privacidad de Oceaneering. <a href=\"https:\/\/www.oceaneering.com\/es\/privacy-policy\/\">Pol\u00edtica de privacidad<\/a>.<\/p>","protected":false},"excerpt":{"rendered":"<p>C-Nav Alert Signup Rellene el siguiente formulario para recibir alertas por correo electr\u00f3nico sobre actualizaciones, interrupciones y periodos de mantenimiento del sistema C-Nav\u00ae de Oceaneering\u00ae. Nombre* Apellidos* Empresa* Correo electr\u00f3nico* *indica un campo obligatorio Enviar Al enviar este formulario, acepta nuestras Condiciones de uso. Todos los datos que nos proporcione se rigen por las ... <a title=\"Suscripci\u00f3n a la alerta C-Nav\" class=\"read-more\" href=\"https:\/\/www.oceaneering.com\/es\/positioning-solutions\/c-nav-alert-signup\/\" aria-label=\"Leer m\u00e1s sobre C-Nav Alert Signup\">Seguir leyendo<\/a><\/p>","protected":false},"author":20,"featured_media":0,"parent":61109,"menu_order":58,"comment_status":"closed","ping_status":"closed","template":"","meta":{"_acf_changed":false,"footnotes":"","_links_to":"","_links_to_target":""},"product_category":[1403],"search_tags":[1530],"class_list":["post-61115","page","type-page","status-publish","product_category-c-nav-positioning-solutions","search_tags-c-nav-positioning"],"acf":[],"aioseo_notices":[],"_links":{"self":[{"href":"https:\/\/www.oceaneering.com\/es\/wp-json\/wp\/v2\/pages\/61115","targetHints":{"allow":["GET"]}}],"collection":[{"href":"https:\/\/www.oceaneering.com\/es\/wp-json\/wp\/v2\/pages"}],"about":[{"href":"https:\/\/www.oceaneering.com\/es\/wp-json\/wp\/v2\/types\/page"}],"author":[{"embeddable":true,"href":"https:\/\/www.oceaneering.com\/es\/wp-json\/wp\/v2\/users\/20"}],"replies":[{"embeddable":true,"href":"https:\/\/www.oceaneering.com\/es\/wp-json\/wp\/v2\/comments?post=61115"}],"version-history":[{"count":0,"href":"https:\/\/www.oceaneering.com\/es\/wp-json\/wp\/v2\/pages\/61115\/revisions"}],"up":[{"embeddable":true,"href":"https:\/\/www.oceaneering.com\/es\/wp-json\/wp\/v2\/pages\/61109"}],"wp:attachment":[{"href":"https:\/\/www.oceaneering.com\/es\/wp-json\/wp\/v2\/media?parent=61115"}],"wp:term":[{"taxonomy":"product_category","embeddable":true,"href":"https:\/\/www.oceaneering.com\/es\/wp-json\/wp\/v2\/product_category?post=61115"},{"taxonomy":"search_tags","embeddable":true,"href":"https:\/\/www.oceaneering.com\/es\/wp-json\/wp\/v2\/search_tags?post=61115"}],"curies":[{"name":"wp","href":"https:\/\/api.w.org\/{rel}","templated":true}]}}