{"id":61107,"date":"2023-11-09T08:31:34","date_gmt":"2023-11-09T13:31:34","guid":{"rendered":"https:\/\/oceaneering.com\/oceaneering-mobile-robotics-omr\/customer-care-program\/"},"modified":"2025-07-01T10:14:47","modified_gmt":"2025-07-01T15:14:47","slug":"lifecycle-services","status":"publish","type":"page","link":"https:\/\/www.oceaneering.com\/es\/oceaneering-mobile-robotics-omr\/lifecycle-services\/","title":{"rendered":"Servicios del ciclo de vida de OMR"},"content":{"rendered":"<p><a href=\"https:\/\/www.oceaneering.com\/es\/oceaneering-mobile-robotics-omr\/#contact\" target=\"_self\" rel=\"noopener\"> Debatir un proyecto <\/a> Rob\u00f3tica m\u00f3vil Oceaneering<\/p>\r\n<h1>Servicios del ciclo de vida de OMR<\/h1>\r\n<p>Garantice la continuidad y el rendimiento durante todo el ciclo de vida de su flota de robots m\u00f3viles.<\/p>\r\n<p><a href=\"https:\/\/oceaneering.canto.com\/download\/document\/tpelhrdcpd6qv0lqslekv0bp0d\/original.pdf\" target=\"_blank\" rel=\"noopener\"> Ver el folleto <\/a><\/p>\r\n<h2>Ofrecemos asistencia r\u00e1pida y profesional en cualquier lugar del mundo<\/h2>\r\n<p>Con oficinas en m\u00e1s de 25 pa\u00edses y una amplia red de socios, trabajamos con un conocimiento espec\u00edfico de sus necesidades locales.<\/p>\r\n<h2>Nuestros servicios de ciclo de vida maximizan el tiempo de actividad de su robot<\/h2>\r\n<p><img decoding=\"async\" src=\"https:\/\/oceaneering.com\/wp-content\/uploads\/2023\/11\/Consulting-and-Upgrade-1-150x150-1.png\" alt=\"Consulting-and-Upgrade-1-150x150\" \/><\/p>\r\n<h3>Consulting &amp; Upgrades<\/h3>\r\n<h4>Consulting &amp; Upgrades<\/h4>\r\n<p>Identificamos, investigamos y analizamos su entorno OMR para maximizar la eficiencia y la productividad.<\/p>\r\n<p><img decoding=\"async\" src=\"https:\/\/oceaneering.com\/wp-content\/uploads\/2023\/11\/Education-1.png\" alt=\"Education-1\" \/><\/p>\r\n<h3>Formaci\u00f3n<\/h3>\r\n<h4>Formaci\u00f3n<\/h4>\r\n<p>Ofrecemos una amplia gama de cursos y materiales educativos, incluidos cursos de actualizaci\u00f3n, para que sus especialistas en sistemas internos sigan desarroll\u00e1ndose.<\/p>\r\n<p><img decoding=\"async\" src=\"https:\/\/oceaneering.com\/wp-content\/uploads\/2023\/11\/Help-desk-1.png\" alt=\"Help-desk-1\" \/><\/p>\r\n<h3>Helpdesk &amp; Hotline Support<\/h3>\r\n<h4>Helpdesk &amp; Hotline Support<\/h4>\r\n<p>Nuestro servicio de asistencia est\u00e1 disponible de lunes a viernes durante el horario laboral regional. En el caso de los sistemas cr\u00edticos para la empresa, nuestro servicio de asistencia telef\u00f3nica est\u00e1 disponible 24 horas al d\u00eda, 7 d\u00edas a la semana, para apoyar las operaciones de los clientes.<\/p>\r\n<p><img decoding=\"async\" src=\"https:\/\/oceaneering.com\/wp-content\/uploads\/2023\/11\/Maintainance-1.png\" alt=\"Maintainance-1\" \/><\/p>\r\n<h3>Mantenimiento<\/h3>\r\n<h4>Mantenimiento<\/h4>\r\n<p>Proporcionamos mantenimiento preventivo para garantizar el rendimiento operativo de su flota y evitar paradas imprevistas.<\/p>\r\n<p><img decoding=\"async\" src=\"https:\/\/oceaneering.com\/wp-content\/uploads\/2023\/11\/Repair-1.png\" alt=\"Repair-1\" \/><\/p>\r\n<h3>Reparaciones<\/h3>\r\n<h4>Reparaciones<\/h4>\r\n<p>Nuestros expertos consultan con usted para ofrecerle servicios que ampl\u00eden el ciclo de vida de sus dispositivos, desde el diagn\u00f3stico de una pieza concreta hasta la reparaci\u00f3n o el suministro de piezas de repuesto.<\/p>\r\n<p><img decoding=\"async\" src=\"https:\/\/oceaneering.com\/wp-content\/uploads\/2023\/11\/System-Management-1.png\" alt=\"System-Management-1\" \/><\/p>\r\n<h3>Gesti\u00f3n del sistema<\/h3>\r\n<h4>Gesti\u00f3n del sistema<\/h4>\r\n<p>Proporcionamos la flexibilidad que su empresa necesita, desde visitas peri\u00f3dicas a las instalaciones hasta un ingeniero a tiempo completo para gestionar su flota.<\/p>\r\n<p><img decoding=\"async\" src=\"https:\/\/oceaneering.com\/wp-content\/uploads\/2023\/11\/Spare-Parts-1.png\" alt=\"Spare-Parts-1\" \/><\/p>\r\n<h3>Piezas de recambio<\/h3>\r\n<h4>Piezas de recambio<\/h4>\r\n<p>Garantizamos el rendimiento operativo \u00f3ptimo de su flota suministrando piezas de repuesto para acortar el tiempo de inactividad en el improbable caso de que falle una pieza.<\/p>\r\n<h2>\u00bfTiene alguna pregunta?<\/h2>\r\n<p>Nuestro equipo est\u00e1 aqu\u00ed para ofrecerle un apoyo personalizado.<\/p>\r\n<h2>Asistencia t\u00e9cnica<\/h2>\r\n<p>\u00bfYa utiliza nuestros productos y tiene problemas t\u00e9cnicos?<\/p>\r\n<p><a href=\"mailto:omr_service@oceaneering.com\" target=\"_blank\" rel=\"noopener\"> Asistencia por correo electr\u00f3nico <\/a><\/p>\r\n<h2>Precios y licencias<\/h2>\r\n<p>\u00bfNecesita m\u00e1s informaci\u00f3n sobre nuestros servicios de ciclo de vida?<\/p>\r\n<p><a href=\"mailto:omr_servicessales@oceaneering.com\" target=\"_blank\" rel=\"noopener\"> Ventas por correo electr\u00f3nico <\/a><\/p>\r\n<h2>Hablar con una persona<\/h2>\r\n<p>Europa: <a href=\"tel:+31 30 2440550,\" target=\"_blank\" rel=\"noopener\">+31 30 2440550<\/a>opci\u00f3n 1<br \/>UU: <a href=\"tel:+01 443 459 3700\" target=\"_blank\" rel=\"noopener\">+01 443 459 3700<\/a><\/p>\r\n<h2>AGVs heredados de Oceaneering Mobile Robotics<\/h2>\r\n<p>Adem\u00e1s de ofrecer asistencia sin concesiones para nuestra flota actual de robots, nuestros servicios de ciclo de vida tambi\u00e9n se extienden a nuestros sistemas heredados utilizados en operaciones globales.<\/p>\r\n<p><img loading=\"lazy\" decoding=\"async\" title=\"Transportador CompactMover-U--400\" src=\"https:\/\/www.oceaneering.com\/wp-content\/uploads\/2023\/10\/CompactMover-Conveyor-U-400-1.png\" alt=\"CompactMover-Conveyor-U--400\" width=\"1058\" height=\"955\" \/><\/p>\r\n<h3>Transportador CompactMover\u2122 U 400<\/h3>\r\n<p>Carretilla elevadora <img loading=\"lazy\" decoding=\"async\" title=\"UniMover-D-100\" src=\"https:\/\/www.oceaneering.com\/wp-content\/uploads\/2023\/10\/UniMover-D-100.png\" alt=\"UniMover-D-100\" width=\"1178\" height=\"1030\" \/><\/p>\r\n<h3>UniMover\u2122 D 100<\/h3>\r\n<p>Empuje por debajo <img loading=\"lazy\" decoding=\"async\" title=\"UniMover-U-1500-220317_Minimover_01-edited-position-1\" src=\"https:\/\/www.oceaneering.com\/wp-content\/uploads\/2023\/10\/UniMover-U-1500-220317_Minimover_01-edited-position-1.png\" alt=\"UniMover-U-1500-220317_Minimover_01-edited-position-1\" width=\"1920\" height=\"1080\" \/><\/p>\r\n<h3>UniMover\u2122 U 1500<\/h3>\r\n<p>Underride Contact Us<\/p>\r\n<h3>P\u00f3ngase en contacto con nuestros expertos<\/h3>\r\n<p>\u00bfTiene alguna pregunta o necesita m\u00e1s informaci\u00f3n sobre nuestros robots m\u00f3viles? Introduzca sus datos de contacto y describa su consulta, y nos pondremos en contacto con usted lo antes posible. Muchas gracias.<\/p>","protected":false},"excerpt":{"rendered":"<p>Discutir un proyecto Oceaneering Mobile Robotics OMR Lifecycle Services Garantice la continuidad y el rendimiento durante todo el ciclo de vida de su flota de rob\u00f3tica m\u00f3vil. Ver el folleto Ofrecemos asistencia r\u00e1pida y profesional - En cualquier parte del mundo Con oficinas en m\u00e1s de 25 pa\u00edses, junto con una amplia red de socios, operamos con una comprensi\u00f3n centrada ... <a title=\"Servicios del ciclo de vida de OMR\" class=\"read-more\" href=\"https:\/\/www.oceaneering.com\/es\/oceaneering-mobile-robotics-omr\/lifecycle-services\/\" aria-label=\"Leer m\u00e1s sobre OMR Lifecycle Services\">Seguir leyendo<\/a><\/p>","protected":false},"author":20,"featured_media":0,"parent":1718,"menu_order":54,"comment_status":"closed","ping_status":"closed","template":"","meta":{"_acf_changed":false,"footnotes":"","_links_to":"","_links_to_target":""},"product_category":[1237],"search_tags":[1138],"class_list":["post-61107","page","type-page","status-publish","product_category-mobile-robotics","search_tags-mobile-robotics"],"acf":[],"aioseo_notices":[],"_links":{"self":[{"href":"https:\/\/www.oceaneering.com\/es\/wp-json\/wp\/v2\/pages\/61107","targetHints":{"allow":["GET"]}}],"collection":[{"href":"https:\/\/www.oceaneering.com\/es\/wp-json\/wp\/v2\/pages"}],"about":[{"href":"https:\/\/www.oceaneering.com\/es\/wp-json\/wp\/v2\/types\/page"}],"author":[{"embeddable":true,"href":"https:\/\/www.oceaneering.com\/es\/wp-json\/wp\/v2\/users\/20"}],"replies":[{"embeddable":true,"href":"https:\/\/www.oceaneering.com\/es\/wp-json\/wp\/v2\/comments?post=61107"}],"version-history":[{"count":0,"href":"https:\/\/www.oceaneering.com\/es\/wp-json\/wp\/v2\/pages\/61107\/revisions"}],"up":[{"embeddable":true,"href":"https:\/\/www.oceaneering.com\/es\/wp-json\/wp\/v2\/pages\/1718"}],"wp:attachment":[{"href":"https:\/\/www.oceaneering.com\/es\/wp-json\/wp\/v2\/media?parent=61107"}],"wp:term":[{"taxonomy":"product_category","embeddable":true,"href":"https:\/\/www.oceaneering.com\/es\/wp-json\/wp\/v2\/product_category?post=61107"},{"taxonomy":"search_tags","embeddable":true,"href":"https:\/\/www.oceaneering.com\/es\/wp-json\/wp\/v2\/search_tags?post=61107"}],"curies":[{"name":"wp","href":"https:\/\/api.w.org\/{rel}","templated":true}]}}