{"id":61105,"date":"2023-11-09T08:30:29","date_gmt":"2023-11-09T13:30:29","guid":{"rendered":"https:\/\/oceaneering.com\/subsea-valves\/"},"modified":"2024-01-29T10:30:12","modified_gmt":"2024-01-29T15:30:12","slug":"subsea-valves","status":"publish","type":"page","link":"https:\/\/www.oceaneering.com\/es\/subsea-valves\/","title":{"rendered":"V\u00e1lvulas submarinas"},"content":{"rendered":"<h1>V\u00e1lvulas<\/h1>\r\n<p>Aprovechamos m\u00e1s de 35 a\u00f1os de experiencia en v\u00e1lvulas submarinas y de superficie para ofrecer un mayor control y soluciones fiables y probadas en campo.<\/p>\r\n<p>Suministramos productos superiores manteniendo el control interno sobre el desarrollo, el dise\u00f1o, la ingenier\u00eda, la fabricaci\u00f3n, los ensayos y la cualificaci\u00f3n.<\/p>\r\n<h2>Productos submarinos y de superficie<\/h2>\r\n<h2>Cualificaci\u00f3n y ensayo de productos<\/h2>\r\n<p>Nuestras v\u00e1lvulas se desarrollan prestando especial atenci\u00f3n a la seguridad, la calidad y la fiabilidad. Nuestros s\u00f3lidos sistemas de producci\u00f3n, pruebas y cualificaci\u00f3n garantizan que ofrecemos las soluciones de control que necesita y las respaldan con una trazabilidad completa del producto.<br \/>Utilizamos equipos de ensayo de \u00faltima generaci\u00f3n para realizar las pruebas de cualificaci\u00f3n y las pruebas de aceptaci\u00f3n en f\u00e1brica (FAT) necesarias para cumplir las estrictas normas del mercado internacional. Deje que nuestro equipo cualifique su producto y garantice su preparaci\u00f3n para el mercado. <a href=\"https:\/\/www.oceaneering.com\/es\/global-component-and-product-testing-and-qualification-capabilities\/\" target=\"_self\" rel=\"noopener\"> M\u00e1s informaci\u00f3n <\/a> Contacte con nosotros<\/p>\r\n<h3>Nuestro equipo de expertos est\u00e1 listo para ayudarle a empezar.<\/h3>\r\n<p>Oceaneering ofrece los mejores productos y soluciones de su clase, respaldados por una calidad, fiabilidad y asistencia global inigualables. Rellene el formulario de consulta para iniciar una conversaci\u00f3n hoy mismo.<\/p>\r\n<p>\"*\" indica campos obligatorios<\/p>\r\n<form id=\"gform_4\" action=\"\/es\/?page_id=61105&#038;fl_builder#gf_4\" enctype=\"multipart\/form-data\" method=\"post\" target=\"gform_ajax_frame_4\" data-formid=\"4\" data-trp-original-action=\"\/?page_id=61105&amp;fl_builder#gf_4\"><fieldset id=\"field_4_1\" data-js-reload=\"field_4_1\"><legend class=\"gfield_label gform-field-label gfield_label_before_complex\">Nombre<\/legend> <input id=\"input_4_1_3\" tabindex=\"201\" name=\"input_1.3\" type=\"text\" value=\"\" aria-required=\"true\" \/> <label class=\"gform-field-label gform-field-label--type-sub\" for=\"input_4_1_3\">En primer lugar<\/label> <input id=\"input_4_1_6\" tabindex=\"203\" name=\"input_1.6\" type=\"text\" value=\"\" aria-required=\"true\" \/> <label class=\"gform-field-label gform-field-label--type-sub\" for=\"input_4_1_6\">\u00daltima<\/label><\/fieldset><label class=\"gfield_label gform-field-label\" for=\"input_4_4\">Tel\u00e9fono<\/label><input id=\"input_4_4\" class=\"large\" tabindex=\"205\" name=\"input_4\" type=\"text\" value=\"\" aria-required=\"true\" aria-invalid=\"false\" \/><label class=\"gfield_label gform-field-label\" for=\"input_4_3\">Correo electr\u00f3nico<\/label> <input id=\"input_4_3\" class=\"large\" tabindex=\"206\" name=\"input_3\" type=\"text\" value=\"\" aria-required=\"true\" aria-invalid=\"false\" \/> <label class=\"gfield_label gform-field-label\" for=\"input_4_5\">Otro<\/label><select id=\"input_4_5\" class=\"large gfield_select\" tabindex=\"207\" name=\"input_5\" aria-invalid=\"false\">\r\n<option class=\"gf_placeholder\" selected=\"selected\" value=\"\">Seleccione uno<\/option>\r\n<option value=\"First Choice\">Primera elecci\u00f3n<\/option>\r\n<option value=\"Second Choice\">Segunda opci\u00f3n<\/option>\r\n<option value=\"Third Choice\">Tercera opci\u00f3n<\/option>\r\n<\/select><label class=\"gfield_label gform-field-label\" for=\"input_4_6\">Otro<\/label><select id=\"input_4_6\" class=\"large gfield_select\" tabindex=\"208\" name=\"input_6\" aria-invalid=\"false\">\r\n<option class=\"gf_placeholder\" selected=\"selected\" value=\"\">Seleccione uno<\/option>\r\n<option value=\"First Choice\">Primera elecci\u00f3n<\/option>\r\n<option value=\"Second Choice\">Segunda opci\u00f3n<\/option>\r\n<option value=\"Third Choice\">Tercera opci\u00f3n<\/option>\r\n<\/select><label class=\"gfield_label gform-field-label\" for=\"input_4_7\">Otro<\/label><input id=\"input_4_7\" class=\"large\" tabindex=\"209\" name=\"input_7\" type=\"text\" value=\"\" aria-invalid=\"false\" \/> <label class=\"gfield_label gform-field-label\" for=\"input_4_8\">Otro<\/label><input id=\"input_4_8\" class=\"large\" tabindex=\"210\" name=\"input_8\" type=\"text\" value=\"\" aria-invalid=\"false\" \/>\r\n<p>Lorem ipsum dolor sit amet, consetetur sadipscing elitr, sed diam nonumy eirmod tempor invidunt ut labore et dolore magna aliquyam erat voluptua.<\/p>\r\n<input id=\"gform_submit_button_4\" class=\"gform_button button\" tabindex=\"211\" type=\"submit\" value=\"Solicitar presupuesto\" \/> <input name=\"gform_ajax\" type=\"hidden\" value=\"form_id=4&amp;title=&amp;description=&amp;tabindex=200\" \/> <input class=\"gform_hidden\" name=\"is_submit_4\" type=\"hidden\" value=\"1\" \/> <input class=\"gform_hidden\" name=\"gform_submit\" type=\"hidden\" value=\"4\" \/> <input class=\"gform_hidden\" name=\"gform_unique_id\" type=\"hidden\" value=\"\" \/> <input class=\"gform_hidden\" name=\"state_4\" type=\"hidden\" value=\"WyJ7XCI1XCI6W1wiZGYzN2E2ZTliYzJkYTVlMjU5ZDBmNDMwMTdlYjVhMGVcIixcImZhNGEwM2ZkMGU0YmYxOGMzYzM3NDhmYWZmMGIzYmJkXCIsXCIxMTAzYTVhMmJlZjQ3NWI5MjRhMmZmYTMyYTNhNzM1N1wiXSxcIjZcIjpbXCJkZjM3YTZlOWJjMmRhNWUyNTlkMGY0MzAxN2ViNWEwZVwiLFwiZmE0YTAzZmQwZTRiZjE4YzNjMzc0OGZhZmYwYjNiYmRcIixcIjExMDNhNWEyYmVmNDc1YjkyNGEyZmZhMzJhM2E3MzU3XCJdfSIsImExMTE4N2U4YmFkMGY5NmE2ZTIxYTQxYTMyMDZjM2E4Il0=\" \/> <input id=\"gform_target_page_number_4\" class=\"gform_hidden\" name=\"gform_target_page_number_4\" type=\"hidden\" value=\"0\" \/> <input id=\"gform_source_page_number_4\" class=\"gform_hidden\" name=\"gform_source_page_number_4\" type=\"hidden\" value=\"1\" \/> <input name=\"gform_field_values\" type=\"hidden\" value=\"\" \/>\r\n<p><label>\u0394<textarea cols=\"45\" maxlength=\"100\" name=\"ak_hp_textarea\" rows=\"8\"><\/textarea><\/label><input id=\"ak_js_1\" name=\"ak_js\" type=\"hidden\" value=\"83\" \/><\/p>\r\n<input type=\"hidden\" name=\"trp-form-language\" value=\"es\"\/><\/form>\r\n<p><iframe id=\"gform_ajax_frame_4\" style=\"display: none; width: 0px; height: 0px;\" title=\"Este iframe contiene la l\u00f3gica necesaria para manejar formularios Gravity con Ajax.\" src=\"about:blank\" name=\"gform_ajax_frame_4\"><\/iframe><\/p>","protected":false},"excerpt":{"rendered":"<p>V\u00e1lvulas Aprovechamos m\u00e1s de 35 a\u00f1os de experiencia en v\u00e1lvulas submarinas y de superficie para ofrecer un mayor control y soluciones fiables y probadas sobre el terreno. Suministramos productos superiores manteniendo el control interno sobre el desarrollo, el dise\u00f1o, la ingenier\u00eda, la fabricaci\u00f3n, las pruebas y la cualificaci\u00f3n. Productos para aplicaciones submarinas y de superficie Cualificaci\u00f3n y pruebas de productos Nuestras v\u00e1lvulas se desarrollan con un enfoque ... <a title=\"V\u00e1lvulas submarinas\" class=\"read-more\" href=\"https:\/\/www.oceaneering.com\/es\/subsea-valves\/\" aria-label=\"Leer m\u00e1s sobre V\u00e1lvulas submarinas\">Seguir leyendo<\/a><\/p>","protected":false},"author":20,"featured_media":0,"parent":0,"menu_order":52,"comment_status":"closed","ping_status":"closed","template":"","meta":{"_acf_changed":false,"footnotes":"","_links_to":"","_links_to_target":""},"product_category":[1495],"search_tags":[1806,1807],"class_list":["post-61105","page","type-page","status-publish","product_category-valves-rotator-technologies","search_tags-rotator-technologies","search_tags-subsea-valves"],"acf":[],"aioseo_notices":[],"_links":{"self":[{"href":"https:\/\/www.oceaneering.com\/es\/wp-json\/wp\/v2\/pages\/61105","targetHints":{"allow":["GET"]}}],"collection":[{"href":"https:\/\/www.oceaneering.com\/es\/wp-json\/wp\/v2\/pages"}],"about":[{"href":"https:\/\/www.oceaneering.com\/es\/wp-json\/wp\/v2\/types\/page"}],"author":[{"embeddable":true,"href":"https:\/\/www.oceaneering.com\/es\/wp-json\/wp\/v2\/users\/20"}],"replies":[{"embeddable":true,"href":"https:\/\/www.oceaneering.com\/es\/wp-json\/wp\/v2\/comments?post=61105"}],"version-history":[{"count":0,"href":"https:\/\/www.oceaneering.com\/es\/wp-json\/wp\/v2\/pages\/61105\/revisions"}],"wp:attachment":[{"href":"https:\/\/www.oceaneering.com\/es\/wp-json\/wp\/v2\/media?parent=61105"}],"wp:term":[{"taxonomy":"product_category","embeddable":true,"href":"https:\/\/www.oceaneering.com\/es\/wp-json\/wp\/v2\/product_category?post=61105"},{"taxonomy":"search_tags","embeddable":true,"href":"https:\/\/www.oceaneering.com\/es\/wp-json\/wp\/v2\/search_tags?post=61105"}],"curies":[{"name":"wp","href":"https:\/\/api.w.org\/{rel}","templated":true}]}}