{"id":61100,"date":"2023-11-09T08:26:36","date_gmt":"2023-11-09T13:26:36","guid":{"rendered":"https:\/\/oceaneering.com\/careers\/diversity-and-inclusion\/employee-spotlight\/"},"modified":"2026-03-11T04:12:24","modified_gmt":"2026-03-11T09:12:24","slug":"employee-spotlight","status":"publish","type":"page","link":"https:\/\/www.oceaneering.com\/es\/careers\/people-and-culture\/employee-spotlight\/","title":{"rendered":"Empleados destacados"},"content":{"rendered":"<a href=\"https:\/\/www.oceaneering.com\/es\/contact-us\/\" target=\"_self\">\n\t\t\t\t\t\t\tContacte con nosotros\n\t\t\t\t\t<\/a>\n<h1>\n\t\tEmpleados destacados\n\t<\/h1>\n\n\t\tOceaneering se esfuerza por crear una plantilla innovadora y con talento. Para ello, destacamos a los empleados que contribuyen directa e indirectamente a nuestros avances tecnol\u00f3gicos.\n\t\n\t\t\t<a href='https:\/\/www.oceaneering.com\/es\/casey-glenn-a-day-in-the-life-of-an-product-development-manager\/' title='Casey Glenn - A Day in the Life of an \u200b\u200b\u200b\u200b\u200b\u200b\u200bProduct Development Manager'><img width=\"1024\" height=\"1024\" src=\"https:\/\/www.oceaneering.com\/wp-content\/uploads\/2025\/05\/casey2-e1747866414449-1024x1024.jpg\" alt=\"Casey Glenn with Freedom AUV\" itemprop=\"image\" decoding=\"async\" loading=\"lazy\" srcset=\"https:\/\/www.oceaneering.com\/wp-content\/uploads\/2025\/05\/casey2-e1747866414449-1024x1024.jpg 1024w, https:\/\/www.oceaneering.com\/wp-content\/uploads\/2025\/05\/casey2-e1747866414449-150x150.jpg 150w, https:\/\/www.oceaneering.com\/wp-content\/uploads\/2025\/05\/casey2-e1747866414449-300x300.jpg 300w, https:\/\/www.oceaneering.com\/wp-content\/uploads\/2025\/05\/casey2-e1747866414449-768x768.jpg 768w, https:\/\/www.oceaneering.com\/wp-content\/uploads\/2025\/05\/casey2-e1747866414449-12x12.jpg 12w, https:\/\/www.oceaneering.com\/wp-content\/uploads\/2025\/05\/casey2-e1747866414449-400x400.jpg 400w, https:\/\/www.oceaneering.com\/wp-content\/uploads\/2025\/05\/casey2-e1747866414449-600x600.jpg 600w, https:\/\/www.oceaneering.com\/wp-content\/uploads\/2025\/05\/casey2-e1747866414449.jpg 1460w\" sizes=\"auto, (max-width: 1024px) 100vw, 1024px\" title=\"Casey Glenn | Oceaneering\" \/><\/a>\n\t\t5\/21\/2025\n\t<h3><a href='https:\/\/www.oceaneering.com\/es\/casey-glenn-a-day-in-the-life-of-an-product-development-manager\/' title='Casey Glenn - A Day in the Life of an \u200b\u200b\u200b\u200b\u200b\u200b\u200bProduct Development Manager'>Casey Glenn &#8211; A Day in the Life of an \u200b\u200b\u200b\u200b\u200b\u200b\u200bProduct Development Manager<\/a><\/h3>\n    \t<p>Casey Glenn es Director de Desarrollo de Nuevos Productos para Europa, Oriente Medio y \u00c1frica (EMEA) en Stavanger, Noruega....<\/p>\n\t\t<a href=\"https:\/\/www.oceaneering.com\/es\/casey-glenn-a-day-in-the-life-of-an-product-development-manager\/\">Seguir leyendo<\/a>\n\t\t\t<a href='https:\/\/www.oceaneering.com\/es\/chad-black-a-day-in-the-life-of-a-project-manager\/' title='Chad Black: un d\u00eda en la vida de un director de proyectos'><img width=\"1024\" height=\"768\" src=\"https:\/\/www.oceaneering.com\/wp-content\/uploads\/2025\/02\/Chad-Black.jpg\" alt=\"\" itemprop=\"image\" decoding=\"async\" loading=\"lazy\" srcset=\"https:\/\/www.oceaneering.com\/wp-content\/uploads\/2025\/02\/Chad-Black.jpg 1024w, https:\/\/www.oceaneering.com\/wp-content\/uploads\/2025\/02\/Chad-Black-300x225.jpg 300w, https:\/\/www.oceaneering.com\/wp-content\/uploads\/2025\/02\/Chad-Black-768x576.jpg 768w, https:\/\/www.oceaneering.com\/wp-content\/uploads\/2025\/02\/Chad-Black-16x12.jpg 16w\" sizes=\"auto, (max-width: 1024px) 100vw, 1024px\" title=\"ChadBlack | Oceaneering\" \/><\/a>\n\t\t2\/12\/2025\n\t<h3><a href='https:\/\/www.oceaneering.com\/es\/chad-black-a-day-in-the-life-of-a-project-manager\/' title='Chad Black: un d\u00eda en la vida de un director de proyectos'>Chad Black: un d\u00eda en la vida de un administrador de proyectos<\/a><\/h3>\n    \t<p>Chad Black es el director de gesti\u00f3n de proyectos del segmento de rob\u00f3tica submarina de Oceaneering. Con sede en Morgan City, Luisiana, Chad dirige...<\/p>\n\t\t<a href=\"https:\/\/www.oceaneering.com\/es\/chad-black-a-day-in-the-life-of-a-project-manager\/\">Seguir leyendo<\/a>\n\t\t\t<a href='https:\/\/www.oceaneering.com\/es\/jason-duncan-a-day-in-the-life-of-an-engineering-manager\/' title='Jason Duncan: un d\u00eda en la vida de un gerente s\u00e9nior de operaciones'><img width=\"500\" height=\"350\" src=\"https:\/\/www.oceaneering.com\/wp-content\/uploads\/2023\/01\/JD-Headshot-2.jpg\" alt=\"Jason Duncan headshot\" itemprop=\"image\" decoding=\"async\" loading=\"lazy\" srcset=\"https:\/\/www.oceaneering.com\/wp-content\/uploads\/2023\/01\/JD-Headshot-2.jpg 500w, https:\/\/www.oceaneering.com\/wp-content\/uploads\/2023\/01\/JD-Headshot-2-300x210.jpg 300w, https:\/\/www.oceaneering.com\/wp-content\/uploads\/2023\/01\/JD-Headshot-2-18x12.jpg 18w\" sizes=\"auto, (max-width: 500px) 100vw, 500px\" title=\"JDHeadshot2 | Oceaneering\" \/><\/a>\n\t\t2\/11\/2025\n\t<h3><a href='https:\/\/www.oceaneering.com\/es\/jason-duncan-a-day-in-the-life-of-an-engineering-manager\/' title='Jason Duncan: un d\u00eda en la vida de un gerente s\u00e9nior de operaciones'>Jason Duncan: un d\u00eda en la vida de un gerente s\u00e9nior de operaciones<\/a><\/h3>\n    \t<p>Jason Duncan es el director s\u00e9nior de Operaciones del Grupo de Productos Manufacturados de Oceaneering en Houston, Texas. Ingeniero mec\u00e1nico de profesi\u00f3n...<\/p>\n\t\t<a href=\"https:\/\/www.oceaneering.com\/es\/jason-duncan-a-day-in-the-life-of-an-engineering-manager\/\">Seguir leyendo<\/a>\n\t\t\t<a href='https:\/\/www.oceaneering.com\/es\/james-harris-a-day-in-the-life-of-a-software-engineer\/' title='James Harris: un d\u00eda en la vida de un ingeniero de software'><img width=\"1024\" height=\"576\" src=\"https:\/\/www.oceaneering.com\/wp-content\/uploads\/2025\/01\/James-Harris-1024x576.jpg\" alt=\"James Harris\" itemprop=\"image\" decoding=\"async\" loading=\"lazy\" srcset=\"https:\/\/www.oceaneering.com\/wp-content\/uploads\/2025\/01\/James-Harris-1024x576.jpg 1024w, https:\/\/www.oceaneering.com\/wp-content\/uploads\/2025\/01\/James-Harris-300x169.jpg 300w, https:\/\/www.oceaneering.com\/wp-content\/uploads\/2025\/01\/James-Harris-768x432.jpg 768w, https:\/\/www.oceaneering.com\/wp-content\/uploads\/2025\/01\/James-Harris-1536x864.jpg 1536w, https:\/\/www.oceaneering.com\/wp-content\/uploads\/2025\/01\/James-Harris-18x10.jpg 18w, https:\/\/www.oceaneering.com\/wp-content\/uploads\/2025\/01\/James-Harris-1280x720.jpg 1280w, https:\/\/www.oceaneering.com\/wp-content\/uploads\/2025\/01\/James-Harris-960x540.jpg 960w, https:\/\/www.oceaneering.com\/wp-content\/uploads\/2025\/01\/James-Harris-640x360.jpg 640w, https:\/\/www.oceaneering.com\/wp-content\/uploads\/2025\/01\/James-Harris-320x180.jpg 320w, https:\/\/www.oceaneering.com\/wp-content\/uploads\/2025\/01\/James-Harris.jpg 1920w\" sizes=\"auto, (max-width: 1024px) 100vw, 1024px\" title=\"JamesHarris | Oceaneering\" \/><\/a>\n\t\t1\/22\/2025\n\t<h3><a href='https:\/\/www.oceaneering.com\/es\/james-harris-a-day-in-the-life-of-a-software-engineer\/' title='James Harris: un d\u00eda en la vida de un ingeniero de software'>James Harris: un d\u00eda en la vida de un ingeniero de software<\/a><\/h3>\n    \t<p>James Harris se uni\u00f3 a Oceaneering Technologies (OTECH) en Hanover, Maryland, como Ingeniero de Software Senior a tiempo completo en el verano de 2023....<\/p>\n\t\t<a href=\"https:\/\/www.oceaneering.com\/es\/james-harris-a-day-in-the-life-of-a-software-engineer\/\">Seguir leyendo<\/a>\n\t\t\t<a href='https:\/\/www.oceaneering.com\/es\/ian-francis-a-day-in-the-life-of-an-onshore-remote-operations-center-oroc-supervisor\/' title='Ian Francis - Un d\u00eda en la vida de un supervisor del Centro de Operaciones Remotas en Tierra (OROC)'><img width=\"1024\" height=\"717\" src=\"https:\/\/www.oceaneering.com\/wp-content\/uploads\/2024\/11\/Ian-Francis-featured-1024x717.png\" alt=\"Ian Francis\" itemprop=\"image\" decoding=\"async\" loading=\"lazy\" srcset=\"https:\/\/www.oceaneering.com\/wp-content\/uploads\/2024\/11\/Ian-Francis-featured-1024x717.png 1024w, https:\/\/www.oceaneering.com\/wp-content\/uploads\/2024\/11\/Ian-Francis-featured-300x210.png 300w, https:\/\/www.oceaneering.com\/wp-content\/uploads\/2024\/11\/Ian-Francis-featured-768x538.png 768w, https:\/\/www.oceaneering.com\/wp-content\/uploads\/2024\/11\/Ian-Francis-featured-1536x1075.png 1536w, https:\/\/www.oceaneering.com\/wp-content\/uploads\/2024\/11\/Ian-Francis-featured-2048x1434.png 2048w, https:\/\/www.oceaneering.com\/wp-content\/uploads\/2024\/11\/Ian-Francis-featured-18x12.png 18w\" sizes=\"auto, (max-width: 1024px) 100vw, 1024px\" title=\"Ian Francis | Oceaneering\" \/><\/a>\n\t\t11\/6\/2024\n\t<h3><a href='https:\/\/www.oceaneering.com\/es\/ian-francis-a-day-in-the-life-of-an-onshore-remote-operations-center-oroc-supervisor\/' title='Ian Francis - Un d\u00eda en la vida de un supervisor del Centro de Operaciones Remotas en Tierra (OROC)'>Ian Francis - Un d\u00eda en la vida de un supervisor del Centro de Operaciones Remotas en Tierra (OROC)<\/a><\/h3>\n    \t<p>Ian Francis, supervisor del Centro de Operaciones Remotas en Tierra (OROC) de Oceaneering en Morgan City, Luisiana, est\u00e1 a la vanguardia de una tecnolog\u00eda...<\/p>\n\t\t<a href=\"https:\/\/www.oceaneering.com\/es\/ian-francis-a-day-in-the-life-of-an-onshore-remote-operations-center-oroc-supervisor\/\">Seguir leyendo<\/a>\n\t\t\t<a href='https:\/\/www.oceaneering.com\/es\/mack-bennett-a-day-in-the-life-of-an-automation-engineer\/' title='Mack Bennett: un d\u00eda en la vida de un ingeniero de automatizaci\u00f3n'><img width=\"1024\" height=\"717\" src=\"https:\/\/www.oceaneering.com\/wp-content\/uploads\/2024\/09\/MackBennett2-1024x717.jpg\" alt=\"A portrait image of Mack Bennett\" itemprop=\"image\" decoding=\"async\" loading=\"lazy\" srcset=\"https:\/\/www.oceaneering.com\/wp-content\/uploads\/2024\/09\/MackBennett2-1024x717.jpg 1024w, https:\/\/www.oceaneering.com\/wp-content\/uploads\/2024\/09\/MackBennett2-300x210.jpg 300w, https:\/\/www.oceaneering.com\/wp-content\/uploads\/2024\/09\/MackBennett2-768x538.jpg 768w, https:\/\/www.oceaneering.com\/wp-content\/uploads\/2024\/09\/MackBennett2-18x12.jpg 18w, https:\/\/www.oceaneering.com\/wp-content\/uploads\/2024\/09\/MackBennett2.jpg 1100w\" sizes=\"auto, (max-width: 1024px) 100vw, 1024px\" title=\"MackBennett2 | Oceaneering\" \/><\/a>\n\t\t9\/25\/2024\n\t<h3><a href='https:\/\/www.oceaneering.com\/es\/mack-bennett-a-day-in-the-life-of-an-automation-engineer\/' title='Mack Bennett: un d\u00eda en la vida de un ingeniero de automatizaci\u00f3n'>Mack Bennett: un d\u00eda en la vida de un ingeniero de automatizaci\u00f3n<\/a><\/h3>\n    \t<p>Mack Bennett es ingeniero de automatizaci\u00f3n de Oceaneering Mobile Robotics (OMR). Es responsable de implementar, probar, dar soporte e instalar...<\/p>\n\t\t<a href=\"https:\/\/www.oceaneering.com\/es\/mack-bennett-a-day-in-the-life-of-an-automation-engineer\/\">Seguir leyendo<\/a>\n\t\t\t<a href='https:\/\/www.oceaneering.com\/es\/patrick-mcgarry-a-day-in-the-life-of-a-commissioning-technician\/' title='Patrick McGarry: un d\u00eda en la vida de un t\u00e9cnico de puesta en marcha'><img width=\"655\" height=\"444\" src=\"https:\/\/www.oceaneering.com\/wp-content\/uploads\/2024\/08\/1000000501.jpg\" alt=\"Patrick McGarry\" itemprop=\"image\" decoding=\"async\" loading=\"lazy\" srcset=\"https:\/\/www.oceaneering.com\/wp-content\/uploads\/2024\/08\/1000000501.jpg 655w, https:\/\/www.oceaneering.com\/wp-content\/uploads\/2024\/08\/1000000501-300x203.jpg 300w, https:\/\/www.oceaneering.com\/wp-content\/uploads\/2024\/08\/1000000501-18x12.jpg 18w\" sizes=\"auto, (max-width: 655px) 100vw, 655px\" title=\"Reportaje sobre Patrick McGarry | Oceaneering\" \/><\/a>\n\t\t8\/15\/2024\n\t<h3><a href='https:\/\/www.oceaneering.com\/es\/patrick-mcgarry-a-day-in-the-life-of-a-commissioning-technician\/' title='Patrick McGarry: un d\u00eda en la vida de un t\u00e9cnico de puesta en marcha'>Patrick McGarry: un d\u00eda en la vida de un t\u00e9cnico de puesta en marcha<\/a><\/h3>\n    \t<p>Patrick McGarry es t\u00e9cnico de puesta en servicio de Oceaneering Mobile Robotics (OMR) en Orlando, Florida. OMR resuelve desaf\u00edos operativos y optimiza...<\/p>\n\t\t<a href=\"https:\/\/www.oceaneering.com\/es\/patrick-mcgarry-a-day-in-the-life-of-a-commissioning-technician\/\">Seguir leyendo<\/a>\n\t\t\t<a href='https:\/\/www.oceaneering.com\/es\/steven-goodson-a-day-in-the-life-of-an-rov-tech\/' title='Steven Goodson: un d\u00eda en la vida de un t\u00e9cnico de ROV'><img width=\"1024\" height=\"768\" src=\"https:\/\/www.oceaneering.com\/wp-content\/uploads\/2024\/07\/Steven-Goodson-e1753158083269-1024x768.jpg\" alt=\"Steven Goodson\" itemprop=\"image\" decoding=\"async\" loading=\"lazy\" srcset=\"https:\/\/www.oceaneering.com\/wp-content\/uploads\/2024\/07\/Steven-Goodson-e1753158083269-1024x768.jpg 1024w, https:\/\/www.oceaneering.com\/wp-content\/uploads\/2024\/07\/Steven-Goodson-e1753158083269-300x225.jpg 300w, https:\/\/www.oceaneering.com\/wp-content\/uploads\/2024\/07\/Steven-Goodson-e1753158083269-768x576.jpg 768w, https:\/\/www.oceaneering.com\/wp-content\/uploads\/2024\/07\/Steven-Goodson-e1753158083269-1536x1152.jpg 1536w, https:\/\/www.oceaneering.com\/wp-content\/uploads\/2024\/07\/Steven-Goodson-e1753158083269-16x12.jpg 16w, https:\/\/www.oceaneering.com\/wp-content\/uploads\/2024\/07\/Steven-Goodson-e1753158083269.jpg 1920w\" sizes=\"auto, (max-width: 1024px) 100vw, 1024px\" title=\"StevenGoodson | Oceaneering\" \/><\/a>\n\t\t7\/22\/2024\n\t<h3><a href='https:\/\/www.oceaneering.com\/es\/steven-goodson-a-day-in-the-life-of-an-rov-tech\/' title='Steven Goodson: un d\u00eda en la vida de un t\u00e9cnico de ROV'>Steven Goodson: un d\u00eda en la vida de un t\u00e9cnico de ROV<\/a><\/h3>\n    \t<p>Steven Goodson es el director de proyectos submarinos de Oceaneering. Supervisa los veh\u00edculos operados a distancia (ROV) a bordo de los buques y...<\/p>\n\t\t<a href=\"https:\/\/www.oceaneering.com\/es\/steven-goodson-a-day-in-the-life-of-an-rov-tech\/\">Seguir leyendo<\/a>\n\t\t\t<a href='https:\/\/www.oceaneering.com\/es\/adriana-davila-garay-a-day-in-the-life-of-an-electrical-engineer\/' title='Adriana D\u00e1vila Garay: un d\u00eda en la vida de una ingeniera el\u00e9ctrica'><img width=\"634\" height=\"444\" src=\"https:\/\/www.oceaneering.com\/wp-content\/uploads\/2024\/07\/Adriana-featured.jpg\" alt=\"\" itemprop=\"image\" decoding=\"async\" loading=\"lazy\" srcset=\"https:\/\/www.oceaneering.com\/wp-content\/uploads\/2024\/07\/Adriana-featured.jpg 634w, https:\/\/www.oceaneering.com\/wp-content\/uploads\/2024\/07\/Adriana-featured-300x210.jpg 300w, https:\/\/www.oceaneering.com\/wp-content\/uploads\/2024\/07\/Adriana-featured-18x12.jpg 18w\" sizes=\"auto, (max-width: 634px) 100vw, 634px\" title=\"Adrianafeatured | Oceaneering\" \/><\/a>\n\t\t7\/15\/2024\n\t<h3><a href='https:\/\/www.oceaneering.com\/es\/adriana-davila-garay-a-day-in-the-life-of-an-electrical-engineer\/' title='Adriana D\u00e1vila Garay: un d\u00eda en la vida de una ingeniera el\u00e9ctrica'>Adriana D\u00e1vila Garay: un d\u00eda en la vida de una ingeniera el\u00e9ctrica<\/a><\/h3>\n    \t<p>Adriana D\u00e1vila Garay es ingeniera el\u00e9ctrica I en las instalaciones de Oceaneering en Hanover, Maryland. Se uni\u00f3 a la empresa Oceaneering Technologies (OTECH)...<\/p>\n\t\t<a href=\"https:\/\/www.oceaneering.com\/es\/adriana-davila-garay-a-day-in-the-life-of-an-electrical-engineer\/\">Seguir leyendo<\/a>\n\t\t\t<a href='https:\/\/www.oceaneering.com\/es\/blanca-montoya-a-day-in-the-life-of-a-product-manager\/' title='Blanca Montoya - Un d\u00eda en la vida de un Product Manager'><img width=\"634\" height=\"444\" src=\"https:\/\/www.oceaneering.com\/wp-content\/uploads\/2024\/06\/Blanca-featured.jpg\" alt=\"\" itemprop=\"image\" decoding=\"async\" loading=\"lazy\" srcset=\"https:\/\/www.oceaneering.com\/wp-content\/uploads\/2024\/06\/Blanca-featured.jpg 634w, https:\/\/www.oceaneering.com\/wp-content\/uploads\/2024\/06\/Blanca-featured-300x210.jpg 300w, https:\/\/www.oceaneering.com\/wp-content\/uploads\/2024\/06\/Blanca-featured-18x12.jpg 18w\" sizes=\"auto, (max-width: 634px) 100vw, 634px\" title=\"Blancafeatured | Oceaneering\" \/><\/a>\n\t\t6\/29\/2024\n\t<h3><a href='https:\/\/www.oceaneering.com\/es\/blanca-montoya-a-day-in-the-life-of-a-product-manager\/' title='Blanca Montoya - Un d\u00eda en la vida de un Product Manager'>Blanca Montoya - Un d\u00eda en la vida de un Product Manager<\/a><\/h3>\n    \t<p>Blanca Montoya es gerente de producto de la unidad de negocio de rob\u00f3tica submarina de Oceaneering. Se encarga de lanzar nuevos productos al mercado, gestionar...<\/p>\n\t\t<a href=\"https:\/\/www.oceaneering.com\/es\/blanca-montoya-a-day-in-the-life-of-a-product-manager\/\">Seguir leyendo<\/a>\n\t\t<!-- .pp-content-posts -->\n\t\t\t<a href=\"https:\/\/www.oceaneering.com\/es\/blog\/?_categories=women-in-technology\" target=\"_self\">\n\t\t\t\t\t\t\tVer todas las entradas\n\t\t\t\t\t<\/a>","protected":false},"excerpt":{"rendered":"<p>Contact Us Employee Spotlight Oceaneering is devoted to creating a talented and innovative workforce. To do that we are highlighting employees who contribute directly and indirectly to our technological advances. 5\/21\/2025 Casey Glenn &#8211; A Day in the Life of an \u200b\u200b\u200b\u200b\u200b\u200b\u200bProduct Development Manager Casey Glenn is the Senior Manager for New Product Development in &#8230; <a title=\"Empleados destacados\" class=\"read-more\" href=\"https:\/\/www.oceaneering.com\/es\/careers\/people-and-culture\/employee-spotlight\/\" aria-label=\"Leer m\u00e1s sobre Empleados destacados\">Seguir leyendo<\/a><\/p>","protected":false},"author":20,"featured_media":0,"parent":61092,"menu_order":48,"comment_status":"closed","ping_status":"closed","template":"","meta":{"_acf_changed":false,"footnotes":"","_links_to":"","_links_to_target":""},"product_category":[],"search_tags":[1826],"class_list":["post-61100","page","type-page","status-publish","search_tags-careers"],"acf":[],"aioseo_notices":[],"_links":{"self":[{"href":"https:\/\/www.oceaneering.com\/es\/wp-json\/wp\/v2\/pages\/61100","targetHints":{"allow":["GET"]}}],"collection":[{"href":"https:\/\/www.oceaneering.com\/es\/wp-json\/wp\/v2\/pages"}],"about":[{"href":"https:\/\/www.oceaneering.com\/es\/wp-json\/wp\/v2\/types\/page"}],"author":[{"embeddable":true,"href":"https:\/\/www.oceaneering.com\/es\/wp-json\/wp\/v2\/users\/20"}],"replies":[{"embeddable":true,"href":"https:\/\/www.oceaneering.com\/es\/wp-json\/wp\/v2\/comments?post=61100"}],"version-history":[{"count":2,"href":"https:\/\/www.oceaneering.com\/es\/wp-json\/wp\/v2\/pages\/61100\/revisions"}],"predecessor-version":[{"id":81415,"href":"https:\/\/www.oceaneering.com\/es\/wp-json\/wp\/v2\/pages\/61100\/revisions\/81415"}],"up":[{"embeddable":true,"href":"https:\/\/www.oceaneering.com\/es\/wp-json\/wp\/v2\/pages\/61092"}],"wp:attachment":[{"href":"https:\/\/www.oceaneering.com\/es\/wp-json\/wp\/v2\/media?parent=61100"}],"wp:term":[{"taxonomy":"product_category","embeddable":true,"href":"https:\/\/www.oceaneering.com\/es\/wp-json\/wp\/v2\/product_category?post=61100"},{"taxonomy":"search_tags","embeddable":true,"href":"https:\/\/www.oceaneering.com\/es\/wp-json\/wp\/v2\/search_tags?post=61100"}],"curies":[{"name":"wp","href":"https:\/\/api.w.org\/{rel}","templated":true}]}}