{"id":61093,"date":"2023-11-09T08:22:41","date_gmt":"2023-11-09T13:22:41","guid":{"rendered":"https:\/\/oceaneering.com\/careers\/benefits\/"},"modified":"2024-09-11T05:30:10","modified_gmt":"2024-09-11T10:30:10","slug":"benefits","status":"publish","type":"page","link":"https:\/\/www.oceaneering.com\/es\/careers\/benefits\/","title":{"rendered":"Beneficios"},"content":{"rendered":"<a href=\"https:\/\/www.oceaneering.com\/es\/contact-us\/\" target=\"_self\" rel=\"noopener\">\n\t\t\t\t\t\t\tContacte con nosotros\n\t\t\t\t\t<\/a>\n<h1>\n\t\tBeneficios\n\t<\/h1>\n\n\t\tOfrecemos paquetes de prestaciones completos y competitivos en todo el mundo, adaptados al mercado local en el que operamos. Por lo tanto, las prestaciones de los empleados depender\u00e1n del lugar de trabajo y de la funci\u00f3n, pero pueden incluir seguro de vida, protecci\u00f3n de ingresos, pensi\u00f3n, seguro m\u00e9dico privado y vacaciones anuales.\n\t\n\t<p>Adem\u00e1s, damos prioridad a ofrecer oportunidades de aprendizaje y desarrollo que permitan a los empleados alcanzar su potencial y tomar las riendas de su futuro. Adem\u00e1s de desarrollar a los empleados en una funci\u00f3n espec\u00edfica, estamos comprometidos con el aprendizaje permanente y la formaci\u00f3n continua, incluido el desarrollo de las habilidades de las personas y la identificaci\u00f3n de futuros supervisores y directivos. Cada mes, cientos de empleados reciben formaci\u00f3n, como concienciaci\u00f3n sobre salud, seguridad y medio ambiente, aprendizaje, cursos t\u00e9cnicos de nivel b\u00e1sico y avanzado, seminarios de desarrollo de gesti\u00f3n y formaci\u00f3n en liderazgo y supervisi\u00f3n.<\/p>\n\t<p>Tenemos un fuerte esp\u00edritu de promoci\u00f3n interna. Podemos ofrecer empleo a largo plazo y promoci\u00f3n profesional en distintos pa\u00edses y continentes.<\/p>\n<p>Trabajar en Oceaneering significa que si tienes la capacidad, el empuje y la ambici\u00f3n de tomar las riendas de tu futuro, recibir\u00e1s apoyo para hacerlo y las posibilidades son infinitas.<\/p>","protected":false},"excerpt":{"rendered":"<p>Contact Us Benefits We offer comprehensive and competitive benefit packages worldwide, tailored to the local market of operation. Employee benefits therefore will depend on work location and role, however, may include life insurance, income protection, pension, private medical insurance, and annual leave. In addition, we make a priority of providing learning and development opportunities to &#8230; <a title=\"Beneficios\" class=\"read-more\" href=\"https:\/\/www.oceaneering.com\/es\/careers\/benefits\/\" aria-label=\"Leer m\u00e1s sobre Beneficios\">Seguir leyendo<\/a><\/p>","protected":false},"author":20,"featured_media":0,"parent":1148,"menu_order":43,"comment_status":"closed","ping_status":"closed","template":"","meta":{"_acf_changed":false,"footnotes":"","_links_to":"","_links_to_target":""},"product_category":[],"search_tags":[1826],"class_list":["post-61093","page","type-page","status-publish","search_tags-careers"],"acf":[],"aioseo_notices":[],"_links":{"self":[{"href":"https:\/\/www.oceaneering.com\/es\/wp-json\/wp\/v2\/pages\/61093","targetHints":{"allow":["GET"]}}],"collection":[{"href":"https:\/\/www.oceaneering.com\/es\/wp-json\/wp\/v2\/pages"}],"about":[{"href":"https:\/\/www.oceaneering.com\/es\/wp-json\/wp\/v2\/types\/page"}],"author":[{"embeddable":true,"href":"https:\/\/www.oceaneering.com\/es\/wp-json\/wp\/v2\/users\/20"}],"replies":[{"embeddable":true,"href":"https:\/\/www.oceaneering.com\/es\/wp-json\/wp\/v2\/comments?post=61093"}],"version-history":[{"count":0,"href":"https:\/\/www.oceaneering.com\/es\/wp-json\/wp\/v2\/pages\/61093\/revisions"}],"up":[{"embeddable":true,"href":"https:\/\/www.oceaneering.com\/es\/wp-json\/wp\/v2\/pages\/1148"}],"wp:attachment":[{"href":"https:\/\/www.oceaneering.com\/es\/wp-json\/wp\/v2\/media?parent=61093"}],"wp:term":[{"taxonomy":"product_category","embeddable":true,"href":"https:\/\/www.oceaneering.com\/es\/wp-json\/wp\/v2\/product_category?post=61093"},{"taxonomy":"search_tags","embeddable":true,"href":"https:\/\/www.oceaneering.com\/es\/wp-json\/wp\/v2\/search_tags?post=61093"}],"curies":[{"name":"wp","href":"https:\/\/api.w.org\/{rel}","templated":true}]}}