{"id":61092,"date":"2023-11-09T08:22:41","date_gmt":"2023-11-09T13:22:41","guid":{"rendered":"https:\/\/oceaneering.com\/careers\/diversity-and-inclusion\/"},"modified":"2025-05-14T12:17:32","modified_gmt":"2025-05-14T17:17:32","slug":"people-and-culture","status":"publish","type":"page","link":"https:\/\/www.oceaneering.com\/es\/careers\/people-and-culture\/","title":{"rendered":"Personas y cultura"},"content":{"rendered":"<a href=\"https:\/\/www.oceaneering.com\/es\/contact-us\/\" target=\"_self\">\r\n\t\t\t\t\t\t\tContacte con nosotros\r\n\t\t\t\t\t<\/a>\r\n<h1>\r\n\t\tPersonas y cultura\r\n\t<\/h1>\r\n\t<p>Oceaneering is devoted to creating a talented and innovative workforce. From recent college graduates to transitioning military veterans, we pair talented job seekers with rewarding positions.<\/p>\r\n\t\t\t<img decoding=\"async\" src=\"https:\/\/oceaneering.com\/wp-content\/uploads\/2023\/11\/website-thumbnail-201923-1-scaled.jpeg\" title=\"website-thumbnail-201923\" alt=\"\" \/>\t\t\t\t\t\t\t\r\n\t\t\t\t\tReproducir v\u00eddeo\r\n<h2>\r\n\t\tProgramas de pr\u00e1cticas y aprendizaje\r\n\t<\/h2>\r\n\t<p>Oceaneering se compromete a identificar y desarrollar las carreras de estudiantes de todo el espectro de experiencias.<\/p>\r\n\t\t\t\t\t\t<img decoding=\"async\" src=\"https:\/\/oceaneering.com\/wp-content\/uploads\/2023\/11\/College-internship.jpg\" alt=\"\"\/>\r\n\t\t\t\t\t\t<h3>Pr\u00e1cticas universitarias<\/h3>\r\n\t\t\t\t\t\t<h3>Pr\u00e1cticas universitarias<\/h3>\r\n\t\t\t\t\t\t<p>Obtenga cr\u00e9ditos universitarios mientras aprende m\u00e1s sobre las numerosas industrias a las que Oceaneering presta servicio.<\/p>\r\n\t<p>Para los estudiantes actuales, ofrecemos oportunidades anuales de pr\u00e1cticas de verano: de junio a agosto, los participantes se sumergen en las actividades diarias de una de nuestras muchas unidades de negocio. Los estudiantes terminan las pr\u00e1cticas con una mejor comprensi\u00f3n de las operaciones empresariales cotidianas en su campo de estudio elegido.<\/p>\r\n\t\t\t\t\t\t<img decoding=\"async\" src=\"https:\/\/oceaneering.com\/wp-content\/uploads\/2023\/11\/09CW053-edited-1.jpg\" alt=\"\"\/>\r\n\t\t\t\t\t\t<h3>Aprendizaje mar\u00edtimo<\/h3>\r\n\t\t\t\t\t\t<h3>Aprendizaje mar\u00edtimo<\/h3>\r\n\t\t\t\t\t\t<p>Obtenga un certificado acreditado en tecnolog\u00edas mar\u00edtimas en tan s\u00f3lo cuatro a\u00f1os.<\/p>\r\n\t<p>Para los profesionales que deseen ampliar sus conocimientos o cambiar de profesi\u00f3n, ofrecemos un programa de aprendizaje en el sector mar\u00edtimo. Los participantes reciben formaci\u00f3n en el puesto de trabajo, as\u00ed como instrucci\u00f3n en clase sobre m\u00faltiples oficios. Al final del programa de cuatro a\u00f1os, los participantes obtienen un certificado en tecnolog\u00edas mar\u00edtimas y un certificado de oficial.<\/p>\r\n\t\t\t\t<img decoding=\"async\" src=\"https:\/\/oceaneering.com\/wp-content\/uploads\/2023\/11\/shutterstock_183400235-edited-1.jpg\" alt=\"Graduates throwing their hats in the air\" itemprop=\"image\" title=\"Titulados\" onerror=\"this.style.display='none'\"  \/>\r\n<h2>\r\n\t\tGraduados recientes\r\n\t<\/h2>\r\n\t<p>No matter your passion or area of interest, there&#8217;s a part of our business made just for you. As a vital part of some of the world&#8217;s fastest moving industries, you&#8217;ll not only be working with advanced technology, you&#8217;ll be making a great investment in your future.<\/p>\r\n<em>&#8220;I chose Oceaneering because of the challenging opportunities and the growth in Angola. During my interview, the hiring manager explained the goals and growth of the company and that was exciting to me! It&#8217;s an open door culture, with friendly and very helpful people.&#8221;<\/em><br \/>\r\n<em>~ Joel, Contable de costes de contabilidad general<\/em>\r\n<h2>\r\n\t\tMilitares en transici\u00f3n\r\n\t<\/h2>\r\n\t<p>Oceaneering se enorgullece de emplear a veteranos militares. Nuestra presencia en una amplia variedad de sectores y regiones nos permite poner en contacto a solicitantes de empleo procedentes de una reserva de talento diversa con puestos adecuados a sus habilidades y experiencia espec\u00edficas.<\/p>\r\n\t\t\t<a href=\"https:\/\/www.oceaneering.com\/es\/careers\/veterans\/\" target=\"_self\">\r\n\t\t\t\t\t\t\tM\u00e1s informaci\u00f3n\r\n\t\t\t<\/a>\r\n\t\t\t\t<img decoding=\"async\" src=\"https:\/\/oceaneering.com\/wp-content\/uploads\/2023\/11\/Military2.jpeg\" alt=\"Military2\" itemprop=\"image\" title=\"Militar2\" onerror=\"this.style.display='none'\"  \/>","protected":false},"excerpt":{"rendered":"<p>Contact Us People and Culture Oceaneering is devoted to creating a talented and innovative workforce. From recent college graduates to transitioning military veterans, we pair talented job seekers with rewarding positions. Play Video Internships and Apprentice Programs Oceaneering is committed to identifying and developing the careers of students from across the experience spectrum. College Internships &#8230; <a title=\"Personas y cultura\" class=\"read-more\" href=\"https:\/\/www.oceaneering.com\/es\/careers\/people-and-culture\/\" aria-label=\"Leer m\u00e1s sobre People and Culture\">Seguir leyendo<\/a><\/p>","protected":false},"author":20,"featured_media":0,"parent":1148,"menu_order":42,"comment_status":"closed","ping_status":"closed","template":"","meta":{"_acf_changed":false,"footnotes":"","_links_to":"","_links_to_target":""},"product_category":[],"search_tags":[1826],"class_list":["post-61092","page","type-page","status-publish","search_tags-careers"],"acf":[],"aioseo_notices":[],"_links":{"self":[{"href":"https:\/\/www.oceaneering.com\/es\/wp-json\/wp\/v2\/pages\/61092","targetHints":{"allow":["GET"]}}],"collection":[{"href":"https:\/\/www.oceaneering.com\/es\/wp-json\/wp\/v2\/pages"}],"about":[{"href":"https:\/\/www.oceaneering.com\/es\/wp-json\/wp\/v2\/types\/page"}],"author":[{"embeddable":true,"href":"https:\/\/www.oceaneering.com\/es\/wp-json\/wp\/v2\/users\/20"}],"replies":[{"embeddable":true,"href":"https:\/\/www.oceaneering.com\/es\/wp-json\/wp\/v2\/comments?post=61092"}],"version-history":[{"count":0,"href":"https:\/\/www.oceaneering.com\/es\/wp-json\/wp\/v2\/pages\/61092\/revisions"}],"up":[{"embeddable":true,"href":"https:\/\/www.oceaneering.com\/es\/wp-json\/wp\/v2\/pages\/1148"}],"wp:attachment":[{"href":"https:\/\/www.oceaneering.com\/es\/wp-json\/wp\/v2\/media?parent=61092"}],"wp:term":[{"taxonomy":"product_category","embeddable":true,"href":"https:\/\/www.oceaneering.com\/es\/wp-json\/wp\/v2\/product_category?post=61092"},{"taxonomy":"search_tags","embeddable":true,"href":"https:\/\/www.oceaneering.com\/es\/wp-json\/wp\/v2\/search_tags?post=61092"}],"curies":[{"name":"wp","href":"https:\/\/api.w.org\/{rel}","templated":true}]}}