{"id":61091,"date":"2023-11-09T08:22:41","date_gmt":"2023-11-09T13:22:41","guid":{"rendered":"https:\/\/oceaneering.com\/careers\/information-for-job-seekers\/"},"modified":"2026-03-10T09:56:37","modified_gmt":"2026-03-10T14:56:37","slug":"information-for-job-seekers","status":"publish","type":"page","link":"https:\/\/www.oceaneering.com\/es\/careers\/information-for-job-seekers\/","title":{"rendered":"Informaci\u00f3n para solicitantes de empleo"},"content":{"rendered":"<a href=\"https:\/\/www.oceaneering.com\/es\/contact-us\/\" target=\"_self\">\n\t\t\t\t\t\t\tContacte con nosotros\n\t\t\t\t\t<\/a>\n<h1>\n\t\tInformaci\u00f3n para solicitantes de empleo\n\t<\/h1>\n<h2>\n\t\tDeclaraci\u00f3n de alojamiento\n\t<\/h2>\n\t<p>Oceaneering se compromete a facilitar el acceso a todas las personas que busquen informaci\u00f3n en nuestro sitio web.<\/p>\n\t<p>Si usted es una persona cualificada con una discapacidad o un veterano discapacitado, puede solicitar un ajuste razonable si no puede o est\u00e1 limitado en su capacidad para utilizar o acceder a nuestro sitio como resultado de su discapacidad. Puede solicitar adaptaciones razonables llamando al 844.999.6947 o envi\u00e1ndonos un correo electr\u00f3nico a <a href=\"mailto:jobs-oii@oceaneering.com\" target=\"_blank\" rel=\"noopener\" data-kmt=\"1\">jobs-oii@oceaneering.com<\/a>. Solo se devolver\u00e1n los mensajes que se hayan dejado con este fin.<\/p>\n<h2>\n\t\tIgualdad de oportunidades\n\t<\/h2>\n\t<p>Todos los candidatos cualificados ser\u00e1n tenidos en cuenta para todos los puestos sin distinci\u00f3n de raza, color, edad, religi\u00f3n, sexo (incluido el embarazo), orientaci\u00f3n sexual, identidad de g\u00e9nero, origen nacional, condici\u00f3n de veterano, discapacidad, informaci\u00f3n gen\u00e9tica u otros factores ajenos al m\u00e9rito.<\/p>\n<h2>\n\t\tEstafas y fraudes en la contrataci\u00f3n\n\t<\/h2>\n\t<p>Oceaneering International, Inc. y sus filiales no cobrar\u00e1n ni solicitar\u00e1n ning\u00fan tipo de pago o transferencia de dinero a los candidatos a un puesto de trabajo en concepto de ofertas de empleo, entrevistas de trabajo y colocaci\u00f3n, o tasas y documentaci\u00f3n de inmigraci\u00f3n.<\/p>\n\t<p>Para ayudar en la contrataci\u00f3n, la empresa, de vez en cuando, puede contratar a agencias de empleo leg\u00edtimas para que le ayuden sin coste alguno para la persona que busca trabajo\/candidato. Las personas y los sitios web que utilicen el nombre y el logotipo de Oceaneering cuando se solicite una tarifa de este tipo no est\u00e1n autorizados a hacerlo y no representan a Oceaneering. Esta pol\u00edtica no incluye los cursos de formaci\u00f3n administrados directamente por Oceaneering. Los cursos de formaci\u00f3n no constituyen una oferta de empleo y no est\u00e1n cubiertos por esta pol\u00edtica.<\/p>\n<h2>\n\t\tEmpleador E-Verify\n\t<\/h2>\n\t<p>Oceaneering International, Inc. participa en E-Verify para los solicitantes estadounidenses. Para obtener m\u00e1s informaci\u00f3n, consulte los siguientes documentos.<\/p>\n\t<a href=\"https:\/\/oceaneering.canto.com\/direct\/document\/0qsk52403159jbfapqq4ihd236\/1mbjsbed2LWdThDLg78ANrkAZoQ\/original?content-type=application%2Fpdf&amp;name=This-Company-Participates-in-E-Verify.pdf\" target=\"_blank\" rel=\"noopener\">Esta empresa participa en E-Verify<\/a><br \/>\n<a href=\"https:\/\/oceaneering.canto.com\/direct\/document\/ldo1cfvvst4jp0bgjlk21s2t41\/N6JpVNDdvGlzHCfBb4aW26TwqCc\/original?content-type=application%2Fpdf&amp;name=The-Right-to-Work.pdf\" target=\"_blank\" rel=\"noopener\">Derecho al trabajo<\/a><br \/>\n<a href=\"https:\/\/oceaneering.canto.com\/direct\/document\/l683s2q18t5290lb29d8epak10\/rjd2XJOi2wLlROTzb3IxqRLC2Iw\/original?content-type=application%2Fpdf&amp;name=El-Derecho-al-Trabajo.pdf\" target=\"_blank\" rel=\"noopener\">El Derecho al Trabajo<\/a>\n<h2>\n\t\tAviso sobre la protecci\u00f3n de datos de los solicitantes\n\t<\/h2>\n\t<p>Oceaneering proporciona este Aviso de Protecci\u00f3n de Datos de Solicitantes para explicar nuestras pr\u00e1cticas en relaci\u00f3n con la recopilaci\u00f3n, uso y otros tratamientos de determinada informaci\u00f3n identificable individualmente sobre solicitantes de empleo u otros empleados potenciales (\"Datos Personales\"), en relaci\u00f3n con las actividades de reclutamiento y contrataci\u00f3n.<\/p>\n\t\t\t<a href=\"https:\/\/oceaneering.canto.com\/direct\/document\/ndf1t7ludp4m95nlhak761lp7f\/GcGSURNM4eo2ymKeY8xhklPeIPk\/original?content-type=application%2Fpdf&#038;name=Applicant+Data+Protection+Notice+%28No+Date%29.pdf\" target=\"_blank\" rel=\"noopener\">\n\t\t\t\t\t\t\tAviso sobre la protecci\u00f3n de datos de los solicitantes\n\t\t\t\t\t<\/a>","protected":false},"excerpt":{"rendered":"<p>Contact Us Information for Job Seekers Accommodation Statement Oceaneering is committed to providing access to all individuals who are seeking information from our website. If you are a qualified individual with a disability or a disabled veteran, you may request a reasonable accommodation if you are unable or limited in your ability to use or &#8230; <a title=\"Informaci\u00f3n para solicitantes de empleo\" class=\"read-more\" href=\"https:\/\/www.oceaneering.com\/es\/careers\/information-for-job-seekers\/\" aria-label=\"Leer m\u00e1s sobre Informaci\u00f3n para demandantes de empleo\">Seguir leyendo<\/a><\/p>","protected":false},"author":20,"featured_media":0,"parent":1148,"menu_order":41,"comment_status":"closed","ping_status":"closed","template":"","meta":{"_acf_changed":false,"footnotes":"","_links_to":"","_links_to_target":""},"product_category":[],"search_tags":[1826],"class_list":["post-61091","page","type-page","status-publish","search_tags-careers"],"acf":[],"aioseo_notices":[],"_links":{"self":[{"href":"https:\/\/www.oceaneering.com\/es\/wp-json\/wp\/v2\/pages\/61091","targetHints":{"allow":["GET"]}}],"collection":[{"href":"https:\/\/www.oceaneering.com\/es\/wp-json\/wp\/v2\/pages"}],"about":[{"href":"https:\/\/www.oceaneering.com\/es\/wp-json\/wp\/v2\/types\/page"}],"author":[{"embeddable":true,"href":"https:\/\/www.oceaneering.com\/es\/wp-json\/wp\/v2\/users\/20"}],"replies":[{"embeddable":true,"href":"https:\/\/www.oceaneering.com\/es\/wp-json\/wp\/v2\/comments?post=61091"}],"version-history":[{"count":1,"href":"https:\/\/www.oceaneering.com\/es\/wp-json\/wp\/v2\/pages\/61091\/revisions"}],"predecessor-version":[{"id":81397,"href":"https:\/\/www.oceaneering.com\/es\/wp-json\/wp\/v2\/pages\/61091\/revisions\/81397"}],"up":[{"embeddable":true,"href":"https:\/\/www.oceaneering.com\/es\/wp-json\/wp\/v2\/pages\/1148"}],"wp:attachment":[{"href":"https:\/\/www.oceaneering.com\/es\/wp-json\/wp\/v2\/media?parent=61091"}],"wp:term":[{"taxonomy":"product_category","embeddable":true,"href":"https:\/\/www.oceaneering.com\/es\/wp-json\/wp\/v2\/product_category?post=61091"},{"taxonomy":"search_tags","embeddable":true,"href":"https:\/\/www.oceaneering.com\/es\/wp-json\/wp\/v2\/search_tags?post=61091"}],"curies":[{"name":"wp","href":"https:\/\/api.w.org\/{rel}","templated":true}]}}