{"id":61090,"date":"2023-11-09T08:22:41","date_gmt":"2023-11-09T13:22:41","guid":{"rendered":"https:\/\/oceaneering.com\/careers\/veterans\/"},"modified":"2026-04-06T11:07:08","modified_gmt":"2026-04-06T16:07:08","slug":"veterans","status":"publish","type":"page","link":"https:\/\/www.oceaneering.com\/es\/careers\/veterans\/","title":{"rendered":"Contrataci\u00f3n de veteranos"},"content":{"rendered":"<a href=\"https:\/\/www.oceaneering.com\/es\/contact-us\/\" target=\"_self\">\n\t\t\t\t\t\t\tContacte con nosotros\n\t\t\t\t\t<\/a>\n<h1>\n\t\tContrataci\u00f3n de h\u00e9roes\n\t<\/h1>\n\t<p>Aproveche su experiencia militar con una carrera en Oceaneering.<\/p>\n\t<p>Cr\u00e9dito de la foto: U.S. Navy<\/p>\n<h2>\n\t\tForja tu futuro con Oceaneering\n\t<\/h2>\n\t<p>En Oceaneering, defendemos los mismos <a href=\"https:\/\/www.oceaneering.com\/es\/about\/mission-vision-and-values\/\">valores<\/a> que resuenan entre el personal militar: Hacer las cosas bien, resolver problemas complejos, crecer juntos, superar las expectativas y asumir el reto.<\/p>\n\t\t\t\t<img decoding=\"async\" src=\"https:\/\/oceaneering.com\/wp-content\/uploads\/2023\/11\/maintenance-icon-1.jpg\" alt=\"maintenance-icon-1\" itemprop=\"image\" title=\"mantenimiento-icono-1\" onerror=\"this.style.display='none'\"  \/>\n\t<p>Aqu\u00ed no s\u00f3lo se reconocen sus conocimientos adquiridos en el servicio, sino que se celebran. Admiramos su resistencia, liderazgo, agudeza en la resoluci\u00f3n de problemas y conocimientos t\u00e9cnicos, y nos comprometemos a ayudarle a trasladar estas habilidades sin problemas a nuestro espacio de trabajo civil.<\/p>\n\t\t\t\t<img decoding=\"async\" src=\"https:\/\/oceaneering.com\/wp-content\/uploads\/2023\/11\/Industry-Leading-icon.png\" alt=\"Industry-Leading-icon\" itemprop=\"image\" title=\"Icono l\u00edder del sector\" onerror=\"this.style.display='none'\"  \/>\n\t<p>Imagine trabajar con un l\u00edder mundial en servicios tecnol\u00f3gicos, abordando proyectos de alto riesgo en tierra, bajo el agua e incluso en el espacio. Si te gusta trabajar bajo presi\u00f3n y te gustan los retos, en Oceaneering te sentir\u00e1s realizado.<\/p>\n\t\t\t\t<img decoding=\"async\" src=\"https:\/\/oceaneering.com\/wp-content\/uploads\/2023\/11\/mobilisation-icon1-1.jpg\" alt=\"mobilisation-icon1-1\" itemprop=\"image\" title=\"movilizaci\u00f3n-icono1-1\" onerror=\"this.style.display='none'\"  \/>\n\t<p>Aqu\u00ed el crecimiento profesional no es una ocurrencia tard\u00eda, sino una prioridad. Alimentamos sus ambiciones y fomentamos un entorno que le anima a tomar la iniciativa, perfeccionar sus habilidades y ascender hasta convertirse en una autoridad del sector.<\/p>\n\t\t\t\t<img decoding=\"async\" src=\"https:\/\/oceaneering.com\/wp-content\/uploads\/2023\/11\/Offshore-Projects-icon.png\" alt=\"Offshore-Projects-icon\" itemprop=\"image\" title=\"Offshore-Projects-icon\" onerror=\"this.style.display='none'\"  \/>\n\t<p>La seguridad no es s\u00f3lo un elemento de nuestra lista de control; est\u00e1 entretejida en el tejido de nuestra cultura. Los candidatos militares descubrir\u00e1n que todos en Oceaneering, desde nuestro recluta m\u00e1s reciente hasta el CEO, contribuimos a la mejora continua de nuestros est\u00e1ndares de salud, seguridad y medio ambiente.<\/p>\n<h2>\n\t\t\u00danase a nosotros para resolver lo irresoluble\n\t<\/h2>\n\n\t\tEn Oceaneering, no s\u00f3lo superamos complejos retos operativos, sino que creamos soluciones que cambian el sector. Ponga rumbo a su futuro con nosotros. Esperamos ser testigos de su viaje. \n\t\n\t\t\t<a href=\"https:\/\/ebfr.fa.us2.oraclecloud.com\/hcmUI\/CandidateExperience\" target=\"_blank\" rel=\"noopener\">\n\t\t\t\t\t\t\tVer empleos disponibles\n\t\t\t<\/a>\n<h2>\n\t\tPrograma SkillBridge del Departamento de Defensa\n\t<\/h2>\n\t<p>Como organizaci\u00f3n SkillBridge autorizada por el DoD, Oceaneering trabaja con cada una de las ramas aplicables de los servicios militares estadounidenses y los respectivos comandantes de las instalaciones para desarrollar programas de formaci\u00f3n SkillBridge para su personal.<\/p>\n<p>\u00a1Inicie su carrera civil antes de dejar el servicio! Oceaneering puede ofrecer a los miembros en servicio activo -con aptitudes y experiencia transferibles- oportunidades aprobadas de pr\u00e1cticas no remuneradas en campos profesionales de gran demanda con altas probabilidades de empleo posterior al servicio. Las pr\u00e1cticas SkillBridge s\u00f3lo pueden comenzar durante los 180 d\u00edas anteriores a la separaci\u00f3n del servicio activo. Las pr\u00e1cticas requieren la aprobaci\u00f3n del mando militar correspondiente, \u00f3rdenes oficiales TAD\/TDY sin coste alguno y la superaci\u00f3n de los requisitos de selecci\u00f3n previos a las pr\u00e1cticas de Oceaneering.<\/p>\n<p>\u00bfQuiere saber qu\u00e9 lugar ocupan sus conocimientos militares en el mercado laboral civil? Visite la p\u00e1gina <a href=\"https:\/\/careers.oceaneering.com\/global\/en\/veterans\" target=\"_blank\" rel=\"noopener\">Bolsa de trabajo para veteranos<\/a>.<\/p>\n<h1>\n\t\tContacte con nosotros\n\t<\/h1>\n<h2>\n\t\tNuestro equipo de expertos est\u00e1 listo para ayudarle a empezar.\n\t<\/h2>\n\t<p>Oceaneering ofrece los mejores productos y soluciones de su clase, respaldados por una calidad, fiabilidad y asistencia global inigualables. Rellene el formulario de consulta para iniciar una conversaci\u00f3n hoy mismo.<\/p>\n                <form method='post' enctype='multipart\/form-data' target='gform_ajax_frame_12' id='gform_12'  action='https:\/\/www.oceaneering.com\/es\/careers\/veterans\/?fl_builder&#038;fl_builder_ui_iframe#gf_12' data-formid='12' novalidate data-trp-original-action=\"https:\/\/www.oceaneering.com\/careers\/veterans\/?fl_builder&#038;fl_builder_ui_iframe#gf_12\">\n                        <fieldset id=\"field_12_16\"><legend class='gfield_label gform-field-label gfield_label_before_complex'>Nombre<\/legend>\n                                                    <input type='text' name='input_16.3' id='input_12_16_3' value='' tabindex='101'  aria-required='false'     \/>\n                                                    <label for='input_12_16_3' class='gform-field-label gform-field-label--type-sub'>En primer lugar<\/label>\n                                                    <input type='text' name='input_16.6' id='input_12_16_6' value='' tabindex='103'  aria-required='false'     \/>\n                                                    <label for='input_12_16_6' class='gform-field-label gform-field-label--type-sub'>\u00daltima<\/label>\n                        <\/fieldset><label class='gfield_label gform-field-label' for='input_12_2'>Rango<\/label><input name='input_2' id='input_12_2' type='text' value='' class='large'   tabindex='105'   aria-invalid=\"false\"   \/><label class='gfield_label gform-field-label' for='input_12_3'>Rama de servicio<\/label><select name='input_3' id='input_12_3' class='large gfield_select' tabindex='106'    aria-invalid=\"false\"><option value='Army'>Ej\u00e9rcito<\/option><option value='Navy'>Marina<\/option><option value='Air Force'>Ej\u00e9rcito del Aire<\/option><option value='Marines'>Marines<\/option><option value='Coast Guard'>Guardacostas<\/option><option value='Space Force'>Fuerza Espacial<\/option><\/select><label class='gfield_label gform-field-label' for='input_12_11'>\u00bfCu\u00e1l es su ocupaci\u00f3n militar?<\/label><input name='input_11' id='input_12_11' type='text' value='' class='large'   tabindex='107'   aria-invalid=\"false\"   \/><label class='gfield_label gform-field-label' for='input_12_4'>Base\/Instalaci\u00f3n actual<\/label><input name='input_4' id='input_12_4' type='text' value='' class='large'   tabindex='108'   aria-invalid=\"false\"   \/><label class='gfield_label gform-field-label' for='input_12_12'>\u00bfSituaci\u00f3n actual?<\/label><input name='input_12' id='input_12_12' type='text' value='' class='large'   tabindex='109'   aria-invalid=\"false\"   \/><label class='gfield_label gform-field-label' for='input_12_13'>Ubicaci\u00f3n tras la separaci\u00f3n del servicio activo, si procede.<\/label><input name='input_13' id='input_12_13' type='text' value='' class='large'   tabindex='110'   aria-invalid=\"false\"   \/><label class='gfield_label gform-field-label' for='input_12_6'>\u00bfSigues en servicio activo?<\/label><select name='input_6' id='input_12_6' class='large gfield_select' tabindex='111'    aria-invalid=\"false\"><option value='Yes'>S\u00ed<\/option><option value='No'>No<\/option><\/select><label class='gfield_label gform-field-label' for='input_12_15'>\u00bfSe encuentra en el \u00faltimo plazo de 180 d\u00edas antes de la separaci\u00f3n del servicio activo?<\/label><select name='input_15' id='input_12_15' class='large gfield_select' tabindex='112'    aria-invalid=\"false\"><option value='Yes'>S\u00ed<\/option><option value='No'>No<\/option><\/select><label class='gfield_label gform-field-label' for='input_12_20'>Fecha prevista de separaci\u00f3n<\/label>\n                            <input name='input_20' id='input_12_20' type='text' value='' class='datepicker gform-datepicker mdy datepicker_with_icon gdatepicker_with_icon' tabindex='113'  placeholder='mm\/dd\/aaaa' aria-describedby=\"input_12_20_date_format\" aria-invalid=\"false\" \/>\n                            MM barra oblicua DD barra oblicua AAAA\n                        <input type='hidden' id='gforms_calendar_icon_input_12_20' class='gform_hidden' value='https:\/\/www.oceaneering.com\/wp-content\/plugins\/gravityforms\/images\/datepicker\/datepicker.svg'\/><label class='gfield_label gform-field-label' for='input_12_14'>\u00bfHa finalizado el Programa de Ayuda a la Transici\u00f3n (TAP)?<\/label><select name='input_14' id='input_12_14' class='large gfield_select' tabindex='114'    aria-invalid=\"false\"><option value='Yes'>S\u00ed<\/option><option value='No'>No<\/option><\/select><label class='gfield_label gform-field-label' for='input_12_19'>\u00bfDesea informarse sobre las pr\u00e1cticas DoD SkillBridge de Oceaneering?<\/label><select name='input_19' id='input_12_19' class='large gfield_select' tabindex='115'    aria-invalid=\"false\"><option value='Yes'>S\u00ed<\/option><option value='No'>No<\/option><\/select><label class='gfield_label gform-field-label' for='input_12_18'>En caso afirmativo, \u00bfcu\u00e1l es el programa SkillBridge que le interesa?<\/label><input name='input_18' id='input_12_18' type='text' value='' class='large'   tabindex='116'   aria-invalid=\"false\"   \/><label class='gfield_label gform-field-label' for='input_12_8'>Correo electr\u00f3nico<\/label>\n                            <input name='input_8' id='input_12_8' type='email' value='' class='large' tabindex='117'    aria-invalid=\"false\"  \/>\n                        <label class='gfield_label gform-field-label' for='input_12_9'>N\u00famero de tel\u00e9fono<\/label><input name='input_9' id='input_12_9' type='text' value='' class='large'   tabindex='118'   aria-invalid=\"false\"   \/><label class='gfield_label gform-field-label' for='input_12_10'>Pregunta\/Comentario<\/label><textarea name='input_10' id='input_12_10' class='textarea medium' tabindex='119'     aria-invalid=\"false\"   rows='10' cols='50'><\/textarea>\n         <input type='submit' id='gform_submit_button_12' class='gform_button button' onclick='gform.submission.handleButtonClick(this);' data-submission-type='submit' value='Enviar' tabindex='120' \/> <input type='hidden' name='gform_ajax' value='form_id=12&amp;title=&amp;description=&amp;tabindex=100&amp;theme=gravity-theme&amp;styles=[]&amp;hash=3c3f516f4dc550fe74b92ea46adf2c67' \/>\n            <input type='hidden' class='gform_hidden' name='gform_submission_method' data-js='gform_submission_method_12' value='iframe' \/>\n            <input type='hidden' class='gform_hidden' name='gform_theme' data-js='gform_theme_12' id='gform_theme_12' value='gravity-theme' \/>\n            <input type='hidden' class='gform_hidden' name='gform_style_settings' data-js='gform_style_settings_12' id='gform_style_settings_12' value='[]' \/>\n            <input type='hidden' class='gform_hidden' name='is_submit_12' value='1' \/>\n            <input type='hidden' class='gform_hidden' name='gform_submit' value='12' \/>\n            <input type='hidden' class='gform_hidden' name='gform_currency' data-currency='USD' value='5uHmfxL9VTHfr2fMkl\/n\/IYWar\/sfO4vB8URh8Xlkm6L+xXk7F5kQ01Y7da1ZECJZPtfkoUHJi2V0BTD2WjET+pxk3\/xS5ubzPluYjknJFUbWIk=' \/>\n            <input type='hidden' class='gform_hidden' name='gform_unique_id' value='' \/>\n            <input type='hidden' class='gform_hidden' name='state_12' value='WyJbXSIsIjJkODVlNzJiMzI0ZTdlYmRmNTU2ZmFkZWJkYWMzNGU2Il0=' \/>\n            <input type='hidden' autocomplete='off' class='gform_hidden' name='gform_target_page_number_12' id='gform_target_page_number_12' value='0' \/>\n            <input type='hidden' autocomplete='off' class='gform_hidden' name='gform_source_page_number_12' id='gform_source_page_number_12' value='1' \/>\n            <input type='hidden' name='gform_field_values' value='' \/>\n                        <label>\u0394<textarea name=\"ak_hp_textarea\" cols=\"45\" rows=\"8\" maxlength=\"100\"><\/textarea><\/label><input type=\"hidden\" id=\"ak_js_1\" name=\"ak_js\" value=\"40\"\/><input type=\"hidden\" name=\"trp-form-language\" value=\"es\"\/><\/form>\n\t\t                <iframe style='display:none;width:0px;height:0px;' src='about:blank' name='gform_ajax_frame_12' id='gform_ajax_frame_12' title='Este iframe contiene la l\u00f3gica necesaria para manejar formularios Gravity con Ajax.'><\/iframe>","protected":false},"excerpt":{"rendered":"<p>Contact Us Hiring Heroes Leverage your military experience with a career at Oceaneering. Photo Credit: U.S. Navy Forge Your Future with Oceaneering At Oceaneering, we uphold the same values that resonate with military personnel: Do Things Right, Solve Complex Problems, Grow Together, Outperform Expectations, and Own the Challenge. Here, your service-trained skills aren&#8217;t merely recognized, &#8230; <a title=\"Contrataci\u00f3n de veteranos\" class=\"read-more\" href=\"https:\/\/www.oceaneering.com\/es\/careers\/veterans\/\" aria-label=\"Leer m\u00e1s sobre Veterans Recruiting\">Seguir leyendo<\/a><\/p>","protected":false},"author":20,"featured_media":0,"parent":1148,"menu_order":40,"comment_status":"closed","ping_status":"closed","template":"","meta":{"_acf_changed":false,"footnotes":"","_links_to":"","_links_to_target":""},"product_category":[],"search_tags":[1826,1833],"class_list":["post-61090","page","type-page","status-publish","search_tags-careers","search_tags-veterans"],"acf":[],"aioseo_notices":[],"_links":{"self":[{"href":"https:\/\/www.oceaneering.com\/es\/wp-json\/wp\/v2\/pages\/61090","targetHints":{"allow":["GET"]}}],"collection":[{"href":"https:\/\/www.oceaneering.com\/es\/wp-json\/wp\/v2\/pages"}],"about":[{"href":"https:\/\/www.oceaneering.com\/es\/wp-json\/wp\/v2\/types\/page"}],"author":[{"embeddable":true,"href":"https:\/\/www.oceaneering.com\/es\/wp-json\/wp\/v2\/users\/20"}],"replies":[{"embeddable":true,"href":"https:\/\/www.oceaneering.com\/es\/wp-json\/wp\/v2\/comments?post=61090"}],"version-history":[{"count":5,"href":"https:\/\/www.oceaneering.com\/es\/wp-json\/wp\/v2\/pages\/61090\/revisions"}],"predecessor-version":[{"id":81867,"href":"https:\/\/www.oceaneering.com\/es\/wp-json\/wp\/v2\/pages\/61090\/revisions\/81867"}],"up":[{"embeddable":true,"href":"https:\/\/www.oceaneering.com\/es\/wp-json\/wp\/v2\/pages\/1148"}],"wp:attachment":[{"href":"https:\/\/www.oceaneering.com\/es\/wp-json\/wp\/v2\/media?parent=61090"}],"wp:term":[{"taxonomy":"product_category","embeddable":true,"href":"https:\/\/www.oceaneering.com\/es\/wp-json\/wp\/v2\/product_category?post=61090"},{"taxonomy":"search_tags","embeddable":true,"href":"https:\/\/www.oceaneering.com\/es\/wp-json\/wp\/v2\/search_tags?post=61090"}],"curies":[{"name":"wp","href":"https:\/\/api.w.org\/{rel}","templated":true}]}}