{"id":61086,"date":"2023-11-09T08:18:49","date_gmt":"2023-11-09T13:18:49","guid":{"rendered":"https:\/\/oceaneering.com\/oceaneering-brand\/"},"modified":"2024-02-01T04:45:00","modified_gmt":"2024-02-01T09:45:00","slug":"oceaneering-brand","status":"publish","type":"page","link":"https:\/\/www.oceaneering.com\/es\/oceaneering-brand\/","title":{"rendered":"Directrices de la marca Oceaneering"},"content":{"rendered":"<h1>\n\t\tDirectrices de la marca Oceaneering\n\t<\/h1>\n\n\t\tLa marca Oceaneering se asocia con fuerza, calidad y fiabilidad. Una de las claves para mantener esa marca es el uso coherente de nuestro logotipo. El logotipo de Oceaneering que se muestra a continuaci\u00f3n es el \u00fanico aprobado.\n\t\n\t\t\t\t<img decoding=\"async\" src=\"https:\/\/oceaneering.com\/wp-content\/uploads\/2023\/11\/Oceaneering-Logo-blue-PMS-302-C-rev1-1024x299.jpeg\" alt=\"Oceaneering-Logo-blue-PMS-302-C-rev1\" itemprop=\"image\" title=\"Oceaneering-Logo-azul-PMS-302-C-rev1\" onerror=\"this.style.display='none'\"  \/>\n\n\t\tUtilice siempre la marca de registro \u00ae cuando muestre el logotipo de Oceaneering.\n\t\n\t\t\t\t<img decoding=\"async\" src=\"https:\/\/oceaneering.com\/wp-content\/uploads\/2023\/12\/Oceaneering-Logo-302C.jpeg\" alt=\"Oceaneering-Logo-302C\" itemprop=\"image\" title=\"Oceaneering-Logo-302C\" onerror=\"this.style.display='none'\"  \/>\n\t<p>El logotipo azul (PMS 302 C) es el preferido y debe utilizarse sobre fondo blanco siempre que sea posible.<\/p>\n\t\t\t<a href=\"https:\/\/oceaneering.canto.com\/download\/image\/6ovf3ee24d26h7tpovlo07970i\/original\" target=\"_blank\" rel=\"noopener\">\n\t\t\t\t\t\tPNG\n\t\t\t\t\t<\/a>\n\t\t\t<a href=\"https:\/\/oceaneering.canto.com\/download\/document\/pknkfdt3b51h57tk98mgb1vh02\/original.pdf\" target=\"_blank\" rel=\"noopener\">\n\t\t\t\t\t\tPDF\n\t\t\t\t\t<\/a>\n\t\t\t\t<img decoding=\"async\" src=\"https:\/\/oceaneering.com\/wp-content\/uploads\/2023\/12\/Oceaneering-Logo-White2.jpeg\" alt=\"Oceaneering-Logo-White2\" itemprop=\"image\" title=\"Oceaneering-Logo-Blanco2\" onerror=\"this.style.display='none'\"  \/>\n\t<p>El logotipo blanco debe utilizarse sobre fondos de color oscuro para garantizar una visibilidad \u00f3ptima.<\/p>\n\t\t\t<a href=\"https:\/\/oceaneering.canto.com\/download\/image\/fgmqncl2h112hf3e2f1ot31u6m\/original\" target=\"_blank\" rel=\"noopener\">\n\t\t\t\t\t\tPNG\n\t\t\t\t\t<\/a>\n\t\t\t<a href=\"https:\/\/oceaneering.canto.com\/download\/document\/ji3m434e417o9bceeji22d5a6j\/original.pdf\" target=\"_blank\" rel=\"noopener\">\n\t\t\t\t\t\tPDF\n\t\t\t\t\t<\/a>\n\t\t\t\t<img decoding=\"async\" src=\"https:\/\/oceaneering.com\/wp-content\/uploads\/2023\/12\/Oceaneering-Logo-Black.jpeg\" alt=\"Oceaneering-Logo-Black\" itemprop=\"image\" title=\"Oceaneering-Logo-Negro\" onerror=\"this.style.display='none'\"  \/>\n\t<p>El logotipo negro es opcional y puede utilizarse sobre un fondo blanco o claro.<\/p>\n\t\t\t<a href=\"https:\/\/oceaneering.canto.com\/download\/image\/5gh1ifn8ed4hv6r21fm6ktc42m\/original\" target=\"_blank\" rel=\"noopener\">\n\t\t\t\t\t\tPNG\n\t\t\t\t\t<\/a>\n\t\t\t<a href=\"https:\/\/oceaneering.canto.com\/download\/document\/n10h0a7rlh4vp2v7tfq9cm5l17\/original.pdf\" target=\"_blank\" rel=\"noopener\">\n\t\t\t\t\t\tPDF\n\t\t\t\t\t<\/a>\n<h2>\n\t\tDirectrices sobre el espacio libre del logotipo\n\t<\/h2>\n\n\t\tMantener un \u00e1rea limpia y despejada alrededor del logotipo maximiza el impacto visual. Debe mantenerse un espacio despejado cuando se utilicen gr\u00e1ficos, texto, ilustraciones o im\u00e1genes junto con el logotipo registrado.\n\t\n\t\t\t\t<img decoding=\"async\" src=\"https:\/\/oceaneering.com\/wp-content\/uploads\/2023\/11\/Oceaneering-Logo-Blue-web-clear-space1-1024x465-1.png\" alt=\"Oceaneering-Logo-Blue-web-clear-space1-1024x465\" itemprop=\"image\" title=\"Oceaneering-Logo-Blue-web-clear-space1-1024x465\" onerror=\"this.style.display='none'\"  \/>\n\t\t\t\t<img decoding=\"async\" src=\"https:\/\/oceaneering.com\/wp-content\/uploads\/2023\/11\/Logo-web-clear-space-R-300x298-1.png\" alt=\"Logo-web-clear-space-R-300x298\" itemprop=\"image\" title=\"Logo-web-clear-space-R-300x298\" onerror=\"this.style.display='none'\"  \/>\n<h3>\n\t\tMedios impresos\n\t<\/h3>\n\t<p><strong>Tama\u00f1o m\u00ednimo del logotipo<\/strong> en soportes impresos es de 0,75 pulgadas (19 mm) de ancho.<\/p>\n<h3>\n\t\tMedios digitales\n\t<\/h3>\n\t<p><strong>Tama\u00f1o m\u00ednimo del logotipo<\/strong> en soporte digital es de 100 p\u00edxeles de ancho.<\/p>\n<h3>\n\t\tFotograf\u00edas\n\t<\/h3>\n\t<p>Cuando el logotipo se coloque en una fotograf\u00eda, debe situarse en una zona limpia y despejada.<\/p>\n<h4>\n\t\tEjemplos de uso correcto del logotipo en medios impresos\n\t<\/h4>\n\t\t\t\t<img decoding=\"async\" src=\"https:\/\/oceaneering.com\/wp-content\/uploads\/2023\/11\/flyers-with-tagline.jpeg\" alt=\"flyers-with-tagline\" itemprop=\"image\" title=\"folletos con lema\" onerror=\"this.style.display='none'\"  \/>\n\t\t\t\t<img decoding=\"async\" src=\"https:\/\/oceaneering.com\/wp-content\/uploads\/2023\/11\/Brochure-level-2-cover-small1.jpeg\" alt=\"Brochure-level-2-cover-small1\" itemprop=\"image\" title=\"Folleto-nivel-2-cubierta-peque\u00f1a1\" onerror=\"this.style.display='none'\"  \/>\n<h4>\n\t\tEjemplo de uso correcto de un logotipo en medios digitales\n\t<\/h4>\n\t\t\t\t<img decoding=\"async\" src=\"https:\/\/oceaneering.com\/wp-content\/uploads\/2023\/11\/NEXXUS-digi-ad.gif\" alt=\"NEXXUS-digi-ad\" itemprop=\"image\" title=\"NEXXUS-digi-ad\" onerror=\"this.style.display='none'\"  \/>\n<h4>\n\t\tEjemplo de uso correcto de un logotipo en medios digitales\n\t<\/h4>\n\t\t\t\t<img decoding=\"async\" src=\"https:\/\/oceaneering.com\/wp-content\/uploads\/2023\/11\/Logos-forbidden-backgrounds-dark.png\" alt=\"Logos-forbidden-backgrounds-dark\" itemprop=\"image\" title=\"Logos-fondo-prohibido-oscuro\" onerror=\"this.style.display='none'\"  \/>\n\t\t\t\t<img decoding=\"async\" src=\"https:\/\/oceaneering.com\/wp-content\/uploads\/2023\/11\/Logos-forbidden-backgrounds-light.jpeg\" alt=\"Logos-forbidden-backgrounds-light\" itemprop=\"image\" title=\"Logos-forbidden-backgrounds-light\" onerror=\"this.style.display='none'\"  \/>\n\t\t\t\t<img decoding=\"async\" src=\"https:\/\/oceaneering.com\/wp-content\/uploads\/2023\/11\/Logos-forbidden-backgrounds-image-1.jpeg\" alt=\"Logos-forbidden-backgrounds-image-1\" itemprop=\"image\" title=\"Logos-forbidden-backgrounds-image-1\" onerror=\"this.style.display='none'\"  \/>\n<h2>\n\t\tColores\n\t<\/h2>\n\n\t\tLas marcas y los colores est\u00e1n inextricablemente unidos porque el color ofrece un m\u00e9todo instant\u00e1neo para transmitir significados y mensajes sin palabras.\n\t\n<h3>\n\t\tOceaneering tiene tres colores principales.\n\t<\/h3>\n\t<h4>PMS 302 C<\/h4>\n<p><img loading=\"lazy\" decoding=\"async\" src=\"https:\/\/www.oceaneering.com\/wp-content\/uploads\/2024\/02\/p1-1-150x150.png\" alt=\"\" width=\"150\" height=\"150\" \/><\/p>\n<strong>CMYK: 100 74 40 32<\/strong><br \/>\n<strong>RGB: 0 59 92<\/strong><br \/>\n<strong>HEX: #003b5c<\/strong><br \/>\n<strong>RAL: 5001<\/strong>\nColor del logotipo.<br \/>\nSe utiliza cuando el texto debe aparecer en azul.\n\t<h4>PMS 2965 C<\/h4>\n<p><img loading=\"lazy\" decoding=\"async\" src=\"https:\/\/www.oceaneering.com\/wp-content\/uploads\/2024\/02\/p2-150x150.png\" alt=\"\" width=\"150\" height=\"150\" \/><\/p>\n<strong>CMYK: 100 78 48 54<\/strong><br \/>\n<strong>RGB: 0 38 62<\/strong><br \/>\n<strong>HEX: #00263e<\/strong><br \/>\n<strong>RAL: 5011<\/strong>\n<p>S\u00f3lo debe utilizarse en fondos de color azul s\u00f3lido y \u00e1reas con color de relleno.<\/p>\n<p>Color principal para equipos\/activos como LARS, HPU y cabrestantes.<\/p>\n\t<h4>PMS 123 C<\/h4>\n<p><img loading=\"lazy\" decoding=\"async\" src=\"https:\/\/www.oceaneering.com\/wp-content\/uploads\/2024\/02\/p3-150x150.png\" alt=\"\" width=\"150\" height=\"150\" \/><\/p>\n<strong>CMYK: 0 23 91 0<\/strong><br \/>\n<strong>RGB: 255 196 37<\/strong><br \/>\n<strong>HEX: #ffc72c<\/strong><br \/>\n<strong>RAL: 1003<\/strong>\n<p>Se utiliza en ilustraciones\/infograf\u00edas y como color de contraste. Utilizar con moderaci\u00f3n y precauci\u00f3n.<\/p>\n<p>Evite utilizar texto en este color.<\/p>\n<p>Color principal para equipos\/activos como contenedores, bastidores y m\u00f3dulos submarinos.<\/p>\n<h3>\n\t\tColores secundarios\n\t<\/h3>\n\n\t\tEstos colores pueden utilizarse para aportar variedad e inter\u00e9s visual dentro de la paleta reconocida.\n\t\n\t<h4>PMS 5415 C<\/h4>\n<p><img loading=\"lazy\" decoding=\"async\" src=\"https:\/\/www.oceaneering.com\/wp-content\/uploads\/2024\/02\/s1-150x150.png\" alt=\"PMS 5415 C\" width=\"150\" height=\"150\" \/><\/p>\n<strong>CMYK: 68 43 30 4<\/strong><br \/>\n<strong>RGB: 91 127 149<\/strong><br \/>\n<strong>HEX: #5b7f95<\/strong><br \/>\n<strong>RAL: 5014<\/strong>\n<p>Se utiliza para t\u00edtulos y subt\u00edtulos sobre fondos claros y como color de contraste frente al PMS 2965 C.<\/p>\n<p>No debe utilizarse como azul primario.<\/p>\n\t<h4>PMS 5425 C<\/h4>\n<img loading=\"lazy\" decoding=\"async\" src=\"https:\/\/www.oceaneering.com\/wp-content\/uploads\/2024\/02\/s2-150x150.png\" alt=\"PMS 5425 C\" width=\"150\" height=\"150\" \/>\n<strong>CMYK: 55 31 24 6<\/strong><br \/>\n<strong>RGB: 122 153 172<\/strong><br \/>\n<strong>HEX: #7a99ac<\/strong><br \/>\n<strong>RAL: 5024<\/strong>\n<p>Se trata de una versi\u00f3n ligeramente m\u00e1s clara del PMS 5415 C.<\/p>\n<p>Se utiliza para t\u00edtulos y subt\u00edtulos sobre fondos claros y como color de contraste frente al PMS 2965 C.<\/p>\n<p>No debe utilizarse como azul primario.<\/p>\n\t<h4>PMS 7711 C<\/h4>\n<p><img loading=\"lazy\" decoding=\"async\" src=\"https:\/\/www.oceaneering.com\/wp-content\/uploads\/2024\/02\/s3-150x150.png\" alt=\"PMS 7711 C \" width=\"150\" height=\"150\" \/><\/p>\n<strong>CMYK: 97 18 33 0<br \/>\n<\/strong><strong>RGB: 0 151 169<br \/>\n<\/strong><strong>HEX: #0097a9<br \/>\n<\/strong><strong>RAL: 5018<\/strong><strong><br \/>\n<\/strong>\n<p>Se utiliza para enlaces, ilustraciones\/infograf\u00edas y como color de contraste en peque\u00f1as dosis.<\/p>\n<h3>\n\t\tColores terciarios\n\t<\/h3>\n\n\t\tLos colores terciarios son complementarios de nuestros colores oficiales, pero no son identificadores reconocibles de Oceaneering. Deben utilizarse con moderaci\u00f3n (menos de 10% de la paleta en una sola pieza).\n\t\n\t<h4>PMS 3278 C<\/h4>\n<p><img loading=\"lazy\" decoding=\"async\" src=\"https:\/\/www.oceaneering.com\/wp-content\/uploads\/2024\/02\/PMS-3278-C-150x150.png\" alt=\"PMS 3278 C\" width=\"150\" height=\"150\" \/><\/p>\n<strong>CMYK: 100 11 67 1<\/strong><br \/>\n<strong>RGB: 0 155 119<\/strong><br \/>\n<strong>HEX: #009b77<\/strong><br \/>\n<strong>RAL: 6024<\/strong>\n<p>Se utiliza para ilustraciones\/infograf\u00edas y como color de contraste en peque\u00f1as dosis.<\/p>\n\t<h4>PMS 1665 C<\/h4>\n<p><img loading=\"lazy\" decoding=\"async\" src=\"https:\/\/www.oceaneering.com\/wp-content\/uploads\/2024\/02\/PMS-1665-C-150x150.png\" alt=\"PMS 1665 C\" width=\"150\" height=\"150\" \/><\/p>\n<strong>CMYK: 6 87 100 0<\/strong><br \/>\n<strong>RGB: 220 68 5<\/strong><br \/>\n<strong>HEX: #dc4405<\/strong><br \/>\n<strong>RAL: 2004<\/strong>\n<p>Se utiliza para ilustraciones\/infograf\u00edas y como color de contraste en peque\u00f1as dosis.<\/p>\n\t<h4>PMS 186 C<\/h4>\n<p><img loading=\"lazy\" decoding=\"async\" src=\"https:\/\/www.oceaneering.com\/wp-content\/uploads\/2024\/02\/PMS-186-C-150x150.png\" alt=\"PMS 186 C\" width=\"150\" height=\"150\" \/><\/p>\n<strong>CMYK: 12 100 92 3<br \/>\n<\/strong><strong>RGB: 200 16 46<br \/>\n<\/strong><strong>HEX: #c8102e<br \/>\n<\/strong><strong>RAL: 3028<\/strong><strong><br \/>\n<\/strong>\n<p>Se utiliza para ilustraciones\/infograf\u00edas y como color de contraste en peque\u00f1as dosis.<\/p>\n\t<h4>Gris Cuerpo Texto - Impreso<\/h4>\n<p><img loading=\"lazy\" decoding=\"async\" src=\"https:\/\/www.oceaneering.com\/wp-content\/uploads\/2024\/02\/Grey-Body-Text---Printed-150x150.png\" alt=\"Grey Body Text Color - Printed\" width=\"150\" height=\"150\" \/><\/p>\n<strong>CMYK: 0 0 0 85<\/strong><br \/>\n<strong>RGB: 77 77 79<\/strong>\n<p>Se utiliza para el cuerpo de texto de materiales impresos (folletos, octavillas y cat\u00e1logos).<\/p>\n\t<h4>Gris Cuerpo Texto - Digital<\/h4>\n<p><img loading=\"lazy\" decoding=\"async\" src=\"https:\/\/www.oceaneering.com\/wp-content\/uploads\/2024\/02\/Grey-Body-Text---Digital-150x150.png\" alt=\"Grey Body Text Color - Digital\" width=\"150\" height=\"150\" \/><\/p>\n<strong>HEX: #666666<br \/>\n<\/strong><strong>RGB: 102 102 102<\/strong><strong><br \/>\n<\/strong>\n<p>Se utiliza para el cuerpo de texto en materiales de uso digital.<\/p>\n<h2>\n\t\tFuente\n\t<\/h2>\n\n\t\tAl igual que con nuestro logotipo, el uso coherente de nuestro tipo de letra refuerza la identidad de la marca Oceaneering.\n\t\n\t\t\t\t<img decoding=\"async\" src=\"https:\/\/oceaneering.com\/wp-content\/uploads\/2023\/11\/DIn-OT-300x260-1.jpeg\" alt=\"DIn-OT-300x260\" itemprop=\"image\" title=\"DIn-OT-300x260\" onerror=\"this.style.display='none'\"  \/>\n\t<p>En Oceaneering utilizamos un tipo de letra definido.<\/p>\n\t<p>Din OT es nuestra fuente para uso en dise\u00f1o.<\/p>\n<p>Los pesos preferidos son negrita, medio, normal y claro.<\/p>","protected":false},"excerpt":{"rendered":"<p>Directrices de la marca Oceaneering La marca Oceaneering se asocia con fuerza, calidad y fiabilidad. Una de las claves para mantener esa marca es el uso coherente de nuestro logotipo. El logotipo de Oceaneering que se muestra a continuaci\u00f3n es el \u00fanico aprobado. Utilice siempre la marca de registro \u00ae cuando muestre el logotipo de Oceaneering. El logotipo azul (PMS 302 C) ... <a title=\"Directrices de la marca Oceaneering\" class=\"read-more\" href=\"https:\/\/www.oceaneering.com\/es\/oceaneering-brand\/\" aria-label=\"Leer m\u00e1s sobre Directrices de la marca Oceaneering\">Seguir leyendo<\/a><\/p>","protected":false},"author":20,"featured_media":0,"parent":0,"menu_order":37,"comment_status":"closed","ping_status":"closed","template":"","meta":{"_acf_changed":false,"footnotes":"","_links_to":"","_links_to_target":""},"product_category":[],"search_tags":[],"class_list":["post-61086","page","type-page","status-publish"],"acf":[],"aioseo_notices":[],"_links":{"self":[{"href":"https:\/\/www.oceaneering.com\/es\/wp-json\/wp\/v2\/pages\/61086","targetHints":{"allow":["GET"]}}],"collection":[{"href":"https:\/\/www.oceaneering.com\/es\/wp-json\/wp\/v2\/pages"}],"about":[{"href":"https:\/\/www.oceaneering.com\/es\/wp-json\/wp\/v2\/types\/page"}],"author":[{"embeddable":true,"href":"https:\/\/www.oceaneering.com\/es\/wp-json\/wp\/v2\/users\/20"}],"replies":[{"embeddable":true,"href":"https:\/\/www.oceaneering.com\/es\/wp-json\/wp\/v2\/comments?post=61086"}],"version-history":[{"count":0,"href":"https:\/\/www.oceaneering.com\/es\/wp-json\/wp\/v2\/pages\/61086\/revisions"}],"wp:attachment":[{"href":"https:\/\/www.oceaneering.com\/es\/wp-json\/wp\/v2\/media?parent=61086"}],"wp:term":[{"taxonomy":"product_category","embeddable":true,"href":"https:\/\/www.oceaneering.com\/es\/wp-json\/wp\/v2\/product_category?post=61086"},{"taxonomy":"search_tags","embeddable":true,"href":"https:\/\/www.oceaneering.com\/es\/wp-json\/wp\/v2\/search_tags?post=61086"}],"curies":[{"name":"wp","href":"https:\/\/api.w.org\/{rel}","templated":true}]}}