{"id":61050,"date":"2023-11-09T08:06:16","date_gmt":"2023-11-09T13:06:16","guid":{"rendered":"https:\/\/oceaneering.com\/mission-vision-and-values\/"},"modified":"2024-02-08T05:14:26","modified_gmt":"2024-02-08T10:14:26","slug":"mission-vision-and-values","status":"publish","type":"page","link":"https:\/\/www.oceaneering.com\/es\/about\/mission-vision-and-values\/","title":{"rendered":"Misi\u00f3n, visi\u00f3n y valores"},"content":{"rendered":"<p><a href=\"https:\/\/www.oceaneering.com\/es\/about\/#contact\" target=\"_self\" rel=\"noopener\"> Contacte con nosotros <\/a><\/p>\r\n<h1>Nuestra misi\u00f3n, visi\u00f3n y valores<\/h1>\r\n<h2>NUESTRA MISI\u00d3N<\/h2>\r\n<p><img loading=\"lazy\" decoding=\"async\" title=\"oceaneering_vision_badge (1)\" src=\"https:\/\/oceaneering.com\/wp-content\/uploads\/2023\/11\/oceaneering_vision_badge-1-300x300.png\" alt=\"oceaneering_vision_badge (1)\" width=\"300\" height=\"300\" \/> Resolvemos lo irresoluble. <img decoding=\"async\" title=\"Varilla-MVV-1\" src=\"https:\/\/oceaneering.com\/wp-content\/uploads\/2023\/11\/Rod-MVV-1.jpeg\" alt=\"\" \/> Reproducir v\u00eddeo<\/p>\r\n<h2>NUESTRA VISI\u00d3N<\/h2>\r\n<p>Nos esforzamos por crear soluciones t\u00e9cnicamente creativas y revolucionarias para los retos operativos m\u00e1s complejos bajo el agua, en tierra y en el espacio.<\/p>\r\n<h2>NUESTROS VALORES<\/h2>\r\n<p><img loading=\"lazy\" decoding=\"async\" title=\"doThingsRight\" src=\"https:\/\/oceaneering.com\/wp-content\/uploads\/2023\/11\/doThingsRight.png\" alt=\"doThingsRight\" width=\"205\" height=\"205\" \/><\/p>\r\n<h3><strong>Hacer las cosas bien<\/strong><\/h3>\r\n<h6>Trabajamos con seguridad y actuamos con integridad en inter\u00e9s de nuestros socios industriales, empleados y el medio ambiente.<\/h6>\r\n<p><video src=\"https:\/\/oceaneer.life\/do-things-right\" controls=\"controls\" width=\"300\" height=\"150\"><\/video> <img loading=\"lazy\" decoding=\"async\" title=\"resolverProblemasComplejos\" src=\"https:\/\/oceaneering.com\/wp-content\/uploads\/2023\/11\/solveComplexProblems.png\" alt=\"solveComplexProblems\" width=\"206\" height=\"205\" \/><\/p>\r\n<h3><strong>Resolver problemas complejos<\/strong><\/h3>\r\n<h6>Ofrecemos productos y servicios que funcionan gracias a la escucha, la experiencia y la curiosidad.<\/h6>\r\n<p><video controls=\"controls\" width=\"300\" height=\"150\"><br \/><source src=\"https:\/\/oceaneer.life\/solve-complex-problems\" type=\"video\/mp4\" \/><br \/><\/video><br \/><br \/><img loading=\"lazy\" decoding=\"async\" title=\"growTogether\" src=\"https:\/\/oceaneering.com\/wp-content\/uploads\/2023\/11\/growTogether.png\" alt=\"growTogether\" width=\"204\" height=\"205\" \/><\/p>\r\n<h3><strong>Crecer juntos<\/strong><\/h3>\r\n<h6>Colaboramos, nos respetamos y nos apoyamos mutuamente para poder alcanzar todo nuestro potencial.<\/h6>\r\n<p><video controls=\"controls\" width=\"300\" height=\"150\"><br \/><source src=\"https:\/\/oceaneer.life\/grow-together\" type=\"video\/mp4\" \/><br \/><\/video><br \/><br \/><img loading=\"lazy\" decoding=\"async\" title=\"outPerformExpectations\" src=\"https:\/\/oceaneering.com\/wp-content\/uploads\/2023\/11\/outPerformExpectations.png\" alt=\"outPerformExpectations\" width=\"206\" height=\"205\" \/><\/p>\r\n<h3><strong>Superar las expectativas<\/strong><\/h3>\r\n<h6>Actuamos con excelencia al servicio de nuestros clientes y de los dem\u00e1s.<\/h6>\r\n<p><video controls=\"controls\" width=\"300\" height=\"150\"><br \/><source src=\"https:\/\/oceaneer.life\/outperform-expectations\" type=\"video\/mp4\" \/><br \/><\/video><br \/><br \/><img loading=\"lazy\" decoding=\"async\" title=\"ownTheChallenge\" src=\"https:\/\/oceaneering.com\/wp-content\/uploads\/2023\/11\/ownTheChallenge.png\" alt=\"ownTheChallenge\" width=\"206\" height=\"205\" \/><\/p>\r\n<h3><strong>Acepta el reto<\/strong><\/h3>\r\n<h6>Nos hacemos responsables de las promesas que hacemos y del trabajo que realizamos.<\/h6>\r\n<p><video controls=\"controls\" width=\"300\" height=\"150\"><br \/><source src=\"https:\/\/oceaneer.life\/own-the-challenge\" type=\"video\/mp4\" \/><br \/><\/video><br \/><br \/><\/p>\r\n<h1>Contacte con nosotros<\/h1>\r\n<h2>Nuestro equipo de expertos est\u00e1 listo para ayudarle a empezar.<\/h2>\r\n<p>Oceaneering ofrece los mejores productos y soluciones de su clase, respaldados por una calidad, fiabilidad y asistencia global inigualables. Rellene el formulario de consulta para iniciar una conversaci\u00f3n hoy mismo.<\/p>","protected":false},"excerpt":{"rendered":"<p>Contacte con nosotros Nuestra misi\u00f3n, visi\u00f3n y valores NUESTRA MISI\u00d3N Resolvemos lo irresoluble. Ver v\u00eddeo NUESTRA VISI\u00d3N Prosperamos creando soluciones t\u00e9cnicas creativas que cambian el sector para los retos operativos m\u00e1s complejos bajo el agua, en tierra y en el espacio. NUESTROS VALORES Hacer las cosas bien Trabajamos con seguridad y actuamos con integridad en inter\u00e9s de ... <a title=\"Misi\u00f3n, visi\u00f3n y valores\" class=\"read-more\" href=\"https:\/\/www.oceaneering.com\/es\/about\/mission-vision-and-values\/\" aria-label=\"Leer m\u00e1s sobre Misi\u00f3n, Visi\u00f3n y Valores\">Seguir leyendo<\/a><\/p>","protected":false},"author":20,"featured_media":0,"parent":689,"menu_order":16,"comment_status":"closed","ping_status":"closed","template":"","meta":{"_acf_changed":false,"footnotes":"","_links_to":"","_links_to_target":""},"product_category":[],"search_tags":[1865],"class_list":["post-61050","page","type-page","status-publish","search_tags-about"],"acf":[],"aioseo_notices":[],"_links":{"self":[{"href":"https:\/\/www.oceaneering.com\/es\/wp-json\/wp\/v2\/pages\/61050","targetHints":{"allow":["GET"]}}],"collection":[{"href":"https:\/\/www.oceaneering.com\/es\/wp-json\/wp\/v2\/pages"}],"about":[{"href":"https:\/\/www.oceaneering.com\/es\/wp-json\/wp\/v2\/types\/page"}],"author":[{"embeddable":true,"href":"https:\/\/www.oceaneering.com\/es\/wp-json\/wp\/v2\/users\/20"}],"replies":[{"embeddable":true,"href":"https:\/\/www.oceaneering.com\/es\/wp-json\/wp\/v2\/comments?post=61050"}],"version-history":[{"count":0,"href":"https:\/\/www.oceaneering.com\/es\/wp-json\/wp\/v2\/pages\/61050\/revisions"}],"up":[{"embeddable":true,"href":"https:\/\/www.oceaneering.com\/es\/wp-json\/wp\/v2\/pages\/689"}],"wp:attachment":[{"href":"https:\/\/www.oceaneering.com\/es\/wp-json\/wp\/v2\/media?parent=61050"}],"wp:term":[{"taxonomy":"product_category","embeddable":true,"href":"https:\/\/www.oceaneering.com\/es\/wp-json\/wp\/v2\/product_category?post=61050"},{"taxonomy":"search_tags","embeddable":true,"href":"https:\/\/www.oceaneering.com\/es\/wp-json\/wp\/v2\/search_tags?post=61050"}],"curies":[{"name":"wp","href":"https:\/\/api.w.org\/{rel}","templated":true}]}}