{"id":60938,"date":"2023-11-08T14:11:35","date_gmt":"2023-11-08T19:11:35","guid":{"rendered":"https:\/\/oceaneering.com\/intervention-tooling\/"},"modified":"2026-01-23T03:43:05","modified_gmt":"2026-01-23T09:43:05","slug":"intervention-tooling","status":"publish","type":"page","link":"https:\/\/www.oceaneering.com\/es\/intervention-tooling\/","title":{"rendered":"Herramientas de intervenci\u00f3n"},"content":{"rendered":"<p><a href=\"https:\/\/www.oceaneering.com\/es\/intervention-tooling\/#contact\" target=\"_self\" rel=\"noopener\"> Debatir un proyecto <\/a><\/p>\r\n<h1>Herramientas de intervenci\u00f3n<\/h1>\r\n<p>Resolvemos problemas de perforaci\u00f3n, compleci\u00f3n e instalaci\u00f3n, mejora de la producci\u00f3n y desmantelamiento, desde los m\u00e1s rutinarios a los m\u00e1s extremos.<\/p>\r\n<h2>\u00bfQuiere saber m\u00e1s?<\/h2>\r\n<p>Ofrecemos paquetes de intervenci\u00f3n en pozos ligeros, herramientas ROV, soluciones de aseguramiento del flujo y equipos de desmantelamiento l\u00edderes en el sector.<\/p>\r\n<p><a href=\"#drill-support\" target=\"_self\" rel=\"noopener\"> Soporte de perforaci\u00f3n <\/a> <a href=\"#completions-installation\" target=\"_self\" rel=\"noopener\"> Terminaci\u00f3n e instalaci\u00f3n <\/a> <a href=\"#production-enhancement\" target=\"_self\" rel=\"noopener\"> Mejora de la producci\u00f3n <\/a> <a href=\"#decommissioning\" target=\"_self\" rel=\"noopener\"> Desmantelamiento <\/a><\/p>\r\n<h2>Soporte de perforaci\u00f3n<\/h2>\r\n<p>Prestamos una amplia gama de servicios de apoyo a la perforaci\u00f3n desde buques y bases operativas en todo el mundo. Nuestra cartera, experiencia y presencia nos permiten prestar servicios personalizados de forma r\u00e1pida y rentable.<\/p>\r\n<p><img decoding=\"async\" title=\"Grupo 734\" src=\"https:\/\/oceaneering.com\/wp-content\/uploads\/2023\/10\/Group-734.jpg\" alt=\"Group 734\" \/><\/p>\r\n<h3>Herramientas ROV<\/h3>\r\n<p>Ofrecemos m\u00e1s de 4.000 herramientas ROV en alquiler para satisfacer sus necesidades espec\u00edficas. Adem\u00e1s de nuestro negocio de alquiler, tambi\u00e9n mantenemos y reparamos un parque de herramientas propiedad de los clientes.<\/p>\r\n<p><img decoding=\"async\" title=\"Hilo de diamante\" src=\"https:\/\/oceaneering.com\/wp-content\/uploads\/2023\/11\/Diamond-wire.jpeg\" alt=\"Diamond-wire\" \/><\/p>\r\n<h3>L\u00ednea de productos est\u00e1ndar<\/h3>\r\n<p>Para los clientes que buscan piezas de tipo b\u00e1sico, fabricamos m\u00e1s de 250 productos est\u00e1ndar, incluidas v\u00e1lvulas, conjuntos, herramientas ROV y mucho m\u00e1s. Estos componentes fiables y de eficacia probada est\u00e1n disponibles r\u00e1pidamente para reducir el tiempo de inactividad.<\/p>\r\n<p><img decoding=\"async\" title=\"BOP-Intervenci\u00f3n\" src=\"https:\/\/oceaneering.com\/wp-content\/uploads\/2023\/11\/BOP-Intervention.jpeg\" alt=\"BOP-Intervention\" \/><\/p>\r\n<h3>Intervenci\u00f3n del BOP<\/h3>\r\n<p>Disponemos de m\u00e1s de 150 patines y paneles de intervenci\u00f3n BOP listos para su despliegue. Adem\u00e1s, tenemos experiencia en el dise\u00f1o de soluciones de intervenci\u00f3n BOP adaptadas a las necesidades de cada proyecto.<\/p>\r\n<p><a href=\"https:\/\/oceaneering.canto.com\/download\/document\/mv54ciqfa560hdolrjmtsdkl14\/original.pdf\" target=\"_blank\" rel=\"noopener\"> BOP Intervention Skid (Gen 1B) <\/a> <a href=\"https:\/\/oceaneering.canto.com\/download\/document\/urk5l4ttud1hd2qvbfkntq4g6e\/original.pdf\" target=\"_blank\" rel=\"noopener\"> BOP Intervention Skid (Gen 2) <\/a> <img decoding=\"async\" title=\"Dise\u00f1o_ RCTS\" src=\"https:\/\/oceaneering.com\/wp-content\/uploads\/2023\/11\/RCTS_layout.jpeg\" alt=\"RCTS_layout\" \/><\/p>\r\n<h3>Sistema de transporte de corte ROV (RCTS)<\/h3>\r\n<p>Elimine eficazmente los restos de corte durante las operaciones de perforaci\u00f3n con el vers\u00e1til RCTS. Esta soluci\u00f3n integrada ofrece un rendimiento superior de eliminaci\u00f3n de cortes y requiere menos personal y espacio en cubierta.<\/p>\r\n<p><a href=\"https:\/\/oceaneering.canto.com\/download\/document\/0fb6fi35p9481fh8seuanfob2c\/original.pdf\" target=\"_blank\" rel=\"noopener\"> Sistema de transporte de corte ROV (RCTS) <\/a> <img decoding=\"async\" title=\"WLR-2\" src=\"https:\/\/oceaneering.com\/wp-content\/uploads\/2023\/11\/WLR-2.jpeg\" alt=\"WLR-2\" \/><\/p>\r\n<h3>Alivio de carga en boca de pozo (WLR)<\/h3>\r\n<p>Mitigue la fatiga del cabezal del pozo, aumente la eficiencia y reduzca los costes con nuestro sistema de alivio de carga del cabezal del pozo operado por ROV. El sistema WLR utiliza anclajes ajustables para permitir una reconfiguraci\u00f3n eficaz y eliminar la necesidad de intervenir en la parte superior durante los saltos del BOP.<\/p>\r\n<p><a href=\"https:\/\/www.oceaneering.com\/es\/wellhead-load-relief\/\" target=\"_self\" rel=\"noopener\"> M\u00e1s informaci\u00f3n <\/a> <img decoding=\"async\" title=\"rov-bift\" src=\"https:\/\/oceaneering.com\/wp-content\/uploads\/2023\/11\/rov-bift.jpeg\" alt=\"rov-bift\" \/><\/p>\r\n<h3>Herramienta de inspecci\u00f3n y lavado del BOP (BIFT)<\/h3>\r\n<p>Ahorre tiempo de perforaci\u00f3n y realice inspecciones visuales internas de 360 grados. El BIFT, ligero y desplegable mediante ROV, inspecciona de forma fiable las juntas internas y realiza limpiezas a chorro de alta presi\u00f3n sin necesidad de sacar a la superficie el BOP.<\/p>\r\n<h2>Terminaci\u00f3n e instalaci\u00f3n<\/h2>\r\n<p>Durante los \u00faltimos 25 a\u00f1os, hemos liderado el sector de los servicios de sistemas de control de instalaciones y terminaciones, completando con \u00e9xito m\u00e1s de 800 trabajos a tiempo y dentro del presupuesto. Ofrecemos soluciones de ingenier\u00eda y gesti\u00f3n de proyectos totalmente integradas.<\/p>\r\n<p><img decoding=\"async\" title=\"IWOCS\" src=\"https:\/\/oceaneering.com\/wp-content\/uploads\/2023\/11\/IWOCS.jpeg\" alt=\"IWOCS\" \/><\/p>\r\n<h3>Sistemas de Instalaci\u00f3n, Reacondicionamiento y Control (IWOCS)<\/h3>\r\n<p>Colaboramos estrechamente con usted para ofrecerle los servicios IWOCS m\u00e1s adecuados. El 99% funciona incluso en aguas profundas (11.000 pies) y a altas presiones (15.000 psi). Nuestros sistemas pueden instalarse tanto en plataformas como en buques, lo que ofrece una flexibilidad y un coste reducidos sin igual.<\/p>\r\n<p><a href=\"https:\/\/www.oceaneering.com\/es\/workover-control-systems\/\" target=\"_self\" rel=\"noopener\"> M\u00e1s informaci\u00f3n <\/a> <img decoding=\"async\" title=\"RWOCS\" src=\"https:\/\/oceaneering.com\/wp-content\/uploads\/2023\/11\/RWOCS.jpeg\" alt=\"RWOCS\" \/><\/p>\r\n<h3>Sistemas de control de reacondicionamiento ROV (RWOCS)<\/h3>\r\n<p>Hacemos posible el funcionamiento remoto de equipos de pozos submarinos mediante sistemas de control y reparaci\u00f3n ROV (RWOCS). Adaptamos nuestros sistemas a sus requisitos operativos y a los plazos del proyecto.<\/p>\r\n<p><a href=\"https:\/\/www.oceaneering.com\/es\/workover-control-systems\/rwocs\/\" target=\"_self\" rel=\"noopener\"> M\u00e1s informaci\u00f3n <\/a><\/p>\r\n<h2>Mejora de la producci\u00f3n<\/h2>\r\n<p>Para que pueda rentabilizar al m\u00e1ximo sus inversiones, ofrecemos una serie de servicios destinados a restablecer o aumentar la producci\u00f3n. Nuestras innovadoras tecnolog\u00edas y buques han contribuido a aumentar la producci\u00f3n de nuestros clientes en 15 millones de barriles.<\/p>\r\n<p><img decoding=\"async\" title=\"FRS\" src=\"https:\/\/oceaneering.com\/wp-content\/uploads\/2023\/11\/FRS.jpeg\" alt=\"FRS\" \/><\/p>\r\n<h3>Aseguramiento del flujo<\/h3>\r\n<p>Hasta la fecha, hemos llevado a cabo docenas de campa\u00f1as de recuperaci\u00f3n de l\u00edneas de flujo con equipos submarinos de separaci\u00f3n y procesamiento. Nuestra soluci\u00f3n patentada de remediaci\u00f3n de l\u00edneas de flujo y los patines de remediaci\u00f3n de hidratos restauran la producci\u00f3n r\u00e1pidamente.<\/p>\r\n<p><a href=\"https:\/\/www.oceaneering.com\/es\/flow-assurance\/\" target=\"_self\" rel=\"noopener\"> M\u00e1s informaci\u00f3n <\/a> <img decoding=\"async\" title=\"Intervenci\u00f3n en pozos de luz\" src=\"https:\/\/oceaneering.com\/wp-content\/uploads\/2023\/11\/Light-well-intervention.jpeg\" alt=\"Light-well-intervention\" \/><\/p>\r\n<h3>Intervenci\u00f3n en pozos<\/h3>\r\n<p>We introduced the industry&#8217;s first subsea rigless well stimulation system and have completed more than 20 successful campaigns. We also offer riserless light well intervention services with systems rated to 15,000 psi and 20-plus bbl\/min.<\/p>\r\n<p><a href=\"https:\/\/www.oceaneering.com\/es\/well-intervention\/\" target=\"_self\" rel=\"noopener\"> M\u00e1s informaci\u00f3n <\/a> <img decoding=\"async\" title=\"Integridad de la tuber\u00eda\" src=\"https:\/\/oceaneering.com\/wp-content\/uploads\/2023\/11\/Pipeline-integrity.jpeg\" alt=\"Pipeline-integrity\" \/><\/p>\r\n<h3>Reparaci\u00f3n de tuber\u00edas<\/h3>\r\n<p>Nuestra experiencia l\u00edder en el sector y nuestras tecnolog\u00edas patentadas, incluida la herramienta de eliminaci\u00f3n de revestimientos de tuber\u00edas, nos permiten ofrecer los mejores servicios de inspecci\u00f3n y evaluaci\u00f3n de tuber\u00edas.<\/p>\r\n<p><a href=\"https:\/\/www.oceaneering.com\/es\/pipeline-repair\/\" target=\"_self\" rel=\"noopener\"> M\u00e1s informaci\u00f3n <\/a><\/p>\r\n<h2>Desmantelamiento<\/h2>\r\n<p>Planificamos y ejecutamos soluciones rentables que permiten la retirada segura y eficaz de infraestructuras como plataformas, conductores, equipos submarinos y pozos. Desde el primer corte hasta la retirada, ayudamos a agilizar todo el proceso de desmantelamiento.<\/p>\r\n<p><img decoding=\"async\" title=\"Dragado\" src=\"https:\/\/oceaneering.com\/wp-content\/uploads\/2023\/11\/Dredging.jpeg\" alt=\"Dredging\" \/><\/p>\r\n<h3>Dragado y corte<\/h3>\r\n<p>Ofrecemos soluciones de dragado flexibles y adaptables tanto para operaciones con ROV como con buzos. Junto con m\u00faltiples soluciones de corte mec\u00e1nico o abrasivo, dise\u00f1amos la soluci\u00f3n m\u00e1s eficaz para usted.<\/p>\r\n<p><img decoding=\"async\" title=\"Desmontaje-RIG-cuadrado\" src=\"https:\/\/oceaneering.com\/wp-content\/uploads\/2023\/11\/Decommissoinging-RIG-square.jpeg\" alt=\"Decommissoinging-RIG-square\" \/><\/p>\r\n<h3>Desmantelamiento de plataformas<\/h3>\r\n<p>Utilizamos herramientas mec\u00e1nicas y sistemas de corte por chorro de agua abrasivo para retirar componentes en superficie. Nuestros servicios de superficie permiten la retirada completa de cabezas de pozo, \u00e1rboles y plataformas secas.<\/p>\r\n<p><img decoding=\"async\" title=\"Descom\" src=\"https:\/\/oceaneering.com\/wp-content\/uploads\/2023\/11\/Decom.jpeg\" alt=\"Decom\" \/><\/p>\r\n<h3>Aseguramiento del flujo<\/h3>\r\n<p>En el fondo del mar, podemos desplegar m\u00faltiples sierras, amoladoras y cortadoras para desprender umbilicales, tubos ascendentes, tuber\u00edas, puentes y cadenas de amarre. Tambi\u00e9n ofrecemos servicios de lavado submarino, seg\u00fan sea necesario.<\/p>\r\n<p><img decoding=\"async\" title=\"Dragado\" src=\"https:\/\/oceaneering.com\/wp-content\/uploads\/2023\/11\/Dredging.jpeg\" alt=\"Dredging\" \/><\/p>\r\n<h2>\u00bfNecesita algo especializado?<\/h2>\r\n<p>We&#8217;ll build it. Bespoke subsea repair solutions enable operations while maintaining production and system integrity.<\/p>\r\n<h3>Soluciones de ingenier\u00eda submarina<\/h3>\r\n<p>Los retos complejos exigen soluciones creativas. Desde entornos submarinos rutinarios hasta extremos, Oceaneering cumple los requisitos m\u00e1s exigentes y las especificaciones \u00fanicas de nuestros clientes para ofrecer soluciones innovadoras que reducen el coste total de propiedad.<\/p>\r\n<p><a href=\"https:\/\/www.oceaneering.com\/es\/intervention-tooling\/subsea-engineered-solutions\/\" target=\"_self\" rel=\"noopener\"> M\u00e1s informaci\u00f3n <\/a><\/p>\r\n<h2>\u00bfQuiere saber m\u00e1s?<\/h2>\r\n<p>Ofrecemos paquetes de intervenci\u00f3n en pozos ligeros, herramientas ROV, soluciones de aseguramiento del flujo y equipos de desmantelamiento l\u00edderes en el sector.<\/p>\r\n<p><a href=\"https:\/\/www.oceaneering.com\/es\/intervention-tooling-search\/\" target=\"_self\" rel=\"noopener\"> Buscar herramientas de intervenci\u00f3n <\/a><\/p>\r\n<h1>Contacte con nosotros<\/h1>\r\n<h2>Nuestro equipo de expertos est\u00e1 listo para ayudarle a empezar.<\/h2>\r\n<p>Oceaneering ofrece los mejores productos y soluciones de su clase, respaldados por una calidad, fiabilidad y asistencia global inigualables. Rellene el formulario de consulta para iniciar una conversaci\u00f3n hoy mismo.<\/p>","protected":false},"excerpt":{"rendered":"<p>Discutir un proyecto Herramientas de intervenci\u00f3n Solucionamos los problemas de soporte de perforaci\u00f3n, compleci\u00f3n e instalaci\u00f3n, mejora de la producci\u00f3n y desmantelamiento, desde los m\u00e1s rutinarios a los m\u00e1s extremos. \u00bfDesea saber m\u00e1s? Ofrecemos paquetes de intervenci\u00f3n en pozos ligeros, herramientas ROV, soluciones de aseguramiento del flujo y equipos de desmantelamiento l\u00edderes en el sector. Apoyo a la perforaci\u00f3n Completaciones e instalaci\u00f3n Mejora de la producci\u00f3n Desmantelamiento Apoyo a la perforaci\u00f3n Ofrecemos una amplia gama ... <a title=\"Herramientas de intervenci\u00f3n\" class=\"read-more\" href=\"https:\/\/www.oceaneering.com\/es\/intervention-tooling\/\" aria-label=\"Leer m\u00e1s sobre Herramientas de intervenci\u00f3n\">Seguir leyendo<\/a><\/p>","protected":false},"author":7,"featured_media":0,"parent":0,"menu_order":12,"comment_status":"closed","ping_status":"closed","template":"","meta":{"_acf_changed":false,"footnotes":"","_links_to":"","_links_to_target":""},"product_category":[1300],"search_tags":[1715],"class_list":["post-60938","page","type-page","status-publish","product_category-intervention-tooling","search_tags-intervention-tooling"],"acf":[],"aioseo_notices":[],"_links":{"self":[{"href":"https:\/\/www.oceaneering.com\/es\/wp-json\/wp\/v2\/pages\/60938","targetHints":{"allow":["GET"]}}],"collection":[{"href":"https:\/\/www.oceaneering.com\/es\/wp-json\/wp\/v2\/pages"}],"about":[{"href":"https:\/\/www.oceaneering.com\/es\/wp-json\/wp\/v2\/types\/page"}],"author":[{"embeddable":true,"href":"https:\/\/www.oceaneering.com\/es\/wp-json\/wp\/v2\/users\/7"}],"replies":[{"embeddable":true,"href":"https:\/\/www.oceaneering.com\/es\/wp-json\/wp\/v2\/comments?post=60938"}],"version-history":[{"count":1,"href":"https:\/\/www.oceaneering.com\/es\/wp-json\/wp\/v2\/pages\/60938\/revisions"}],"predecessor-version":[{"id":80762,"href":"https:\/\/www.oceaneering.com\/es\/wp-json\/wp\/v2\/pages\/60938\/revisions\/80762"}],"wp:attachment":[{"href":"https:\/\/www.oceaneering.com\/es\/wp-json\/wp\/v2\/media?parent=60938"}],"wp:term":[{"taxonomy":"product_category","embeddable":true,"href":"https:\/\/www.oceaneering.com\/es\/wp-json\/wp\/v2\/product_category?post=60938"},{"taxonomy":"search_tags","embeddable":true,"href":"https:\/\/www.oceaneering.com\/es\/wp-json\/wp\/v2\/search_tags?post=60938"}],"curies":[{"name":"wp","href":"https:\/\/api.w.org\/{rel}","templated":true}]}}