{"id":60879,"date":"2023-11-08T09:00:17","date_gmt":"2023-11-08T14:00:17","guid":{"rendered":"https:\/\/oceaneering.com\/?page_id=60879"},"modified":"2025-11-26T07:22:35","modified_gmt":"2025-11-26T13:22:35","slug":"supplier-relations","status":"publish","type":"page","link":"https:\/\/www.oceaneering.com\/es\/supplier-relations\/","title":{"rendered":"Proveedores"},"content":{"rendered":"<a href=\"https:\/\/www.oceaneering.com\/es\/suppliers\/#contact\" target=\"_self\">\n\t\t\t\t\t\t\tCon\u00e9ctese con nosotros\n\t\t\t\t\t<\/a>\n<h1>\n\t\tRelaciones con los proveedores\n\t<\/h1>\n\t<p>Oceaneering reconoce que cada paso de nuestra cadena de suministro tiene un impacto en las personas, las comunidades y el planeta. En Oceaneering confiamos en nuestros valiosos proveedores y otros socios para que nos ayuden a satisfacer las necesidades de nuestros clientes cada d\u00eda.<\/p>\n<h2>\n\t\tPortal de proveedores\n\t<\/h2>\n\n\t\tEste portal se utiliza para que los proveedores existentes de Oceaneering realicen eventos de licitaci\u00f3n, reconocimientos de pedidos, emisi\u00f3n o aceptaci\u00f3n de \u00f3rdenes de compra, presentaci\u00f3n de facturas y estado de los pagos.\n\t\n\t\t\t<a href=\"https:\/\/smart.gep.com\/\" target=\"_blank\" rel=\"noopener\">\n\t\t\t\t\t\t\tAcceso al portal de proveedores\n\t\t\t<\/a>\n\t\t\t<a href=\"https:\/\/oceaneering.canto.com\/direct\/document\/ndi78sf7kl2tv25d1sadrib66l\/jZm1EJeWdOwR8KKWnG2ehHpjrfE\/original?content-type=application%2Fpdf&#038;name=Oceaneering_Portal_Training.pdf\" target=\"_blank\" rel=\"noopener\">\n\t\t\t\t\t\t\tFormaci\u00f3n sobre el portal de proveedores\n\t\t\t<\/a>\n<h2>\n\t\t\u00c9tica de los proveedores\n\t<\/h2>\n\t<p>Nuestro objetivo es garantizar que nuestras relaciones con los proveedores reflejen y respalden elevadas normas \u00e9ticas. Nos comprometemos a trabajar con nuestros proveedores para promover pr\u00e1cticas responsables en todo el mundo. Nuestra intenci\u00f3n es que nuestros proveedores compartan nuestros valores y nuestro compromiso de hacer negocios de forma \u00e9tica, legal y socialmente responsable.<\/p>\n\t\t\t<a href=\"https:\/\/www.oceaneering.com\/es\/sustainability\/ethics-and-compliance\/\" target=\"_self\">\n\t\t\t\t\t\t\tM\u00e1s informaci\u00f3n\n\t\t\t<\/a>\n\t\t\t\t<img decoding=\"async\" src=\"https:\/\/oceaneering.com\/wp-content\/uploads\/2023\/11\/09CW337-1-scaled2-1.jpg\" alt=\"Employees looking at ROV\" itemprop=\"image\" title=\"Empleados mirando el ROV\" onerror=\"this.style.display='none'\"  \/>\n\t\t\t\t<img decoding=\"async\" src=\"https:\/\/oceaneering.com\/wp-content\/uploads\/2023\/11\/IMG_1634-edited-1.jpg\" alt=\"IMG_1634-edited (1)\" itemprop=\"image\" title=\"IMG_1634-editado (1)\" onerror=\"this.style.display='none'\"  \/>\n<h2>\n\t\tCalidad de los proveedores\n\t<\/h2>\n\t<p>Nos esforzamos por garantizar que nuestros productos y servicios sean coherentes y cumplan los elevados est\u00e1ndares de excelencia de nuestros clientes. Nos comprometemos a trabajar con nuestros proveedores para promover pr\u00e1cticas responsables en todo el mundo. Nuestra intenci\u00f3n es que nuestros proveedores compartan nuestros valores y nuestro compromiso de hacer negocios de forma \u00e9tica, legal y socialmente responsable.<\/p>\n\t\t\t<a href=\"https:\/\/www.oceaneering.com\/es\/supplier-document-delivery\/#sqdocs\" target=\"_self\">\n\t\t\t\t\t\t\tDocumentos de calidad del proveedor\n\t\t\t<\/a>\n<h2>\n\t\tDiversidad de proveedores\n\t<\/h2>\n\t<p>Oceaneering International, Inc. (actuando a trav\u00e9s de su Divisi\u00f3n de Soluciones de Movilidad como fabricante de veh\u00edculos de tr\u00e1nsito) con sede en Houston, Texas, prev\u00e9 licitar en contratos de veh\u00edculos financiados por la FTA, ha establecido su Objetivo de Empresas en Desventaja (DBE) para el a\u00f1o fiscal 2025 de acuerdo con la Norma 49 CFR Parte 26 del Departamento de Transporte de EE.UU. (DOT).<\/p>\n<p>El objetivo general de DBE de Oceaneering para el a\u00f1o fiscal 2025 (del 1 de octubre de 2024 al 30 de septiembre de 2025) es de 1,43% de la cantidad total de d\u00f3lares nacionales contratados que gastaremos en contratos asistidos por el USDOT.<\/p>\n<p>P\u00f3ngase en contacto con el DBELO de Oceaneering si tiene alguna pregunta o comentario.<\/p>\n<h2>\n\t\tContacto del oficial de enlace DBE\n\t<\/h2>\n\t<p>James Roark<\/p>\nTel\u00e9fono: +1 407 429 2749<br \/>\nCorreo electr\u00f3nico: <a href=\"mailto:JRoark@oceaneering.com\">JRoark@oceaneering.com<\/a>\n<h2>\n\t\tOrientaci\u00f3n y documentos para proveedores\n\t<\/h2>\n<h4>\n\t\tConformidad\n\t<\/h4>\n\t\t\t<a href=\"https:\/\/oceaneering.canto.com\/download\/document\/l5p2ujhds54itaj4f0ve0rhu35\/original.pdf\" target=\"_blank\" rel=\"noopener\">\n\t\t\t\t\t\t\tPol\u00edtica contra el soborno y la corrupci\u00f3n\n\t\t\t\t\t<\/a>\n\t\t\t<a href=\"https:\/\/s201.q4cdn.com\/108344635\/files\/doc_downloads\/govdocs\/2023\/10\/Code_of_Conduct_English.pdf\" target=\"_blank\" rel=\"noopener\">\n\t\t\t\t\t\t\tC\u00f3digo de conducta\n\t\t\t\t\t<\/a>\n\t\t\t<a href=\"https:\/\/oceaneering.canto.com\/download\/document\/a7961ed6u52theen6pial9bq6a\/original.pdf\" target=\"_blank\" rel=\"noopener\">\n\t\t\t\t\t\t\tC\u00f3digo de conducta para proveedores\n\t\t\t\t\t<\/a>\n<h4>\n\t\tInformes sobre minerales de conflicto\n\t<\/h4>\n\t\t\t<a href=\"https:\/\/oceaneering.canto.com\/direct\/document\/pk28f8klb10l3a004tqndf231j\/vddXyhw3yJ01ZYrYATqS570Ra6M\/original?content-type=application%2Fpdf&#038;name=Oceaneering-Conflicts-Minerals-Program-Policy.pdf\" target=\"_blank\" rel=\"noopener\">\n\t\t\t\t\t\t\tDeclaraci\u00f3n sobre la pol\u00edtica de minerales de conflicto\n\t\t\t\t\t<\/a>\n<h4>\n\t\tProveedor NDA\n\t<\/h4>\n\t\t\t<a href=\"https:\/\/oceaneering.canto.com\/direct\/document\/hckf76enk96d13fnoov8nk5m5o\/QSJsA02PhzD30mDynkuTLZGG7bk\/original?content-type=application%2Fvnd.openxmlformats-officedocument.wordprocessingml.document&#038;name=SCM-NDA-001+Rev.+00+-+Vendor+NDA+-+Australia.docx\" target=\"_blank\" rel=\"noopener\">\n\t\t\t\t\t\tAustralia\n\t\t\t\t\t<\/a>\n\t\t\t<a href=\"https:\/\/oceaneering.canto.com\/direct\/document\/0caipv96lt4fhef3b6diei4b06\/Qa0evkWZqzk5yBdEy20h21wqbGA\/original?content-type=application%2Fvnd.openxmlformats-officedocument.wordprocessingml.document&#038;name=SCM-NDA-002+Rev.+00+-+Vendor+NDA+-+Brazil.docx\" target=\"_blank\" rel=\"noopener\">\n\t\t\t\t\t\tBrasil (ingl\u00e9s\/portugu\u00e9s)\n\t\t\t\t\t<\/a>\n\t\t\t<a href=\"https:\/\/oceaneering.canto.com\/direct\/document\/smov86atv54prf58s1vqoifj6h\/MQotLKxVzqWk6TaH4CpLilvXiHk\/original?content-type=application%2Fvnd.openxmlformats-officedocument.wordprocessingml.document&#038;name=SCM-NDA-003+Rev.+00+-+Vendor+NDA+-+Norway.docx\" target=\"_blank\" rel=\"noopener\">\n\t\t\t\t\t\tNoruega\n\t\t\t\t\t<\/a>\n\t\t\t<a href=\"https:\/\/oceaneering.canto.com\/direct\/document\/debgqmiki17vhbdov096arp523\/zX83Yix6HNuhaLw1oymSuZ0bMsQ\/original?content-type=application%2Fvnd.openxmlformats-officedocument.wordprocessingml.document&#038;name=SCM-NDA-004+Rev.+00+-+Vendor+NDA+-+Singapore.docx\" target=\"_blank\" rel=\"noopener\">\n\t\t\t\t\t\tSingapur\n\t\t\t\t\t<\/a>\n\t\t\t<a href=\"https:\/\/oceaneering.canto.com\/direct\/document\/s6p61a1qtt2cre8bn1d924ol7e\/IDmPha44VKrS6UA1VG2jJnBzodk\/original?content-type=application%2Fvnd.openxmlformats-officedocument.wordprocessingml.document&#038;name=SCM-NDA-005+Rev.+00+-+Vendor+NDA+-+The+Netherlands.docx\" target=\"_blank\" rel=\"noopener\">\n\t\t\t\t\t\tPa\u00edses Bajos\n\t\t\t\t\t<\/a>\n\t\t\t<a href=\"https:\/\/oceaneering.canto.com\/direct\/document\/9j22ga4g3l31j4njho5j2gjc3t\/zWkS49hx7PbNSKzK_bk0EuQ_1iM\/original?content-type=application%2Fvnd.openxmlformats-officedocument.wordprocessingml.document&#038;name=SCM-NDA-006+Rev.+00+-+Vendor+NDA+-+UK%26EH.docx\" target=\"_blank\" rel=\"noopener\">\n\t\t\t\t\t\tReino Unido \/ Hemisferio Oriental\n\t\t\t\t\t<\/a>\n\t\t\t<a href=\"https:\/\/oceaneering.canto.com\/direct\/document\/cdbtgvl5e91qvb16iigkkods2u\/ACzoZf7Tlh6rlvKGBB0Iuy_dhCs\/original?content-type=application%2Fvnd.openxmlformats-officedocument.wordprocessingml.document&#038;name=SCM-NDA-007+Rev.+00+-+Vendor+NDA+-+US%26WH.docx\" target=\"_blank\" rel=\"noopener\">\n\t\t\t\t\t\tEE.UU.\/Canad\u00e1\n\t\t\t\t\t<\/a>\n<h4>\n\t\tCondiciones de la orden de compra\n\t<\/h4>\n\t\t\t<a href=\"https:\/\/oceaneering.canto.com\/direct\/document\/ri4v7c1gkt41ndp30l1rcqs13g\/WWQxitesVC0Ej4zDlUZo6zxlfSk\/original?content-type=application%2Fpdf\" target=\"_blank\" rel=\"noopener\">\n\t\t\t\t\t\t\tAustralia\n\t\t\t\t\t<\/a>\n\t\t\t<a href=\"https:\/\/oceaneering.canto.com\/direct\/document\/0i4l0acbc50aj4kj327h5mpg0m\/aKxnnJcW3HnWMx9atIyLOIrWF6k\/original?content-type=application%2Fpdf\" target=\"_blank\" rel=\"noopener\">\n\t\t\t\t\t\t\tBrasil (ingl\u00e9s\/portugu\u00e9s)\n\t\t\t\t\t<\/a>\n\t\t\t<a href=\"https:\/\/oceaneering.canto.com\/direct\/document\/qh781c2u3t7db7lp53rb8ck11k\/nZNQdl-bodpkkmmTWQMbb4S0dI8\/original?content-type=application%2Fpdf\" target=\"_blank\" rel=\"noopener\">\n\t\t\t\t\t\t\tNoruega\n\t\t\t\t\t<\/a>\n\t\t\t<a href=\"https:\/\/oceaneering.canto.com\/direct\/document\/bm840h2o7t0917is4hnd9maj6c\/kG7CflViMCGGfwjoTHep7Gx3r94\/original?content-type=application%2Fpdf\" target=\"_blank\" rel=\"noopener\">\n\t\t\t\t\t\t\tSingapur\n\t\t\t\t\t<\/a>\n\t\t\t<a href=\"https:\/\/oceaneering.canto.com\/direct\/document\/qbs94n50lh14l6ohv8b4k02669\/pX_ukFaRWXUpxmZxzrX1VnGNxS4\/original?content-type=application%2Fpdf\" target=\"_blank\" rel=\"noopener\">\n\t\t\t\t\t\t\tPa\u00edses Bajos (AGV)\n\t\t\t\t\t<\/a>\n\t\t\t<a href=\"https:\/\/oceaneering.canto.com\/direct\/document\/tbh4f4h6l97dt43re46541d16d\/mRrrkuE3VajUPnOKSgLJ_dPTwwM\/original?content-type=application%2Fpdf\" target=\"_blank\" rel=\"noopener\">\n\t\t\t\t\t\t\tReino Unido \/ Hemisferio Oriental\n\t\t\t\t\t<\/a>\n\t\t\t<a href=\"https:\/\/oceaneering.canto.com\/direct\/document\/3d8397n5ed37v3ei5hmn5cso71\/gk9APrXibu3K3J1XhOGzeQeFDCw\/original?content-type=application%2Fpdf\" target=\"_blank\" rel=\"noopener\">\n\t\t\t\t\t\t\tEE.UU.\/Canad\u00e1\n\t\t\t\t\t<\/a>\n<h4>\n\t\tPortal de carga de documentos para proveedores\n\t<\/h4>\n\t\t\t<a href=\"https:\/\/oceaneering.sharepoint.com\/:l:\/s\/OSUP\/FLz3DGKlO1FJh44OkRxcGwQByvgG8OsadklzI8ATYOpNiw\" target=\"_blank\" rel=\"noopener\">\n\t\t\t\t\t\t\tPortal de carga de proveedores de Oceaneering\n\t\t\t\t\t<\/a>\n<h4>\n\t\tDocumento del portal de colaboraci\u00f3n con proveedores\n\t<\/h4>\n\t\t\t<a href=\"https:\/\/oceaneering.canto.com\/direct\/document\/ndi78sf7kl2tv25d1sadrib66l\/jZm1EJeWdOwR8KKWnG2ehHpjrfE\/original?content-type=application%2Fpdf&#038;name=Oceaneering_Portal_Training.pdf\" target=\"_blank\" rel=\"noopener\">\n\t\t\t\t\t\t\tFormaci\u00f3n en el Portal Oceaneering\n\t\t\t\t\t<\/a>\n\t\t\t<a href=\"https:\/\/oceaneering.canto.com\/direct\/document\/vtce826ea53k37jhfulbumf00f\/x9LTYh4TduzjO6g4FXgIr2FRP8s\/original?content-type=application%2Fpdf&#038;name=Oceaneering+Invoicing+Instructions-Jan+2023.pdf\" target=\"_blank\" rel=\"noopener\">\n\t\t\t\t\t\t\tInstrucciones de facturaci\u00f3n Oceaneering | Ene 2023\n\t\t\t\t\t<\/a>\n\n\t\tContacte con nosotros\n\t\n<h2>\n\t\tNuestro equipo de expertos est\u00e1 listo para ayudarle a empezar.\n\t<\/h2>\n\t<p>Oceaneering ofrece los mejores productos y soluciones de su clase, respaldados por una calidad, fiabilidad y asistencia global inigualables. Rellene el formulario de consulta para iniciar una conversaci\u00f3n hoy mismo.<\/p>","protected":false},"excerpt":{"rendered":"<p>Con\u00e9ctese con nosotros Relaciones con los proveedores Oceaneering reconoce que cada paso de nuestra cadena de suministro tiene un impacto en las personas, las comunidades y el planeta. En Oceaneering confiamos en nuestros valiosos proveedores y otros socios para que nos ayuden a satisfacer las necesidades de nuestros clientes cada d\u00eda. Portal de proveedores Este portal se utiliza para que los proveedores actuales de Oceaneering ... <a title=\"Proveedores\" class=\"read-more\" href=\"https:\/\/www.oceaneering.com\/es\/supplier-relations\/\" aria-label=\"Leer m\u00e1s sobre Proveedores\">Seguir leyendo<\/a><\/p>","protected":false},"author":25,"featured_media":0,"parent":0,"menu_order":0,"comment_status":"closed","ping_status":"closed","template":"","meta":{"_acf_changed":false,"footnotes":"","_links_to":"","_links_to_target":""},"product_category":[],"search_tags":[1869],"class_list":["post-60879","page","type-page","status-publish","search_tags-suppliers"],"acf":[],"aioseo_notices":[],"_links":{"self":[{"href":"https:\/\/www.oceaneering.com\/es\/wp-json\/wp\/v2\/pages\/60879","targetHints":{"allow":["GET"]}}],"collection":[{"href":"https:\/\/www.oceaneering.com\/es\/wp-json\/wp\/v2\/pages"}],"about":[{"href":"https:\/\/www.oceaneering.com\/es\/wp-json\/wp\/v2\/types\/page"}],"author":[{"embeddable":true,"href":"https:\/\/www.oceaneering.com\/es\/wp-json\/wp\/v2\/users\/25"}],"replies":[{"embeddable":true,"href":"https:\/\/www.oceaneering.com\/es\/wp-json\/wp\/v2\/comments?post=60879"}],"version-history":[{"count":11,"href":"https:\/\/www.oceaneering.com\/es\/wp-json\/wp\/v2\/pages\/60879\/revisions"}],"predecessor-version":[{"id":80067,"href":"https:\/\/www.oceaneering.com\/es\/wp-json\/wp\/v2\/pages\/60879\/revisions\/80067"}],"wp:attachment":[{"href":"https:\/\/www.oceaneering.com\/es\/wp-json\/wp\/v2\/media?parent=60879"}],"wp:term":[{"taxonomy":"product_category","embeddable":true,"href":"https:\/\/www.oceaneering.com\/es\/wp-json\/wp\/v2\/product_category?post=60879"},{"taxonomy":"search_tags","embeddable":true,"href":"https:\/\/www.oceaneering.com\/es\/wp-json\/wp\/v2\/search_tags?post=60879"}],"curies":[{"name":"wp","href":"https:\/\/api.w.org\/{rel}","templated":true}]}}