{"id":60861,"date":"2023-11-07T17:25:59","date_gmt":"2023-11-07T22:25:59","guid":{"rendered":"https:\/\/oceaneering.com\/?page_id=60861"},"modified":"2025-12-22T22:57:34","modified_gmt":"2025-12-23T04:57:34","slug":"ethics-and-compliance","status":"publish","type":"page","link":"https:\/\/www.oceaneering.com\/es\/sustainability\/ethics-and-compliance\/","title":{"rendered":"\u00c9tica y cumplimiento"},"content":{"rendered":"<a href=\"https:\/\/www.oceaneering.com\/es\/sustainability\/#contact\" target=\"_self\">\n\t\t\t\t\t\t\tContacte con nosotros\n\t\t\t\t\t<\/a>\n<h1>\n\t\t\u00c9tica y cumplimiento\n\t<\/h1>\n\t<p>Estamos comprometidos con las pr\u00e1cticas empresariales responsables dentro de nuestra organizaci\u00f3n y en toda nuestra cadena de suministro en todo el mundo. Nos esforzamos por mejorar continuamente en los \u00e1mbitos de los derechos humanos, las normas laborales y el medio ambiente, y por trabajar contra cualquier forma de corrupci\u00f3n.<\/p>\n\t<p>Hemos construido nuestra reputaci\u00f3n como una organizaci\u00f3n que exige pr\u00e1cticas comerciales \u00e9ticas y altos niveles de integridad en nuestras transacciones comerciales. Los Valores Fundamentales de Oceaneering subyacen a nuestro C\u00f3digo de Conducta y a las pol\u00edticas y procedimientos relacionados (colectivamente, nuestro \"<a href=\"https:\/\/s201.q4cdn.com\/108344635\/files\/doc_downloads\/govdocs\/2023\/10\/Code_of_Conduct_English.pdf\" target=\"_blank\" rel=\"noopener\">C\u00f3digo de conducta<\/a>\"), que gu\u00edan diariamente a nuestros empleados y socios comerciales.<\/p>\n\t<p>Adem\u00e1s, Oceaneering reconoce que la solidez de su reputaci\u00f3n se basa no s\u00f3lo en nuestra propia conducta, sino tambi\u00e9n en el comportamiento de aquellos con quienes hacemos negocios. Por ello, nuestro objetivo es garantizar que nuestras relaciones con los proveedores reflejen y respalden unas normas \u00e9ticas elevadas. Nos comprometemos a trabajar con nuestros proveedores para promover pr\u00e1cticas responsables en todo el mundo. Nuestra intenci\u00f3n es que nuestros proveedores compartan nuestros valores y nuestro compromiso de hacer negocios de forma \u00e9tica, legal y socialmente responsable.<\/p>\n<h2>\n\t\tQueremos saber de usted\n\t<\/h2>\n\t<p>Si tiene alguna duda sobre el cumplimiento o la \u00e9tica en relaci\u00f3n con nuestra <a href=\"https:\/\/s201.q4cdn.com\/108344635\/files\/doc_downloads\/govdocs\/2023\/10\/Code_of_Conduct_English.pdf\" target=\"_blank\" rel=\"noopener\">C\u00f3digo de conducta<\/a>Si tiene alguna duda sobre los controles contables, las auditor\u00edas o cualquier otro asunto, no dude en ponerse en contacto con nosotros. Todas las preocupaciones se notificar\u00e1n y se asignar\u00e1n a las partes pertinentes para su revisi\u00f3n. En \u00faltima instancia, la adhesi\u00f3n a nuestra <a href=\"https:\/\/www.oceaneering.com\/es\/about\/mission-vision-and-values\/\">Valores fundamentales<\/a> y el cumplimiento de nuestra <a href=\"https:\/\/s201.q4cdn.com\/108344635\/files\/doc_downloads\/govdocs\/2023\/10\/Code_of_Conduct_English.pdf\" target=\"_blank\" rel=\"noopener\">C\u00f3digo de conducta<\/a> son supervisadas por el Consejo de Administraci\u00f3n de Oceaneering y sus comit\u00e9s.<\/p>\n<h3>\n\t\tFormas de ponerse en contacto con nosotros\n\t<\/h3>\n\t<ul>\n<li>N\u00famero gratuito en EE.UU: +1 844.381.9324<\/li>\n<li>En la mayor\u00eda de los pa\u00edses hay n\u00fameros locales y servicios de traducci\u00f3n disponibles a trav\u00e9s de <a href=\"http:\/\/oceaneering.ethicspoint.com\" target=\"_blank\" rel=\"noopener\">oceaneering.ethicspoint.com<\/a><\/li>\n<\/ul>\n<h2>\n\t\tC\u00f3digo de conducta\n\t<\/h2>\n\t<p>Nuestro C\u00f3digo de Conducta, la Pol\u00edtica de Cumplimiento Antisoborno y Anticorrupci\u00f3n y el C\u00f3digo de \u00c9tica para el Director Ejecutivo y los Directores Financieros reiteran el compromiso de Oceaneering con la integridad y las normas \u00e9ticas, y transmiten claramente a todos los empleados y terceros relacionados c\u00f3mo nuestro C\u00f3digo de Conducta se aplica a las relaciones comerciales con nosotros.<\/p>\n<p>Nos comprometemos a trabajar con nuestros proveedores para promover pr\u00e1cticas responsables en todo el mundo. Nuestra intenci\u00f3n es garantizar que todos nuestros empleados y socios reconozcan nuestros valores y compartan nuestro compromiso de hacer negocios de forma \u00e9tica, legal y socialmente responsable. Nos esforzamos por mejorar continuamente en los \u00e1mbitos de los derechos humanos, las normas laborales y el medio ambiente, y por trabajar contra cualquier forma de corrupci\u00f3n.<\/p>\n\t\t\t<a href=\"https:\/\/investors.oceaneering.com\/governance\/governance-documents\/default.aspx\" target=\"_blank\" rel=\"noopener\">\n\t\t\t\t\t\t\tM\u00e1s informaci\u00f3n\n\t\t\t<\/a>\n\t\t\t\t<img decoding=\"async\" src=\"https:\/\/oceaneering.com\/wp-content\/uploads\/2023\/11\/Books-scaled.jpeg\" alt=\"Books\" itemprop=\"image\" title=\"Libros\" onerror=\"this.style.display='none'\"  \/>\n\t\t\t\t<img decoding=\"async\" src=\"https:\/\/oceaneering.com\/wp-content\/uploads\/2023\/11\/shutterstock_348633299-scaled.jpeg\" alt=\"shutterstock_348633299\" itemprop=\"image\" title=\"shutterstock_348633299\" onerror=\"this.style.display='none'\"  \/>\n<h2>\n\t\tPrograma de cumplimiento\n\t<\/h2>\n\t<p>El Programa de Cumplimiento de Oceaneering ha sido dise\u00f1ado de acuerdo con las mejores pr\u00e1cticas mundiales, entre las que se incluyen:<\/p>\n\t<ul>\n\t\t\t\t\t<li>\n\t\t\t\tlas 13 buenas pr\u00e1cticas de la OCDE en materia de control interno, \u00e9tica y conformidad;\n\t\t\t<\/li>\n\t\t\t\t\t<li>\n\t\t\t\tlos 7 Elementos de un Programa de Cumplimiento Eficaz de las Directrices de Condenas de los Estados Unidos;\n\t\t\t<\/li>\n\t\t\t\t\t<li>\n\t\t\t\tla Gu\u00eda de recursos del Departamento de Justicia sobre la Ley estadounidense de pr\u00e1cticas corruptas en el extranjero;\n\t\t\t<\/li>\n\t\t\t\t\t<li>\n\t\t\t\tla Ley de Soborno del Reino Unido de 2010; y la\n\t\t\t<\/li>\n\t\t\t\t\t<li>\n\t\t\t\tla Gu\u00eda del Ministerio de Justicia sobre la Ley de Soborno del Reino Unido\n\t\t\t<\/li>\n\t\t\t<\/ul>\n<h2>\n\t\tPol\u00edtica de lucha contra el soborno y la corrupci\u00f3n\n\t<\/h2>\n\t<p>Las pol\u00edticas de Oceaneering y leyes como la Ley de Pr\u00e1cticas Corruptas en el Extranjero de EE.UU., la Ley de Soborno del Reino Unido y otras leyes anticorrupci\u00f3n similares de todo el mundo proh\u00edben a nuestros empleados o agentes dar u ofrecer dinero o cualquier cosa de valor, directa o indirectamente, a cualquier persona para inducirla a influir en cualquier acto o decisi\u00f3n gubernamental, o para ayudar a Oceaneering a obtener o conservar negocios o asegurarse cualquier ventaja indebida. Esta prohibici\u00f3n se aplica a todos los clientes, ya sean de propiedad o control gubernamental o privados, y a todos los funcionarios p\u00fablicos, independientemente de su rango y cargo.<\/p>\n<p>Los proveedores de Oceaneering no pueden actuar de ning\u00fan modo, ni en su relaci\u00f3n comercial con Oceaneering ni de ning\u00fan otro modo, que infrinja este principio. Adem\u00e1s, Oceaneering se esfuerza por garantizar que sus proveedores s\u00f3lo recurran a proveedores que no infrinjan las normas \u00e9ticas mediante sobornos, comisiones ilegales u otros pagos indebidos o il\u00edcitos similares. Nuestros proveedores deben conocer y cumplir todas las leyes y normativas aplicables en materia de soborno y corrupci\u00f3n de los pa\u00edses en los que operan.<\/p>\n\t\t\t<a href=\"https:\/\/oceaneering.canto.com\/download\/document\/l5p2ujhds54itaj4f0ve0rhu35\/original.pdf\" target=\"_blank\" rel=\"noopener\">\n\t\t\t\t\t\t\tPol\u00edtica contra el soborno y la corrupci\u00f3n\n\t\t\t<\/a>\n\t\t\t\t<img decoding=\"async\" src=\"https:\/\/oceaneering.com\/wp-content\/uploads\/2023\/11\/Anti-corruption-scaled.jpeg\" alt=\"Anti-corruption\" itemprop=\"image\" title=\"Anticorrupci\u00f3n\" onerror=\"this.style.display='none'\"  \/>\n\t\t\t\t<img decoding=\"async\" src=\"https:\/\/oceaneering.com\/wp-content\/uploads\/2023\/11\/Trafficking.jpeg\" alt=\"Trafficking\" itemprop=\"image\" title=\"Tr\u00e1fico\" onerror=\"this.style.display='none'\"  \/>\n<h2>\n\t\tPrograma de Derechos Humanos\n\t<\/h2>\n\t<p>La esclavitud y la trata de seres humanos son un grave problema. Estamos comprometidos con pol\u00edticas y normas que contribuyen a garantizar que no haya esclavitud moderna ni trata de seres humanos en nuestras cadenas de suministro ni en ninguna parte de nuestro negocio. Nuestro C\u00f3digo de Conducta refleja nuestro compromiso de actuar de forma \u00e9tica e \u00edntegra en todas nuestras relaciones comerciales y de implantar y aplicar sistemas y controles que contribuyan a garantizar que la esclavitud y la trata de seres humanos no tienen lugar en nuestras cadenas de suministro.<\/p>\n\t\t\t<a href=\"https:\/\/oceaneering.canto.com\/download\/document\/m8u35gqlgd08d0udl3nohaqp3p\/original.pdf\" target=\"_blank\" rel=\"noopener\">\n\t\t\t\t\t\t\tDeclaraci\u00f3n de derechos humanos\n\t\t\t<\/a>\n\t\t\t<a href=\"https:\/\/oceaneering.canto.com\/download\/document\/tt35g8m54159t6knc04oqvok6o\/original.pdf\" target=\"_blank\" rel=\"noopener\">\n\t\t\t\t\t\t\tDeclaraci\u00f3n contra la esclavitud y la trata de seres humanos\n\t\t\t<\/a>\n<h2>\n\t\tPrograma sobre minerales conflictivos\n\t<\/h2>\n\t<p>Oceaneering ha adoptado una pol\u00edtica de apoyo a los esfuerzos de la industria para conseguir cadenas de suministro libres de conflictos y de cumplimiento de los requisitos de informaci\u00f3n relacionados impuestos a la empresa por la legislaci\u00f3n aplicable. Esperamos que nuestros proveedores nos apoyen en estos esfuerzos.<\/p>\n<p>Los proveedores de Oceaneering deben abastecerse de forma responsable de los materiales utilizados en sus productos y servicios. Los proveedores deben aplicar pol\u00edticas de diligencia debida en la cadena de suministro y tomar medidas afirmativas para determinar si los ingresos procedentes de la extracci\u00f3n, el comercio, el transporte, la fundici\u00f3n o el refinado de cualquier mena, mineral o derivado se utilizan para beneficiar o financiar a personas o grupos implicados en actos violentos o abusos contra los derechos humanos. Cuando los proveedores tengan conocimiento de la presencia de estos materiales en su cadena de suministro, deber\u00e1n encontrar fuentes alternativas.<\/p>\n<p><a href=\"http:\/\/investors.oceaneering.com\/financial-information\/Conflict-Minerals-Disclosures\/default.aspx\" target=\"_blank\" rel=\"noopener\">Presentaci\u00f3n anual del formulario SD<\/a><\/p>\n\t\t\t<a href=\"https:\/\/oceaneering.canto.com\/direct\/document\/pk28f8klb10l3a004tqndf231j\/vddXyhw3yJ01ZYrYATqS570Ra6M\/original?content-type=application%2Fpdf&#038;name=Oceaneering-Conflicts-Minerals-Program-Policy.pdf\" target=\"_blank\" rel=\"noopener\">\n\t\t\t\t\t\t\tPol\u00edtica del programa sobre minerales conflictivos\n\t\t\t<\/a>\n\t\t\t\t<img decoding=\"async\" src=\"https:\/\/oceaneering.com\/wp-content\/uploads\/2023\/11\/conflict-minerals.jpeg\" alt=\"conflict-minerals\" itemprop=\"image\" title=\"minerales conflictivos\" onerror=\"this.style.display='none'\"  \/>\n\t\t\t\t<img decoding=\"async\" src=\"https:\/\/oceaneering.com\/wp-content\/uploads\/2023\/11\/shutterstock_66608527-sm.jpeg\" alt=\"shutterstock_66608527-sm\" itemprop=\"image\" title=\"shutterstock_66608527-sm\" onerror=\"this.style.display='none'\"  \/>\n<h2>\n\t\tPol\u00edtica fiscal\n\t<\/h2>\n\t<p>Oceaneering cumple responsablemente las leyes fiscales y aspira a una total transparencia frente a las autoridades tributarias. Todos los impuestos y tasas se pagan de acuerdo con las leyes y normativas nacionales pertinentes de los pa\u00edses en los que operamos. Como buen ciudadano corporativo, creemos que la pol\u00edtica fiscal es una parte importante de la construcci\u00f3n de una econom\u00eda global y un sistema de infraestructuras s\u00f3lidos que puedan beneficiar a todas las partes interesadas y a las comunidades que compartimos.<\/p>\n\t\t\t<a href=\"https:\/\/oceaneering.canto.com\/direct\/document\/fcu6hfab3107t2ndk2h53kad7s\/PdHxDNSVCTPaFD5LDWi1zHjS5SA\/original?content-type=application%2Fpdf\" target=\"_blank\" rel=\"noopener\">\n\t\t\t\t\t\t\tEstrategia fiscal en el Reino Unido\n\t\t\t<\/a>\n<h2>\n\t\tInformes sobre diferencias salariales entre hombres y mujeres\n\t<\/h2>\n\t<p>Oceaneering se compromete a eliminar la brecha salarial de g\u00e9nero y a informar sobre nuestros avances. Publicamos un informe anual sobre la brecha salarial de g\u00e9nero para nuestras operaciones en el Reino Unido, Oceaneering International Services Limited (\"OISL\"), que cumple con el Reglamento 2017 de la Ley de Igualdad de 2010 (Informaci\u00f3n sobre la brecha salarial de g\u00e9nero).<\/p>\n\t\t\t<a href=\"https:\/\/oceaneering.canto.com\/download\/document\/a9596ajaot78v8uk8hgp0cao34\/original.pdf\" target=\"_blank\" rel=\"noopener\">\n\t\t\t\t\t\t\tInforme sobre diferencias salariales entre hombres y mujeres\n\t\t\t<\/a>\n\t\t\t\t<img decoding=\"async\" src=\"https:\/\/oceaneering.com\/wp-content\/uploads\/2023\/11\/Pay-gap.jpeg\" alt=\"Pay-gap\" itemprop=\"image\" title=\"Brecha salarial\" onerror=\"this.style.display='none'\"  \/>\n\t\t\t\t<img decoding=\"async\" src=\"https:\/\/oceaneering.com\/wp-content\/uploads\/2023\/11\/13EW155-small-scaled.jpeg\" alt=\"13EW155-small\" itemprop=\"image\" title=\"13EW155-peque\u00f1o\" onerror=\"this.style.display='none'\"  \/>\n<h2>\n\t\tInforme del Consejo de Normas Contables de Sostenibilidad (SASB)\n\t<\/h2>\n\t\t\t<a href=\"https:\/\/oceaneering.canto.com\/direct\/document\/0j4tjbi29p4c16fpd2rscvoh2m\/OTuAW2X3fEYgfQdS2CkUhHyXCJo\/original?content-type=application%2Fpdf&#038;name=2024+Sustainability+Accounting+Standars+Board+%28SASB%29+Report.pdf\" target=\"_blank\" rel=\"noopener\">\n\t\t\t\t\t\t\t2024 Informe del Consejo de Normas Contables de Sostenibilidad (SASB)\n\t\t\t<\/a>\n\t\t\t<a href=\"https:\/\/oceaneering.canto.com\/direct\/document\/i6143ctrkp5vt69ovjgb5mma1g\/MCRheTy8c17VyE68tskw1LYogGI\/original?content-type=application%2Fpdf&#038;name=2023+Sustainability+Accounting+Standards+Board+%28SASB%29+Report.pdf\" target=\"_blank\" rel=\"noopener\">\n\t\t\t\t\t\t\t2023 Informe del Consejo de Normas Contables de Sostenibilidad (SASB)\n\t\t\t<\/a>\n\t\t\t<a href=\"https:\/\/oceaneering.canto.com\/direct\/document\/dqjatrdf7h4031npvoejg8gs47\/LL95oShWzaKSqUoGW2HGTVBHSeY\/original?content-type=application%2Fpdf&#038;name=Oceaneering+SASB+Report+051723v2.pdf\" target=\"_blank\" rel=\"noopener\">\n\t\t\t\t\t\t\tInforme 2022 del Consejo de Normas Contables de Sostenibilidad (SASB)\n\t\t\t<\/a>\n\t\t\t<a href=\"https:\/\/oceaneering.canto.com\/direct\/document\/qth905ehk5723ahtfp5qmv4v5i\/pXgCxq4MWpm4eppxaIKM8GziX1Y\/original?content-type=application%2Fpdf&#038;name=2021+Sustainability+Accounting+Standards+Board+%28SASB%29+Report.pdf\" target=\"_blank\" rel=\"noopener\">\n\t\t\t\t\t\t\t2021 Informe del Consejo de Normas Contables de Sostenibilidad (SASB)\n\t\t\t<\/a>\n\t\t\t<a href=\"https:\/\/oceaneering.canto.com\/direct\/document\/185v5d7h2t57pcbro9s4ll4f5u\/5qAGkzpqA7XWxdGIkDQDjnzG8wA\/original?content-type=application%2Fpdf&#038;name=2020+Oceaneering+SASB+Report_Final-2.pdf\" target=\"_blank\" rel=\"noopener\">\n\t\t\t\t\t\t\tInforme 2020 del Consejo de Normas Contables de Sostenibilidad (SASB)\n\t\t\t<\/a>\n\t\t\t<a href=\"https:\/\/oceaneering.canto.com\/direct\/document\/9ome1c64c50tjam3t7d60gqe2m\/Dz6y-qiQXmfxhSMi1g2hd0n8MEM\/original?content-type=application%2Fpdf&#038;name=4824_Oceaneering+SASB+Report+100520_FINAL.pdf\" target=\"_blank\" rel=\"noopener\">\n\t\t\t\t\t\t\tInforme 2019 del Consejo de Normas de Contabilidad de la Sostenibilidad (SASB)\n\t\t\t<\/a>\n<h2>\n\t\tInforme del Grupo de trabajo sobre divulgaci\u00f3n de informaci\u00f3n financiera relacionada con el clima (TCFD)\n\t<\/h2>\n\t\t\t<a href=\"https:\/\/oceaneering.canto.com\/direct\/document\/g7v5viis810d700ok88kachv1k\/L_TRlYlqTpu6_TPPkOGMQBipKNk\/original?content-type=application%2Fpdf&#038;name=2025+Oceaneering+2025+TCFD+Report.pdf\" target=\"_blank\" rel=\"noopener\">\n\t\t\t\t\t\t\t2025 Informe TCFD de Oceaneering\n\t\t\t<\/a>\n\t\t\t<a href=\"https:\/\/oceaneering.canto.com\/direct\/document\/hei6qn0r0h69n860iurjm6hd7k\/M8lFQNuGStBlu5a_0yJhvbtAJNc\/original?content-type=application%2Fpdf&#038;name=2024+Oceaneering+TCFD+Report.pdf\" target=\"_blank\" rel=\"noopener\">\n\t\t\t\t\t\t\t2024 Informe TCFD de Oceaneering\n\t\t\t<\/a>\n\t\t\t<a href=\"https:\/\/oceaneering.canto.com\/direct\/document\/bsn0s0p6jd06d7cpjb5gabea0j\/SmNWJ5DIk0Ipbz0OQ60TAQ_5C2E\/original?content-type=application%2Fpdf&#038;name=Oceaneering+International%2C+Inc.+-+2023+TCFD+Report+%281%29.pdf\" target=\"_blank\" rel=\"noopener\">\n\t\t\t\t\t\t\t2023 Informe TCFD de Oceaneering\n\t\t\t<\/a>\n\t\t\t<a href=\"https:\/\/oceaneering.canto.com\/direct\/document\/gari3t5sg1083470gppvaogc4p\/EwRUsVCGf-FazbwTbgmlSBvfics\/original?content-type=application%2Fpdf&#038;name=Oceaneering+2022+Climate+Change+Report.pdf\" target=\"_blank\" rel=\"noopener\">\n\t\t\t\t\t\t\t2022 Informe TCFD de Oceaneering\n\t\t\t<\/a>\n\n\t\tContacte con nosotros\n\t\n<h2>\n\t\tNuestro equipo de expertos est\u00e1 listo para ayudarle a empezar.\n\t<\/h2>\n\t<p>Oceaneering ofrece los mejores productos y soluciones de su clase, respaldados por una calidad, fiabilidad y asistencia global inigualables. Rellene el formulario de consulta para iniciar una conversaci\u00f3n hoy mismo.<\/p>","protected":false},"excerpt":{"rendered":"<p>Contacto \u00c9tica y cumplimiento Estamos comprometidos con las pr\u00e1cticas empresariales responsables dentro de nuestra organizaci\u00f3n y en toda nuestra cadena de suministro en todo el mundo. Nos esforzamos por mejorar continuamente en los \u00e1mbitos de los derechos humanos, las normas laborales y el medio ambiente, y por trabajar contra cualquier forma de corrupci\u00f3n. Hemos construido nuestra reputaci\u00f3n como organizaci\u00f3n ... <a title=\"\u00c9tica y cumplimiento\" class=\"read-more\" href=\"https:\/\/www.oceaneering.com\/es\/sustainability\/ethics-and-compliance\/\" aria-label=\"Leer m\u00e1s sobre \u00c9tica y Cumplimiento\">Seguir leyendo<\/a><\/p>","protected":false},"author":13,"featured_media":0,"parent":60494,"menu_order":2,"comment_status":"closed","ping_status":"closed","template":"","meta":{"_acf_changed":false,"footnotes":"","_links_to":"","_links_to_target":""},"product_category":[1859],"search_tags":[1842],"class_list":["post-60861","page","type-page","status-publish","product_category-sustainability","search_tags-sustainability"],"acf":[],"aioseo_notices":[],"_links":{"self":[{"href":"https:\/\/www.oceaneering.com\/es\/wp-json\/wp\/v2\/pages\/60861","targetHints":{"allow":["GET"]}}],"collection":[{"href":"https:\/\/www.oceaneering.com\/es\/wp-json\/wp\/v2\/pages"}],"about":[{"href":"https:\/\/www.oceaneering.com\/es\/wp-json\/wp\/v2\/types\/page"}],"author":[{"embeddable":true,"href":"https:\/\/www.oceaneering.com\/es\/wp-json\/wp\/v2\/users\/13"}],"replies":[{"embeddable":true,"href":"https:\/\/www.oceaneering.com\/es\/wp-json\/wp\/v2\/comments?post=60861"}],"version-history":[{"count":1,"href":"https:\/\/www.oceaneering.com\/es\/wp-json\/wp\/v2\/pages\/60861\/revisions"}],"predecessor-version":[{"id":80487,"href":"https:\/\/www.oceaneering.com\/es\/wp-json\/wp\/v2\/pages\/60861\/revisions\/80487"}],"up":[{"embeddable":true,"href":"https:\/\/www.oceaneering.com\/es\/wp-json\/wp\/v2\/pages\/60494"}],"wp:attachment":[{"href":"https:\/\/www.oceaneering.com\/es\/wp-json\/wp\/v2\/media?parent=60861"}],"wp:term":[{"taxonomy":"product_category","embeddable":true,"href":"https:\/\/www.oceaneering.com\/es\/wp-json\/wp\/v2\/product_category?post=60861"},{"taxonomy":"search_tags","embeddable":true,"href":"https:\/\/www.oceaneering.com\/es\/wp-json\/wp\/v2\/search_tags?post=60861"}],"curies":[{"name":"wp","href":"https:\/\/api.w.org\/{rel}","templated":true}]}}