{"id":60839,"date":"2023-11-07T16:44:21","date_gmt":"2023-11-07T21:44:21","guid":{"rendered":"https:\/\/oceaneering.com\/?page_id=60839"},"modified":"2025-05-14T08:47:01","modified_gmt":"2025-05-14T13:47:01","slug":"environmental-sustainability","status":"publish","type":"page","link":"https:\/\/www.oceaneering.com\/es\/sustainability\/environmental-sustainability\/","title":{"rendered":"Medio ambiente"},"content":{"rendered":"<a href=\"https:\/\/www.oceaneering.com\/es\/sustainability\/#contact\" target=\"_self\">\n\t\t\t\t\t\t\tContacte con nosotros\n\t\t\t\t\t<\/a>\n<h1>\n\t\tOceaneering y el medio ambiente\n\t<\/h1>\n\t<p>Estamos comprometidos con la ingenier\u00eda de tecnolog\u00edas avanzadas que permitan un futuro con bajas emisiones de carbono. Contamos con procesos y soluciones que ayudan a limitar el impacto de las actividades operativas en el medio ambiente.<\/p>\n\n\t\tOceaneering is an engineering and technology-focused company that enables safer, efficient and more productive operations for the science and research, aerospace, logistics, renewable energy, and oil and gas sectors.\n\t\n\t\tISO 14001 Certified in 13 Areas\n<h2>\n\t\tSistema de gesti\u00f3n medioambiental\n\t<\/h2>\n\t<p>El Sistema de Gesti\u00f3n Medioambiental (SGMA) ISO 14001 es un marco sistem\u00e1tico para gestionar el impacto medioambiental inmediato y a largo plazo de los productos, servicios y procesos de una organizaci\u00f3n. Con la certificaci\u00f3n ISO 14001, demostramos que nuestro sistema de gesti\u00f3n medioambiental cumple las normas medioambientales internacionales espec\u00edficas del sector.<\/p>\n\t<ul>\n\t\t\t\t\t<li>\n\t\t\t\tAngola\n\t\t\t<\/li>\n\t\t\t\t\t<li>\n\t\t\t\tAustralia\n\t\t\t<\/li>\n\t\t\t\t\t<li>\n\t\t\t\tBrasil\n\t\t\t<\/li>\n\t\t\t\t\t<li>\n\t\t\t\tCanad\u00e1\n\t\t\t<\/li>\n\t\t\t\t\t<li>\n\t\t\t\tGhana\n\t\t\t<\/li>\n\t\t\t\t\t<li>\n\t\t\t\tIndia\n\t\t\t<\/li>\n\t\t\t\t\t<li>\n\t\t\t\tIndonesia\n\t\t\t<\/li>\n\t\t\t\t\t<li>\n\t\t\t\tMalasia\n\t\t\t<\/li>\n\t\t\t\t\t<li>\n\t\t\t\tNoruega\n\t\t\t<\/li>\n\t\t\t\t\t<li>\n\t\t\t\tSingapur\n\t\t\t<\/li>\n\t\t\t\t\t<li>\n\t\t\t\tEmiratos \u00c1rabes Unidos\n\t\t\t<\/li>\n\t\t\t\t\t<li>\n\t\t\t\tReino Unido\n\t\t\t<\/li>\n\t\t\t\t\t<li>\n\t\t\t\tEstados Unidos\n\t\t\t<\/li>\n\t\t\t<\/ul>\n<h2>\n\t\tObjetivos de Desarrollo Sostenible\n\t<\/h2>\n\t<p>Oceaneering se compromete, en la medida de lo posible, a apoyar los Objetivos de Desarrollo Sostenible de las Naciones Unidas, especialmente en los entornos en los que trabajamos y en los \u00e1mbitos de la igualdad de g\u00e9nero, los derechos humanos y la educaci\u00f3n de calidad.<\/p>\n\t\t\t\t\t\t\t\t<img decoding=\"async\" src=\"https:\/\/oceaneering.com\/wp-content\/uploads\/2023\/11\/Untitled-design-2023-11-07T165314.888.png\" alt=\"3. Good Health and Well-Being\" \/>\n\t\t\t\t\t\t\t\t\t\t\t\t<h5>3. Buena salud y bienestar<\/h5>\n\t\t\t\t\t\t\t\t\t\t\t\t<h5>3. Buena salud y bienestar<\/h5>\n\t\t\t\t\t\t<p>Ya se trate de una campa\u00f1a de donaci\u00f3n de sangre en Azerbaiy\u00e1n, un partido de f\u00fatbol local en el Reino Unido, un partido de cricket en la India o el evento anual Heart Walk Fundraiser en Houston, en beneficio de la American Heart Association, los empleados de Oceaneering se centran activamente en la buena salud y el bienestar.<\/p>\t\t\t\t\t\n\t\t\t\t\t\t\t\t<img decoding=\"async\" src=\"https:\/\/oceaneering.com\/wp-content\/uploads\/2023\/11\/Untitled-design-2023-11-07T165501.648.png\" alt=\"4. Quality Education\" \/>\n\t\t\t\t\t\t\t\t\t\t\t\t<h5>4. Educaci\u00f3n de calidad<\/h5>\n\t\t\t\t\t\t\t\t\t\t\t\t<h5>4. Educaci\u00f3n de calidad<\/h5>\n\t\t\t\t\t\t<p>Todos los ni\u00f1os merecen una educaci\u00f3n de calidad. Oceaneering apoya activamente programas de ciencia, tecnolog\u00eda, ingenier\u00eda y matem\u00e1ticas (STEM) en todo el mundo, como la competici\u00f3n internacional de ROV MATE, la NASA en Aberdeen y otros eventos y pr\u00e1cticas.<\/p>\t\t\t\t\t\n\t\t\t\t\t\t\t\t<img decoding=\"async\" src=\"https:\/\/oceaneering.com\/wp-content\/uploads\/2023\/11\/Untitled-design-2023-11-07T165551.029.png\" alt=\"5. Gender Equality\" \/>\n\t\t\t\t\t\t\t\t\t\t\t\t<h5>5. 5. Igualdad de g\u00e9nero<\/h5>\n\t\t\t\t\t\t\t\t\t\t\t\t<h5>5. 5. Igualdad de g\u00e9nero<\/h5>\n\t\t\t\t\t\t<p>We are committed to ensuring that no modern slavery or human trafficking occurs in our business or supply chain. Our Oceaneering Women&#8217;s Network offers networking and career enrichment opportunities to help women and men achieve their full career potential.<\/p>\t\t\t\t\t\n\t\t\t\t\t\t\t\t<img decoding=\"async\" src=\"https:\/\/oceaneering.com\/wp-content\/uploads\/2023\/11\/Untitled-design-2023-11-07T165809.404.png\" alt=\"7. Affordable and Clean Energy\" \/>\n\t\t\t\t\t\t\t\t\t\t\t\t<h5>7. Energ\u00eda asequible y limpia<\/h5>\n\t\t\t\t\t\t\t\t\t\t\t\t<h5>7. Energ\u00eda asequible y limpia<\/h5>\n\t\t\t\t\t\t<p>Estamos comprometidos con la investigaci\u00f3n y el desarrollo de productos y servicios que permitan a nuestros clientes producir energ\u00eda de forma segura, con menos riesgos para las personas y la vida marina, y con un menor coste de propiedad.<\/p>\t\t\t\t\t\n\t\t\t\t\t\t\t\t<img decoding=\"async\" src=\"https:\/\/oceaneering.com\/wp-content\/uploads\/2023\/11\/Untitled-design-2023-11-07T165914.298.png\" alt=\"10. Reduced Inequalities\" \/>\n\t\t\t\t\t\t\t\t\t\t\t\t<h5>10. Desigualdades reducidas<\/h5>\n\t\t\t\t\t\t\t\t\t\t\t\t<h5>10. Desigualdades reducidas<\/h5>\n\t\t\t\t\t\t<p>Invertimos fuertemente en los pa\u00edses en los que operamos para ofrecer formaci\u00f3n a la mano de obra local, que incluye talleres pr\u00e1cticos, simuladores y otros programas en l\u00ednea. Tambi\u00e9n nos comprometemos a eliminar las diferencias salariales entre hombres y mujeres y a informar de nuestros avances.<\/p>\t\t\t\t\t\n\t\t\t\t\t\t\t\t<img decoding=\"async\" src=\"https:\/\/oceaneering.com\/wp-content\/uploads\/2023\/11\/Untitled-design-2023-11-07T170020.554.png\" alt=\"14. Life Below Water\" \/>\n\t\t\t\t\t\t\t\t\t\t\t\t<h5>14. Vida bajo el agua<\/h5>\n\t\t\t\t\t\t\t\t\t\t\t\t<h5>14. La vida bajo el agua<\/h5>\n\t\t\t\t\t\t<p>Estamos comprometidos con la reducci\u00f3n de la contaminaci\u00f3n marina. Nuestro nuevo MSV Ocean Evolution es un buque de construcci\u00f3n submarina respetuoso con el medio ambiente, con pasaporte verde y equipado con motores di\u00e9sel EPA Tier 4 de bajas emisiones. Vea nuestras otras tecnolog\u00edas a continuaci\u00f3n.<\/p>\t\t\t\t\t\n<h2>\n\t\tInvestigaci\u00f3n y desarrollo\n\t<\/h2>\n\t<p>Nuestros esfuerzos en Investigaci\u00f3n y Desarrollo se centran en introducir tecnolog\u00edas que mejoren las actividades laborales y la eficiencia, reduciendo al mismo tiempo el impacto medioambiental. Nuestro objetivo es dise\u00f1ar el futuro con bajas emisiones de carbono con nuestras tecnolog\u00edas avanzadas. Para lograr este objetivo, estamos trabajando en el avance de las operaciones remotas, que reducen la huella de carbono mediante el traslado de trabajadores en alta mar a centros de control en tierra, lo que permite un menor riesgo, una mayor colaboraci\u00f3n y una respuesta m\u00e1s r\u00e1pida.<\/p>\n\t\t\t\t<img decoding=\"async\" src=\"https:\/\/oceaneering.com\/wp-content\/uploads\/2023\/11\/Wind-12.jpeg\" alt=\"Wind-12\" itemprop=\"image\" title=\"Viento-12\" onerror=\"this.style.display='none'\"  \/>\n\t<p>Como socio de confianza en ingenier\u00eda submarina, Oceaneering ha transferido sus amplios conocimientos al <a href=\"https:\/\/www.oceaneering.com\/es\/renewable-energy-solutions\/offshore-renewables\/\">Energ\u00edas renovables en alta mar<\/a> mercado. Oceaneering es capaz de prestar servicios desde el desarrollo del yacimiento hasta el desmantelamiento, incluyendo preparaci\u00f3n del lecho marino, despeje de rutas, servicios de zanjeo, inspecci\u00f3n, instalaci\u00f3n y puesta en marcha, y servicios de inspecci\u00f3n, mantenimiento y reparaci\u00f3n.<\/p>\n\t\t\t\t<img decoding=\"async\" src=\"https:\/\/oceaneering.com\/wp-content\/uploads\/2023\/11\/Mission-support-center-1-e1560973968619.jpeg\" alt=\"OROC in Stavanger, Norway\" itemprop=\"image\" title=\"Mission-support-center-1-e1560973968619\" onerror=\"this.style.display='none'\"  \/>\n\t<p>Nuestra <a href=\"https:\/\/www.oceaneering.com\/es\/rov-services\/rov-technology\/\">Tecnolog\u00eda de Pilotaje a Distancia y Control Automatizado (RPACT)<\/a> disminuye los riesgos operativos y medioambientales al reducir la necesidad de personal a bordo y los requisitos de movilizaci\u00f3n relacionados.<\/p>\n<p>Nuestra <a href=\"https:\/\/www.oceaneering.com\/es\/rov-services\/rov-technology\/#OROC\">Centro de Operaciones Remotas en Tierra<\/a> ofrece una c\u00f3moda base en tierra para atender a representantes de clientes, pilotos de ROV y expertos en la materia que est\u00e1n disponibles 24 horas al d\u00eda, 7 d\u00edas a la semana, para hacer frente a cualquier desaf\u00edo.<\/p>\n\t\t\t\t<img decoding=\"async\" src=\"https:\/\/oceaneering.com\/wp-content\/uploads\/2023\/11\/190110_EROV_01-1-e1560973762953.jpeg\" alt=\"190110_EROV_01-1-e1560973762953\" itemprop=\"image\" title=\"190110_EROV_01-1-e1560973762953\" onerror=\"this.style.display='none'\"  \/>\n\t<p>Nuestra <a href=\"https:\/\/www.oceaneering.com\/es\/rov-services\/next-generation-subsea-vehicles\/liberty-e-rov\/\" rel=\"noopener\">E-ROV<\/a> (Empowered ROV) es un veh\u00edculo aut\u00f3nomo, alimentado por bater\u00eda, de clase de trabajo, capaz de llevar a cabo actividades de inspecci\u00f3n, mantenimiento y reparaci\u00f3n, puesta en servicio e intervenci\u00f3n submarina. E-ROV se puede controlar desde uno de nuestros centros de control en tierra, con comunicaci\u00f3n proporcionada por una red de banda ancha 4G\/LTE desde la boya, eliminando as\u00ed la necesidad de un buque de apoyo dedicado.<\/p>\n\t\t\t\t<img decoding=\"async\" src=\"https:\/\/oceaneering.com\/wp-content\/uploads\/2023\/11\/Freedom-Pipe-Inspection-2000px-1-e1560974352748.jpeg\" alt=\"Freedom-Pipe-Inspection-2000px-1-e1560974352748\" itemprop=\"image\" title=\"Freedom-Pipe-Inspection-2000px-1-e1560974352748\" onerror=\"this.style.display='none'\"  \/>\n\t<p><a href=\"https:\/\/www.oceaneering.com\/es\/rov-services\/next-generation-subsea-vehicles\/freedom-autonomous-underwater-vehicle\/\" rel=\"noopener\">ROV Libertad<\/a> es nuestro veh\u00edculo residente m\u00e1s reciente. Se apoya en una estaci\u00f3n de acoplamiento en el fondo del mar y es capaz de funcionar en modo aut\u00f3nomo y anclado. En modo anclado, Freedom puede volarse desde nuestros centros de control en tierra.<\/p>\n<h2>\n\t\tLiderazgo en el sector\n\t<\/h2>\n\t<p>Para ayudar a reducir el impacto medioambiental de nuestras operaciones, colaboramos con varias organizaciones para prestar ayuda y recursos, aumentar la concienciaci\u00f3n p\u00fablica y colaborar en programas educativos, de investigaci\u00f3n y liderazgo.<\/p>\n\t\t\t\t<img decoding=\"async\" src=\"https:\/\/oceaneering.com\/wp-content\/uploads\/2023\/11\/PESA-Logo-300x88.png\" alt=\"PESA-Logo\" itemprop=\"image\" title=\"Logo PESA\" onerror=\"this.style.display='none'\"  \/>\n\t<p>La Petroleum Equipment &amp; Services Association (PESA) promueve la innovaci\u00f3n, la salud, la seguridad y el medio ambiente, la educaci\u00f3n, el desarrollo de la mano de obra, la seguridad energ\u00e9tica y la creaci\u00f3n de empleo. Oceaneering apoya a PESA a trav\u00e9s de la elecci\u00f3n de nuestro Presidente y CEO Rod Larson como Vicepresidente de la Junta Directiva para el per\u00edodo 2019-2020. Nuestro Director de Cumplimiento, Jock Pool, es copresidente del Comit\u00e9 Medioambiental, Social y de Gobernanza de PESA.<\/p>\n<p>Miembro desde 2006<\/p>\n\t\t\t\t<img decoding=\"async\" src=\"https:\/\/oceaneering.com\/wp-content\/uploads\/2023\/11\/ocean-exchange-logo-700x227-1-300x97.png\" alt=\"ocean-exchange-logo-700x227\" itemprop=\"image\" title=\"ocean-exchange-logo-700x227\" onerror=\"this.style.display='none'\"  \/>\n\t<p><a href=\"https:\/\/www.oceanexchange.org\/\" target=\"_blank\" rel=\"noopener\">Intercambio oce\u00e1nico<\/a>Ocean Exchange, una organizaci\u00f3n 501c3 cuya \u00fanica misi\u00f3n es ayudar a avanzar en la adopci\u00f3n de soluciones en el campo de la sostenibilidad. Al poner en contacto a innovadores y organizaciones, Ocean Exchange potencia la aplicaci\u00f3n con \u00e9xito de soluciones para un bien mayor. Un empleado de Oceaneering forma parte del Consejo de Administraci\u00f3n desde 2014.<\/p>\n<p>Miembro desde 2014<\/p>\n<h1>\n\t\tContacte con nosotros\n\t<\/h1>\n<h2>\n\t\tNuestro equipo de expertos est\u00e1 listo para ayudarle a empezar.\n\t<\/h2>\n\t<p>Oceaneering ofrece los mejores productos y soluciones de su clase, respaldados por una calidad, fiabilidad y asistencia global inigualables. Rellene el formulario de consulta para iniciar una conversaci\u00f3n hoy mismo.<\/p>","protected":false},"excerpt":{"rendered":"<p>Contact Us Oceaneering and the Environment We are committed to engineering advanced technologies that enable the low carbon future. We have processes and solutions in place that assist in limiting the impact of operational activities on the environment. Oceaneering is an engineering and technology-focused company that enables safer, efficient and more productive operations for the &#8230; <a title=\"Medio ambiente\" class=\"read-more\" href=\"https:\/\/www.oceaneering.com\/es\/sustainability\/environmental-sustainability\/\" aria-label=\"Leer m\u00e1s sobre Medio ambiente\">Seguir leyendo<\/a><\/p>","protected":false},"author":13,"featured_media":0,"parent":60494,"menu_order":2,"comment_status":"closed","ping_status":"closed","template":"","meta":{"_acf_changed":false,"footnotes":"","_links_to":"","_links_to_target":""},"product_category":[1859],"search_tags":[1842],"class_list":["post-60839","page","type-page","status-publish","product_category-sustainability","search_tags-sustainability"],"acf":[],"aioseo_notices":[],"_links":{"self":[{"href":"https:\/\/www.oceaneering.com\/es\/wp-json\/wp\/v2\/pages\/60839","targetHints":{"allow":["GET"]}}],"collection":[{"href":"https:\/\/www.oceaneering.com\/es\/wp-json\/wp\/v2\/pages"}],"about":[{"href":"https:\/\/www.oceaneering.com\/es\/wp-json\/wp\/v2\/types\/page"}],"author":[{"embeddable":true,"href":"https:\/\/www.oceaneering.com\/es\/wp-json\/wp\/v2\/users\/13"}],"replies":[{"embeddable":true,"href":"https:\/\/www.oceaneering.com\/es\/wp-json\/wp\/v2\/comments?post=60839"}],"version-history":[{"count":0,"href":"https:\/\/www.oceaneering.com\/es\/wp-json\/wp\/v2\/pages\/60839\/revisions"}],"up":[{"embeddable":true,"href":"https:\/\/www.oceaneering.com\/es\/wp-json\/wp\/v2\/pages\/60494"}],"wp:attachment":[{"href":"https:\/\/www.oceaneering.com\/es\/wp-json\/wp\/v2\/media?parent=60839"}],"wp:term":[{"taxonomy":"product_category","embeddable":true,"href":"https:\/\/www.oceaneering.com\/es\/wp-json\/wp\/v2\/product_category?post=60839"},{"taxonomy":"search_tags","embeddable":true,"href":"https:\/\/www.oceaneering.com\/es\/wp-json\/wp\/v2\/search_tags?post=60839"}],"curies":[{"name":"wp","href":"https:\/\/api.w.org\/{rel}","templated":true}]}}