{"id":60596,"date":"2023-11-07T13:53:08","date_gmt":"2023-11-07T18:53:08","guid":{"rendered":"https:\/\/oceaneering.com\/?page_id=60596"},"modified":"2026-03-16T15:26:15","modified_gmt":"2026-03-16T20:26:15","slug":"social-impact","status":"publish","type":"page","link":"https:\/\/www.oceaneering.com\/es\/sustainability\/social-impact\/","title":{"rendered":"Impacto social"},"content":{"rendered":"<a href=\"https:\/\/www.oceaneering.com\/es\/sustainability\/#contact\" target=\"_self\">\n\t\t\t\t\t\t\tContacte con nosotros\n\t\t\t\t\t<\/a>\n<h1>\n\t\tImpacto social\n\t<\/h1>\n\t<p>Oceaneering is devoted to creating a talented and innovative workforce\u00a0to enable us to engineer advanced technologies and services for all the industries we serve.<\/p>\n\n\t\tOceaneering se enorgullece de las contribuciones positivas que la empresa y sus empleados han hecho a las comunidades en las que vivimos y trabajamos, especialmente mientras seguimos construyendo un lugar de trabajo diverso e integrador que fomente la equidad y la apertura.\n\t\n<h2>\n\t\tSTEM - Enfoque de g\u00e9nero\n\t<\/h2>\n\t<p>In 2024, we saw a slight decrease in the number of women hired into science, technology, engineering, and mathematics (STEM) roles as compared to 2023.<\/p>\n\t<p>There were 549 women hired overall in 2024; a slight decrease over 2023. Over 2,300 women have been hired by Oceaneering in the past five years, with over 900 hired in STEM roles.<\/p>\n<table data-tablesaw-minimap>\n\t\t\t<thead>\n\t\t<tr>\n\t\t\t<th id=\"pp-table-col-1\" scope=\"col\" data-tablesaw-sortable-col>\t\t\t\t\t\n\t\t\t\t\t<\/th>\t\t<\/tr>\n\t<\/thead>\n\t\t<tbody>\n\t\t<tr data-row-index=\"1\"><td>Contrataci\u00f3n de mujeres<\/td><td>2020<\/td><td>2021<\/td><td>2022<\/td><td>2023<\/td><td>2024<\/td><\/tr><tr data-row-index=\"2\"><td>Funciones STEM<\/td><td>98<\/td><td>166<\/td><td>213<\/td><td>224<\/td><td>203<\/td><\/tr><tr data-row-index=\"3\"><td>En general*<\/td><td>221<\/td><td>416<\/td><td>561<\/td><td>582<\/td><td>549<\/td><\/tr><tr data-row-index=\"4\"><td>Porcentaje<\/td><td>44%<\/td><td>40%<\/td><td>38%<\/td><td>38%<\/td><td>37%<\/td><\/tr>\t<\/tbody>\n<\/table>\n\t\tCompromiso de los empleados\n<h2>\n\t\tGrupos de Recursos para Empleados\n\t<\/h2>\n\t<p>En Oceaneering, nuestros Grupos de Recursos para Empleados (ERG, por sus siglas en ingl\u00e9s) son la piedra angular de nuestro compromiso con el fomento de un entorno de trabajo diverso e integrador. Estos grupos, formados voluntariamente por nuestros empleados, se dedican a promover la diversidad en todas sus formas, a la vez que se alinean con <a href=\"https:\/\/www.oceaneering.com\/es\/about\/mission-vision-and-values\/\">Misi\u00f3n, visi\u00f3n y valores de Oceaneering<\/a>. Cada ERG se centra en un elemento de <a href=\"https:\/\/www.oceaneering.com\/es\/careers\/diversity-and-inclusion\/\">diversidad<\/a>que ofrecen un espacio de apoyo para el crecimiento profesional, el desarrollo del talento y el compromiso con la comunidad. A trav\u00e9s de estos ERG, capacitamos a nuestros empleados para conectar, colaborar y contribuir de forma significativa tanto a su vida profesional como a la comunidad en general.<\/p>\n<p>&nbsp;<\/p>\n<h3>\n\t\tEmpleados neurodiversos de Oceaneering\n\t<\/h3>\n\t\t\t\t<img loading=\"lazy\" decoding=\"async\" src=\"https:\/\/www.oceaneering.com\/wp-content\/uploads\/2024\/08\/Oceaneering-Neurodiverse-Employees-.png\" alt=\"Oceaneering Neurodiverse Employees\" height=\"746\" width=\"940\" title=\"Empleados neurodiversos de Oceaneering\" \/>\n<h3>\n\t\tRed de L\u00edderes Negros de Oceaneering\n\t<\/h3>\n\t\t\t\t<img loading=\"lazy\" decoding=\"async\" src=\"https:\/\/www.oceaneering.com\/wp-content\/uploads\/2024\/08\/Oceaneering-Network-of-Black-Leaders-option-02.png\" alt=\"Oceaneering Network of Black Leaders option 02\" height=\"718\" width=\"591\" title=\"Oceaneering Network of Black Leaders opci\u00f3n 02\" \/>\n<h3>\n\t\tRed Oceaneering Pride\n\t<\/h3>\n\t\t\t\t<img loading=\"lazy\" decoding=\"async\" src=\"https:\/\/www.oceaneering.com\/wp-content\/uploads\/2024\/08\/Oceaneering-Pride-Equity-Network-.png\" alt=\"Oceaneering Pride Equity Network\" height=\"554\" width=\"1426\" title=\"Red de Igualdad Oceaneering Pride\" \/>\n<h3>\n\t\tRed de Veteranos de Oceaneering\n\t<\/h3>\n\t\t\t\t<img loading=\"lazy\" decoding=\"async\" src=\"https:\/\/www.oceaneering.com\/wp-content\/uploads\/2024\/08\/Oceaneering-Veterans-Network.png\" alt=\"Oceaneering Veterans Network\" height=\"544\" width=\"659\" title=\"Red de veteranos de Oceaneering\" \/>\n<h3>\n\t\tRed Latinoamericana de Oceaneering (OLA)\n\t<\/h3>\n\t\t\t\t<img loading=\"lazy\" decoding=\"async\" src=\"https:\/\/www.oceaneering.com\/wp-content\/uploads\/2024\/08\/Oceaneering-Latin-American-Network-1.png\" alt=\"Oceaneering Latin American Network\" height=\"511\" width=\"1250\" title=\"Red Latinoamericana de Oceaneering\" \/>\n<h3>\n\t\tERG de Profesionales en Ascenso (IRISE)\n\t<\/h3>\n\t\t\t\t<img loading=\"lazy\" decoding=\"async\" src=\"https:\/\/www.oceaneering.com\/wp-content\/uploads\/2024\/08\/Rising-Professionals-1.png\" alt=\"Rising Professionals\" height=\"632\" width=\"741\" title=\"Profesionales en ascenso\" \/>\n<h3>\n\t\tRed de Mujeres de Oceaneering\n\t<\/h3>\n\t\t\t\t<img loading=\"lazy\" decoding=\"async\" src=\"https:\/\/www.oceaneering.com\/wp-content\/uploads\/2024\/08\/OWN.png\" alt=\"OWN\" height=\"360\" width=\"585\" title=\"PROPIO\" \/>\n<h2>\n\t\tAsociaciones comunitarias\n\t<\/h2>\n\t<p>Oceaneering se enorgullece de trabajar con nuestros socios comerciales estrat\u00e9gicos para servir mejor a nuestras comunidades locales a trav\u00e9s de recaudaciones de fondos, patrocinios y programas educativos.<\/p>\n\t\t\t<h3>D\u00eda de los Guerreros Heridos en la Bah\u00eda<\/h3>\t\t\t\n\t\t\t\t<p>Wounded Warriors Day on the Bay, Inc. es una organizaci\u00f3n sin \u00e1nimo de lucro 501\u00a919 dirigida por veteranos y una corporaci\u00f3n exenta de impuestos de Maryland creada en 2012 para servir a la poblaci\u00f3n local de veteranos antes y despu\u00e9s del 11 de septiembre. Este grupo organiza un evento de un d\u00eda cada mes de agosto en un club n\u00e1utico participante en Chesapeake Bay para honrar a los veteranos locales y sus familiares.<\/p>\n\t\t\t<a href=\"https:\/\/www.wwdayonthebay.org\/\" target=\"_blank\" rel=\"noopener\">\n\t\t\t\t\t\t\tM\u00e1s informaci\u00f3n\n\t\t\t\t\t<\/a>\n\t\t\t<h3>Pr\u00e1cticas anuales IPAA\/PESA<\/h3>\t\t\t\n\t\t\t\t<p>Cada verano, se selecciona a estudiantes de secundaria para que participen en el programa, que ofrece desarrollo profesional y la oportunidad de seguir de cerca a futuros estudiantes de ingenier\u00eda y geociencias en diversas empresas de exploraci\u00f3n, producci\u00f3n y servicios petrol\u00edferos de Houston y Dallas\/Fort Worth.<\/p>\n\t\t\t<a href=\"https:\/\/www.ipaa.org\/education\/\" target=\"_blank\" rel=\"noopener\">\n\t\t\t\t\t\t\tM\u00e1s informaci\u00f3n\n\t\t\t\t\t<\/a>\n<h2>\n\t\tApoyo comunitario\n\t<\/h2>\n\t<p>En los buenos y en los malos tiempos, Oceaneering y sus empleados se unen para garantizar la protecci\u00f3n y el apoyo a nuestras comunidades locales. Oceaneering ofrece a sus empleados horas de voluntariado para apoyar estos esfuerzos.<\/p>\n\t<ul>\n<li>En 2025, <a href=\"https:\/\/events.nationalmssociety.org\/teams\/TeamOceaneering2024\" target=\"_blank\" rel=\"noopener\">Equipo Oceaneering<\/a> surpassed $1 million in fundraising for the Bike Texas: MS 150.<\/li>\n<li>En 2025, <a href=\"https:\/\/www2.heart.org\/site\/TR?company_id=555544&amp;fr_id=13149&amp;pg=company\" target=\"_blank\" rel=\"noopener\">Empleados de Oceaneering<\/a> raised over $72,000 for the American Heart Association by participating in the Houston Heart Walk.<\/li>\n<li>Oceaneering apoya la educaci\u00f3n STEM participando en las pr\u00e1cticas anuales de IPAA\/PESA, la competici\u00f3n internacional anual de ROV Marine Advanced Technology Education (MATE), la semana anual de la ciencia de la NASA en Aberdeen, etc.<\/li>\n<\/ul>\n\t\t\t\t\t\t\t\t\t\t\t\t\t\t\t\t\t<a href=\"https:\/\/www.oceaneering.com\/wp-content\/uploads\/2023\/11\/19ER-3840-scaled.jpeg\" target=\"_self\" data-caption=\"Team Oceaneering at the Texas MS 150 in 2019.\" aria-label=\"Equipo Oceaneering en la MS 150 de Texas en 2019.\">\n\t\t\t\t\t\t<figure>\n\t\t\t\t\t\t\t<img loading=\"lazy\" decoding=\"async\" src=\"https:\/\/www.oceaneering.com\/wp-content\/uploads\/2023\/11\/19ER-3840-1024x683.jpeg\" alt=\"\" width=\"1024\" height=\"683\" \/>\n\t\t\t\t\t\t\t\t\t\t\t\t\t<\/figure>\n\t\t\t\t\t\t\t\t\t\t<\/a>\n\t\t\t\t\t\t\t\t\t\t\t\t\t\t\t\t\t<a href=\"https:\/\/www.oceaneering.com\/wp-content\/uploads\/2023\/11\/19ER-4400-scaled.jpeg\" target=\"_self\" data-caption=\"Team Oceaneering at the Texas MS 150 in 2019.\" aria-label=\"Equipo Oceaneering en la MS 150 de Texas en 2019.\">\n\t\t\t\t\t\t<figure>\n\t\t\t\t\t\t\t<img loading=\"lazy\" decoding=\"async\" src=\"https:\/\/www.oceaneering.com\/wp-content\/uploads\/2023\/11\/19ER-4400-1024x683.jpeg\" alt=\"\" width=\"1024\" height=\"683\" \/>\n\t\t\t\t\t\t\t\t\t\t\t\t\t<\/figure>\n\t\t\t\t\t\t\t\t\t\t<\/a>\n\t\t\t\t\t\t\t\t\t\t\t\t\t\t\t\t\t<a href=\"https:\/\/www.oceaneering.com\/wp-content\/uploads\/2023\/11\/19ER-4050-scaled.jpeg\" target=\"_self\" data-caption=\"Team Oceaneering at the Texas MS 150 in 2019\" aria-label=\"El equipo Oceaneering en la MS 150 de Texas en 2019\">\n\t\t\t\t\t\t<figure>\n\t\t\t\t\t\t\t<img loading=\"lazy\" decoding=\"async\" src=\"https:\/\/www.oceaneering.com\/wp-content\/uploads\/2023\/11\/19ER-4050-1024x683.jpeg\" alt=\"\" width=\"1024\" height=\"683\" \/>\n\t\t\t\t\t\t\t\t\t\t\t\t\t<\/figure>\n\t\t\t\t\t\t\t\t\t\t<\/a>\n\t\t\t\t\t\t\t\t\t\t\t\t\t\t\t\t\t<a href=\"https:\/\/www.oceaneering.com\/wp-content\/uploads\/2023\/11\/19ER-7096-scaled.jpeg\" target=\"_self\" data-caption=\"Ice Cream Social Fundraiser for Texas MS 150 in 2019.\" aria-label=\"Recaudaci\u00f3n de fondos social de helado para Texas MS 150 en 2019.\">\n\t\t\t\t\t\t<figure>\n\t\t\t\t\t\t\t<img loading=\"lazy\" decoding=\"async\" src=\"https:\/\/www.oceaneering.com\/wp-content\/uploads\/2023\/11\/19ER-7096-1024x683.jpeg\" alt=\"\" width=\"1024\" height=\"683\" \/>\n\t\t\t\t\t\t\t\t\t\t\t\t\t<\/figure>\n\t\t\t\t\t\t\t\t\t\t<\/a>\n\t\t\t\t\t\t\t\t\t\t\t\t\t\t\t\t\t<a href=\"https:\/\/www.oceaneering.com\/wp-content\/uploads\/2023\/11\/18HR9550-scaled.jpeg\" target=\"_self\" data-caption=\"2018 Heart Walk BBQ Fundraiser\" aria-label=\"Recaudaci\u00f3n de fondos para la barbacoa de la Caminata del Coraz\u00f3n 2018\">\n\t\t\t\t\t\t<figure>\n\t\t\t\t\t\t\t<img loading=\"lazy\" decoding=\"async\" src=\"https:\/\/www.oceaneering.com\/wp-content\/uploads\/2023\/11\/18HR9550-1024x657.jpeg\" alt=\"\" width=\"1024\" height=\"657\" \/>\n\t\t\t\t\t\t\t\t\t\t\t\t\t<\/figure>\n\t\t\t\t\t\t\t\t\t\t<\/a>\n\t\t\t\t\t\t\t\t\t\t\t\t\t\t\t\t\t<a href=\"https:\/\/www.oceaneering.com\/wp-content\/uploads\/2023\/11\/18HR9547-scaled.jpeg\" target=\"_self\" data-caption=\"2018 Heart Walk BBQ Fundraiser\" aria-label=\"Recaudaci\u00f3n de fondos para la barbacoa de la Caminata del Coraz\u00f3n 2018\">\n\t\t\t\t\t\t<figure>\n\t\t\t\t\t\t\t<img loading=\"lazy\" decoding=\"async\" src=\"https:\/\/www.oceaneering.com\/wp-content\/uploads\/2023\/11\/18HR9547-1024x680.jpeg\" alt=\"\" width=\"1024\" height=\"680\" \/>\n\t\t\t\t\t\t\t\t\t\t\t\t\t<\/figure>\n\t\t\t\t\t\t\t\t\t\t<\/a>\n\t\t\t\t\t\t\t\t\t\t\t\t\t\t\t\t\t<a href=\"https:\/\/www.oceaneering.com\/wp-content\/uploads\/2023\/11\/18JR6845-scaled.jpeg\" target=\"_self\" data-caption=\"Houston&#039;s ROV team packing lunches for the Helping Hands organization.\" aria-label=\"El equipo ROV de Houston prepara almuerzos para la organizaci\u00f3n Helping Hands.\">\n\t\t\t\t\t\t<figure>\n\t\t\t\t\t\t\t<img loading=\"lazy\" decoding=\"async\" src=\"https:\/\/www.oceaneering.com\/wp-content\/uploads\/2023\/11\/18JR6845-1024x768.jpeg\" alt=\"\" width=\"1024\" height=\"768\" \/>\n\t\t\t\t\t\t\t\t\t\t\t\t\t<\/figure>\n\t\t\t\t\t\t\t\t\t\t<\/a>\n<h2>\n\t\tContacte con nosotros\n\t<\/h2>\n<h3>\n\t\tNuestro equipo de expertos est\u00e1 listo para ayudarle a empezar.\n\t<\/h3>\n\t<p>Oceaneering ofrece los mejores productos y soluciones de su clase, respaldados por una calidad, fiabilidad y asistencia global inigualables. Rellene el formulario de consulta para iniciar una conversaci\u00f3n hoy mismo.<\/p>","protected":false},"excerpt":{"rendered":"<p>Contact Us Social Impact Oceaneering is devoted to creating a talented and innovative workforce\u00a0to enable us to engineer advanced technologies and services for all the industries we serve. Oceaneering takes pride in the positive contributions the company and its employees have made to the communities in which we live and work, especially as we continue &#8230; <a title=\"Impacto social\" class=\"read-more\" href=\"https:\/\/www.oceaneering.com\/es\/sustainability\/social-impact\/\" aria-label=\"Leer m\u00e1s sobre Impacto social\">Seguir leyendo<\/a><\/p>","protected":false},"author":13,"featured_media":0,"parent":60494,"menu_order":2,"comment_status":"closed","ping_status":"closed","template":"","meta":{"_acf_changed":false,"footnotes":"","_links_to":"","_links_to_target":""},"product_category":[1859],"search_tags":[1842],"class_list":["post-60596","page","type-page","status-publish","product_category-sustainability","search_tags-sustainability"],"acf":[],"aioseo_notices":[],"_links":{"self":[{"href":"https:\/\/www.oceaneering.com\/es\/wp-json\/wp\/v2\/pages\/60596","targetHints":{"allow":["GET"]}}],"collection":[{"href":"https:\/\/www.oceaneering.com\/es\/wp-json\/wp\/v2\/pages"}],"about":[{"href":"https:\/\/www.oceaneering.com\/es\/wp-json\/wp\/v2\/types\/page"}],"author":[{"embeddable":true,"href":"https:\/\/www.oceaneering.com\/es\/wp-json\/wp\/v2\/users\/13"}],"replies":[{"embeddable":true,"href":"https:\/\/www.oceaneering.com\/es\/wp-json\/wp\/v2\/comments?post=60596"}],"version-history":[{"count":3,"href":"https:\/\/www.oceaneering.com\/es\/wp-json\/wp\/v2\/pages\/60596\/revisions"}],"predecessor-version":[{"id":81494,"href":"https:\/\/www.oceaneering.com\/es\/wp-json\/wp\/v2\/pages\/60596\/revisions\/81494"}],"up":[{"embeddable":true,"href":"https:\/\/www.oceaneering.com\/es\/wp-json\/wp\/v2\/pages\/60494"}],"wp:attachment":[{"href":"https:\/\/www.oceaneering.com\/es\/wp-json\/wp\/v2\/media?parent=60596"}],"wp:term":[{"taxonomy":"product_category","embeddable":true,"href":"https:\/\/www.oceaneering.com\/es\/wp-json\/wp\/v2\/product_category?post=60596"},{"taxonomy":"search_tags","embeddable":true,"href":"https:\/\/www.oceaneering.com\/es\/wp-json\/wp\/v2\/search_tags?post=60596"}],"curies":[{"name":"wp","href":"https:\/\/api.w.org\/{rel}","templated":true}]}}