{"id":60582,"date":"2023-11-07T13:35:24","date_gmt":"2023-11-07T18:35:24","guid":{"rendered":"https:\/\/oceaneering.com\/?page_id=60582"},"modified":"2026-05-01T17:55:21","modified_gmt":"2026-05-01T22:55:21","slug":"our-safety-culture","status":"publish","type":"page","link":"https:\/\/www.oceaneering.com\/es\/sustainability\/health-safety-and-quality-hse\/our-safety-culture\/","title":{"rendered":"Nuestra cultura de la seguridad"},"content":{"rendered":"<a href=\"https:\/\/www.oceaneering.com\/es\/sustainability\/#contact\"  target=\"_self\">\n\t\t\t\t\t\t\tContacte con nosotros\n\t\t\t\t\t<\/a>\n<h1>\n\t\t\tNuestra cultura de la seguridad\t<\/h1>\n<h2>\n\t\t\tEn 1964, Oceaneering se estableci\u00f3 como proveedor de servicios de buceo. Aunque peque\u00f1a en tama\u00f1o, la naturaleza del trabajo significaba que nuestra organizaci\u00f3n se enfrentaba a un nivel de riesgo relativamente alto.\t<\/h2>\n\t<p>Conscientes de ello, nos propusimos mejorar no s\u00f3lo nuestras propias pr\u00e1cticas de salud, seguridad y medio ambiente (HSE), sino tambi\u00e9n las del sector del buceo al que prest\u00e1bamos servicio. A medida que nuestra cartera de servicios ha ido creciendo, hemos seguido dando prioridad y avanzando en nuestro enfoque de HSE.<\/p>\n<h2>\n\t\t\tMedici\u00f3n de los resultados de seguridad\t<\/h2>\n\t<p>Nos hemos forjado una reputaci\u00f3n de excelentes resultados en materia de seguridad, y publicamos mediciones trimestrales de nuestros resultados en este \u00e1mbito.<\/p>\n<figure itemscope itemtype=\"https:\/\/schema.org\/ImageObject\">\n\t\t\t\t<img decoding=\"async\" src=\"https:\/\/www.oceaneering.com\/wp-content\/uploads\/2026\/05\/Safety-Performance-2026-Q1--e1777676023812.jpg\" alt=\"Safety Performance for Q1 2026\" height=\"1076\" width=\"1908\" title=\"Safety Performance 2026 Q1\" onerror=\"this.style.display='none'\" loading=\"lazy\" \/>\n\t<\/figure>\n<h2>\n\t\t\tReglas para salvar vidas\t<\/h2>\n\t<p>En 2015, codificamos un conjunto de pr\u00e1cticas comunes de HSE, y c\u00f3mo reducir el riesgo, en lo que llamamos nuestra <a href=\"https:\/\/oceaneering.canto.com\/download\/document\/43hdm4csm53ujepojms9rrv05g\/original\" target=\"_blank\" rel=\"noopener\">Reglas para salvar vidas<\/a>. Estas normas se elaboraron a partir de una revisi\u00f3n de dos a\u00f1os de nuestras tareas de alto riesgo y los incidentes asociados. Examinamos los incidentes que tuvieron consecuencias diversas, desde d\u00edas sin trabajar (DAFW) hasta ninguna consecuencia. No s\u00f3lo analizamos en profundidad los incidentes que pod\u00edan provocar un accidente mortal o DAFW, sino que tambi\u00e9n examinamos detenidamente los incidentes que requer\u00edan atenci\u00f3n m\u00e9dica o primeros auxilios, los casos de casi accidente y los comportamientos inseguros.<\/p>\n<figure itemscope itemtype=\"https:\/\/schema.org\/ImageObject\">\n\t\t\t\t<img decoding=\"async\" src=\"https:\/\/oceaneering.com\/wp-content\/uploads\/2023\/11\/Untitled-design-2023-11-07T134431.701.png\" alt=\"Untitled design - 2023-11-07T134431.701\" title=\"Dise\u00f1o sin t\u00edtulo - 2023-11-07T134431.701\" onerror=\"this.style.display='none'\" loading=\"lazy\" \/>\n\t<\/figure>\n<h3>\n\t\t\tAislamiento energ\u00e9tico\t<\/h3>\n<figure itemscope itemtype=\"https:\/\/schema.org\/ImageObject\">\n\t\t\t\t<img decoding=\"async\" src=\"https:\/\/oceaneering.com\/wp-content\/uploads\/2023\/11\/Untitled-design-2023-11-07T134611.583.png\" alt=\"Untitled design - 2023-11-07T134611.583\" title=\"Dise\u00f1o sin t\u00edtulo - 2023-11-07T134611.583\" onerror=\"this.style.display='none'\" loading=\"lazy\" \/>\n\t<\/figure>\n<h3>\n\t\t\tTrabajo en altura\t<\/h3>\n<figure itemscope itemtype=\"https:\/\/schema.org\/ImageObject\">\n\t\t\t\t<img decoding=\"async\" src=\"https:\/\/oceaneering.com\/wp-content\/uploads\/2023\/11\/Untitled-design-2023-11-07T134642.165.png\" alt=\"Untitled design - 2023-11-07T134642.165\" title=\"Dise\u00f1o sin t\u00edtulo - 2023-11-07T134642.165\" onerror=\"this.style.display='none'\" loading=\"lazy\" \/>\n\t<\/figure>\n<h3>\n\t\t\tCargas en suspensi\u00f3n\t<\/h3>\n<figure itemscope itemtype=\"https:\/\/schema.org\/ImageObject\">\n\t\t\t\t<img decoding=\"async\" src=\"https:\/\/oceaneering.com\/wp-content\/uploads\/2023\/11\/Untitled-design-2023-11-07T134704.759.png\" alt=\"Untitled design - 2023-11-07T134704.759\" title=\"Dise\u00f1o sin t\u00edtulo - 2023-11-07T134704.759\" onerror=\"this.style.display='none'\" loading=\"lazy\" \/>\n\t<\/figure>\n<h3>\n\t\t\tPruebas de presi\u00f3n\t<\/h3>\n<figure itemscope itemtype=\"https:\/\/schema.org\/ImageObject\">\n\t\t\t\t<img decoding=\"async\" src=\"https:\/\/oceaneering.com\/wp-content\/uploads\/2023\/11\/Untitled-design-2023-11-07T134744.870.png\" alt=\"Untitled design - 2023-11-07T134744.870\" title=\"Dise\u00f1o sin t\u00edtulo - 2023-11-07T134744.870\" onerror=\"this.style.display='none'\" loading=\"lazy\" \/>\n\t<\/figure>\n<h3>\n\t\t\tEspacio confinado\t<\/h3>\n<figure itemscope itemtype=\"https:\/\/schema.org\/ImageObject\">\n\t\t\t\t<img decoding=\"async\" src=\"https:\/\/oceaneering.com\/wp-content\/uploads\/2023\/11\/Untitled-design-2023-11-07T134809.224.png\" alt=\"Untitled design - 2023-11-07T134809.224\" title=\"Dise\u00f1o sin t\u00edtulo - 2023-11-07T134809.224\" onerror=\"this.style.display='none'\" loading=\"lazy\" \/>\n\t<\/figure>\n<h3>\n\t\t\tRadiaci\u00f3n\t<\/h3>\n\t<p>Nuestro mayor \u00e9nfasis se puso en aquellos incidentes que no tuvieron consecuencias importantes, pero que ten\u00edan el potencial de tener consecuencias graves. Estas seis reglas se aplican a todos los empleados de Oceaneering, as\u00ed como a terceros que operan en entornos compartidos.<\/p>\n<p>Desde su introducci\u00f3n, las Normas de Salvamento han permitido a nuestra organizaci\u00f3n identificar con mayor precisi\u00f3n las actividades y tareas que plantean mayor riesgo de mortalidad. Tambi\u00e9n hemos determinado los procesos asociados para ayudar a proteger a nuestros empleados. Profundizamos m\u00e1s, examinando no s\u00f3lo las causas inmediatas de los accidentes mortales o las lesiones, sino tambi\u00e9n los comportamientos subyacentes que contribuyen al cumplimiento de las Normas de Salvamento.<\/p>\n<h2>\n\t\t\tContacte con nosotros\t<\/h2>\n<h3>\n\t\t\tNuestro equipo de expertos est\u00e1 listo para ayudarle a empezar.\t<\/h3>\n\t<p>Oceaneering ofrece los mejores productos y soluciones de su clase, respaldados por una calidad, fiabilidad y asistencia global inigualables. Rellene el formulario de consulta para iniciar una conversaci\u00f3n hoy mismo.<\/p>","protected":false},"excerpt":{"rendered":"<p>Contact Us Our Safety Culture In 1964, Oceaneering was established as a diving services provider. Although small in size, the nature of the work meant that our organization faced a relatively high level of risk. Knowing this, we set out to improve, not only our own health, safety and environmental (HSE) practices, but also those &#8230; <a title=\"Nuestra cultura de la seguridad\" class=\"read-more\" href=\"https:\/\/www.oceaneering.com\/es\/sustainability\/health-safety-and-quality-hse\/our-safety-culture\/\" aria-label=\"Leer m\u00e1s sobre Nuestra cultura de seguridad\">Seguir leyendo<\/a><\/p>","protected":false},"author":13,"featured_media":0,"parent":60546,"menu_order":2,"comment_status":"closed","ping_status":"closed","template":"","meta":{"_acf_changed":false,"footnotes":"","_links_to":"","_links_to_target":""},"product_category":[1859],"search_tags":[1840],"class_list":["post-60582","page","type-page","status-publish","product_category-sustainability","search_tags-health-safety-security-environment-and-quality"],"acf":[],"aioseo_notices":[],"_links":{"self":[{"href":"https:\/\/www.oceaneering.com\/es\/wp-json\/wp\/v2\/pages\/60582","targetHints":{"allow":["GET"]}}],"collection":[{"href":"https:\/\/www.oceaneering.com\/es\/wp-json\/wp\/v2\/pages"}],"about":[{"href":"https:\/\/www.oceaneering.com\/es\/wp-json\/wp\/v2\/types\/page"}],"author":[{"embeddable":true,"href":"https:\/\/www.oceaneering.com\/es\/wp-json\/wp\/v2\/users\/13"}],"replies":[{"embeddable":true,"href":"https:\/\/www.oceaneering.com\/es\/wp-json\/wp\/v2\/comments?post=60582"}],"version-history":[{"count":2,"href":"https:\/\/www.oceaneering.com\/es\/wp-json\/wp\/v2\/pages\/60582\/revisions"}],"predecessor-version":[{"id":83309,"href":"https:\/\/www.oceaneering.com\/es\/wp-json\/wp\/v2\/pages\/60582\/revisions\/83309"}],"up":[{"embeddable":true,"href":"https:\/\/www.oceaneering.com\/es\/wp-json\/wp\/v2\/pages\/60546"}],"wp:attachment":[{"href":"https:\/\/www.oceaneering.com\/es\/wp-json\/wp\/v2\/media?parent=60582"}],"wp:term":[{"taxonomy":"product_category","embeddable":true,"href":"https:\/\/www.oceaneering.com\/es\/wp-json\/wp\/v2\/product_category?post=60582"},{"taxonomy":"search_tags","embeddable":true,"href":"https:\/\/www.oceaneering.com\/es\/wp-json\/wp\/v2\/search_tags?post=60582"}],"curies":[{"name":"wp","href":"https:\/\/api.w.org\/{rel}","templated":true}]}}