{"id":60560,"date":"2023-11-07T12:57:17","date_gmt":"2023-11-07T17:57:17","guid":{"rendered":"https:\/\/oceaneering.com\/?page_id=60560"},"modified":"2024-01-29T13:36:47","modified_gmt":"2024-01-29T18:36:47","slug":"hse-areas-of-focus","status":"publish","type":"page","link":"https:\/\/www.oceaneering.com\/es\/sustainability\/health-safety-and-quality-hse\/hse-areas-of-focus\/","title":{"rendered":"\u00c1reas de inter\u00e9s"},"content":{"rendered":"<h1>\u00c1reas de inter\u00e9s<\/h1>\r\n<h2>Dado que la seguridad es la base de todas las operaciones de Oceaneering, nuestras \u00c1reas de inter\u00e9s son la base de nuestro enfoque de la seguridad.<\/h2>\r\n<p>Estos procesos son aplicados por nuestros grupos operativos y tienen por objeto evitar lesiones y da\u00f1os a los equipos y al medio ambiente, mejorando as\u00ed nuestra cultura de seguridad y los resultados generales en materia de salud, seguridad y medio ambiente (HSE).<\/p>\r\n<h1>Contacte con nosotros<\/h1>\r\n<p>Nuestro equipo de expertos est\u00e1 listo para ayudarle a empezar.<\/p>\r\n<p>Oceaneering ofrece los mejores productos y soluciones de su clase, respaldados por una calidad, fiabilidad y asistencia global inigualables. Rellene el formulario de consulta para iniciar una conversaci\u00f3n hoy mismo.<\/p>","protected":false},"excerpt":{"rendered":"<p>\u00c1reas de inter\u00e9s Dado que la seguridad es la base de todas las operaciones de Oceaneering, nuestras \u00c1reas de inter\u00e9s son la base de nuestro enfoque de la seguridad. Estos procesos son implementados por nuestros grupos operativos y tienen como objetivo prevenir lesiones y da\u00f1os a los equipos y al medio ambiente, mejorando as\u00ed nuestra cultura de seguridad y la salud, la seguridad y el medio ambiente en general ... <a title=\"\u00c1reas de inter\u00e9s\" class=\"read-more\" href=\"https:\/\/www.oceaneering.com\/es\/sustainability\/health-safety-and-quality-hse\/hse-areas-of-focus\/\" aria-label=\"Leer m\u00e1s sobre \u00c1reas de inter\u00e9s\">Seguir leyendo<\/a><\/p>","protected":false},"author":13,"featured_media":0,"parent":60546,"menu_order":2,"comment_status":"closed","ping_status":"closed","template":"","meta":{"_acf_changed":false,"footnotes":"","_links_to":"","_links_to_target":""},"product_category":[1859],"search_tags":[1840],"class_list":["post-60560","page","type-page","status-publish","product_category-sustainability","search_tags-health-safety-security-environment-and-quality"],"acf":[],"aioseo_notices":[],"_links":{"self":[{"href":"https:\/\/www.oceaneering.com\/es\/wp-json\/wp\/v2\/pages\/60560","targetHints":{"allow":["GET"]}}],"collection":[{"href":"https:\/\/www.oceaneering.com\/es\/wp-json\/wp\/v2\/pages"}],"about":[{"href":"https:\/\/www.oceaneering.com\/es\/wp-json\/wp\/v2\/types\/page"}],"author":[{"embeddable":true,"href":"https:\/\/www.oceaneering.com\/es\/wp-json\/wp\/v2\/users\/13"}],"replies":[{"embeddable":true,"href":"https:\/\/www.oceaneering.com\/es\/wp-json\/wp\/v2\/comments?post=60560"}],"version-history":[{"count":0,"href":"https:\/\/www.oceaneering.com\/es\/wp-json\/wp\/v2\/pages\/60560\/revisions"}],"up":[{"embeddable":true,"href":"https:\/\/www.oceaneering.com\/es\/wp-json\/wp\/v2\/pages\/60546"}],"wp:attachment":[{"href":"https:\/\/www.oceaneering.com\/es\/wp-json\/wp\/v2\/media?parent=60560"}],"wp:term":[{"taxonomy":"product_category","embeddable":true,"href":"https:\/\/www.oceaneering.com\/es\/wp-json\/wp\/v2\/product_category?post=60560"},{"taxonomy":"search_tags","embeddable":true,"href":"https:\/\/www.oceaneering.com\/es\/wp-json\/wp\/v2\/search_tags?post=60560"}],"curies":[{"name":"wp","href":"https:\/\/api.w.org\/{rel}","templated":true}]}}