{"id":60546,"date":"2023-11-07T12:29:15","date_gmt":"2023-11-07T17:29:15","guid":{"rendered":"https:\/\/oceaneering.com\/?page_id=60546"},"modified":"2025-09-03T10:58:51","modified_gmt":"2025-09-03T15:58:51","slug":"health-safety-and-quality-hse","status":"publish","type":"page","link":"https:\/\/www.oceaneering.com\/es\/sustainability\/health-safety-and-quality-hse\/","title":{"rendered":"Salud, seguridad y calidad"},"content":{"rendered":"<h1>Salud, seguridad, medio ambiente y calidad<\/h1>\r\n<p>La seguridad, pilar de todo lo que hacemos, no s\u00f3lo es la base de nuestros valores fundamentales, sino que es vital para nuestro ejemplar historial de resultados y nuestra cultura empresarial.<\/p>\r\n<h2>Si estamos trabajando, nuestra responsabilidad es hacerlo de forma segura.<\/h2>\r\n<p>Las industrias a las que servimos son tan diversas como complejas. Tanto si dise\u00f1amos umbilicales para aguas profundas como si desarrollamos rob\u00f3tica para aplicaciones aeroespaciales, la seguridad y la salud de nuestros empleados, proveedores y clientes son parte integrante de nuestra actividad diaria.<\/p>\r\n<p>Certificaci\u00f3n ISO 45001 en 12 \u00e1reas<\/p>\r\n<h2>Sistema de gesti\u00f3n de la salud y la seguridad<\/h2>\r\n<p>La norma ISO 45001 de sistemas de gesti\u00f3n de la salud y la seguridad en el trabajo ofrece un marco \u00fanico y claro para mejorar el rendimiento de la salud y la seguridad en el trabajo centr\u00e1ndose en la interacci\u00f3n entre una organizaci\u00f3n y su entorno empresarial. Con las certificaciones de sistemas de gesti\u00f3n de la salud y la seguridad en el trabajo, demostramos que nuestros sistemas de gesti\u00f3n de la salud y la seguridad cumplen las normas internacionales de salud y seguridad espec\u00edficas del sector.<\/p>\r\n<ul>\r\n<li>Servicios de integridad de activos e ingenier\u00eda de trabajos verticales con cuerdas<\/li>\r\n<li>Desmantelamiento<\/li>\r\n<li>Pruebas de presi\u00f3n hidrost\u00e1tica<\/li>\r\n<li>Servicios de intervenci\u00f3n<\/li>\r\n<li>Productos manufacturados<\/li>\r\n<li>An\u00e1lisis metal\u00fargico<\/li>\r\n<li>Dise\u00f1o, desarrollo y asistencia de software<\/li>\r\n<li>Gesti\u00f3n de la cadena de suministro, almacenamiento y apoyo log\u00edstico<\/li>\r\n<li>Servicios de encuestas<\/li>\r\n<li>Dise\u00f1o, fabricaci\u00f3n y funcionamiento de equipos de mecanizado<\/li>\r\n<li>Gesti\u00f3n, mantenimiento y reparaci\u00f3n de herramientas<\/li>\r\n<li>Ingenier\u00eda submarina y de superficie<\/li>\r\n<\/ul>\r\n<p><a href=\"https:\/\/oceaneering.canto.com\/direct\/document\/s529ma442p1570v3djpehmkc5q\/0qIGHW1oK7A4oROQd0aR5zaZRk4\/original?content-type=application%2Fpdf&amp;name=WW-OII-HSE-MS2-0+-+HSE+Management+System+Framework+-+R0.pdf\" target=\"_blank\" rel=\"noopener\"> M\u00e1s informaci\u00f3n <\/a><\/p>\r\n<h2>Historial de seguridad de Oceaneering<\/h2>\r\n<p>Desde nuestros inicios en 1964, hemos concedido un gran valor a la seguridad de nuestros empleados, desde los servicios de buceo e inspecci\u00f3n submarina hasta las operaciones de instalaci\u00f3n en buques. Tenemos y esperamos seguir evolucionando no solo nuestros procesos de salud, seguridad y medio ambiente (HSSE), sino tambi\u00e9n los de los sectores en los que trabajamos.<\/p>\r\n<p><a href=\"https:\/\/www.oceaneering.com\/es\/sustainability\/health-safety-and-quality-hse\/our-safety-culture\/\" target=\"_self\" rel=\"noopener\"> M\u00e1s informaci\u00f3n <\/a><\/p>\r\n<h2>Procesos b\u00e1sicos en acci\u00f3n<\/h2>\r\n<p>La seguridad es la base de todas las operaciones de Oceaneering. Ponemos la estrategia en acci\u00f3n responsabilizando a cada empleado del cumplimiento de las normas de seguridad y tomando medidas para eliminar o corregir comportamientos inseguros.<\/p>\r\n<p>Estas son nuestras principales \u00e1reas de inter\u00e9s:<\/p>\r\n<ul>\r\n<li>Liderazgo<\/li>\r\n<li>Gesti\u00f3n de riesgos<\/li>\r\n<li>Prevenci\u00f3n de accidentes mortales<\/li>\r\n<li>Gesti\u00f3n de incidentes<\/li>\r\n<li>Compromiso de los empleados<\/li>\r\n<li>Formaci\u00f3n y competencia<\/li>\r\n<li>Gesti\u00f3n medioambiental<\/li>\r\n<li>Autoverificaci\u00f3n<\/li>\r\n<\/ul>\r\n<p><a href=\"https:\/\/www.oceaneering.com\/es\/sustainability\/health-safety-and-quality-hse\/hse-areas-of-focus\/\" target=\"_self\" rel=\"noopener\"> M\u00e1s informaci\u00f3n <\/a><\/p>\r\n<h2>Membres\u00edas y afiliaciones<\/h2>\r\n<p>Somos miembros de la <a href=\"http:\/\/www.centerforoffshoresafety.org\/\" target=\"_blank\" rel=\"noopener\">Centro de Seguridad Mar\u00edtima<\/a>Una organizaci\u00f3n concebida para promover el m\u00e1ximo nivel de seguridad en las operaciones de perforaci\u00f3n y terminaci\u00f3n de pozos marinos, mediante el liderazgo y unos sistemas de gesti\u00f3n eficaces que aborden la comunicaci\u00f3n, el trabajo en equipo y la auditor\u00eda y certificaci\u00f3n independientes por parte de terceros.<\/p>\r\n<p>Aunque nuestros Procesos B\u00e1sicos de Salud, Seguridad y Medio Ambiente est\u00e1n en vigor desde 2004, se ajustan estrechamente a las directrices de la Comisi\u00f3n Europea. <a href=\"https:\/\/www.bsee.gov\/newsroom\/latest-news\/statements-and-releases\/press-releases\/bsee-announces-final-safety-culture\" target=\"_blank\" rel=\"noopener\">Declaraci\u00f3n pol\u00edtica sobre cultura de la seguridad<\/a> publicada por la Oficina de Seguridad y Cumplimiento Ambiental (BSEE) en 2013. La declaraci\u00f3n define nueve caracter\u00edsticas que comparten las organizaciones consideradas con culturas de seguridad s\u00f3lidas.<\/p>\r\n<p>Contacte con nosotros<\/p>\r\n<h3>Nuestro equipo de expertos est\u00e1 listo para ayudarle a empezar.<\/h3>\r\n<p>Oceaneering ofrece los mejores productos y soluciones de su clase, respaldados por una calidad, fiabilidad y asistencia global inigualables. Rellene el formulario de consulta para iniciar una conversaci\u00f3n hoy mismo.<\/p>\r\n<p>\"*\" indica campos obligatorios<\/p>\r\n<form id=\"gform_4\" action=\"\/es\/?page_id=60546&#038;fl_builder#gf_4\" enctype=\"multipart\/form-data\" method=\"post\" target=\"gform_ajax_frame_4\" data-formid=\"4\" data-trp-original-action=\"\/?page_id=60546&amp;fl_builder#gf_4\"><fieldset id=\"field_4_1\" data-js-reload=\"field_4_1\"><legend class=\"gfield_label gform-field-label gfield_label_before_complex\">Nombre<\/legend> <input id=\"input_4_1_3\" tabindex=\"201\" name=\"input_1.3\" type=\"text\" value=\"\" aria-required=\"true\" \/> <label class=\"gform-field-label gform-field-label--type-sub\" for=\"input_4_1_3\">En primer lugar<\/label> <input id=\"input_4_1_6\" tabindex=\"203\" name=\"input_1.6\" type=\"text\" value=\"\" aria-required=\"true\" \/> <label class=\"gform-field-label gform-field-label--type-sub\" for=\"input_4_1_6\">\u00daltima<\/label><\/fieldset><label class=\"gfield_label gform-field-label\" for=\"input_4_4\">Tel\u00e9fono<\/label><input id=\"input_4_4\" class=\"large\" tabindex=\"205\" name=\"input_4\" type=\"text\" value=\"\" aria-required=\"true\" aria-invalid=\"false\" \/><label class=\"gfield_label gform-field-label\" for=\"input_4_3\">Correo electr\u00f3nico<\/label> <input id=\"input_4_3\" class=\"large\" tabindex=\"206\" name=\"input_3\" type=\"text\" value=\"\" aria-required=\"true\" aria-invalid=\"false\" \/> <label class=\"gfield_label gform-field-label\" for=\"input_4_5\">Otro<\/label><select id=\"input_4_5\" class=\"large gfield_select\" tabindex=\"207\" name=\"input_5\" aria-invalid=\"false\">\r\n<option class=\"gf_placeholder\" selected=\"selected\" value=\"\">Seleccione uno<\/option>\r\n<option value=\"First Choice\">Primera elecci\u00f3n<\/option>\r\n<option value=\"Second Choice\">Segunda opci\u00f3n<\/option>\r\n<option value=\"Third Choice\">Tercera opci\u00f3n<\/option>\r\n<\/select><label class=\"gfield_label gform-field-label\" for=\"input_4_6\">Otro<\/label><select id=\"input_4_6\" class=\"large gfield_select\" tabindex=\"208\" name=\"input_6\" aria-invalid=\"false\">\r\n<option class=\"gf_placeholder\" selected=\"selected\" value=\"\">Seleccione uno<\/option>\r\n<option value=\"First Choice\">Primera elecci\u00f3n<\/option>\r\n<option value=\"Second Choice\">Segunda opci\u00f3n<\/option>\r\n<option value=\"Third Choice\">Tercera opci\u00f3n<\/option>\r\n<\/select><label class=\"gfield_label gform-field-label\" for=\"input_4_7\">Otro<\/label><input id=\"input_4_7\" class=\"large\" tabindex=\"209\" name=\"input_7\" type=\"text\" value=\"\" aria-invalid=\"false\" \/> <label class=\"gfield_label gform-field-label\" for=\"input_4_8\">Otro<\/label><input id=\"input_4_8\" class=\"large\" tabindex=\"210\" name=\"input_8\" type=\"text\" value=\"\" aria-invalid=\"false\" \/>\r\n<p>Lorem ipsum dolor sit amet, consetetur sadipscing elitr, sed diam nonumy eirmod tempor invidunt ut labore et dolore magna aliquyam erat voluptua.<\/p>\r\n<input id=\"gform_submit_button_4\" class=\"gform_button button\" tabindex=\"211\" type=\"submit\" value=\"Solicitar presupuesto\" \/> <input name=\"gform_ajax\" type=\"hidden\" value=\"form_id=4&amp;title=&amp;description=&amp;tabindex=200\" \/> <input class=\"gform_hidden\" name=\"is_submit_4\" type=\"hidden\" value=\"1\" \/> <input class=\"gform_hidden\" name=\"gform_submit\" type=\"hidden\" value=\"4\" \/> <input class=\"gform_hidden\" name=\"gform_unique_id\" type=\"hidden\" value=\"\" \/> <input class=\"gform_hidden\" name=\"state_4\" type=\"hidden\" value=\"WyJ7XCI1XCI6W1wiZGYzN2E2ZTliYzJkYTVlMjU5ZDBmNDMwMTdlYjVhMGVcIixcImZhNGEwM2ZkMGU0YmYxOGMzYzM3NDhmYWZmMGIzYmJkXCIsXCIxMTAzYTVhMmJlZjQ3NWI5MjRhMmZmYTMyYTNhNzM1N1wiXSxcIjZcIjpbXCJkZjM3YTZlOWJjMmRhNWUyNTlkMGY0MzAxN2ViNWEwZVwiLFwiZmE0YTAzZmQwZTRiZjE4YzNjMzc0OGZhZmYwYjNiYmRcIixcIjExMDNhNWEyYmVmNDc1YjkyNGEyZmZhMzJhM2E3MzU3XCJdfSIsImExMTE4N2U4YmFkMGY5NmE2ZTIxYTQxYTMyMDZjM2E4Il0=\" \/> <input id=\"gform_target_page_number_4\" class=\"gform_hidden\" name=\"gform_target_page_number_4\" type=\"hidden\" value=\"0\" \/> <input id=\"gform_source_page_number_4\" class=\"gform_hidden\" name=\"gform_source_page_number_4\" type=\"hidden\" value=\"1\" \/> <input name=\"gform_field_values\" type=\"hidden\" value=\"\" \/>\r\n<p><label>\u0394<textarea cols=\"45\" maxlength=\"100\" name=\"ak_hp_textarea\" rows=\"8\"><\/textarea><\/label><input id=\"ak_js_1\" name=\"ak_js\" type=\"hidden\" value=\"150\" \/><\/p>\r\n<input type=\"hidden\" name=\"trp-form-language\" value=\"es\"\/><\/form>\r\n<p><iframe id=\"gform_ajax_frame_4\" style=\"display: none; width: 0px; height: 0px;\" title=\"Este iframe contiene la l\u00f3gica necesaria para manejar formularios Gravity con Ajax.\" src=\"about:blank\" name=\"gform_ajax_frame_4\"><\/iframe><\/p>","protected":false},"excerpt":{"rendered":"<p>Salud, seguridad, medio ambiente y calidad La seguridad, pilar de todo lo que hacemos, no s\u00f3lo es la base de nuestros valores fundamentales, sino que es vital para nuestro ejemplar historial de resultados y nuestra cultura empresarial. Si estamos trabajando, nuestra responsabilidad es hacerlo de forma segura. Los sectores a los que servimos son tan diversos como complejos. ... <a title=\"Salud, seguridad y calidad\" class=\"read-more\" href=\"https:\/\/www.oceaneering.com\/es\/sustainability\/health-safety-and-quality-hse\/\" aria-label=\"Leer m\u00e1s sobre Salud, seguridad y calidad\">Seguir leyendo<\/a><\/p>","protected":false},"author":13,"featured_media":0,"parent":60494,"menu_order":2,"comment_status":"closed","ping_status":"closed","template":"","meta":{"_acf_changed":false,"footnotes":"","_links_to":"","_links_to_target":""},"product_category":[1859],"search_tags":[1840],"class_list":["post-60546","page","type-page","status-publish","product_category-sustainability","search_tags-health-safety-security-environment-and-quality"],"acf":[],"aioseo_notices":[],"_links":{"self":[{"href":"https:\/\/www.oceaneering.com\/es\/wp-json\/wp\/v2\/pages\/60546","targetHints":{"allow":["GET"]}}],"collection":[{"href":"https:\/\/www.oceaneering.com\/es\/wp-json\/wp\/v2\/pages"}],"about":[{"href":"https:\/\/www.oceaneering.com\/es\/wp-json\/wp\/v2\/types\/page"}],"author":[{"embeddable":true,"href":"https:\/\/www.oceaneering.com\/es\/wp-json\/wp\/v2\/users\/13"}],"replies":[{"embeddable":true,"href":"https:\/\/www.oceaneering.com\/es\/wp-json\/wp\/v2\/comments?post=60546"}],"version-history":[{"count":1,"href":"https:\/\/www.oceaneering.com\/es\/wp-json\/wp\/v2\/pages\/60546\/revisions"}],"predecessor-version":[{"id":78393,"href":"https:\/\/www.oceaneering.com\/es\/wp-json\/wp\/v2\/pages\/60546\/revisions\/78393"}],"up":[{"embeddable":true,"href":"https:\/\/www.oceaneering.com\/es\/wp-json\/wp\/v2\/pages\/60494"}],"wp:attachment":[{"href":"https:\/\/www.oceaneering.com\/es\/wp-json\/wp\/v2\/media?parent=60546"}],"wp:term":[{"taxonomy":"product_category","embeddable":true,"href":"https:\/\/www.oceaneering.com\/es\/wp-json\/wp\/v2\/product_category?post=60546"},{"taxonomy":"search_tags","embeddable":true,"href":"https:\/\/www.oceaneering.com\/es\/wp-json\/wp\/v2\/search_tags?post=60546"}],"curies":[{"name":"wp","href":"https:\/\/api.w.org\/{rel}","templated":true}]}}