{"id":60529,"date":"2023-11-07T10:08:52","date_gmt":"2023-11-07T15:08:52","guid":{"rendered":"https:\/\/oceaneering.com\/?page_id=60529"},"modified":"2024-09-11T05:10:03","modified_gmt":"2024-09-11T10:10:03","slug":"co2","status":"publish","type":"page","link":"https:\/\/www.oceaneering.com\/es\/sustainability\/co2\/","title":{"rendered":"Reducir las emisiones de CO2"},"content":{"rendered":"<a href=\"https:\/\/www.oceaneering.com\/es\/sustainability\/#contact\" target=\"_self\" rel=\"noopener\">\n\t\t\t\t\t\t\tContacte con nosotros\n\t\t\t\t\t<\/a>\n<h1>\n\t\tIngenier\u00eda para un futuro con bajas emisiones de carbono\n\t<\/h1>\n\t<p>Como proveedor mundial de productos y servicios de ingenier\u00eda, con un historial de innovaci\u00f3n y adaptaci\u00f3n, nos comprometemos a participar en la transici\u00f3n energ\u00e9tica en curso y a trabajar para reducir la huella de carbono de nuestras propias operaciones y las de nuestros clientes en los numerosos sectores a los que servimos.<\/p>\n<h2>\n\t\t\u00bfC\u00f3mo reducimos las emisiones de CO<sub>2<\/sub> \u00bfEmisiones?\n\t<\/h2>\n\t<p>Estamos desarrollando tecnolog\u00edas para su uso en tierra, bajo el agua y en el espacio que ayudan a garantizar la seguridad de los trabajadores y a reducir el impacto medioambiental.<\/p>\n\t\t\t\t<img decoding=\"async\" src=\"https:\/\/oceaneering.com\/wp-content\/uploads\/2023\/11\/remote-metrology-landscape.jpeg\" alt=\"remote-metrology-landscape\" itemprop=\"image\" title=\"telemetr\u00eda-paisaje\" onerror=\"this.style.display='none'\"  \/>\n<h3>\n\t\tImplantaci\u00f3n de operaciones a distancia\n\t<\/h3>\n\t<p>Las operaciones a distancia reducen el personal a bordo de buques y plataformas marinas y eliminan la necesidad de transportar a los empleados a y desde los emplazamientos en alta mar.<\/p>\n\t\t\t<a href=\"https:\/\/www.oceaneering.com\/es\/remote-services\/\" target=\"_self\" rel=\"noopener\">\n\t\t\t\t\t\t\tM\u00e1s informaci\u00f3n\n\t\t\t<\/a>\n\t\t\t\t<img decoding=\"async\" src=\"https:\/\/oceaneering.com\/wp-content\/uploads\/2023\/11\/ENOVUS_JPLATE_PORTRAIT_04-700x1050-landscape.jpeg\" alt=\"ENOVUS_JPLATE_PORTRAIT_04-700x1050-landscape\" itemprop=\"image\" title=\"ENOVUS_JPLATE_PORTRAIT_04-700x1050-landscape\" onerror=\"this.style.display='none'\"  \/>\n<h3>\n\t\tDesarrollo de la pr\u00f3xima generaci\u00f3n de veh\u00edculos submarinos\n\t<\/h3>\n\t<p>Esto incluye nuestro ROV el\u00e9ctrico eNovus, nuestro E-ROV operado por bater\u00eda y autodesplegable Liberty\u2122, y nuestro dron submarino aut\u00f3nomo, Freedom\u2122 Autonomous Subsea Vehicle.<\/p>\n\t\t\t<a href=\"https:\/\/www.oceaneering.com\/es\/rov-services\/next-generation-subsea-vehicles\/\" target=\"_self\" rel=\"noopener\">\n\t\t\t\t\t\t\tM\u00e1s informaci\u00f3n\n\t\t\t<\/a>\n\t\t\t\t<img decoding=\"async\" src=\"https:\/\/oceaneering.com\/wp-content\/uploads\/2023\/11\/19CR011-700x438-landscape.jpeg\" alt=\"19CR011-700x438-landscape\" itemprop=\"image\" title=\"19CR011-700x438-landscape\" onerror=\"this.style.display='none'\"  \/>\n<h3>\n\t\tBuques avanzados de construcci\u00f3n submarina\n\t<\/h3>\n\t<p>Nuestro MSV Ocean Evolution, con bandera estadounidense, es uno de los m\u00e1s respetuosos con el medio ambiente de su clase, ya que cuenta con un Pasaporte Verde* y utiliza cinco motores di\u00e9sel de bajas emisiones que cumplen la normativa Tier 4 de la EPA.<\/p>\n\t\t\t<a href=\"https:\/\/www.oceaneering.com\/es\/subsea-projects\/ocean-evolution\/\" target=\"_self\" rel=\"noopener\">\n\t\t\t\t\t\t\tM\u00e1s informaci\u00f3n\n\t\t\t<\/a>\n\t\t\t\t<img decoding=\"async\" src=\"https:\/\/oceaneering.com\/wp-content\/uploads\/2023\/11\/environment-risk-landscape.jpeg\" alt=\"environment-risk-landscape\" itemprop=\"image\" title=\"medio ambiente-riesgo-paisaje\" onerror=\"this.style.display='none'\"  \/>\n<h3>\n\t\tCompromiso con la investigaci\u00f3n y el desarrollo\n\t<\/h3>\n\t<p>Invertimos regularmente en nuestros productos y servicios para hacerlos m\u00e1s resistentes, reducir los riesgos para la seguridad y el medio ambiente y permitir una mayor colaboraci\u00f3n y una respuesta m\u00e1s r\u00e1pida a las necesidades de los clientes.<\/p>\n\t\t\t<a href=\"https:\/\/www.oceaneering.com\/es\/sustainability\/environmental-sustainability\/\" target=\"_self\" rel=\"noopener\">\n\t\t\t\t\t\t\tM\u00e1s informaci\u00f3n\n\t\t\t<\/a>\n\t<p><em>*A <a href=\"https:\/\/www.imo.org\/en\/OurWork\/Environment\/Pages\/Ship-Recycling.aspx\" target=\"_blank\" rel=\"noopener\">Pasaporte verde<\/a> es un inventario de materiales peligrosos elaborado y mantenido de conformidad con el Convenio Internacional de Hong Kong para el Reciclaje Seguro y Ambientalmente Racional de Buques, 2009. El Convenio tiene por objeto garantizar que los buques, al ser reciclados tras alcanzar el final de su vida operativa, no planteen riesgos innecesarios para la salud humana, la seguridad o el medio ambiente. El Pasaporte Verde contiene un inventario de todos los materiales utilizados en la construcci\u00f3n de un buque, que se actualizar\u00e1 a lo largo de la vida \u00fatil del buque para mantener su exactitud. En \u00faltima instancia, el pasaporte se entregar\u00e1 con el buque al astillero de reciclado para facilitar el reciclado del buque de forma segura y respetuosa con el medio ambiente. La Organizaci\u00f3n Mar\u00edtima Internacional ha publicado directrices para ayudar a aplicar el Convenio.<\/em><\/p>\n<h2>\n\t\tCO real<sub>2<\/sub> Ahorro\n\t<\/h2>\n\t<p>Nuestro sistema Liberty\u2122 Resident de nueva generaci\u00f3n, que funciona con bater\u00edas, no requiere un buque espec\u00edfico en espera durante las operaciones del ROV. Como resultado, estimamos que una campa\u00f1a t\u00edpica de Inspecci\u00f3n, Mantenimiento y Reparaci\u00f3n (IMR) en el Mar del Norte podr\u00eda ver hasta 33 toneladas por d\u00eda de CO<sub>2<\/sub> ahorrados al eliminar el uso de buques durante las operaciones submarinas con Liberty.<\/p>\n\t\t\t\t<img loading=\"lazy\" decoding=\"async\" src=\"https:\/\/www.oceaneering.com\/wp-content\/uploads\/2023\/11\/liberty-cutout.png\" alt=\"Liberty Resident System\" itemprop=\"image\" height=\"665\" width=\"1000\" title=\"liberty-cutout\" onerror=\"this.style.display='none'\"  \/>\n\n\t\tROV convencional\n\t\n\t\t46\n\n\t\tTm de CO<sub>2<\/sub> emitido\n\t\n\n\t\tAhorro diario de emisiones\n\t\n\t\t33\n\n\t\tMT CO<sub>2<\/sub>\n\t\n\n\t\tSistema Liberty\u2122 para residentes\n\t\n\t\t13\n\n\t\tTm de CO<sub>2<\/sub> Emitido\n\t\n<h3>\n\t\tEstimaci\u00f3n de las emisiones diarias de CO<sub>2<\/sub> Emisiones por tipo de veh\u00edculo durante el uso de un buque auxiliar\n\t<\/h3>\n\t<p>Los ROV no emiten CO2 directamente, sino que obtienen la energ\u00eda del buque utilizado para la campa\u00f1a en alta mar. El sistema Liberty\u2122 Resident se alimenta de su bater\u00eda y reduce la dependencia de una campa\u00f1a IMR t\u00edpica de los buques de apoyo para ayudar a ahorrar 33 toneladas diarias de CO<sub>2<\/sub>.<\/p>\n<h2>\n\t\t\u00bfQu\u00e9 podr\u00eda hacer el mundo con 33 toneladas de CO<sub>2<\/sub> \u00bfPor d\u00eda?\n\t<\/h2>\n\t\t\t\t<img decoding=\"async\" src=\"https:\/\/oceaneering.com\/wp-content\/uploads\/2023\/11\/Co2-Car-1-1.png\" alt=\"Co2-Car-1-1\" itemprop=\"image\" title=\"Co2-Car-1-1\" onerror=\"this.style.display='none'\"  \/>\n\t<p>Conducir un turismo medio en EE.UU. 81.886 millas<\/p>\n\t\t\t\t<img decoding=\"async\" src=\"https:\/\/oceaneering.com\/wp-content\/uploads\/2023\/11\/Co2-Phone-1-1.png\" alt=\"Co2-Phone-1-1\" itemprop=\"image\" title=\"Co2-Tel\u00e9fono-1-1\" onerror=\"this.style.display='none'\"  \/>\n\t<p>Cobrar 4.208.563 smartphones<\/p>\n\t\t\t\t<img decoding=\"async\" src=\"https:\/\/oceaneering.com\/wp-content\/uploads\/2023\/11\/Co2-Home-1-1.png\" alt=\"Co2-Home-1-1\" itemprop=\"image\" title=\"Co2-Home-1-1\" onerror=\"this.style.display='none'\"  \/>\n\t<p>Proporcionar energ\u00eda a 4 hogares durante un a\u00f1o<\/p>\n\t\t\t\t<img decoding=\"async\" src=\"https:\/\/oceaneering.com\/wp-content\/uploads\/2023\/11\/Co2-Barrel-1-1.png\" alt=\"Co2-Barrel-1-1\" itemprop=\"image\" title=\"Co2-Barril-1-1\" onerror=\"this.style.display='none'\"  \/>\n\t<p>Ahorra el CO2 equivalente al consumo de 76 barriles de petr\u00f3leo<\/p>\n\t<p>Estimaciones calculadas utilizando la Calculadora de Equivalencias de Gases de Efecto Invernadero de la EPA de EE.UU., basada en las hip\u00f3tesis desarrolladas internamente por Oceaneering.<\/p>\n<h1>\n\t\tEstimaci\u00f3n de las emisiones acumuladas de CO<sub>2<\/sub> Ahorro del sistema Liberty\u2122 para residentes\n\t<\/h1>\n\t\t19.158MT\n\t<p>Y aumentando con cada despliegue posterior del veh\u00edculo<\/p>\n\t<p>*Actualizado: Abril 2023<\/p>\n<h2>\n\t\tResultados del proyecto 2023\n\t<\/h2>\n\t<p>El Liberty\u2122 Resident System realiz\u00f3 163 misiones y ejecut\u00f3 13.933 horas de inmersi\u00f3n hasta abril de 2023, realizando el trabajo de un ROV convencional. El veh\u00edculo permiti\u00f3 una <strong>reducci\u00f3n estimada de 72,4% del buque de apoyo a la cubierta y de la tripulaci\u00f3n.<\/strong><\/p>\n<table  data-tablesaw-minimap>\n\t\t\t<thead>\n\t\t<tr>\n\t\t\t<th id=\"pp-table-col-1\" scope=\"col\" data-tablesaw-sortable-col>\t\t\t\t\t\n\t\t\t\t\t<\/th><th id=\"pp-table-col-2\" scope=\"col\" data-tablesaw-sortable-col>\t\t\t\t\t\n\t\t\t\t\t<\/th>\t\t<\/tr>\n\t<\/thead>\n\t\t<tbody>\n\t\t<tr data-row-index=\"1\"><td>Misiones Liberty completadas<\/td><td>163<\/td><\/tr><tr data-row-index=\"2\"><td>Horario de funcionamiento de Liberty<\/td><td>13,933<\/td><\/tr><tr data-row-index=\"3\"><td>Estimaci\u00f3n de horas de personal en el extranjero eliminadas<\/td><td>40.350 (Tripulaci\u00f3n media de cuatro personas)<\/td><\/tr><tr data-row-index=\"4\"><td>Estimaci\u00f3n de horas de buque de apoyo eliminadas<\/td><td>10.087 (72,4% de horas de inmersi\u00f3n)<\/td><\/tr><tr data-row-index=\"5\"><td>Personal estimado Cambios de tripulaci\u00f3n Eliminados<\/td><td>240 (turnos de 12 horas \/ viajes de 14 d\u00edas)<\/td><\/tr><tr data-row-index=\"6\"><td>Estimaci\u00f3n de las emisiones de CO<sub>2<\/sub> Emisiones eliminadas (toneladas)<\/td><td>19.158 (media de 33T por d\u00eda de inmersi\u00f3n Liberty)<\/td><\/tr>\t<\/tbody>\n<\/table>\n<h2>\n\t\tLas operaciones a distancia permiten aumentar las emisiones de CO<sub>2<\/sub> Reducciones\n\t<\/h2>\n\t<p>El sistema Liberty\u2122 Resident elimina la necesidad de que el personal del ROV y del buque se desplace hacia y desde los buques marinos y las plataformas en alta mar, lo que <strong>reduce el trabajo en entornos de alto riesgo.<\/strong><\/p>\n\t<p>Junto con la reducci\u00f3n de lesiones e incidentes medioambientales en alta mar, las operaciones a distancia pueden tener un impacto directo y positivo en las operaciones de la industria energ\u00e9tica en alta mar, como por ejemplo <strong>reducci\u00f3n de las horas de trabajo del personal offshore<\/strong> y generando ahorros de <strong>horario reducido de los buques<\/strong>.<\/p>\n<h2>\n\t\t\u00bfC\u00f3mo reducen las emisiones de CO<sub>2<\/sub> \u00bfEmisiones?\n\t<\/h2>\n\t<p>La log\u00edstica para llevar y traer trabajadores a las instalaciones en alta mar puede ser compleja.<\/p>\n\t<p>La movilizaci\u00f3n requiere transporte en helic\u00f3ptero y buques que sirvan de hoteles flotantes (floatels). El uso de un centro de control dedicado en tierra que pueda comunicarse con el personal en tierra permite reducir los viajes y el alojamiento en alta mar, lo que disminuye el riesgo y permite una mayor colaboraci\u00f3n y tiempos de respuesta m\u00e1s r\u00e1pidos. Los expertos en la materia pueden supervisar las operaciones en varias instalaciones en lugar de una. Los Centros de Operaciones Remotas en Tierra (OROC) cuentan con personal las 24 horas del d\u00eda, los 7 d\u00edas de la semana, para garantizar el apoyo operativo.<\/p>\n\t\t\t<h3>Reducir el personal a bordo y los d\u00edas de buque<\/h3>\t\t\t\n\t\t\t\t<p>Nuestros OROC permiten el pilotaje y la supervisi\u00f3n a distancia de ROV de clase de trabajo que realizan diversas operaciones, como movimientos de plataformas, instalaciones de puentes y actividades de puesta en servicio y supervisi\u00f3n. Esto reduce nuestra huella de carbono al disminuir el n\u00famero de movilizaciones y POB necesarios. Los veh\u00edculos residentes submarinos de Oceaneering, Liberty\u2122 Resident System y Freedom\u2122 AUV, reducen a\u00fan m\u00e1s las emisiones de carbono porque no requieren el apoyo de un buque especializado para movilizarse en el lugar.<\/p>\n\t\t\t<h3>Mantener la continuidad aunque cambien las circunstancias<\/h3>\t\t\t\n\t\t\t\t<p>La experiencia de Oceaneering en alta mar, combinada con un elevado tiempo de actividad y comunicaciones, permite la supervisi\u00f3n, ejecuci\u00f3n y toma de decisiones en tiempo real. Oceaneering puso en marcha su primer OROC en Stavanger (Noruega) en 2015. Nos hemos expandido por todo el mundo, con sitios dedicados en Morgan City y Lafayette, Luisiana, y Houston, Texas.<\/p>\n<h2>\n\t\tEventos destacados\n\t<\/h2>\n\t\t\t\t<img loading=\"lazy\" decoding=\"async\" src=\"https:\/\/www.oceaneering.com\/wp-content\/uploads\/2023\/11\/200424_Liberty_03.jpg\" alt=\"200424_Liberty_03\" itemprop=\"image\" height=\"1000\" width=\"2000\" title=\"200424_Libertad_03\" onerror=\"this.style.display='none'\"  \/>\n<h3>\n\t\t<a href=\"https:\/\/www.oceaneering.com\/es\/webinars\/generating-real-co2-savings-offshore-with-oceaneerings-liberty-e-rov\/\" title=\"Generaci\u00f3n de ahorros reales de CO2 en alta mar con el sistema Liberty\u2122 Resident de Oceaneering\" target=\"_self\" rel=\"noopener\">\n\t\tGeneraci\u00f3n de ahorros reales de CO2 en alta mar con el sistema Liberty\u2122 Resident de Oceaneering\n\t\t<\/a>\n\t<\/h3>\n\n\t\t<a href=\"https:\/\/www.oceaneering.com\/es\/tradeshows\/generating-real-co2-savings-offshore-with-oceaneerings-liberty-e-rov\/\" title=\"3 de mayo de 2021\" target=\"_self\" rel=\"noopener\">\n\t\t3 de mayo de 2021\n\t\t<\/a>\n\t\n\t<p>A la carta<\/p>\n<p>El sistema aut\u00f3nomo de clase de trabajo a bater\u00eda de Oceaneering Liberty\u2122\ufe0f\ufe0f Resident System suministra CO<sub>2<\/sub> frente a los ROV convencionales. Descubra c\u00f3mo el sistema Liberty y las operaciones remotas pueden mejorar el rendimiento medioambiental de sus operaciones en alta mar.<\/p>\n<h1>\n\t\tContacte con nosotros\n\t<\/h1>\n<h2>\n\t\tNuestro equipo de expertos est\u00e1 listo para ayudarle a empezar.\n\t<\/h2>\n\t<p>Oceaneering ofrece los mejores productos y soluciones de su clase, respaldados por una calidad, fiabilidad y asistencia global inigualables. Rellene el formulario de consulta para iniciar una conversaci\u00f3n hoy mismo.<\/p>","protected":false},"excerpt":{"rendered":"<p>Contacto Ingenier\u00eda para un futuro con bajas emisiones de carbono Como proveedor mundial de productos y servicios de ingenier\u00eda, con un historial de innovaci\u00f3n y adaptaci\u00f3n, estamos comprometidos a participar en la transici\u00f3n energ\u00e9tica en curso y a trabajar para reducir la huella de carbono de nuestras propias operaciones y las de nuestros clientes en las numerosas industrias a las que servimos. ... <a title=\"Reducir las emisiones de CO2\" class=\"read-more\" href=\"https:\/\/www.oceaneering.com\/es\/sustainability\/co2\/\" aria-label=\"Leer m\u00e1s sobre Reducci\u00f3n de las emisiones de CO2\">Seguir leyendo<\/a><\/p>","protected":false},"author":13,"featured_media":0,"parent":60494,"menu_order":2,"comment_status":"closed","ping_status":"closed","template":"","meta":{"_acf_changed":false,"footnotes":"","_links_to":"","_links_to_target":""},"product_category":[1159,1859],"search_tags":[1836,1398],"class_list":["post-60529","page","type-page","status-publish","product_category-renewables","product_category-sustainability","search_tags-reducing-co2-emissions","search_tags-renewable-energy"],"acf":[],"aioseo_notices":[],"_links":{"self":[{"href":"https:\/\/www.oceaneering.com\/es\/wp-json\/wp\/v2\/pages\/60529","targetHints":{"allow":["GET"]}}],"collection":[{"href":"https:\/\/www.oceaneering.com\/es\/wp-json\/wp\/v2\/pages"}],"about":[{"href":"https:\/\/www.oceaneering.com\/es\/wp-json\/wp\/v2\/types\/page"}],"author":[{"embeddable":true,"href":"https:\/\/www.oceaneering.com\/es\/wp-json\/wp\/v2\/users\/13"}],"replies":[{"embeddable":true,"href":"https:\/\/www.oceaneering.com\/es\/wp-json\/wp\/v2\/comments?post=60529"}],"version-history":[{"count":0,"href":"https:\/\/www.oceaneering.com\/es\/wp-json\/wp\/v2\/pages\/60529\/revisions"}],"up":[{"embeddable":true,"href":"https:\/\/www.oceaneering.com\/es\/wp-json\/wp\/v2\/pages\/60494"}],"wp:attachment":[{"href":"https:\/\/www.oceaneering.com\/es\/wp-json\/wp\/v2\/media?parent=60529"}],"wp:term":[{"taxonomy":"product_category","embeddable":true,"href":"https:\/\/www.oceaneering.com\/es\/wp-json\/wp\/v2\/product_category?post=60529"},{"taxonomy":"search_tags","embeddable":true,"href":"https:\/\/www.oceaneering.com\/es\/wp-json\/wp\/v2\/search_tags?post=60529"}],"curies":[{"name":"wp","href":"https:\/\/api.w.org\/{rel}","templated":true}]}}