{"id":60494,"date":"2023-11-06T14:00:26","date_gmt":"2023-11-06T19:00:26","guid":{"rendered":"https:\/\/oceaneering.com\/?page_id=60494"},"modified":"2024-09-11T05:09:23","modified_gmt":"2024-09-11T10:09:23","slug":"sustainability","status":"publish","type":"page","link":"https:\/\/www.oceaneering.com\/es\/sustainability\/","title":{"rendered":"Sostenibilidad"},"content":{"rendered":"<a href=\"https:\/\/www.oceaneering.com\/es\/sustainability\/#contact\" target=\"_self\" rel=\"noopener\">\n\t\t\t\t\t\t\tContacte con nosotros\n\t\t\t\t\t<\/a>\n<h1>\n\t\tSostenibilidad\n\t<\/h1>\n\t<p>En Oceaneering creemos en una gesti\u00f3n de nuestro negocio que promueva la seguridad, la salud, el medio ambiente y una \u00e9tica s\u00f3lida, al tiempo que apoyamos a las comunidades en las que vivimos y trabajamos. Nuestros valores fundamentales son la base de todo lo que hacemos.<\/p>\n<a href=\"https:\/\/www.oceaneering.com\/es\/sustainability\/ethics-and-compliance\/#sasb\">Informes del Consejo de Normas Contables de Sostenibilidad (SASB)<\/a><br \/>\n<a href=\"https:\/\/www.oceaneering.com\/es\/sustainability\/ethics-and-compliance\/#sasb\">Informes del Grupo de trabajo sobre divulgaci\u00f3n de informaci\u00f3n financiera relacionada con el clima (TCFD)<\/a>\n\t\t\t\t<img decoding=\"async\" src=\"https:\/\/oceaneering.com\/wp-content\/uploads\/2023\/11\/oceaneering_vision_badge-300x300.png\" alt=\"oceaneering_vision_badge\" itemprop=\"image\" title=\"oceaneering_vision_badge\" onerror=\"this.style.display='none'\"  \/>\n\t<h2>Nuestra misi\u00f3n: Resolvemos lo irresoluble.<\/h2>\n<h2>\n\t\tSeguridad\n\t<\/h2>\n\t<p>La seguridad es la base de todas las operaciones de Oceaneering. Nos tomamos muy en serio la seguridad de nuestros empleados, contratistas y comunidades, y sigue siendo nuestra m\u00e1xima prioridad.<\/p>\n\t\t\t<a href=\"https:\/\/www.oceaneering.com\/es\/sustainability\/health-safety-and-quality-hse\/\" target=\"_self\" rel=\"noopener\">\n\t\t\t\t\t\t\tM\u00e1s informaci\u00f3n\n\t\t\t<\/a>\n\t\t\t\t<img decoding=\"async\" src=\"https:\/\/oceaneering.com\/wp-content\/uploads\/2023\/11\/Safety-moment-homepage-slider2.jpeg\" alt=\"Safety-moment-homepage-slider2\" itemprop=\"image\" title=\"Safety-moment-homepage-slider2\" onerror=\"this.style.display='none'\"  \/>\n\t\t\t\t<img decoding=\"async\" src=\"https:\/\/oceaneering.com\/wp-content\/uploads\/2023\/11\/The-Heart-of-the-operation.jpeg\" alt=\"The-Heart-of-the-operation\" itemprop=\"image\" title=\"El coraz\u00f3n de la operaci\u00f3n\" onerror=\"this.style.display='none'\"  \/>\n<h2>\n\t\tMedio ambiente\n\t<\/h2>\n\t<p>Como proveedor de servicios a la industria energ\u00e9tica mundial, estamos comprometidos con la ingenier\u00eda de tecnolog\u00edas avanzadas que permitan un futuro con bajas emisiones de carbono.<\/p>\n\t\t\t<a href=\"https:\/\/www.oceaneering.com\/es\/sustainability\/environmental-sustainability\/\" target=\"_self\" rel=\"noopener\">\n\t\t\t\t\t\t\tM\u00e1s informaci\u00f3n\n\t\t\t<\/a>\n<h2>\n\t\tReducir las emisiones de CO2\n\t<\/h2>\n\t<p>Descubra c\u00f3mo estamos desarrollando tecnolog\u00edas para su uso en tierra, bajo el agua y en el espacio que ayudan a garantizar la seguridad de los trabajadores y a reducir el impacto medioambiental.<\/p>\n\t\t\t<a href=\"https:\/\/www.oceaneering.com\/es\/sustainability\/co2\/\" target=\"_self\" rel=\"noopener\">\n\t\t\t\t\t\t\tM\u00e1s informaci\u00f3n\n\t\t\t<\/a>\n\t\t\t\t<img decoding=\"async\" src=\"https:\/\/oceaneering.com\/wp-content\/uploads\/2023\/11\/Green-leaf2-1.jpeg\" alt=\"Green-leaf2-1\" itemprop=\"image\" title=\"Hoja verde2-1\" onerror=\"this.style.display='none'\"  \/>\n\t\t\t\t<img decoding=\"async\" src=\"https:\/\/oceaneering.com\/wp-content\/uploads\/2023\/11\/IMG_1634-scaled.jpeg\" alt=\"IMG_1634\" itemprop=\"image\" title=\"IMG_1634\" onerror=\"this.style.display='none'\"  \/>\n<h2>\n\t\tGobernanza\n\t<\/h2>\n\t<p>Hemos forjado nuestra reputaci\u00f3n como organizaci\u00f3n que exige pr\u00e1cticas empresariales \u00e9ticas y altos niveles de integridad en todas nuestras transacciones comerciales. As\u00ed se establece en nuestra <a href=\"https:\/\/s201.q4cdn.com\/108344635\/files\/doc_downloads\/govdocs\/2023\/10\/Code_of_Conduct_English.pdf\" target=\"_blank\" rel=\"noopener\">C\u00f3digo de conducta<\/a>\u00a0y las pol\u00edticas y procedimientos relacionados, que gu\u00edan diariamente a nuestros empleados y socios comerciales. Facilitamos <a href=\"https:\/\/secure.ethicspoint.com\/domain\/media\/en\/gui\/41815\/index.html\" target=\"_blank\" rel=\"noopener\">notificar quejas o preocupaciones<\/a> de forma confidencial y an\u00f3nima.<\/p>\n\t\t\t<a href=\"https:\/\/investors.oceaneering.com\/governance\/governance-documents\/default.aspx\" target=\"_blank\" rel=\"noopener\">\n\t\t\t\t\t\t\tM\u00e1s informaci\u00f3n\n\t\t\t<\/a>\n<h2>\n\t\tImpacto social\n\t<\/h2>\n\t<p>Oceaneering se compromete a crear una plantilla fuerte y diversa que nos permita dise\u00f1ar tecnolog\u00edas y servicios avanzados para todas las industrias a las que servimos.<\/p>\n\t\t\t<a href=\"https:\/\/www.oceaneering.com\/es\/sustainability\/social-impact\/\" target=\"_self\" rel=\"noopener\">\n\t\t\t\t\t\t\tM\u00e1s informaci\u00f3n\n\t\t\t<\/a>\n\t\t\t\t<img decoding=\"async\" src=\"https:\/\/oceaneering.com\/wp-content\/uploads\/2023\/11\/19CR0362.jpeg\" alt=\"Bikes in a circle\" itemprop=\"image\" title=\"Bicicletas en c\u00edrculo\" onerror=\"this.style.display='none'\"  \/>\n\t\t\t\t<img decoding=\"async\" src=\"https:\/\/oceaneering.com\/wp-content\/uploads\/2023\/11\/09CW337-scaled.jpeg\" alt=\"Oceaneering operations in Morgan Citymorgan city, oceaneering, oil and gas\" itemprop=\"image\" title=\"Operaciones de Oceaneering en Morgan Citymorgan city, oceaneering, petr\u00f3leo y gas\" onerror=\"this.style.display='none'\"  \/>\n<h2>\n\t\tEthics &#038; Compliance\n\t<\/h2>\n\t<p>Estamos comprometidos con las pr\u00e1cticas empresariales responsables dentro de nuestra organizaci\u00f3n y en nuestra cadena de suministro en todo el mundo. Nos esforzamos por mejorar regularmente en los \u00e1mbitos de los derechos humanos, las normas laborales y el medio ambiente, y por trabajar contra cualquier forma de corrupci\u00f3n.<\/p>\n\t\t\t<a href=\"https:\/\/www.oceaneering.com\/es\/sustainability\/ethics-and-compliance\/\" target=\"_self\" rel=\"noopener\">\n\t\t\t\t\t\t\tM\u00e1s informaci\u00f3n\n\t\t\t<\/a>\n<h1>\n\t\tContacte con nosotros\n\t<\/h1>\n<h2>\n\t\tNuestro equipo de expertos est\u00e1 listo para ayudarle a empezar.\n\t<\/h2>\n\t<p>Oceaneering ofrece los mejores productos y soluciones de su clase, respaldados por una calidad, fiabilidad y asistencia global inigualables. Rellene el formulario de consulta para iniciar una conversaci\u00f3n hoy mismo.<\/p>","protected":false},"excerpt":{"rendered":"<p>Contacto Sostenibilidad En Oceaneering, creemos en una gesti\u00f3n de nuestro negocio que promueva la seguridad, la salud, el medio ambiente y una \u00e9tica s\u00f3lida, al tiempo que apoyamos a las comunidades en las que vivimos y trabajamos. Nuestros valores fundamentales est\u00e1n en el centro de todo lo que hacemos. El Consejo de Normas Contables para la Sostenibilidad (SASB) informa al Grupo de Trabajo ... <a title=\"Sostenibilidad\" class=\"read-more\" href=\"https:\/\/www.oceaneering.com\/es\/sustainability\/\" aria-label=\"Leer m\u00e1s sobre Sostenibilidad\">Seguir leyendo<\/a><\/p>","protected":false},"author":13,"featured_media":0,"parent":0,"menu_order":2,"comment_status":"closed","ping_status":"closed","template":"","meta":{"_acf_changed":false,"footnotes":"","_links_to":"","_links_to_target":""},"product_category":[1859],"search_tags":[1842],"class_list":["post-60494","page","type-page","status-publish","product_category-sustainability","search_tags-sustainability"],"acf":[],"aioseo_notices":[],"_links":{"self":[{"href":"https:\/\/www.oceaneering.com\/es\/wp-json\/wp\/v2\/pages\/60494","targetHints":{"allow":["GET"]}}],"collection":[{"href":"https:\/\/www.oceaneering.com\/es\/wp-json\/wp\/v2\/pages"}],"about":[{"href":"https:\/\/www.oceaneering.com\/es\/wp-json\/wp\/v2\/types\/page"}],"author":[{"embeddable":true,"href":"https:\/\/www.oceaneering.com\/es\/wp-json\/wp\/v2\/users\/13"}],"replies":[{"embeddable":true,"href":"https:\/\/www.oceaneering.com\/es\/wp-json\/wp\/v2\/comments?post=60494"}],"version-history":[{"count":0,"href":"https:\/\/www.oceaneering.com\/es\/wp-json\/wp\/v2\/pages\/60494\/revisions"}],"wp:attachment":[{"href":"https:\/\/www.oceaneering.com\/es\/wp-json\/wp\/v2\/media?parent=60494"}],"wp:term":[{"taxonomy":"product_category","embeddable":true,"href":"https:\/\/www.oceaneering.com\/es\/wp-json\/wp\/v2\/product_category?post=60494"},{"taxonomy":"search_tags","embeddable":true,"href":"https:\/\/www.oceaneering.com\/es\/wp-json\/wp\/v2\/search_tags?post=60494"}],"curies":[{"name":"wp","href":"https:\/\/api.w.org\/{rel}","templated":true}]}}