{"id":60043,"date":"2023-10-26T15:09:18","date_gmt":"2023-10-26T19:09:18","guid":{"rendered":"https:\/\/oceaneering.com\/?page_id=60043"},"modified":"2024-09-11T04:18:39","modified_gmt":"2024-09-11T09:18:39","slug":"subsea-pumping-technology","status":"publish","type":"page","link":"https:\/\/www.oceaneering.com\/es\/subsea-distribution-solutions\/subsea-pumping-technology\/","title":{"rendered":"Tecnolog\u00eda de bombeo submarino"},"content":{"rendered":"<a href=\"https:\/\/www.oceaneering.com\/es\/subsea-distribution-solutions\/#contact\" target=\"_self\" rel=\"noopener\">\n\t\t\t\t\t\t\tDebatir un proyecto\n\t\t\t\t\t<\/a>\n<h1>\n\t\tTecnolog\u00eda de bombeo submarino (SPT)\n\t<\/h1>\n\n\t\tReduzca o elimine su huella en la parte superior trasladando los sistemas submarinos de almacenamiento e inyecci\u00f3n de productos qu\u00edmicos, reduciendo el coste y la complejidad de los umbilicales convencionales.\n\t\n\t<p>Con SPT, los operadores pueden reducir o eliminar por completo su huella en la parte superior trasladando el almacenamiento qu\u00edmico y las capacidades de inyecci\u00f3n submarina, ofreciendo contribuciones alternativas de valor a\u00f1adido a las arquitecturas submarinas de tieback y otras aplicaciones operativas en las que se requieren productos qu\u00edmicos o hidr\u00e1ulicos para la gesti\u00f3n de la integridad operativa o con fines de aseguramiento del flujo en los sistemas de producci\u00f3n submarina.<\/p>\n\t\t\t<img decoding=\"async\" src=\"https:\/\/oceaneering.com\/wp-content\/uploads\/2023\/10\/website-thumbnail-201971-scaled.jpg\" title=\"website-thumbnail-201971\" alt=\"\" \/>\t\t\t\t\t\t\t\n\t\t\t\t\tReproducir v\u00eddeo\n\t\t\t\t<img decoding=\"async\" src=\"https:\/\/oceaneering.com\/wp-content\/uploads\/2023\/10\/Spotlight_BW_SM.jpg\" alt=\"Spotlight_BW_SM\" itemprop=\"image\" title=\"Foco de atenci\u00f3n_BW_SM\" onerror=\"this.style.display='none'\"  \/>\n\n\t\tPremio OTC Spotlight on New Technology\n\t\n\n\t\tNuestra tecnolog\u00eda de bombeo submarino (SPT) fue seleccionada por su tecnolog\u00eda innovadora, su amplio atractivo para el sector y su impacto significativo con beneficios que van m\u00e1s all\u00e1 de las tecnolog\u00edas existentes.\n\t\n\t\t\t<a href=\"https:\/\/www.oceaneering.com\/es\/oceaneerings-subsea-pumping-technology-wins-otc-spotlight-on-new-technology-award\/\" target=\"_self\" rel=\"noopener\">\n\t\t\t\t\t\t\tLeer el comunicado de prensa\n\t\t\t<\/a>\n<h3>\n\t\t Hacer realidad las f\u00e1bricas submarinas\n\t<\/h3>\n\n\t\tNuestra Tecnolog\u00eda de Bombeo Submarino (SPT) ofrece contribuciones de valor a\u00f1adido a las arquitecturas de tieback y a las aplicaciones en las que se requieren productos qu\u00edmicos para la gesti\u00f3n de la integridad operativa o con fines de aseguramiento del flujo.\n\t\n\n\t\tEl sistema SPT reduce o elimina los sistemas de almacenamiento, bombeo y suministro que suelen ocupar valiosos espacios en la superficie y los recursos de interfaz asociados con el almacenamiento, abastecimiento y manipulaci\u00f3n de productos qu\u00edmicos en la superficie. Se pueden conseguir m\u00faltiples eficiencias trasladando los equipos al lecho marino y situ\u00e1ndolos localmente en los puntos de demanda. Los tanques de productos qu\u00edmicos se reabastecen mediante el intercambio de tanques o el llenado desde las l\u00edneas descendentes de los buques de apoyo.  Adem\u00e1s, el concepto de almacenamiento e inyecci\u00f3n local es muy \u00fatil para las conexiones submarinas m\u00e1s largas, en las que el suministro y la distribuci\u00f3n de productos qu\u00edmicos a los yacimientos a trav\u00e9s de tramos umbilicales largos o m\u00faltiples resulta dif\u00edcil y costoso.\n\t\n\t\t\t<a href=\"https:\/\/oceaneering.canto.com\/download\/document\/jtke2gicrh6pj62eeb3a8rmr7m\/original.pdf\" target=\"_blank\" rel=\"noopener\">\n\t\t\t\t\t\t\tTecnolog\u00eda de bombeo submarino (SPT)\n\t\t\t<\/a>\n\t\t\t\t<img decoding=\"async\" src=\"https:\/\/oceaneering.com\/wp-content\/uploads\/2023\/10\/200110_SPT_render_001.png\" alt=\"200110_SPT_render_001\" itemprop=\"image\" title=\"200110_SPT_render_001\" onerror=\"this.style.display='none'\"  \/>\n\t\tWebinar\n<h2>\n\t\tHacer realidad las f\u00e1bricas submarinas con la tecnolog\u00eda de bombeo submarino (SPT)\n\t<\/h2>\n\n\t\t25 de mayo de 2021\n\t\n\t\t\t<a href=\"https:\/\/www.oceaneering.com\/es\/webinars\/making-subsea-factories-a-reality-with-subsea-pumping-technology-spt\/\" target=\"_self\" rel=\"noopener\">\n\t\t\t\t\t\t\tVer a la carta\n\t\t\t<\/a>\n\t\t\t\t<img decoding=\"async\" src=\"https:\/\/oceaneering.com\/wp-content\/uploads\/2023\/10\/19RW197-800-700x700-panorama.jpg\" alt=\"19RW197-800-700x700-panorama\" itemprop=\"image\" title=\"19RW197-800-700x700-panorama\" onerror=\"this.style.display='none'\"  \/>\n<h1>\n\t\tContacte con nosotros\n\t<\/h1>\n<h2>\n\t\tNuestro equipo de expertos est\u00e1 listo para ayudarle a empezar.\n\t<\/h2>\n\t<p>Oceaneering ofrece los mejores productos y soluciones de su clase, respaldados por una calidad, fiabilidad y asistencia global inigualables. Rellene el formulario de consulta para iniciar una conversaci\u00f3n hoy mismo.<\/p>","protected":false},"excerpt":{"rendered":"<p>Discutir un proyecto Tecnolog\u00eda de bombeo submarino (SPT) Reduzca o elimine su huella en la parte superior trasladando los sistemas de almacenamiento e inyecci\u00f3n de productos qu\u00edmicos al fondo del mar, reduciendo el coste y la complejidad de los umbilicales convencionales. Con SPT, los operadores pueden reducir o eliminar por completo su huella en la parte superior trasladando el almacenamiento qu\u00edmico y las capacidades de inyecci\u00f3n submarina, ofreciendo contribuciones alternativas de valor a\u00f1adido al tieback submarino ... <a title=\"Tecnolog\u00eda de bombeo submarino\" class=\"read-more\" href=\"https:\/\/www.oceaneering.com\/es\/subsea-distribution-solutions\/subsea-pumping-technology\/\" aria-label=\"Leer m\u00e1s sobre Tecnolog\u00eda de bombeo submarino\">Seguir leyendo<\/a><\/p>","protected":false},"author":19,"featured_media":0,"parent":61172,"menu_order":2,"comment_status":"closed","ping_status":"closed","template":"","meta":{"_acf_changed":false,"footnotes":"","_links_to":"","_links_to_target":""},"product_category":[1783],"search_tags":[1782,1386],"class_list":["post-60043","page","type-page","status-publish","product_category-subsea-distribution-solutions","search_tags-subsea-distribution-solutions","search_tags-subsea-pumping-technology"],"acf":[],"aioseo_notices":[],"_links":{"self":[{"href":"https:\/\/www.oceaneering.com\/es\/wp-json\/wp\/v2\/pages\/60043","targetHints":{"allow":["GET"]}}],"collection":[{"href":"https:\/\/www.oceaneering.com\/es\/wp-json\/wp\/v2\/pages"}],"about":[{"href":"https:\/\/www.oceaneering.com\/es\/wp-json\/wp\/v2\/types\/page"}],"author":[{"embeddable":true,"href":"https:\/\/www.oceaneering.com\/es\/wp-json\/wp\/v2\/users\/19"}],"replies":[{"embeddable":true,"href":"https:\/\/www.oceaneering.com\/es\/wp-json\/wp\/v2\/comments?post=60043"}],"version-history":[{"count":0,"href":"https:\/\/www.oceaneering.com\/es\/wp-json\/wp\/v2\/pages\/60043\/revisions"}],"up":[{"embeddable":true,"href":"https:\/\/www.oceaneering.com\/es\/wp-json\/wp\/v2\/pages\/61172"}],"wp:attachment":[{"href":"https:\/\/www.oceaneering.com\/es\/wp-json\/wp\/v2\/media?parent=60043"}],"wp:term":[{"taxonomy":"product_category","embeddable":true,"href":"https:\/\/www.oceaneering.com\/es\/wp-json\/wp\/v2\/product_category?post=60043"},{"taxonomy":"search_tags","embeddable":true,"href":"https:\/\/www.oceaneering.com\/es\/wp-json\/wp\/v2\/search_tags?post=60043"}],"curies":[{"name":"wp","href":"https:\/\/api.w.org\/{rel}","templated":true}]}}