{"id":60023,"date":"2023-10-26T14:36:32","date_gmt":"2023-10-26T18:36:32","guid":{"rendered":"https:\/\/oceaneering.com\/?page_id=60023"},"modified":"2026-03-10T07:30:56","modified_gmt":"2026-03-10T12:30:56","slug":"subsea-tiebacks","status":"publish","type":"page","link":"https:\/\/www.oceaneering.com\/es\/subsea-tiebacks\/","title":{"rendered":"Tirantes submarinos"},"content":{"rendered":"<p><a href=\"https:\/\/www.oceaneering.com\/es\/subsea-tiebacks\/#contact\" target=\"_self\"> Debatir un proyecto <\/a><\/p>\r\n<h1>Tirantes submarinos<\/h1>\r\n<p>Desde la fabricaci\u00f3n del hardware de conexi\u00f3n submarina y los umbilicales hasta la instalaci\u00f3n en buques y ROV sobre el terreno, ofrecemos a los clientes una soluci\u00f3n integrada m\u00e1s sencilla y rentable.<\/p>\r\n<h2>Como especialista de confianza en conexiones submarinas, ofrecemos soluciones llave en mano desde ingenier\u00eda y fabricaci\u00f3n hasta gesti\u00f3n de proyectos que controlan mejor sus costes y reducen el riesgo de sus operaciones.<\/h2>\r\n<p>Ninguna otra empresa tiene la disponibilidad regional, el historial, la capacidad de entrega de una sola fuente y los buques con bandera estadounidense para competir con nuestra soluci\u00f3n completa de amarre submarino. Nuestros componentes modulares pueden transportarse y montarse para dar servicio a una amplia gama de operaciones y entornos. Si surgen problemas -retrasos, fen\u00f3menos meteorol\u00f3gicos, cambios de alcance- Oceaneering siempre est\u00e1 cerca. Al gestionar toda la cadena de suministro, tenemos la flexibilidad necesaria para mantener los proyectos dentro de los plazos previstos, sin dejar de ser competitivos en costes. <img decoding=\"async\" title=\"website-thumbnail-201963-1\" src=\"https:\/\/oceaneering.com\/wp-content\/uploads\/2023\/10\/website-thumbnail-201963-1-scaled.jpg\" alt=\"Ocean Evolution completing subsea tieback operations in open water.\" \/> Reproducir v\u00eddeo<\/p>\r\n<h2>Encuesta de rutas<\/h2>\r\n<p>Para confirmar que la ruta submarina prevista para la tuber\u00eda flexible est\u00e1 libre de peligros, se despliega una embarcaci\u00f3n con un veh\u00edculo operado por control remoto (ROV) o un veh\u00edculo submarino aut\u00f3nomo (AUV) que sobrevuela toda la longitud de la ruta prevista.<\/p>\r\n<p><a href=\"https:\/\/www.oceaneering.com\/es\/survey-and-mapping\/survey-and-positioning\/#marine-construction\" target=\"_self\"> M\u00e1s informaci\u00f3n <\/a><\/p>\r\n<h2>Instalaci\u00f3n<\/h2>\r\n<p>Reduzca el riesgo de ejecuci\u00f3n de su proyecto y mant\u00e9ngalo dentro de plazo con nuestra flota de buques y equipos modulares, incluidos carruseles, carretes, extensiones de tendido y tensores.<\/p>\r\n<ul>\r\n<li>\u00c1rbol submarino<\/li>\r\n<li>Tuber\u00edas<\/li>\r\n<li>PLET<\/li>\r\n<li>Umbilicales<\/li>\r\n<li>UTA<\/li>\r\n<li>Plomos voladores<\/li>\r\n<li>Puentes<\/li>\r\n<\/ul>\r\n<p><a href=\"https:\/\/www.oceaneering.com\/es\/subsea-projects\/\" target=\"_self\"> M\u00e1s informaci\u00f3n <\/a><\/p>\r\n<h2>Fabricaci\u00f3n<\/h2>\r\n<p>Reduzca el riesgo en el entorno submarino con nuestras rentables soluciones de distribuci\u00f3n submarina dise\u00f1adas espec\u00edficamente para condiciones dif\u00edciles. El compromiso temprano con nuestros clientes garantiza la optimizaci\u00f3n del dise\u00f1o del sistema, la reducci\u00f3n del riesgo del proyecto y el cumplimiento de los plazos y los requisitos presupuestarios. Nuestros sistemas integran productos dise\u00f1ados para afrontar los retos de los proyectos submarinos.<\/p>\r\n<p><img decoding=\"async\" title=\"00dw81\" src=\"https:\/\/oceaneering.com\/wp-content\/uploads\/2023\/10\/00dw81.jpg\" alt=\"00dw81\" \/><\/p>\r\n<h3>Umbilicales<\/h3>\r\n<p>Gracias a nuestras instalaciones de fabricaci\u00f3n y a nuestra experiencia en el sector, satisfacemos todas sus necesidades de distribuci\u00f3n submarina con soluciones optimizadas.<\/p>\r\n<p><a href=\"https:\/\/www.oceaneering.com\/es\/subsea-distribution-solutions\/products\/\" target=\"_self\"> M\u00e1s informaci\u00f3n <\/a> <img decoding=\"async\" title=\"plomo volante\" src=\"https:\/\/oceaneering.com\/wp-content\/uploads\/2023\/10\/flying-lead.jpg\" alt=\"flying-lead\" \/><\/p>\r\n<h3>Plomos voladores<\/h3>\r\n<p>Nuestros cables volantes contribuyen al transporte seguro y eficaz de fluidos hidr\u00e1ulicos y productos qu\u00edmicos.<\/p>\r\n<p><a href=\"https:\/\/www.oceaneering.com\/es\/subsea-distribution-solutions\/products\/\" target=\"_self\"> M\u00e1s informaci\u00f3n <\/a> <img decoding=\"async\" title=\"18HR9673\" src=\"https:\/\/oceaneering.com\/wp-content\/uploads\/2023\/10\/18HR9673.jpg\" alt=\"18HR9673\" \/><\/p>\r\n<h3>Reparaci\u00f3n y conexiones de tuber\u00edas<\/h3>\r\n<p>Nuestras conexiones de reparaci\u00f3n de tuber\u00edas satisfacen sus necesidades de intervenci\u00f3n planificada e imprevista en tuber\u00edas.<\/p>\r\n<p><a href=\"https:\/\/www.oceaneering.com\/es\/pipeline-repair-systems\/\" target=\"_self\"> M\u00e1s informaci\u00f3n <\/a> <img decoding=\"async\" title=\"abrazadera-conector-iso-recortado\" src=\"https:\/\/oceaneering.com\/wp-content\/uploads\/2023\/10\/clamp-connector-iso-cropped.jpg\" alt=\"clamp-connector-iso-cropped\" \/><\/p>\r\n<h3>Grayloc<\/h3>\r\n<p>El Oceaneering<sup>\u00ae<\/sup>\u00a0Grayloc<sup>\u00ae<\/sup>\u00a0metal-metal ofrece soluciones l\u00edderes en el sector para satisfacer sus requisitos operativos.<\/p>\r\n<p><a href=\"https:\/\/www.oceaneering.com\/es\/grayloc-home\/\" target=\"_self\"> M\u00e1s informaci\u00f3n <\/a><\/p>\r\n<h2>Recipientes<\/h2>\r\n<p>Utilizamos buques con pabell\u00f3n estadounidense que cumplen la Ley Jones para ejecutar campa\u00f1as de inspecci\u00f3n, mantenimiento y reparaci\u00f3n (IMR) submarinas convencionales y complejas. Encontraremos la soluci\u00f3n adecuada para cada reto.<\/p>\r\n<p><a href=\"https:\/\/www.oceaneering.com\/es\/subsea-projects\/vessel-fleet\/\" target=\"_self\"> M\u00e1s informaci\u00f3n <\/a><\/p>\r\n<h3>Casos pr\u00e1cticos destacados<\/h3>\r\n<p>Descubra c\u00f3mo apoyamos los proyectos mundiales de Tieback submarino.<\/p>\r\n<p><button> Anterior <\/button> <button> Siguiente <\/button> <a href=\"https:\/\/www.oceaneering.com\/es\/case-studies\/subsea-development-retrofitted-to-enable-diverless-functionality\/\" target=\"_self\"> <img decoding=\"async\" src=\"https:\/\/oceaneering.com\/wp-content\/uploads\/2023\/11\/Case-study-3-Image-1.jpeg\" alt=\"\" \/><\/a><\/p>\r\n<h3>Desarrollo submarino modernizado para permitir la funcionalidad sin buzo<\/h3>\r\n<h3>Desarrollo submarino modernizado para permitir la funcionalidad sin buzo<\/h3>\r\n<p>Los ROV de Oceaneering convierten la infraestructura instalada por los buzos en soluciones de ingenier\u00eda personalizadas para poner el yacimiento en producci\u00f3n.<\/p>\r\n<p><a href=\"https:\/\/www.oceaneering.com\/es\/case-studies\/subsea-development-retrofitted-to-enable-diverless-functionality\/\" target=\"_self\">M\u00e1s informaci\u00f3n <\/a> <a href=\"https:\/\/oceaneering.canto.com\/download\/document\/tahfkvuke12p15gefccr8tkg2b\/original.pdf\" target=\"_blank\" rel=\"noopener\"> <img decoding=\"async\" src=\"https:\/\/oceaneering.com\/wp-content\/uploads\/2024\/01\/Case-Study-Deepwater-Umbilical-Technology-and-Installation-Services.jpg\" alt=\"\" \/><\/a><\/p>\r\n<h3>Tecnolog\u00eda y servicios de instalaci\u00f3n de umbilicales para aguas profundas<\/h3>\r\n<h3>Tecnolog\u00eda y servicios de instalaci\u00f3n de umbilicales para aguas profundas<\/h3>\r\n<p><a href=\"https:\/\/oceaneering.canto.com\/download\/document\/tahfkvuke12p15gefccr8tkg2b\/original.pdf\" target=\"_blank\" rel=\"noopener\">Las soluciones de Oceaneering, factores clave del \u00e9xito en el proyecto submarino de profundidad r\u00e9cord de Shell Stones M\u00e1s informaci\u00f3n <\/a><\/p>\r\n<h2>Contacte con nosotros<\/h2>\r\n<h3>Nuestro equipo de expertos est\u00e1 listo para ayudarle a empezar.<\/h3>\r\n<p>Oceaneering ofrece los mejores productos y soluciones de su clase, respaldados por una calidad, fiabilidad y asistencia global inigualables. Rellene el formulario de consulta para iniciar una conversaci\u00f3n hoy mismo.<\/p>","protected":false},"excerpt":{"rendered":"<p>Discutir un proyecto Subsea Tieback Desde la fabricaci\u00f3n de hardware de conexi\u00f3n submarina y umbilicales hasta la instalaci\u00f3n desde embarcaci\u00f3n y ROV sobre el terreno, proporcionamos a los clientes de forma segura una soluci\u00f3n integrada m\u00e1s sencilla y rentable Como su especialista de confianza en conexiones submarinas, ofrecemos soluciones llave en mano desde ingenier\u00eda y fabricaci\u00f3n hasta gesti\u00f3n de proyectos que controlan mejor sus costes y ... <a title=\"Tirantes submarinos\" class=\"read-more\" href=\"https:\/\/www.oceaneering.com\/es\/subsea-tiebacks\/\" aria-label=\"Leer m\u00e1s sobre Empalme submarino\">Seguir leyendo<\/a><\/p>","protected":false},"author":19,"featured_media":0,"parent":0,"menu_order":2,"comment_status":"closed","ping_status":"closed","template":"","meta":{"_acf_changed":false,"footnotes":"","_links_to":"","_links_to_target":""},"product_category":[],"search_tags":[1849],"class_list":["post-60023","page","type-page","status-publish","search_tags-subsea-tieback"],"acf":[],"aioseo_notices":[],"_links":{"self":[{"href":"https:\/\/www.oceaneering.com\/es\/wp-json\/wp\/v2\/pages\/60023","targetHints":{"allow":["GET"]}}],"collection":[{"href":"https:\/\/www.oceaneering.com\/es\/wp-json\/wp\/v2\/pages"}],"about":[{"href":"https:\/\/www.oceaneering.com\/es\/wp-json\/wp\/v2\/types\/page"}],"author":[{"embeddable":true,"href":"https:\/\/www.oceaneering.com\/es\/wp-json\/wp\/v2\/users\/19"}],"replies":[{"embeddable":true,"href":"https:\/\/www.oceaneering.com\/es\/wp-json\/wp\/v2\/comments?post=60023"}],"version-history":[{"count":2,"href":"https:\/\/www.oceaneering.com\/es\/wp-json\/wp\/v2\/pages\/60023\/revisions"}],"predecessor-version":[{"id":81394,"href":"https:\/\/www.oceaneering.com\/es\/wp-json\/wp\/v2\/pages\/60023\/revisions\/81394"}],"wp:attachment":[{"href":"https:\/\/www.oceaneering.com\/es\/wp-json\/wp\/v2\/media?parent=60023"}],"wp:term":[{"taxonomy":"product_category","embeddable":true,"href":"https:\/\/www.oceaneering.com\/es\/wp-json\/wp\/v2\/product_category?post=60023"},{"taxonomy":"search_tags","embeddable":true,"href":"https:\/\/www.oceaneering.com\/es\/wp-json\/wp\/v2\/search_tags?post=60023"}],"curies":[{"name":"wp","href":"https:\/\/api.w.org\/{rel}","templated":true}]}}