{"id":59946,"date":"2023-10-24T18:04:46","date_gmt":"2023-10-24T22:04:46","guid":{"rendered":"https:\/\/oceaneering.com\/?page_id=59946"},"modified":"2025-08-18T02:58:36","modified_gmt":"2025-08-18T07:58:36","slug":"ocean-evolution","status":"publish","type":"page","link":"https:\/\/www.oceaneering.com\/es\/subsea-projects\/vessel-fleet\/ocean-evolution\/","title":{"rendered":"Evoluci\u00f3n oce\u00e1nica"},"content":{"rendered":"<a href=\"https:\/\/www.oceaneering.com\/es\/subsea-tiebacks\/#contact\" target=\"_self\">\n\t\t\t\t\t\t\tDebatir un proyecto\n\t\t\t\t\t<\/a>\n<h1>\n\t\tEvoluci\u00f3n oce\u00e1nica\n\t<\/h1>\n\n\t\tNuestro buque de construcci\u00f3n submarina MSV Ocean Evolution, de bandera estadounidense y l\u00edder del sector, ofrece una soluci\u00f3n llave en mano respaldada por una cartera de tecnolog\u00edas avanzadas listas para resolver sus retos m\u00e1s complejos.\n\t\n\t\t\t<a href=\"https:\/\/oceaneering.canto.com\/direct\/video\/g17t3o987l2h5cq9a0f54g142i\/uO8b8bntI5NTyNsxJFhwLA9wRvQ\/original?content-type=video%2Fmp4&#038;name=Ocean+Evolution.mp4\" target=\"_blank\" rel=\"noopener\">\n\t\t\t\t\t\t\tVer el v\u00eddeo\n\t\t\t<\/a>\n<h2>\n\t\tAdmite operaciones avanzadas de vida \u00fatil\n\t<\/h2>\n\n\t\tOcean Evolution apoya la respuesta r\u00e1pida con el buque de construcci\u00f3n submarina m\u00e1s ecol\u00f3gico y capaz del sector, que cumple la Ley Jones, disponible en el Golfo de M\u00e9xico en profundidades de hasta 4.000 m (13.323 pies). \n\t\n\t\t\t\t<img decoding=\"async\" src=\"https:\/\/oceaneering.com\/wp-content\/uploads\/2023\/10\/page.jpg\" alt=\"page\" itemprop=\"image\" title=\"p\u00e1gina\" onerror=\"this.style.display='none'\"  \/>\n\t<p>Reduce la complejidad de la gesti\u00f3n de m\u00faltiples proveedores y la programaci\u00f3n<\/p>\n\t\t\t\t<img decoding=\"async\" src=\"https:\/\/oceaneering.com\/wp-content\/uploads\/2023\/10\/box.jpg\" alt=\"box\" itemprop=\"image\" title=\"caja\" onerror=\"this.style.display='none'\"  \/>\n\t<p>Certificado para el transporte de mercanc\u00edas peligrosas<\/p>\n\t\t\t\t<img decoding=\"async\" src=\"https:\/\/oceaneering.com\/wp-content\/uploads\/2023\/10\/bill-1.jpg\" alt=\"bill\" itemprop=\"image\" title=\"bill\" onerror=\"this.style.display='none'\"  \/>\n\t<p>Los sistemas redundantes reducen la necesidad de volver a puerto en caso de problemas, lo que aumenta el tiempo de actividad y reduce los costes.<\/p>\n<h2>\n\t\tCapacidades de servicio\n\t<\/h2>\n\t<ul>\n\t\t\t\t\t<li>\n\t\t\t\tOperaciones de ROV y buceo\n\t\t\t<\/li>\n\t\t\t\t\t<li>\n\t\t\t\tInstalaci\u00f3n de l\u00edneas de flujo, umbilicales y pre y post-mat\n\t\t\t<\/li>\n\t\t\t\t\t<li>\n\t\t\t\t Eliminaci\u00f3n de hidratos\n\t\t\t<\/li>\n\t\t\t\t\t<li>\n\t\t\t\t Bombeo submarino \n\t\t\t<\/li>\n\t\t\t\t\t<li>\n\t\t\t\t Estimulaci\u00f3n e intervenci\u00f3n en pozos\n\t\t\t<\/li>\n\t\t\t\t\t<li>\n\t\t\t\t Actividades de inspecci\u00f3n, mantenimiento y reparaci\u00f3n (IMR)\n\t\t\t<\/li>\n\t\t\t\t\t<li>\n\t\t\t\tInstalaci\u00f3n y retirada de \u00e1rboles\n\t\t\t<\/li>\n\t\t\t\t\t<li>\n\t\t\t\t Abandono de pozos y servicios de cableado\n\t\t\t<\/li>\n\t\t\t<\/ul>\n\t\t\t\t<img decoding=\"async\" src=\"https:\/\/oceaneering.com\/wp-content\/uploads\/2023\/10\/190507_OE_Bow_2-1-1.jpg\" alt=\"190507_OE_Bow_2-1-1\" itemprop=\"image\" title=\"190507_OE_Bow_2-1-1\" onerror=\"this.style.display='none'\"  \/>\n<h2>\n\t\t El dise\u00f1o\n\t<\/h2>\n\t<p>Dise\u00f1ado para acoger a 110 personas, el Ocean Evolution se basa en el dise\u00f1o del casco noruego MT 6022 y se construy\u00f3 a un <a href=\"https:\/\/ww2.eagle.org\/content\/dam\/eagle\/rules-and-guides\/current\/other\/102_crewhabitabilityonships\/HAB_Ship_Guide_e.pdf\" target=\"_blank\" rel=\"noopener\">Notaci\u00f3n ABS Habitation Plus (Hab+)<\/a>.<\/p>\n<p>Ocean Evolution est\u00e1 equipado con dos veh\u00edculos teledirigidos (ROV) de trabajo, desplegables desde hangares, con sistemas de lanzamiento y recuperaci\u00f3n (LARS) con compensaci\u00f3n activa del oleaje (AHC) a ambos lados del buque.<\/p>\n<h2>\n\t\tCaracter\u00edsticas especiales\n\t<\/h2>\n\t\t<h3>Bajas emisiones de carbono<\/h3>\n\t\t\t\t<p>Ocean Evolution is an ecologically-friendly vessel holding a Green Passport. It was built for reliability with five low-emission EPA Tier 4 diesel engines with a combined generating capacity of 16 MW on a three-bus system. Ocean Evolution&#8217;s fifth engine and third bus provide redundancy, allowing the vessel to stay on location should a failure occur.<\/p>\n\t\t<h3>Mantenimiento de estaciones mejorado<\/h3>\n\t\t\t\t<p>Ocean Evolution can maintain position even during extreme weather conditions. The vessel&#8217;s position is held using two tunnel thrusters and a drop down thruster in the bow along with two e Azipull thrusters in the stern. Props on the propulsion systems can be turned 360\u2070 and were designed to optimize dynamic positioning of the vessel.<\/p>\n\t\t<h3>Potencia de elevaci\u00f3n<\/h3>\n\t\t\t\t<p>Con una eslora de 107,6 m (353 pies) y un peso de 6.000 T, el Ocean Evolution est\u00e1 equipado con una gr\u00faa AHC de 250 Tm y una capacidad de trabajo de 4.000 m (13.000 pies). La gr\u00faa tambi\u00e9n dispone de un modo de elevaci\u00f3n especial que proporciona una altura de gancho de 36 m por encima de la cubierta principal, lo que permite a los tripulantes elevar de la cubierta cabezales de pozo altos, grandes pilotes y otros equipos de gran tama\u00f1o.<\/p>\n\t\t<h3>Cubierta fuerte<\/h3>\n\t\t\t\t<p>The vessel&#8217;s 12,595 ft2 (1170 m2) steel-constructed deck is designed to carry heavy loads and to accommodate multiple applications. The deck can support 2,048 lbf\/ft2 (10 MT\/m2 ) or a total of 2,200 MT(4.85 million lbf). The steel deck enables easier and faster welding to secure equipment.<\/p>\n\t\t<h3>Capacidad de almacenamiento<\/h3>\n\t\t\t\t<p>Ocean Evolution puede alojar los fluidos necesarios para la estimulaci\u00f3n de pozos y el tratamiento de hidratos con tanques para productos especiales con una capacidad total de 412,6 m3 (109.000 galones).<\/p>\n\t\t<h3>Puente \u00fanico<\/h3>\n\t\t\t\t<p>El Ocean Evolution cuenta con un puente \u00fanico, configurado con puestos de control redundantes a estribor y babor para proporcionar una visi\u00f3n completa de las operaciones de la gr\u00faa y el despliegue de ROV a cada lado del buque.<\/p>\n\t\t\t\t<img decoding=\"async\" src=\"https:\/\/oceaneering.com\/wp-content\/uploads\/2023\/10\/MSV-Ocean-Evolution-Brochure.jpg\" alt=\"MSV-Ocean-Evolution-Brochure\" itemprop=\"image\" title=\"Folleto MSV-Ocean-Evolution\" onerror=\"this.style.display='none'\"  \/>\n<h2>\n\t\tFolleto MSV Ocean Evolution\n\t<\/h2>\n\t\t\t<a href=\"https:\/\/oceaneering.canto.com\/download\/document\/4e3948u9n52iladj1mu8dg287v\/original.pdf\" target=\"_blank\" rel=\"noopener\">\n\t\t\t\t\t\t\tDescargar carta\n\t\t\t<\/a>\n<h2>\n\t\tArt\u00edculos relevantes\n\t<\/h2>\n\t\t\t<a href='https:\/\/www.offshore-mag.com\/special-reports\/port-fourchon\/article\/14174789\/increased-port-facility-enables-greater-range-of-service-offerings#new_tab' title='El aumento de las instalaciones portuarias permite ampliar la oferta de servicios'><img width=\"682\" height=\"1024\" src=\"https:\/\/www.oceaneering.com\/wp-content\/uploads\/2023\/11\/19CR011-682x1024.jpg\" alt=\"\" itemprop=\"image\" decoding=\"async\" loading=\"lazy\" srcset=\"https:\/\/www.oceaneering.com\/wp-content\/uploads\/2023\/11\/19CR011-682x1024.jpg 682w, https:\/\/www.oceaneering.com\/wp-content\/uploads\/2023\/11\/19CR011-200x300.jpg 200w, https:\/\/www.oceaneering.com\/wp-content\/uploads\/2023\/11\/19CR011-768x1152.jpg 768w, https:\/\/www.oceaneering.com\/wp-content\/uploads\/2023\/11\/19CR011-1024x1536.jpg 1024w, https:\/\/www.oceaneering.com\/wp-content\/uploads\/2023\/11\/19CR011-1365x2048.jpg 1365w, https:\/\/www.oceaneering.com\/wp-content\/uploads\/2023\/11\/19CR011-8x12.jpg 8w, https:\/\/www.oceaneering.com\/wp-content\/uploads\/2023\/11\/19CR011-scaled.jpg 1706w\" sizes=\"auto, (max-width: 682px) 100vw, 682px\" title=\"Ocean Evolution en los senderos del mar en 2018 | Oceaneering\" \/><\/a>\n\t\t4\/1\/2020\n\t<h3><a href='https:\/\/www.offshore-mag.com\/special-reports\/port-fourchon\/article\/14174789\/increased-port-facility-enables-greater-range-of-service-offerings#new_tab' title='El aumento de las instalaciones portuarias permite ampliar la oferta de servicios'>El aumento de las instalaciones portuarias permite ampliar la oferta de servicios<\/a><\/h3>\n    \t<p>Oceaneering lleva 25 a\u00f1os trabajando desde Port Fourchon al servicio de los operadores del Golfo de M\u00e9xico. Desde sus instalaciones de 22 acres, la...<\/p>\n\t\t<a href=\"https:\/\/www.offshore-mag.com\/special-reports\/port-fourchon\/article\/14174789\/increased-port-facility-enables-greater-range-of-service-offerings#new_tab\">Seguir leyendo <\/a>\n\t\t\t<a href='http:\/\/digital.oceannews.com\/publication\/?i=595131&#038;ver=html5&#038;p=18#new_tab' title='Ocean Evolution eleva el nivel de los buques de apoyo a la construcci\u00f3n submarina'><img width=\"779\" height=\"992\" src=\"https:\/\/www.oceaneering.com\/wp-content\/uploads\/2023\/11\/ont-june-cover2019.jpg\" alt=\"\" itemprop=\"image\" decoding=\"async\" loading=\"lazy\" srcset=\"https:\/\/www.oceaneering.com\/wp-content\/uploads\/2023\/11\/ont-june-cover2019.jpg 779w, https:\/\/www.oceaneering.com\/wp-content\/uploads\/2023\/11\/ont-june-cover2019-236x300.jpg 236w, https:\/\/www.oceaneering.com\/wp-content\/uploads\/2023\/11\/ont-june-cover2019-768x978.jpg 768w, https:\/\/www.oceaneering.com\/wp-content\/uploads\/2023\/11\/ont-june-cover2019-9x12.jpg 9w\" sizes=\"auto, (max-width: 779px) 100vw, 779px\" title=\"ontjunecover2019 | Oceaneering\" \/><\/a>\n\t\t6\/21\/2019\n\t<h3><a href='http:\/\/digital.oceannews.com\/publication\/?i=595131&#038;ver=html5&#038;p=18#new_tab' title='Ocean Evolution eleva el nivel de los buques de apoyo a la construcci\u00f3n submarina'>Ocean Evolution eleva el nivel de los buques de apoyo a la construcci\u00f3n submarina<\/a><\/h3>\n    \t<p>Oceaneering International celebr\u00f3 en el muelle 21 de Galveston (Texas) la ceremonia de bautizo de su buque de apoyo avanzado a la construcci\u00f3n submarina, Ocean...<\/p>\n\t\t<a href=\"http:\/\/digital.oceannews.com\/publication\/?i=595131&#038;ver=html5&#038;p=18#new_tab\">Seguir leyendo <\/a>\n\t\t\t<a href='https:\/\/www.oceaneering.com\/es\/oceaneering-takes-delivery-of-the-ocean-evolution\/' title='Oceaneering recibe el Ocean Evolution'><img width=\"682\" height=\"1024\" src=\"https:\/\/www.oceaneering.com\/wp-content\/uploads\/2023\/11\/19CR011-682x1024.jpg\" alt=\"\" itemprop=\"image\" decoding=\"async\" loading=\"lazy\" srcset=\"https:\/\/www.oceaneering.com\/wp-content\/uploads\/2023\/11\/19CR011-682x1024.jpg 682w, https:\/\/www.oceaneering.com\/wp-content\/uploads\/2023\/11\/19CR011-200x300.jpg 200w, https:\/\/www.oceaneering.com\/wp-content\/uploads\/2023\/11\/19CR011-768x1152.jpg 768w, https:\/\/www.oceaneering.com\/wp-content\/uploads\/2023\/11\/19CR011-1024x1536.jpg 1024w, https:\/\/www.oceaneering.com\/wp-content\/uploads\/2023\/11\/19CR011-1365x2048.jpg 1365w, https:\/\/www.oceaneering.com\/wp-content\/uploads\/2023\/11\/19CR011-8x12.jpg 8w, https:\/\/www.oceaneering.com\/wp-content\/uploads\/2023\/11\/19CR011-scaled.jpg 1706w\" sizes=\"auto, (max-width: 682px) 100vw, 682px\" title=\"Ocean Evolution en los senderos del mar en 2018 | Oceaneering\" \/><\/a>\n\t\t4\/22\/2019\n\t<h3><a href='https:\/\/www.oceaneering.com\/es\/oceaneering-takes-delivery-of-the-ocean-evolution\/' title='Oceaneering recibe el Ocean Evolution'>Oceaneering recibe el Ocean Evolution<\/a><\/h3>\n    \t<p>HOUSTON, April 22, 2019 &#8211; Oceaneering International, Inc. (&#8220;Oceaneering&#8221;) is pleased to announce that the company has taken delivery of&#8230;<\/p>\n\t\t<a href=\"https:\/\/www.oceaneering.com\/es\/oceaneering-takes-delivery-of-the-ocean-evolution\/\">Seguir leyendo <\/a>\n\t\t<!-- .pp-content-posts -->\n<h1>\n\t\tContacte con nosotros\n\t<\/h1>\n<h2>\n\t\tNuestro equipo de expertos est\u00e1 listo para ayudarle a empezar.\n\t<\/h2>\n\t<p>Oceaneering ofrece los mejores productos y soluciones de su clase, respaldados por una calidad, fiabilidad y asistencia global inigualables. Rellene el formulario de consulta para iniciar una conversaci\u00f3n hoy mismo.<\/p>","protected":false},"excerpt":{"rendered":"<p>Discuss a Project Ocean Evolution Our US-flagged, industry-leading subsea construction vessel, MSV Ocean Evolution, offers a turnkey solution backed by a portfolio of advanced technologies ready to solve your most complex challenges. Watch the video Supports advanced life-of-field operations Ocean Evolution supports rapid response with the industry&#8217;s most ecologically friendly and capable Jones Act-compliant subsea &#8230; <a title=\"Evoluci\u00f3n oce\u00e1nica\" class=\"read-more\" href=\"https:\/\/www.oceaneering.com\/es\/subsea-projects\/vessel-fleet\/ocean-evolution\/\" aria-label=\"Leer m\u00e1s sobre Evoluci\u00f3n oce\u00e1nica\">Seguir leyendo<\/a><\/p>","protected":false},"author":19,"featured_media":0,"parent":59849,"menu_order":2,"comment_status":"closed","ping_status":"closed","template":"","meta":{"_acf_changed":false,"footnotes":"","_links_to":"","_links_to_target":""},"product_category":[1326],"search_tags":[1857,1327],"class_list":["post-59946","page","type-page","status-publish","product_category-vessels","search_tags-ocean-evolution","search_tags-vessels"],"acf":[],"aioseo_notices":[],"_links":{"self":[{"href":"https:\/\/www.oceaneering.com\/es\/wp-json\/wp\/v2\/pages\/59946","targetHints":{"allow":["GET"]}}],"collection":[{"href":"https:\/\/www.oceaneering.com\/es\/wp-json\/wp\/v2\/pages"}],"about":[{"href":"https:\/\/www.oceaneering.com\/es\/wp-json\/wp\/v2\/types\/page"}],"author":[{"embeddable":true,"href":"https:\/\/www.oceaneering.com\/es\/wp-json\/wp\/v2\/users\/19"}],"replies":[{"embeddable":true,"href":"https:\/\/www.oceaneering.com\/es\/wp-json\/wp\/v2\/comments?post=59946"}],"version-history":[{"count":2,"href":"https:\/\/www.oceaneering.com\/es\/wp-json\/wp\/v2\/pages\/59946\/revisions"}],"predecessor-version":[{"id":78008,"href":"https:\/\/www.oceaneering.com\/es\/wp-json\/wp\/v2\/pages\/59946\/revisions\/78008"}],"up":[{"embeddable":true,"href":"https:\/\/www.oceaneering.com\/es\/wp-json\/wp\/v2\/pages\/59849"}],"wp:attachment":[{"href":"https:\/\/www.oceaneering.com\/es\/wp-json\/wp\/v2\/media?parent=59946"}],"wp:term":[{"taxonomy":"product_category","embeddable":true,"href":"https:\/\/www.oceaneering.com\/es\/wp-json\/wp\/v2\/product_category?post=59946"},{"taxonomy":"search_tags","embeddable":true,"href":"https:\/\/www.oceaneering.com\/es\/wp-json\/wp\/v2\/search_tags?post=59946"}],"curies":[{"name":"wp","href":"https:\/\/api.w.org\/{rel}","templated":true}]}}