{"id":59849,"date":"2023-10-24T13:16:35","date_gmt":"2023-10-24T17:16:35","guid":{"rendered":"https:\/\/oceaneering.com\/?page_id=59849"},"modified":"2026-04-07T13:30:47","modified_gmt":"2026-04-07T18:30:47","slug":"vessel-fleet","status":"publish","type":"page","link":"https:\/\/www.oceaneering.com\/es\/subsea-projects\/vessel-fleet\/","title":{"rendered":"Soluciones integradas para buques"},"content":{"rendered":"<p><a href=\"https:\/\/www.oceaneering.com\/es\/subsea-tiebacks\/#contact\" target=\"_self\"> Debatir un proyecto <\/a><\/p>\r\n<h1>Soluciones integradas para buques<\/h1>\r\n<p>Suministramos una gama de buques totalmente integrados para satisfacer los requisitos de su proyecto.<\/p>\r\n<h2>Flexibilidad en cualquier parte del mundo<\/h2>\r\n<p>Nuestras soluciones integradas para buques, las primeras de su clase, combinan la gesti\u00f3n de proyectos y la experiencia en ingenier\u00eda con soluciones l\u00edderes en el sector, como nuestra avanzada clase de trabajo <a href=\"https:\/\/www.oceaneering.com\/es\/rov-services\/rov-systems\/\">Sistemas ROV<\/a>interna <a href=\"https:\/\/www.oceaneering.com\/es\/survey-and-mapping\/\">soluciones de encuesta y comunicaci\u00f3n<\/a>, <a href=\"https:\/\/www.oceaneering.com\/es\/intervention-tooling\/\">utillaje avanzado<\/a>y servicios a distancia que reducen los riesgos de salud, seguridad y medio ambiente y las emisiones de carbono.<\/p>\r\n<p><img loading=\"lazy\" decoding=\"async\" title=\"ROV-icono2-768x768\" src=\"https:\/\/www.oceaneering.com\/wp-content\/uploads\/2023\/10\/ROV-icon2-768x768-1.png\" alt=\"ROV-icon2-768x768\" width=\"768\" height=\"768\" \/><\/p>\r\n<h3>Sistemas de veh\u00edculos teledirigidos (ROV)<\/h3>\r\n<p><img loading=\"lazy\" decoding=\"async\" title=\"Fast-Track-icon-150x150\" src=\"https:\/\/www.oceaneering.com\/wp-content\/uploads\/2023\/10\/Fast-Track-icon-150x150-1.png\" alt=\"Fast-Track-icon-150x150\" width=\"150\" height=\"150\" \/><\/p>\r\n<h3>Gesti\u00f3n de proyectos<\/h3>\r\n<p><img loading=\"lazy\" decoding=\"async\" title=\"Industry-Leading-icon-768x768\" src=\"https:\/\/www.oceaneering.com\/wp-content\/uploads\/2023\/10\/Industry-Leading-icon-768x768-1.png\" alt=\"Industry-Leading-icon-768x768\" width=\"768\" height=\"768\" \/><\/p>\r\n<h3>Soluciones de ingenier\u00eda l\u00edderes del sector<\/h3>\r\n<p><img loading=\"lazy\" decoding=\"async\" title=\"Advanced-Tools-Tech-icon2-768x768\" src=\"https:\/\/www.oceaneering.com\/wp-content\/uploads\/2023\/10\/Advanced-Tools-Tech-icon2-768x768-1.png\" alt=\"Advanced-Tools-Tech-icon2-768x768\" width=\"768\" height=\"768\" \/><\/p>\r\n<h3>Herramientas y tecnolog\u00edas avanzadas<\/h3>\r\n<p><img loading=\"lazy\" decoding=\"async\" title=\"Advanced-Tools-Tech-icon-768x768\" src=\"https:\/\/www.oceaneering.com\/wp-content\/uploads\/2023\/10\/Advanced-Tools-Tech-icon-768x768-1.png\" alt=\"Advanced-Tools-Tech-icon-768x768\" width=\"768\" height=\"768\" \/><\/p>\r\n<h3>M\u00e1s de 50 a\u00f1os de experiencia en proyectos offshore<\/h3>\r\n<h2>Nuestra flota mundial de buques<\/h2>\r\n<p>We own, operate, and charter a global fleet of dynamically positioned multi-service vessels (MSVs) that are outfitted with state-of-the-art tooling, rigging, and crews that deliver the experience necessary for safe and efficient operations. We are able to quickly scale and use vessels of opportunity with strategic sub-contractors, as well as vet other third-party vessels in order to seamlessly mobilize for your project, to meet your requirements. All Vessels<\/p>\r\n<ul>\r\n<li tabindex=\"0\" data-filter=\"*\" aria-label=\"Todos los buques\">Todos los buques<\/li>\r\n<li tabindex=\"0\" data-filter=\".products_product_category-multi-service-vessels\" data-term=\"multi-service-vessels\" data-item-count=\"7\" aria-label=\"Buques multiservicio\">Buques multiservicio<\/li>\r\n<li tabindex=\"0\" data-filter=\".products_product_category-research-vessels\" data-term=\"research-vessels\" data-item-count=\"1\" aria-label=\"Buques de investigaci\u00f3n\">Buques de investigaci\u00f3n<\/li>\r\n<\/ul>\r\n<p><a href=\"https:\/\/www.oceaneering.com\/es\/subsea-projects\/vessel-fleet\/ocean-evolution\/\"><img loading=\"lazy\" decoding=\"async\" title=\"Oceanevolutionsectionimage | Oceaneering\" src=\"https:\/\/www.oceaneering.com\/wp-content\/uploads\/2023\/11\/Ocean-evolution-section-image-1024x508.jpeg\" sizes=\"auto, (max-width: 1024px) 100vw, 1024px\" srcset=\"https:\/\/www.oceaneering.com\/wp-content\/uploads\/2023\/11\/Ocean-evolution-section-image-1024x508.jpeg 1024w, https:\/\/www.oceaneering.com\/wp-content\/uploads\/2023\/11\/Ocean-evolution-section-image-300x149.jpeg 300w, https:\/\/www.oceaneering.com\/wp-content\/uploads\/2023\/11\/Ocean-evolution-section-image-768x381.jpeg 768w, https:\/\/www.oceaneering.com\/wp-content\/uploads\/2023\/11\/Ocean-evolution-section-image-1536x762.jpeg 1536w, https:\/\/www.oceaneering.com\/wp-content\/uploads\/2023\/11\/Ocean-evolution-section-image-18x9.jpeg 18w, https:\/\/www.oceaneering.com\/wp-content\/uploads\/2023\/11\/Ocean-evolution-section-image.jpeg 2000w\" alt=\"Ocean Evolution Multi Service Vessel MSV\" width=\"1024\" height=\"508\" \/><\/a><\/p>\r\n<h3><a href=\"https:\/\/www.oceaneering.com\/es\/subsea-projects\/vessel-fleet\/ocean-evolution\/\">Evoluci\u00f3n oce\u00e1nica<\/a><\/h3>\r\n<p>Desde la construcci\u00f3n hasta la intervenci\u00f3n, nuestro MSV de 353 pies con bandera estadounidense ofrece la velocidad y la capacidad que exigen sus proyectos en el buque m\u00e1s ecol\u00f3gico del sector. <a href=\"https:\/\/www.oceaneering.com\/es\/subsea-projects\/vessel-fleet\/ocean-evolution\/\">M\u00e1s informaci\u00f3n<\/a> <a href=\"https:\/\/www.oceaneering.com\/es\/products\/blue-sea-multi-service-vessel\/\"><img loading=\"lazy\" decoding=\"async\" title=\"Blue SeaNewlogoonlycopy | Oceaneering\" src=\"https:\/\/www.oceaneering.com\/wp-content\/uploads\/2023\/10\/Harvey-Blue-Sea_New_logo-only-copy-1024x576.webp\" sizes=\"auto, (max-width: 1024px) 100vw, 1024px\" srcset=\"https:\/\/www.oceaneering.com\/wp-content\/uploads\/2023\/10\/Harvey-Blue-Sea_New_logo-only-copy-1024x576.webp 1024w, https:\/\/www.oceaneering.com\/wp-content\/uploads\/2023\/10\/Harvey-Blue-Sea_New_logo-only-copy-300x169.webp 300w, https:\/\/www.oceaneering.com\/wp-content\/uploads\/2023\/10\/Harvey-Blue-Sea_New_logo-only-copy-768x432.webp 768w, https:\/\/www.oceaneering.com\/wp-content\/uploads\/2023\/10\/Harvey-Blue-Sea_New_logo-only-copy-1536x864.webp 1536w, https:\/\/www.oceaneering.com\/wp-content\/uploads\/2023\/10\/Harvey-Blue-Sea_New_logo-only-copy-18x10.webp 18w, https:\/\/www.oceaneering.com\/wp-content\/uploads\/2023\/10\/Harvey-Blue-Sea_New_logo-only-copy-1280x720.webp 1280w, https:\/\/www.oceaneering.com\/wp-content\/uploads\/2023\/10\/Harvey-Blue-Sea_New_logo-only-copy-960x540.webp 960w, https:\/\/www.oceaneering.com\/wp-content\/uploads\/2023\/10\/Harvey-Blue-Sea_New_logo-only-copy-640x360.webp 640w, https:\/\/www.oceaneering.com\/wp-content\/uploads\/2023\/10\/Harvey-Blue-Sea_New_logo-only-copy-320x180.webp 320w, https:\/\/www.oceaneering.com\/wp-content\/uploads\/2023\/10\/Harvey-Blue-Sea_New_logo-only-copy.webp 1920w\" alt=\"Blue Sea Multi Service Vessel MSV\" width=\"1024\" height=\"576\" \/><\/a><\/p>\r\n<h3><a href=\"https:\/\/www.oceaneering.com\/es\/products\/blue-sea-multi-service-vessel\/\">Mar azul<\/a><\/h3>\r\n<p>Este MSV de 340 pies de eslora y bandera estadounidense ofrece un servicio fiable en alta mar para operaciones submarinas cr\u00edticas. <a href=\"https:\/\/www.oceaneering.com\/es\/products\/blue-sea-multi-service-vessel\/\">M\u00e1s informaci\u00f3n<\/a> <a href=\"https:\/\/www.oceaneering.com\/es\/products\/normand-superior\/\"><img loading=\"lazy\" decoding=\"async\" title=\"NormandSuperiorstbsidewithOceaneeringlogoAproved | Oceaneering\" src=\"https:\/\/www.oceaneering.com\/wp-content\/uploads\/2025\/05\/Normand-Superior-stb-side-with-Oceaneering-logo-Approved-1024x576.jpg\" sizes=\"auto, (max-width: 1024px) 100vw, 1024px\" srcset=\"https:\/\/www.oceaneering.com\/wp-content\/uploads\/2025\/05\/Normand-Superior-stb-side-with-Oceaneering-logo-Approved-1024x576.jpg 1024w, https:\/\/www.oceaneering.com\/wp-content\/uploads\/2025\/05\/Normand-Superior-stb-side-with-Oceaneering-logo-Approved-300x169.jpg 300w, https:\/\/www.oceaneering.com\/wp-content\/uploads\/2025\/05\/Normand-Superior-stb-side-with-Oceaneering-logo-Approved-768x432.jpg 768w, https:\/\/www.oceaneering.com\/wp-content\/uploads\/2025\/05\/Normand-Superior-stb-side-with-Oceaneering-logo-Approved-1536x864.jpg 1536w, https:\/\/www.oceaneering.com\/wp-content\/uploads\/2025\/05\/Normand-Superior-stb-side-with-Oceaneering-logo-Approved-18x10.jpg 18w, https:\/\/www.oceaneering.com\/wp-content\/uploads\/2025\/05\/Normand-Superior-stb-side-with-Oceaneering-logo-Approved-1280x720.jpg 1280w, https:\/\/www.oceaneering.com\/wp-content\/uploads\/2025\/05\/Normand-Superior-stb-side-with-Oceaneering-logo-Approved-960x540.jpg 960w, https:\/\/www.oceaneering.com\/wp-content\/uploads\/2025\/05\/Normand-Superior-stb-side-with-Oceaneering-logo-Approved-640x360.jpg 640w, https:\/\/www.oceaneering.com\/wp-content\/uploads\/2025\/05\/Normand-Superior-stb-side-with-Oceaneering-logo-Approved-320x180.jpg 320w, https:\/\/www.oceaneering.com\/wp-content\/uploads\/2025\/05\/Normand-Superior-stb-side-with-Oceaneering-logo-Approved.jpg 1920w\" alt=\"Normand Superior Multi Service Vessel\" width=\"1024\" height=\"576\" \/><\/a><\/p>\r\n<h3><a href=\"https:\/\/www.oceaneering.com\/es\/products\/normand-superior\/\">Normand Superior<\/a><\/h3>\r\n<p>Realiza diversos proyectos en alta mar con un MSV DP2 de 322 pies y bandera noruega, equipado para intervenci\u00f3n en pozos, instalaciones submarinas y servicios de inspecci\u00f3n en el Mar del Norte, el Mar Mediterr\u00e1neo y \u00c1frica Occidental. <a href=\"https:\/\/www.oceaneering.com\/es\/products\/normand-superior\/\">M\u00e1s informaci\u00f3n<\/a> <a href=\"https:\/\/www.oceaneering.com\/es\/products\/deep-sea-multi-service-vessel\/\"><img loading=\"lazy\" decoding=\"async\" title=\"DEEPSEAlogoonlycopy | Oceaneering\" src=\"https:\/\/www.oceaneering.com\/wp-content\/uploads\/2024\/06\/DEEP-SEA-_logo-only-copy.webp\" sizes=\"auto, (max-width: 800px) 100vw, 800px\" srcset=\"https:\/\/www.oceaneering.com\/wp-content\/uploads\/2024\/06\/DEEP-SEA-_logo-only-copy.webp 800w, https:\/\/www.oceaneering.com\/wp-content\/uploads\/2024\/06\/DEEP-SEA-_logo-only-copy-300x215.webp 300w, https:\/\/www.oceaneering.com\/wp-content\/uploads\/2024\/06\/DEEP-SEA-_logo-only-copy-768x551.webp 768w, https:\/\/www.oceaneering.com\/wp-content\/uploads\/2024\/06\/DEEP-SEA-_logo-only-copy-18x12.webp 18w\" alt=\"Harvey Deep Sea Multi Service Vessel MSV\" width=\"800\" height=\"574\" \/><\/a><\/p>\r\n<h3><a href=\"https:\/\/www.oceaneering.com\/es\/products\/deep-sea-multi-service-vessel\/\">Mar profundo<\/a><\/h3>\r\n<p>Desde la estimulaci\u00f3n e intervenci\u00f3n de pozos hasta la instalaci\u00f3n de puentes, este buque de 302 pies de eslora y bandera estadounidense DP2 presta servicios submarinos fiables durante todo el ciclo de vida del proyecto. <a href=\"https:\/\/www.oceaneering.com\/es\/products\/deep-sea-multi-service-vessel\/\">M\u00e1s informaci\u00f3n<\/a> <a href=\"https:\/\/www.oceaneering.com\/es\/products\/intervention-multi-service-vessel\/\"><img loading=\"lazy\" decoding=\"async\" title=\"Intervenci\u00f3n Sin nombre | Oceaneering\" src=\"https:\/\/www.oceaneering.com\/wp-content\/uploads\/2024\/05\/Harvey-Intervention-No-name.jpg\" sizes=\"auto, (max-width: 1024px) 100vw, 1024px\" srcset=\"https:\/\/www.oceaneering.com\/wp-content\/uploads\/2024\/05\/Harvey-Intervention-No-name.jpg 1024w, https:\/\/www.oceaneering.com\/wp-content\/uploads\/2024\/05\/Harvey-Intervention-No-name-300x139.jpg 300w, https:\/\/www.oceaneering.com\/wp-content\/uploads\/2024\/05\/Harvey-Intervention-No-name-768x356.jpg 768w, https:\/\/www.oceaneering.com\/wp-content\/uploads\/2024\/05\/Harvey-Intervention-No-name-18x8.jpg 18w\" alt=\"Intervention Multi Service Vessel MSV\" width=\"1024\" height=\"474\" \/><\/a><\/p>\r\n<h3><a href=\"https:\/\/www.oceaneering.com\/es\/products\/intervention-multi-service-vessel\/\">Intervenci\u00f3n<\/a><\/h3>\r\n<p>Ofrece capacidades submarinas de amplio espectro con un buque de servicio mar\u00edtimo (MSV) de 300 pies, con bandera estadounidense, construido espec\u00edficamente para operaciones de intervenci\u00f3n e instalaci\u00f3n en el Golfo. <a href=\"https:\/\/www.oceaneering.com\/es\/products\/intervention-multi-service-vessel\/\">M\u00e1s informaci\u00f3n<\/a> <a href=\"https:\/\/www.oceaneering.com\/es\/products\/brandon-bordelon\/\"><img loading=\"lazy\" decoding=\"async\" title=\"BrandonBoredonSM700x394panorama | Oceaneering\" src=\"https:\/\/www.oceaneering.com\/wp-content\/uploads\/2023\/10\/Brandon-Boredon-SM-700x394-panorama.jpg\" sizes=\"auto, (max-width: 700px) 100vw, 700px\" srcset=\"https:\/\/www.oceaneering.com\/wp-content\/uploads\/2023\/10\/Brandon-Boredon-SM-700x394-panorama.jpg 700w, https:\/\/www.oceaneering.com\/wp-content\/uploads\/2023\/10\/Brandon-Boredon-SM-700x394-panorama-300x150.jpg 300w, https:\/\/www.oceaneering.com\/wp-content\/uploads\/2023\/10\/Brandon-Boredon-SM-700x394-panorama-18x9.jpg 18w\" alt=\"Brandon Bordelon Multi Service Vessel MSV\" width=\"700\" height=\"350\" \/><\/a><\/p>\r\n<h3><a href=\"https:\/\/www.oceaneering.com\/es\/products\/brandon-bordelon\/\">Brandon Bordelon<\/a><\/h3>\r\n<p>Realiza trabajos submarinos complejos con un MSV de 257 pies y bandera estadounidense construido para IMR, bombeo submarino e instalaci\u00f3n previa y posterior al tendido. <a href=\"https:\/\/www.oceaneering.com\/es\/products\/brandon-bordelon\/\">M\u00e1s informaci\u00f3n<\/a> <a href=\"https:\/\/www.oceaneering.com\/es\/products\/ocean-intervention-2\/\"><img loading=\"lazy\" decoding=\"async\" title=\"OceanInterventionII | Oceaneering\" src=\"https:\/\/www.oceaneering.com\/wp-content\/uploads\/2024\/11\/Ocean-Intervention-II-1024x476.jpg\" sizes=\"auto, (max-width: 1024px) 100vw, 1024px\" srcset=\"https:\/\/www.oceaneering.com\/wp-content\/uploads\/2024\/11\/Ocean-Intervention-II-1024x476.jpg 1024w, https:\/\/www.oceaneering.com\/wp-content\/uploads\/2024\/11\/Ocean-Intervention-II-300x139.jpg 300w, https:\/\/www.oceaneering.com\/wp-content\/uploads\/2024\/11\/Ocean-Intervention-II-768x357.jpg 768w, https:\/\/www.oceaneering.com\/wp-content\/uploads\/2024\/11\/Ocean-Intervention-II-18x8.jpg 18w, https:\/\/www.oceaneering.com\/wp-content\/uploads\/2024\/11\/Ocean-Intervention-II.jpg 1501w\" alt=\"Ocean Intervention II a Research Vessel\" width=\"1024\" height=\"476\" \/><\/a><\/p>\r\n<h3><a href=\"https:\/\/www.oceaneering.com\/es\/products\/ocean-intervention-2\/\">Intervenci\u00f3n oce\u00e1nica II<\/a><\/h3>\r\n<p>Permite la adquisici\u00f3n de datos mar\u00edtimos de alta calidad con un buque DP2 de 77 metros construido para trabajos geof\u00edsicos y de prospecci\u00f3n. <a href=\"https:\/\/www.oceaneering.com\/es\/products\/ocean-intervention-2\/\">M\u00e1s informaci\u00f3n<\/a> <a href=\"https:\/\/www.oceaneering.com\/es\/products\/ocean-intervention\/\"><img loading=\"lazy\" decoding=\"async\" title=\"01bw75 | Oceaneering\" src=\"https:\/\/www.oceaneering.com\/wp-content\/uploads\/2025\/06\/01bw75-1024x670.jpg\" sizes=\"auto, (max-width: 1024px) 100vw, 1024px\" srcset=\"https:\/\/www.oceaneering.com\/wp-content\/uploads\/2025\/06\/01bw75-1024x670.jpg 1024w, https:\/\/www.oceaneering.com\/wp-content\/uploads\/2025\/06\/01bw75-300x196.jpg 300w, https:\/\/www.oceaneering.com\/wp-content\/uploads\/2025\/06\/01bw75-768x502.jpg 768w, https:\/\/www.oceaneering.com\/wp-content\/uploads\/2025\/06\/01bw75-1536x1005.jpg 1536w, https:\/\/www.oceaneering.com\/wp-content\/uploads\/2025\/06\/01bw75-2048x1340.jpg 2048w, https:\/\/www.oceaneering.com\/wp-content\/uploads\/2025\/06\/01bw75-18x12.jpg 18w\" alt=\"Ocean Intervention a Multi Service Vessel MSV\" width=\"1024\" height=\"670\" \/><\/a><\/p>\r\n<h3><a href=\"https:\/\/www.oceaneering.com\/es\/products\/ocean-intervention\/\">Intervenci\u00f3n oce\u00e1nica<\/a><\/h3>\r\n<p>Desde la instalaci\u00f3n de l\u00edneas de flujo hasta la eliminaci\u00f3n de hidratos, este MSV DP2 de 243 pies y bandera estadounidense ofrece un apoyo fiable y vers\u00e1til para los proyectos submarinos m\u00e1s exigentes.<a href=\"https:\/\/www.oceaneering.com\/es\/products\/ocean-intervention\/\">M\u00e1s informaci\u00f3n<\/a><\/p>\r\n<!-- .pp-content-posts -->\r\n<h2>Evoluci\u00f3n oce\u00e1nica<\/h2>\r\n<h3>Dise\u00f1ado para responder a las exigencias del ma\u00f1ana<\/h3>\r\n<p>Ocean Evolution ofrece una soluci\u00f3n llave en mano mediante la combinaci\u00f3n de un MSV l\u00edder en la industria equipado con una cartera completa de tecnolog\u00edas avanzadas para resolver sus complejos desaf\u00edos. Ocean Evolution respalda la respuesta r\u00e1pida con el buque de construcci\u00f3n submarina con bandera estadounidense m\u00e1s ecol\u00f3gico y capaz del sector disponible en el Golfo de M\u00e9xico.<\/p>\r\n<p><a href=\"https:\/\/www.oceaneering.com\/es\/subsea-projects\/ocean-evolution\/\" target=\"_self\"> M\u00e1s informaci\u00f3n <\/a><\/p>\r\n<h2>Nuestra flota y nuestras operaciones se benefician de una cartera de equipos de instalaci\u00f3n modulares y desplegables en todo el mundo.<\/h2>\r\n<h3>Sistema de tendido de carretes para tuber\u00edas<\/h3>\r\n<hr \/>\r\n<p>&nbsp;<\/p>\r\n<p>M\u00e1s informaci\u00f3n<\/p>\r\n<h3>Sistema de tendido de carretes para tuber\u00edas<\/h3>\r\n<hr \/>\r\n<ul>\r\n<li>Puede alojar l\u00edneas de flujo de hasta 4 pulgadas<\/li>\r\n<li>Incluye un carrete de instalaci\u00f3n, rodillos y alisador<\/li>\r\n<li>La configuraci\u00f3n permite grandes variaciones en el \u00e1ngulo de inclinaci\u00f3n<\/li>\r\n<\/ul>\r\n<h3>Carrusel<\/h3>\r\n<hr \/>\r\n<p>&nbsp;<\/p>\r\n<p>M\u00e1s informaci\u00f3n<\/p>\r\n<h3>Carrusel<\/h3>\r\n<hr \/>\r\n<ul>\r\n<li>Puede colocar o recuperar 10.000 libras de tensi\u00f3n (usando oruga)<\/li>\r\n<li>Admite la recuperaci\u00f3n de longitudes cortas<\/li>\r\n<li>Puede incorporarse con un carrete de tendido convencional<\/li>\r\n<li>El sistema incluye dos grupos electr\u00f3genos para el funcionamiento aut\u00f3nomo del carrusel y la oruga, un panel de control desmontable y energ\u00eda de reserva.<\/li>\r\n<\/ul>\r\n<h3>Bajo rodillo<\/h3>\r\n<hr \/>\r\n<p>&nbsp;<\/p>\r\n<p>M\u00e1s informaci\u00f3n<\/p>\r\n<h3>Bajo rodillo<\/h3>\r\n<hr \/>\r\n<ul>\r\n<li>Sistema de rodillo inferior de 100 toneladas configurado para aplicar el par de accionamiento a cuatro rodillos montados en la base con accionamiento independiente.<\/li>\r\n<li>Incluye cilindros hidr\u00e1ulicos integrados<\/li>\r\n<li>Puede montarse alrededor de una bobina y utiliza el sistema de elevaci\u00f3n integral, lo que elimina la necesidad de gr\u00faas de elevaci\u00f3n pesadas<\/li>\r\n<\/ul>\r\n<h3>Accionamientos de bobinas<\/h3>\r\n<hr \/>\r\n<p>&nbsp;<\/p>\r\n<p>M\u00e1s informaci\u00f3n<\/p>\r\n<h3>Accionamientos de bobinas<\/h3>\r\n<hr \/>\r\n<ul>\r\n<li>Accionamiento de carrete motorizado dise\u00f1ado con un carrete integrado<\/li>\r\n<li>Incluye la zona enrollable y los tabiques, seg\u00fan sea necesario<\/li>\r\n<li>Dise\u00f1o compacto con unidad de potencia hidr\u00e1ulica (HPU) integrada<\/li>\r\n<li>El sistema requiere 220 V, agua de refrigeraci\u00f3n y suministro de aire a 90 psi<\/li>\r\n<\/ul>\r\n<p>Contacte con nosotros<\/p>\r\n<h2>Nuestro equipo de expertos est\u00e1 listo para ayudarle a empezar.<\/h2>\r\n<p>Oceaneering ofrece los mejores productos y soluciones de su clase, respaldados por una calidad, fiabilidad y asistencia global inigualables. Rellene el formulario de consulta para iniciar una conversaci\u00f3n hoy mismo.<\/p>","protected":false},"excerpt":{"rendered":"<p>Discutir un proyecto Soluciones de buques integrados Ofrecemos una gama de buques totalmente integrados para satisfacer los requisitos de su proyecto. Flexibilidad en cualquier parte del mundo Nuestras soluciones integradas para buques, las primeras de su clase, combinan la gesti\u00f3n de proyectos y la experiencia en ingenier\u00eda con soluciones l\u00edderes en el sector, como nuestros avanzados sistemas ROV de clase de trabajo, soluciones internas de inspecci\u00f3n y comunicaci\u00f3n, utillaje avanzado, ... <a title=\"Soluciones integradas para buques\" class=\"read-more\" href=\"https:\/\/www.oceaneering.com\/es\/subsea-projects\/vessel-fleet\/\" aria-label=\"Leer m\u00e1s sobre Soluciones integradas para buques\">Seguir leyendo<\/a><\/p>","protected":false},"author":19,"featured_media":0,"parent":59840,"menu_order":2,"comment_status":"closed","ping_status":"closed","template":"","meta":{"_acf_changed":false,"footnotes":"","_links_to":"","_links_to_target":""},"product_category":[1326],"search_tags":[1327],"class_list":["post-59849","page","type-page","status-publish","product_category-vessels","search_tags-vessels"],"acf":[],"aioseo_notices":[],"_links":{"self":[{"href":"https:\/\/www.oceaneering.com\/es\/wp-json\/wp\/v2\/pages\/59849","targetHints":{"allow":["GET"]}}],"collection":[{"href":"https:\/\/www.oceaneering.com\/es\/wp-json\/wp\/v2\/pages"}],"about":[{"href":"https:\/\/www.oceaneering.com\/es\/wp-json\/wp\/v2\/types\/page"}],"author":[{"embeddable":true,"href":"https:\/\/www.oceaneering.com\/es\/wp-json\/wp\/v2\/users\/19"}],"replies":[{"embeddable":true,"href":"https:\/\/www.oceaneering.com\/es\/wp-json\/wp\/v2\/comments?post=59849"}],"version-history":[{"count":2,"href":"https:\/\/www.oceaneering.com\/es\/wp-json\/wp\/v2\/pages\/59849\/revisions"}],"predecessor-version":[{"id":81926,"href":"https:\/\/www.oceaneering.com\/es\/wp-json\/wp\/v2\/pages\/59849\/revisions\/81926"}],"up":[{"embeddable":true,"href":"https:\/\/www.oceaneering.com\/es\/wp-json\/wp\/v2\/pages\/59840"}],"wp:attachment":[{"href":"https:\/\/www.oceaneering.com\/es\/wp-json\/wp\/v2\/media?parent=59849"}],"wp:term":[{"taxonomy":"product_category","embeddable":true,"href":"https:\/\/www.oceaneering.com\/es\/wp-json\/wp\/v2\/product_category?post=59849"},{"taxonomy":"search_tags","embeddable":true,"href":"https:\/\/www.oceaneering.com\/es\/wp-json\/wp\/v2\/search_tags?post=59849"}],"curies":[{"name":"wp","href":"https:\/\/api.w.org\/{rel}","templated":true}]}}