{"id":59820,"date":"2023-10-20T11:47:31","date_gmt":"2023-10-20T15:47:31","guid":{"rendered":"https:\/\/oceaneering.com\/?page_id=59820"},"modified":"2025-07-16T00:45:55","modified_gmt":"2025-07-16T05:45:55","slug":"inspection","status":"publish","type":"page","link":"https:\/\/www.oceaneering.com\/es\/asset-integrity-management\/inspection\/","title":{"rendered":"Inspecci\u00f3n"},"content":{"rendered":"<a href=\"\/es\/asset-integrity\/#contact\" target=\"_self\">\n\t\t\t\t\t\t\tDebatir un proyecto\n\t\t\t\t\t<\/a>\n<h1>\n\t\tInspecci\u00f3n\n\t<\/h1>\n\t<p>Con m\u00e1s de 50 a\u00f1os de experiencia en la inspecci\u00f3n de infraestructuras cr\u00edticas, ofrecemos soluciones optimizadas y adaptadas a cada proyecto que cumplen los criterios de inspecci\u00f3n y garantizan que sus activos est\u00e9n en condiciones de servicio.<\/p>\n<h2>\n\t\tEND convencionales\n\t<\/h2>\n\t<p>Prevenir el fracaso identificando y evaluando los fallos<\/p>\n<p>Los ensayos no destructivos (END) convencionales han sido durante mucho tiempo el punto de partida para establecer o evaluar la aptitud para el servicio de un activo. Desde la construcci\u00f3n hasta el desmantelamiento, los ensayos no destructivos pueden utilizarse para detectar anomal\u00edas y defectos, algunos de los cuales pueden requerir una inspecci\u00f3n m\u00e1s especializada o una reparaci\u00f3n.<\/p>\n<p>Ofrecemos una cartera de soluciones de END convencionales adaptadas a diversas necesidades.<\/p>\n\t\t\t<a href=\"https:\/\/www.oceaneering.com\/es\/asset-integrity-management\/inspection\/conventional-ndt\/\" target=\"_self\">\n\t\t\t\t\t\t\tM\u00e1s informaci\u00f3n\n\t\t\t<\/a>\n<h2>\n\t\tEND avanzados: servicios de inspecci\u00f3n especializados\n\t<\/h2>\n\t<p>Los problemas complejos exigen soluciones especializadas<\/p>\n<p>En las dos \u00faltimas d\u00e9cadas, el enfoque de los END ha avanzado para abordar nuevos problemas. Tambi\u00e9n lo han hecho nuestros servicios. Ofrecemos una amplia gama de soluciones de inspecci\u00f3n especializadas para aplicaciones que van desde la detecci\u00f3n de defectos complejos que surgen durante la fabricaci\u00f3n y la construcci\u00f3n hasta problemas de integridad inducidos por procesos en activos upstream, midstream y downstream.<\/p>\n\t\t\t<a href=\"https:\/\/www.oceaneering.com\/es\/asset-integrity-management\/inspection\/advanced-ndt\/\" target=\"_self\">\n\t\t\t\t\t\t\tM\u00e1s informaci\u00f3n\n\t\t\t<\/a>\n<h2>\n\t\tInspecci\u00f3n submarina\n\t<\/h2>\n\t<p>Soluciones integradas para sus equipos submarinos<\/p>\n<p>Ofrecemos un enfoque integrado y recurrimos a nuestra amplia cartera de productos y servicios para satisfacer sus necesidades de inspecci\u00f3n submarina.<\/p>\n<p>Desde veh\u00edculos operados por control remoto (ROV) y embarcaciones hasta buzos y herramientas de inspecci\u00f3n submarina, disponemos de la cartera y la experiencia necesarias para ofrecer soluciones rentables y optimizadas de inspecci\u00f3n submarina y gesti\u00f3n de la integridad.<\/p>\n\t\t\t<a href=\"https:\/\/www.oceaneering.com\/es\/asset-integrity-management\/inspection\/subsea-inspection\/\" target=\"_self\">\n\t\t\t\t\t\t\tM\u00e1s informaci\u00f3n\n\t\t\t<\/a>\n<h2>\n\t\tEND en la construcci\u00f3n de tuber\u00edas\n\t<\/h2>\n\t<p>Apoyo a sus actividades de construcci\u00f3n y colocaci\u00f3n de tuber\u00edas<\/p>\n<p>Nuestro historial nos sit\u00faa a la vanguardia de la tecnolog\u00eda de END de tuber\u00edas, ya que cumplimos sus requisitos de inspecci\u00f3n dentro de los exigentes ciclos de construcci\u00f3n. Desplegamos una variedad de herramientas radiogr\u00e1ficas y ultras\u00f3nicas para capturar los datos que necesita para confirmar el cumplimiento de las normas de construcci\u00f3n de tuber\u00edas.<\/p>\n<p>Proporcionamos detecci\u00f3n y caracterizaci\u00f3n eficaces y fiables de defectos durante la construcci\u00f3n. Nuestros sistemas est\u00e1n cualificados de forma independiente por DNV-GL y verificados por programas de validaci\u00f3n de clientes.<\/p>\n<h4>\n\t\tRadiograf\u00eda\n\t<\/h4>\n\t<p>Nuestra gama de orugas de tracci\u00f3n de dos y cuatro ruedas utiliza rayos X o radiaci\u00f3n gamma y es capaz de operar en tuber\u00edas con di\u00e1metros de 3 a 72 pulgadas.<\/p>\n<h4>\n\t\tPruebas ultras\u00f3nicas automatizadas (AUT)\n\t<\/h4>\n\t<p>Durante m\u00e1s de una d\u00e9cada, nuestras tecnolog\u00edas AUT se han utilizado en todo el mundo para inspeccionar tuber\u00edas de di\u00e1metros comprendidos entre 4 y 48 pulgadas.<\/p>\n<h2>\n\t\tServicios de inspecci\u00f3n de proveedores\n\t<\/h2>\n\t<p>Garantizar la calidad y la puntualidad de las entregas<\/p>\n<p>Nuestros servicios de inspecci\u00f3n de proveedores nos posicionan como la interfaz clave para verificar que los requisitos que usted ha establecido y las normas de calidad que espera se satisfacen plenamente antes de enviar un producto. Nuestros equipos altamente cualificados ofrecen servicios integrales para satisfacer sus diversas necesidades, desde auditor\u00edas de proveedores hasta inspecciones de env\u00edos.  <\/p>\n\t\t\t<a href=\"https:\/\/www.oceaneering.com\/es\/asset-integrity-management\/inspection\/vendor-inspection\/\" target=\"_self\">\n\t\t\t\t\t\t\tM\u00e1s informaci\u00f3n\n\t\t\t<\/a>\n<h2>\n\t\tPruebas y cualificaci\u00f3n de gr\u00faas y equipos de elevaci\u00f3n\n\t<\/h2>\n\tServicios integrales para equipos cr\u00edticos\n\n<p>Ofrecemos amplios servicios de inspecci\u00f3n, verificaci\u00f3n por terceros y certificaci\u00f3n de gr\u00faas y equipos de elevaci\u00f3n. Nuestra oferta incluye consultor\u00eda, dise\u00f1o y fabricaci\u00f3n de gr\u00faas y equipos de elevaci\u00f3n especialmente dise\u00f1ados. Tambi\u00e9n realizamos evaluaciones de conformidad, an\u00e1lisis de riesgos y an\u00e1lisis de modos de fallo, efectos y criticidad (FMECA).<\/p>\n\t\t\t<a href=\"https:\/\/www.oceaneering.com\/es\/asset-integrity-management\/inspection\/crane-lifting\/\" target=\"_self\">\n\t\t\t\t\t\t\tM\u00e1s informaci\u00f3n\n\t\t\t<\/a>\n<h1>\n\t\tContacte con nosotros\n\t<\/h1>\n<h2>\n\t\tNuestro equipo de expertos est\u00e1 listo para ayudarle a empezar.\n\t<\/h2>\n\t<p>Oceaneering ofrece los mejores productos y soluciones de su clase, respaldados por una calidad, fiabilidad y asistencia global inigualables. Rellene el formulario de consulta para iniciar una conversaci\u00f3n hoy mismo.<\/p>","protected":false},"excerpt":{"rendered":"<p>Optimice la inspecci\u00f3n rutinaria y ad hoc de sus infraestructuras cr\u00edticas con soluciones adecuadas a cada proyecto que garanticen que sus activos est\u00e1n en condiciones de servicio. <\/p>","protected":false},"author":19,"featured_media":67357,"parent":59710,"menu_order":2,"comment_status":"closed","ping_status":"closed","template":"","meta":{"_acf_changed":false,"footnotes":"","_links_to":"","_links_to_target":""},"product_category":[1205,1206],"search_tags":[1800,1367],"class_list":["post-59820","page","type-page","status-publish","has-post-thumbnail","product_category-asset-integrity-management","product_category-in-service-inspection","search_tags-asset-integrity","search_tags-inspection"],"acf":[],"aioseo_notices":[],"_links":{"self":[{"href":"https:\/\/www.oceaneering.com\/es\/wp-json\/wp\/v2\/pages\/59820","targetHints":{"allow":["GET"]}}],"collection":[{"href":"https:\/\/www.oceaneering.com\/es\/wp-json\/wp\/v2\/pages"}],"about":[{"href":"https:\/\/www.oceaneering.com\/es\/wp-json\/wp\/v2\/types\/page"}],"author":[{"embeddable":true,"href":"https:\/\/www.oceaneering.com\/es\/wp-json\/wp\/v2\/users\/19"}],"replies":[{"embeddable":true,"href":"https:\/\/www.oceaneering.com\/es\/wp-json\/wp\/v2\/comments?post=59820"}],"version-history":[{"count":1,"href":"https:\/\/www.oceaneering.com\/es\/wp-json\/wp\/v2\/pages\/59820\/revisions"}],"predecessor-version":[{"id":81578,"href":"https:\/\/www.oceaneering.com\/es\/wp-json\/wp\/v2\/pages\/59820\/revisions\/81578"}],"up":[{"embeddable":true,"href":"https:\/\/www.oceaneering.com\/es\/wp-json\/wp\/v2\/pages\/59710"}],"wp:featuredmedia":[{"embeddable":true,"href":"https:\/\/www.oceaneering.com\/es\/wp-json\/wp\/v2\/media\/67357"}],"wp:attachment":[{"href":"https:\/\/www.oceaneering.com\/es\/wp-json\/wp\/v2\/media?parent=59820"}],"wp:term":[{"taxonomy":"product_category","embeddable":true,"href":"https:\/\/www.oceaneering.com\/es\/wp-json\/wp\/v2\/product_category?post=59820"},{"taxonomy":"search_tags","embeddable":true,"href":"https:\/\/www.oceaneering.com\/es\/wp-json\/wp\/v2\/search_tags?post=59820"}],"curies":[{"name":"wp","href":"https:\/\/api.w.org\/{rel}","templated":true}]}}