{"id":59807,"date":"2023-10-19T22:38:10","date_gmt":"2023-10-20T02:38:10","guid":{"rendered":"https:\/\/oceaneering.com\/?page_id=59807"},"modified":"2025-06-24T01:23:09","modified_gmt":"2025-06-24T06:23:09","slug":"offshore-structural-inspection","status":"publish","type":"page","link":"https:\/\/www.oceaneering.com\/es\/asset-integrity-management\/inspection\/offshore-structural-inspection\/","title":{"rendered":"Inspecci\u00f3n estructural en alta mar"},"content":{"rendered":"<p><a href=\"\/es\/asset-integrity\/#contact\" target=\"_self\" rel=\"noopener\"> Debatir un proyecto <\/a><\/p>\r\n<h1>Inspecci\u00f3n estructural en alta mar<\/h1>\r\n<p>Inspecciones estructurales reglamentarias de plataformas marinas.<\/p>\r\n<p>Como socio de confianza para la gesti\u00f3n de la integridad, Oceaneering aprovecha sus m\u00e1s de 50 a\u00f1os de experiencia en el sector para garantizar que sus inspecciones estructurales cumplen la normativa gubernamental, incluida la Oficina de Seguridad y Cumplimiento Ambiental (BSEE) y la Guardia Costera de EE. UU.<\/p>\r\n<p><img decoding=\"async\" title=\"Aterrizaje de helic\u00f3pteros\" src=\"https:\/\/oceaneering.com\/wp-content\/uploads\/2023\/12\/Helicopter-landing.jpg\" alt=\"Helicopter-landing\" \/><\/p>\r\n<h2>Mantener el cumplimiento<\/h2>\r\n<p>Ofrecemos programas integrales y rentables de inspecci\u00f3n y cumplimiento de la normativa para garantizar que sus activos en alta mar sigan funcionando a niveles \u00f3ptimos y seguros, en l\u00ednea con sus objetivos comerciales y operativos.<\/p>\r\n<p>En todas las zonas del Golfo de M\u00e9xico ofrecemos inspecciones API RP 2A de nivel 1 e informes de la Oficina de Apoyo Estructural y T\u00e9cnico (OSTS) para ayudarle a seguir operando bajo todas las condiciones legislativas. Ofrecemos ensayos no destructivos (END), acceso mediante cuerdas y gesti\u00f3n de espacios confinados para apoyar las inspecciones de la parte superior, el casco y la zona de salpicaduras.<\/p>\r\n<h3>Oceaneering tambi\u00e9n ofrece un servicio completo de inspecci\u00f3n submarina que incluye la captura de datos y la elaboraci\u00f3n de informes.<\/h3>\r\n<ul>\r\n<li>Inspecciones API RP 2A de nivel 1,2,3,4<\/li>\r\n<li>Informes de cumplimiento OSTS del BSEE<\/li>\r\n<li>Programa de inspecci\u00f3n en servicio de plataformas flotantes y fijas (ISIP)<\/li>\r\n<li>Gesti\u00f3n de la integridad estructural<\/li>\r\n<li>Entrada, asistencia y rescate en espacios confinados<\/li>\r\n<li>Servicios de acceso mediante cuerdas<\/li>\r\n<li>Inspecci\u00f3n subacu\u00e1tica en lugar de dique seco (UWILD)<\/li>\r\n<li>END convencionales y avanzados<\/li>\r\n<\/ul>\r\n<h3>Servicios adicionales<\/h3>\r\n<ul>\r\n<li>Inspecci\u00f3n cr\u00edtica de soldaduras y calibrado de cascos ISIP<\/li>\r\n<li>Inspecci\u00f3n y certificaci\u00f3n de gr\u00faas y equipos de elevaci\u00f3n<\/li>\r\n<li>Inspecciones de medici\u00f3n de campos por corriente alterna (ACFM)<\/li>\r\n<li>Estudios de protecci\u00f3n cat\u00f3dica<\/li>\r\n<li>Inspecci\u00f3n con veh\u00edculos a\u00e9reos no tripulados (UAV) para inspecciones bajo cubierta o en torres de antorchas<\/li>\r\n<li>Recubrimientos, protecci\u00f3n pasiva contra incendios (PFP) y estudios de aislamiento<\/li>\r\n<\/ul>\r\n<h1>Contacte con nosotros<\/h1>\r\n<h2>Nuestro equipo de expertos est\u00e1 listo para ayudarle a empezar.<\/h2>\r\n<p>Oceaneering ofrece los mejores productos y soluciones de su clase, respaldados por una calidad, fiabilidad y asistencia global inigualables. Rellene el formulario de consulta para iniciar una conversaci\u00f3n hoy mismo.<\/p>","protected":false},"excerpt":{"rendered":"<p>Discuss a Project Offshore Structural Inspection Regulatory-compliant structural inspections for offshore platforms. As your trusted integrity management partner, Oceaneering leverages over 50 years of industry experience to ensure your structural inspections comply with governmental regulations, including Bureau of Safety and Environmental Enforcement (BSEE) and U.S. Coast Guard. Maintain Compliance We deliver holistic and cost effective &#8230; <a title=\"Inspecci\u00f3n estructural en alta mar\" class=\"read-more\" href=\"https:\/\/www.oceaneering.com\/es\/asset-integrity-management\/inspection\/offshore-structural-inspection\/\" aria-label=\"Leer m\u00e1s sobre Inspecci\u00f3n estructural en alta mar\">Seguir leyendo<\/a><\/p>","protected":false},"author":19,"featured_media":0,"parent":59820,"menu_order":2,"comment_status":"closed","ping_status":"closed","template":"","meta":{"_acf_changed":false,"footnotes":"","_links_to":"","_links_to_target":""},"product_category":[1205,1372],"search_tags":[1800,1367],"class_list":["post-59807","page","type-page","status-publish","product_category-asset-integrity-management","product_category-inspection-management","search_tags-asset-integrity","search_tags-inspection"],"acf":[],"aioseo_notices":[],"_links":{"self":[{"href":"https:\/\/www.oceaneering.com\/es\/wp-json\/wp\/v2\/pages\/59807","targetHints":{"allow":["GET"]}}],"collection":[{"href":"https:\/\/www.oceaneering.com\/es\/wp-json\/wp\/v2\/pages"}],"about":[{"href":"https:\/\/www.oceaneering.com\/es\/wp-json\/wp\/v2\/types\/page"}],"author":[{"embeddable":true,"href":"https:\/\/www.oceaneering.com\/es\/wp-json\/wp\/v2\/users\/19"}],"replies":[{"embeddable":true,"href":"https:\/\/www.oceaneering.com\/es\/wp-json\/wp\/v2\/comments?post=59807"}],"version-history":[{"count":0,"href":"https:\/\/www.oceaneering.com\/es\/wp-json\/wp\/v2\/pages\/59807\/revisions"}],"up":[{"embeddable":true,"href":"https:\/\/www.oceaneering.com\/es\/wp-json\/wp\/v2\/pages\/59820"}],"wp:attachment":[{"href":"https:\/\/www.oceaneering.com\/es\/wp-json\/wp\/v2\/media?parent=59807"}],"wp:term":[{"taxonomy":"product_category","embeddable":true,"href":"https:\/\/www.oceaneering.com\/es\/wp-json\/wp\/v2\/product_category?post=59807"},{"taxonomy":"search_tags","embeddable":true,"href":"https:\/\/www.oceaneering.com\/es\/wp-json\/wp\/v2\/search_tags?post=59807"}],"curies":[{"name":"wp","href":"https:\/\/api.w.org\/{rel}","templated":true}]}}