{"id":59772,"date":"2023-10-18T20:11:18","date_gmt":"2023-10-19T00:11:18","guid":{"rendered":"https:\/\/oceaneering.com\/?page_id=59772"},"modified":"2026-03-02T08:07:59","modified_gmt":"2026-03-02T14:07:59","slug":"maintenance-and-reliability","status":"publish","type":"page","link":"https:\/\/www.oceaneering.com\/es\/maintenance-and-reliability\/","title":{"rendered":"Mantenimiento y fiabilidad"},"content":{"rendered":"<p><a href=\"https:\/\/www.oceaneering.com\/es\/maintenance-and-reliability\/#contact\" target=\"_self\"> Contacte con nosotros <\/a> Gesti\u00f3n de activos<\/p>\r\n<h1>Soluciones de mantenimiento y fiabilidad<\/h1>\r\n<p>Aumente el tiempo de actividad operativa y el rendimiento de los activos en toda su infraestructura f\u00edsica, sin dejar de mantener la seguridad y la conformidad.<\/p>\r\n<h2>Equilibrio entre coste, riesgo y rendimiento<\/h2>\r\n<p>Nuestras soluciones aprovechan la experiencia en ingenier\u00eda, los datos y las herramientas de software para optimizar la gesti\u00f3n de sus activos. Nos aseguramos de que saque el m\u00e1ximo partido a sus presupuestos de CAPEX y OPEX sin comprometer la seguridad, el cumplimiento de la normativa o la productividad. Le ayudamos a mejorar el rendimiento de sus activos integrando a nuestros ingenieros en sus operaciones diarias o utilizando sus conocimientos para realizar proyectos independientes.<\/p>\r\n<!-- Comment to fix spacing issue\r\n\t-->\r\n<p>0+<\/p>\r\n<!-- Comment to fix spacing issue\r\n\t-->\r\n<p>A\u00f1os de experiencia<\/p>\r\n<!-- Comment to fix spacing issue\r\n\t-->\r\n<p>0+<\/p>\r\n<!-- Comment to fix spacing issue\r\n\t-->\r\n<p>Proyectos de \u00e9xito en todo el mundo<\/p>\r\n<!-- Comment to fix spacing issue\r\n\t-->\r\n<p>0+<\/p>\r\n<!-- Comment to fix spacing issue\r\n\t-->\r\n<p>Pa\u00edses operativos<\/p>\r\n<!-- Comment to fix spacing issue\r\n\t-->\r\n<p>0+<\/p>\r\n<!-- Comment to fix spacing issue\r\n\t-->\r\n<p>Bases operativas<\/p>\r\n<p><a href=\"https:\/\/oceaneering.canto.com\/download\/document\/ef7n9qookh2kjeqgh1kkak8l7f\/original.pdf\" target=\"_blank\" rel=\"noopener\"> Soluciones de mantenimiento y fiabilidad <\/a><\/p>\r\n<h2>Realice el valor de sus activos<\/h2>\r\n<p>Proporcionamos soluciones integrales de gesti\u00f3n de activos a trav\u00e9s de nuestros equipos de Ingenier\u00eda de Mantenimiento y Fiabilidad Operativa, prestando servicio a una creciente gama de industrias, entre las que se incluyen la petrolera y gas\u00edstica, mar\u00edtima, manufacturera y de energ\u00edas renovables.<\/p>\r\n<p><img loading=\"lazy\" decoding=\"async\" title=\"Plataforma\" src=\"https:\/\/www.oceaneering.com\/wp-content\/uploads\/2024\/05\/Platform.jpg\" alt=\"Offshore rig, platform\" width=\"1920\" height=\"1280\" \/> Excelencia en el mantenimiento de edificios<\/p>\r\n<h3>Ingenier\u00eda de mantenimiento<\/h3>\r\n<p>Desarrollamos, revisamos y validamos su programa de gesti\u00f3n de activos para lograr la excelencia en el mantenimiento, garantizando la seguridad y el cumplimiento de la normativa, al tiempo que maximizamos el tiempo de actividad.<\/p>\r\n<p><a href=\"https:\/\/www.oceaneering.com\/es\/maintenance-and-reliability\/maintenance-engineering\/\" target=\"_self\"> M\u00e1s informaci\u00f3n <\/a> <img loading=\"lazy\" decoding=\"async\" title=\"Datos de an\u00e1lisis\" src=\"https:\/\/www.oceaneering.com\/wp-content\/uploads\/2024\/05\/Analyzing-data.jpg\" alt=\"Man analyzing data and analytics with charts, metrics and KPIs.\" width=\"1920\" height=\"1280\" \/> Alcanzar el verdadero potencial de los activos<\/p>\r\n<h3>Fiabilidad operativa<\/h3>\r\n<p>Mejore el rendimiento y la fiabilidad de sus activos utilizando una combinaci\u00f3n de t\u00e9cnicas proactivas y reactivas para identificar y resolver los problemas de los equipos.<\/p>\r\n<p><a href=\"https:\/\/www.oceaneering.com\/es\/maintenance-and-reliability-solutions-delete\/operational-reliability\/\" target=\"_self\"> M\u00e1s informaci\u00f3n <\/a> <img loading=\"lazy\" decoding=\"async\" title=\"Monitoreo de condiciones\" src=\"https:\/\/www.oceaneering.com\/wp-content\/uploads\/2025\/03\/Condition-Monitoring.jpg\" alt=\"Technician or engineer recording data vibration measurement of motor or equipment in power plant.\" width=\"1920\" height=\"1280\" \/> Detecci\u00f3n precoz de problemas<\/p>\r\n<h3>Control de las condiciones<\/h3>\r\n<p>Combine an\u00e1lisis de vibraciones, programas de supervisi\u00f3n optimizados, tecnolog\u00eda de diagn\u00f3stico avanzada, termograf\u00eda y prestaci\u00f3n de servicios integrados para identificar problemas.<\/p>\r\n<p><a href=\"https:\/\/www.oceaneering.com\/es\/condition-monitoring\/\" target=\"_self\"> M\u00e1s informaci\u00f3n <\/a><\/p>\r\n<h3>Probado en campo. L\u00edder en el sector.<\/h3>\r\n<p>Descubra c\u00f3mo nuestras soluciones de mantenimiento y fiabilidad han transformado las operaciones.<\/p>\r\n<p><a href=\"https:\/\/www.oceaneering.com\/es\/resources\/?_content_types=case-study&amp;_resource_categories=maintenance-and-reliability\" target=\"_self\"> Lea los estudios de casos pertinentes <\/a> <button> Anterior <\/button> <button> Siguiente <\/button> <a href=\"https:\/\/www.oceaneering.com\/es\/case-studies\/enhancing-pump-system-reliability\/\"> <img decoding=\"async\" src=\"https:\/\/www.oceaneering.com\/wp-content\/uploads\/2024\/06\/Enhancing-Pump-System-Reliability-thumbnail.jpg\" alt=\"\" \/><\/a><\/p>\r\n<h3>Mejora de la fiabilidad del sistema de bombeo<\/h3>\r\n<h3>Mejora de la fiabilidad del sistema de bombeo<\/h3>\r\n<p>In 2023, engineers from Oceaneering&#8217;s Maintenance and Reliability Solutions team were tasked with establishing why the variable&#8230;<\/p>\r\n<p><a href=\"https:\/\/www.oceaneering.com\/es\/case-studies\/enhancing-pump-system-reliability\/\">M\u00e1s informaci\u00f3n <\/a> <a href=\"https:\/\/www.oceaneering.com\/es\/case-studies\/optimizing-facility-management-in-norway\/\"> <img decoding=\"async\" src=\"https:\/\/www.oceaneering.com\/wp-content\/uploads\/2024\/12\/Refinery.jpg\" alt=\"\" \/><\/a><\/p>\r\n<h3>Optimizaci\u00f3n de la gesti\u00f3n del mantenimiento de instalaciones en Noruega<\/h3>\r\n<h3>Optimizaci\u00f3n de la gesti\u00f3n del mantenimiento de instalaciones en Noruega<\/h3>\r\n<p>In February 2021, Oceaneering&#8217;s Maintenance and Reliability Solutions team embarked on a pilot project to develop and&#8230;<\/p>\r\n<p><a href=\"https:\/\/www.oceaneering.com\/es\/case-studies\/optimizing-facility-management-in-norway\/\">M\u00e1s informaci\u00f3n <\/a> <a href=\"https:\/\/www.oceaneering.com\/es\/case-studies\/maintenance-program-updates-for-refinery-turnaround\/\"> <img decoding=\"async\" src=\"https:\/\/www.oceaneering.com\/wp-content\/uploads\/2024\/12\/Oil-refinery.jpg\" alt=\"\" \/><\/a><\/p>\r\n<h3>Actualizaci\u00f3n del programa de mantenimiento de la refiner\u00eda<\/h3>\r\n<h3>Actualizaci\u00f3n del programa de mantenimiento de la refiner\u00eda<\/h3>\r\n<p>In late 2022, Oceaneering&#8217;s Maintenance and Reliability Solutions team was contracted to support a major operator with&#8230;<\/p>\r\n<p><a href=\"https:\/\/www.oceaneering.com\/es\/case-studies\/maintenance-program-updates-for-refinery-turnaround\/\">M\u00e1s informaci\u00f3n <\/a> <a href=\"https:\/\/www.oceaneering.com\/es\/case-studies\/reliability-study-uncovers-root-causes-of-mechanical-seal-failures\/\"> <img decoding=\"async\" src=\"https:\/\/www.oceaneering.com\/wp-content\/uploads\/2024\/11\/shutterstock_92625340-edited.jpg\" alt=\"\" \/><\/a><\/p>\r\n<h3>Un estudio de fiabilidad descubre las causas de los fallos de los cierres mec\u00e1nicos<\/h3>\r\n<h3>Un estudio de fiabilidad descubre las causas de los fallos de los cierres mec\u00e1nicos<\/h3>\r\n<p>In 2023, a major North Sea upstream oil and gas operator with a facility three years into&#8230;<\/p>\r\n<p><a href=\"https:\/\/www.oceaneering.com\/es\/case-studies\/reliability-study-uncovers-root-causes-of-mechanical-seal-failures\/\">M\u00e1s informaci\u00f3n <\/a> <a href=\"https:\/\/www.oceaneering.com\/es\/case-studies\/delivering-maintenance-program-for-newbuild-fpso\/\"> <img decoding=\"async\" src=\"https:\/\/www.oceaneering.com\/wp-content\/uploads\/2024\/11\/FPSO-outside-Angola.jpg\" alt=\"\" \/><\/a><\/p>\r\n<h3>Programa de mantenimiento de FPSO de nueva construcci\u00f3n<\/h3>\r\n<h3>Programa de mantenimiento de FPSO de nueva construcci\u00f3n<\/h3>\r\n<p>In late 2022, Oceaneering&#8217;s Maintenance and Reliability Solutions team completed the handover of a draft maintenance program&#8230;<\/p>\r\n<p><a href=\"https:\/\/www.oceaneering.com\/es\/case-studies\/delivering-maintenance-program-for-newbuild-fpso\/\">M\u00e1s informaci\u00f3n <\/a> <a href=\"https:\/\/www.oceaneering.com\/es\/case-studies\/updating-maintenance-plans-for-uk-regulatory-compliance\/\"> <img decoding=\"async\" src=\"https:\/\/www.oceaneering.com\/wp-content\/uploads\/2024\/06\/Updating-Maintenance-Plans-for-UK-Regulatory-Compliance.jpg\" alt=\"\" \/><\/a><\/p>\r\n<h3>Actualizaci\u00f3n de los planes de mantenimiento para cumplir la normativa brit\u00e1nica<\/h3>\r\n<h3>Actualizaci\u00f3n de los planes de mantenimiento para cumplir la normativa brit\u00e1nica<\/h3>\r\n<p>An oil and gas operator recently expanded its operations into the UK North Sea for the first&#8230;<\/p>\r\n<p><a href=\"https:\/\/www.oceaneering.com\/es\/case-studies\/updating-maintenance-plans-for-uk-regulatory-compliance\/\">M\u00e1s informaci\u00f3n <\/a> <a href=\"https:\/\/www.oceaneering.com\/es\/case-studies\/using-process-data-to-evaluate-pump-operating-performance\/\"> <img decoding=\"async\" src=\"https:\/\/www.oceaneering.com\/wp-content\/uploads\/2024\/09\/Using-Process-Data-to-Evaluate-Pump-Operating-Performance-banner-image.jpg\" alt=\"\" \/><\/a><\/p>\r\n<h3>Uso de datos de proceso para evaluar el rendimiento operativo de las bombas<\/h3>\r\n<h3>Uso de datos de proceso para evaluar el rendimiento operativo de las bombas<\/h3>\r\n<p>Pumps play a vital role in many industries worldwide. But inefficient pump operation can lead to costly&#8230;<\/p>\r\n<p><a href=\"https:\/\/www.oceaneering.com\/es\/case-studies\/using-process-data-to-evaluate-pump-operating-performance\/\">M\u00e1s informaci\u00f3n <\/a> <a href=\"https:\/\/www.oceaneering.com\/es\/case-studies\/supporting-client-with-long-term-fpso-maintenance-plan\/\"> <img decoding=\"async\" src=\"https:\/\/www.oceaneering.com\/wp-content\/uploads\/2023\/11\/551ebf15-1a6f-442b-8a64-3e3baceffc71.jpg\" alt=\"\" \/><\/a><\/p>\r\n<h3>Apoyo al cliente con un plan de mantenimiento FPSO a largo plazo<\/h3>\r\n<h3>Apoyo al cliente con un plan de mantenimiento FPSO a largo plazo<\/h3>\r\n<p>The Challenge A client needed a thorough maintenance management system for its floating production storage and offloading (FPSO)&#8230;<\/p>\r\n<p><a href=\"https:\/\/www.oceaneering.com\/es\/case-studies\/supporting-client-with-long-term-fpso-maintenance-plan\/\">M\u00e1s informaci\u00f3n <\/a> <a href=\"https:\/\/www.oceaneering.com\/es\/case-studies\/embedded-engineers-improve-operational-reliability-for-global-operator\/\"> <img decoding=\"async\" src=\"https:\/\/www.oceaneering.com\/wp-content\/uploads\/2024\/06\/Embedded-Engineers-Improves-Operational-Efficiency-for-Major-Operator.jpg\" alt=\"\" \/><\/a><\/p>\r\n<h3>Los ingenieros integrados mejoran la fiabilidad operativa de un operador mundial<\/h3>\r\n<h3>Los ingenieros integrados mejoran la fiabilidad operativa de un operador mundial<\/h3>\r\n<p>A global operator sought to underpin the operational reliability, uptime, and maintenance efficiency of their new-build development&#8230;<\/p>\r\n<p><a href=\"https:\/\/www.oceaneering.com\/es\/case-studies\/embedded-engineers-improve-operational-reliability-for-global-operator\/\">M\u00e1s informaci\u00f3n <\/a> <a href=\"https:\/\/www.oceaneering.com\/es\/case-studies\/maintenance-build-for-fpso-and-offloading-terminal-maximizes-uptime-with-optimized-approach\/\"> <img decoding=\"async\" src=\"https:\/\/www.oceaneering.com\/wp-content\/uploads\/2024\/06\/Maintenance-Build-for-FPSO-and-Offloading-Terminal-Maximizes-Uptime-with-Optimized-Approach.jpg\" alt=\"\" \/><\/a><\/p>\r\n<h3>El mantenimiento de FPSO y terminales de descarga maximiza el tiempo de actividad con un enfoque optimizado<\/h3>\r\n<h3>El mantenimiento de FPSO y terminales de descarga maximiza el tiempo de actividad con un enfoque optimizado<\/h3>\r\n<p>In December 2023, Oceaneering&#8217;s Maintenance and Reliability Solutions team completed a three-year maintenance build scope for two&#8230;<\/p>\r\n<p><a href=\"https:\/\/www.oceaneering.com\/es\/case-studies\/maintenance-build-for-fpso-and-offloading-terminal-maximizes-uptime-with-optimized-approach\/\">M\u00e1s informaci\u00f3n <\/a><\/p>\r\n<h1>Contacte con nosotros<\/h1>\r\n<h2>Nuestro equipo de expertos est\u00e1 listo para ayudarle a empezar.<\/h2>\r\n<p>Oceaneering ofrece los mejores productos y soluciones de su clase, respaldados por una calidad, fiabilidad y asistencia global inigualables. Rellene el formulario de consulta para iniciar una conversaci\u00f3n hoy mismo.<\/p>","protected":false},"excerpt":{"rendered":"<p>Aumente el tiempo de actividad operativa y el rendimiento de los activos en toda su infraestructura f\u00edsica, sin dejar de mantener la seguridad y la conformidad. <\/p>","protected":false},"author":19,"featured_media":72241,"parent":0,"menu_order":2,"comment_status":"closed","ping_status":"closed","template":"","meta":{"_acf_changed":false,"footnotes":"","_links_to":"","_links_to_target":""},"product_category":[1998],"search_tags":[1800],"class_list":["post-59772","page","type-page","status-publish","has-post-thumbnail","product_category-maintenance-and-reliability","search_tags-asset-integrity"],"acf":[],"aioseo_notices":[],"_links":{"self":[{"href":"https:\/\/www.oceaneering.com\/es\/wp-json\/wp\/v2\/pages\/59772","targetHints":{"allow":["GET"]}}],"collection":[{"href":"https:\/\/www.oceaneering.com\/es\/wp-json\/wp\/v2\/pages"}],"about":[{"href":"https:\/\/www.oceaneering.com\/es\/wp-json\/wp\/v2\/types\/page"}],"author":[{"embeddable":true,"href":"https:\/\/www.oceaneering.com\/es\/wp-json\/wp\/v2\/users\/19"}],"replies":[{"embeddable":true,"href":"https:\/\/www.oceaneering.com\/es\/wp-json\/wp\/v2\/comments?post=59772"}],"version-history":[{"count":1,"href":"https:\/\/www.oceaneering.com\/es\/wp-json\/wp\/v2\/pages\/59772\/revisions"}],"predecessor-version":[{"id":80884,"href":"https:\/\/www.oceaneering.com\/es\/wp-json\/wp\/v2\/pages\/59772\/revisions\/80884"}],"wp:featuredmedia":[{"embeddable":true,"href":"https:\/\/www.oceaneering.com\/es\/wp-json\/wp\/v2\/media\/72241"}],"wp:attachment":[{"href":"https:\/\/www.oceaneering.com\/es\/wp-json\/wp\/v2\/media?parent=59772"}],"wp:term":[{"taxonomy":"product_category","embeddable":true,"href":"https:\/\/www.oceaneering.com\/es\/wp-json\/wp\/v2\/product_category?post=59772"},{"taxonomy":"search_tags","embeddable":true,"href":"https:\/\/www.oceaneering.com\/es\/wp-json\/wp\/v2\/search_tags?post=59772"}],"curies":[{"name":"wp","href":"https:\/\/api.w.org\/{rel}","templated":true}]}}