{"id":59710,"date":"2023-10-18T16:18:06","date_gmt":"2023-10-18T20:18:06","guid":{"rendered":"https:\/\/oceaneering.com\/?page_id=59710"},"modified":"2025-11-04T02:02:43","modified_gmt":"2025-11-04T08:02:43","slug":"asset-integrity-management","status":"publish","type":"page","link":"https:\/\/www.oceaneering.com\/es\/asset-integrity-management\/","title":{"rendered":"Gesti\u00f3n de la integridad de los activos"},"content":{"rendered":"<a href=\"\/es\/asset-integrity\/#contact\" target=\"_self\">\n\t\t\t\t\t\t\tDebatir un proyecto\n\t\t\t\t\t<\/a>\n<h1>\n\t\tGesti\u00f3n de la integridad de los activos\n\t<\/h1>\n\t<p>Minimice el tiempo de inactividad y mejore su eficacia operativa aprovechando nuestro enfoque integrado, que combina ingenier\u00eda experta, plataformas de software y tecnolog\u00eda de inspecci\u00f3n avanzada.<\/p>\n<h2>\n\t\tMejorar la eficacia y la fiabilidad\n\t<\/h2>\n\t<p>Proporcionamos un valor y una tranquilidad inigualables con servicios y tecnolog\u00edas fiables que garantizan la fiabilidad y longevidad de sus activos. Adopte un enfoque personalizado e integrado, combinando el poder de nuestra experiencia y presencia mundial para transformar sus operaciones.<\/p>\n\t\t\t<a href='https:\/\/www.oceaneering.com\/es\/asset-integrity-management\/combining-engineering-data-and-visualization\/' title='Combinaci\u00f3n de datos de ingenier\u00eda y visualizaci\u00f3n'><img width=\"1024\" height=\"459\" src=\"https:\/\/www.oceaneering.com\/wp-content\/uploads\/2025\/10\/shutterstock_2033428775-copy-1024x459.webp\" alt=\"Digital world with an engineer working with a digital technology screen\" itemprop=\"image\" decoding=\"async\" loading=\"lazy\" srcset=\"https:\/\/www.oceaneering.com\/wp-content\/uploads\/2025\/10\/shutterstock_2033428775-copy-1024x459.webp 1024w, https:\/\/www.oceaneering.com\/wp-content\/uploads\/2025\/10\/shutterstock_2033428775-copy-300x135.webp 300w, https:\/\/www.oceaneering.com\/wp-content\/uploads\/2025\/10\/shutterstock_2033428775-copy-768x344.webp 768w, https:\/\/www.oceaneering.com\/wp-content\/uploads\/2025\/10\/shutterstock_2033428775-copy-1536x689.webp 1536w, https:\/\/www.oceaneering.com\/wp-content\/uploads\/2025\/10\/shutterstock_2033428775-copy-18x8.webp 18w, https:\/\/www.oceaneering.com\/wp-content\/uploads\/2025\/10\/shutterstock_2033428775-copy.webp 1920w\" sizes=\"auto, (max-width: 1024px) 100vw, 1024px\" title=\"Datos de ingenier\u00eda digital | Oceaneering\" \/><\/a>\n\t<h3><a href='https:\/\/www.oceaneering.com\/es\/asset-integrity-management\/combining-engineering-data-and-visualization\/' title='Combinaci\u00f3n de datos de ingenier\u00eda y visualizaci\u00f3n'>Combinaci\u00f3n de datos de ingenier\u00eda y visualizaci\u00f3n<\/a><\/h3>\n    \t<p>Aporte integridad a la vida \u00fatil de sus activos con una visi\u00f3n conectada, desde la superficie hasta el fondo marino.<\/p>\n\t\t<a href=\"https:\/\/www.oceaneering.com\/es\/asset-integrity-management\/combining-engineering-data-and-visualization\/\">Seguir leyendo<\/a>\n\t\t\t<a href='https:\/\/www.oceaneering.com\/es\/asset-integrity-management\/integrity-engineering\/' title='Ingenier\u00eda de integridad'><img width=\"1024\" height=\"576\" src=\"https:\/\/www.oceaneering.com\/wp-content\/uploads\/2023\/12\/Capability-Statement-RRM-1-1024x576.jpg\" alt=\"\" itemprop=\"image\" decoding=\"async\" loading=\"lazy\" srcset=\"https:\/\/www.oceaneering.com\/wp-content\/uploads\/2023\/12\/Capability-Statement-RRM-1-1024x576.jpg 1024w, https:\/\/www.oceaneering.com\/wp-content\/uploads\/2023\/12\/Capability-Statement-RRM-1-300x169.jpg 300w, https:\/\/www.oceaneering.com\/wp-content\/uploads\/2023\/12\/Capability-Statement-RRM-1-768x432.jpg 768w, https:\/\/www.oceaneering.com\/wp-content\/uploads\/2023\/12\/Capability-Statement-RRM-1-1536x864.jpg 1536w, https:\/\/www.oceaneering.com\/wp-content\/uploads\/2023\/12\/Capability-Statement-RRM-1-18x10.jpg 18w, https:\/\/www.oceaneering.com\/wp-content\/uploads\/2023\/12\/Capability-Statement-RRM-1-1280x720.jpg 1280w, https:\/\/www.oceaneering.com\/wp-content\/uploads\/2023\/12\/Capability-Statement-RRM-1-960x540.jpg 960w, https:\/\/www.oceaneering.com\/wp-content\/uploads\/2023\/12\/Capability-Statement-RRM-1-640x360.jpg 640w, https:\/\/www.oceaneering.com\/wp-content\/uploads\/2023\/12\/Capability-Statement-RRM-1-320x180.jpg 320w, https:\/\/www.oceaneering.com\/wp-content\/uploads\/2023\/12\/Capability-Statement-RRM-1.jpg 1920w\" sizes=\"auto, (max-width: 1024px) 100vw, 1024px\" title=\"Ingenier\u00edaRRM 1 | Oceaneering\" \/><\/a>\n\t<h3><a href='https:\/\/www.oceaneering.com\/es\/asset-integrity-management\/integrity-engineering\/' title='Ingenier\u00eda de integridad'>Ingenier\u00eda de integridad<\/a><\/h3>\n    \t<p>Minimice el tiempo de inactividad y mantenga la seguridad de las operaciones con nuestros servicios de ingenier\u00eda de integridad adaptados a sus necesidades. <\/p>\n\t\t<a href=\"https:\/\/www.oceaneering.com\/es\/asset-integrity-management\/integrity-engineering\/\">Seguir leyendo<\/a>\n\t\t\t<a href='https:\/\/www.oceaneering.com\/es\/asset-integrity-management\/inspection\/' title='Inspecci\u00f3n'><img width=\"1024\" height=\"281\" src=\"https:\/\/www.oceaneering.com\/wp-content\/uploads\/2023\/11\/Inspection-and-Condition-Monitoring-cropped-1024x281.jpg\" alt=\"\" itemprop=\"image\" decoding=\"async\" loading=\"lazy\" srcset=\"https:\/\/www.oceaneering.com\/wp-content\/uploads\/2023\/11\/Inspection-and-Condition-Monitoring-cropped-1024x281.jpg 1024w, https:\/\/www.oceaneering.com\/wp-content\/uploads\/2023\/11\/Inspection-and-Condition-Monitoring-cropped-300x82.jpg 300w, https:\/\/www.oceaneering.com\/wp-content\/uploads\/2023\/11\/Inspection-and-Condition-Monitoring-cropped-768x211.jpg 768w, https:\/\/www.oceaneering.com\/wp-content\/uploads\/2023\/11\/Inspection-and-Condition-Monitoring-cropped-1536x421.jpg 1536w, https:\/\/www.oceaneering.com\/wp-content\/uploads\/2023\/11\/Inspection-and-Condition-Monitoring-cropped-2048x562.jpg 2048w, https:\/\/www.oceaneering.com\/wp-content\/uploads\/2023\/11\/Inspection-and-Condition-Monitoring-cropped-18x5.jpg 18w\" sizes=\"auto, (max-width: 1024px) 100vw, 1024px\" title=\"Inspecci\u00f3n y monitorizaci\u00f3n del estado de los buques | Oceaneering\" \/><\/a>\n\t<h3><a href='https:\/\/www.oceaneering.com\/es\/asset-integrity-management\/inspection\/' title='Inspecci\u00f3n'>Inspecci\u00f3n<\/a><\/h3>\n    \t<p>Optimice la inspecci\u00f3n rutinaria y ad hoc de sus infraestructuras cr\u00edticas con soluciones adecuadas a cada proyecto que garanticen que sus activos est\u00e1n en condiciones de servicio. <\/p>\n\t\t<a href=\"https:\/\/www.oceaneering.com\/es\/asset-integrity-management\/inspection\/\">Seguir leyendo<\/a>\n\t\t\t<a href='https:\/\/www.oceaneering.com\/es\/maintenance-and-reliability\/' title='Mantenimiento y fiabilidad'><img width=\"1024\" height=\"605\" src=\"https:\/\/www.oceaneering.com\/wp-content\/uploads\/2024\/05\/Maintenance-and-reliability-solutions-1024x605.jpg\" alt=\"Engineer with industry background\" itemprop=\"image\" decoding=\"async\" loading=\"lazy\" srcset=\"https:\/\/www.oceaneering.com\/wp-content\/uploads\/2024\/05\/Maintenance-and-reliability-solutions-1024x605.jpg 1024w, https:\/\/www.oceaneering.com\/wp-content\/uploads\/2024\/05\/Maintenance-and-reliability-solutions-300x177.jpg 300w, https:\/\/www.oceaneering.com\/wp-content\/uploads\/2024\/05\/Maintenance-and-reliability-solutions-768x454.jpg 768w, https:\/\/www.oceaneering.com\/wp-content\/uploads\/2024\/05\/Maintenance-and-reliability-solutions-1536x908.jpg 1536w, https:\/\/www.oceaneering.com\/wp-content\/uploads\/2024\/05\/Maintenance-and-reliability-solutions-2048x1210.jpg 2048w, https:\/\/www.oceaneering.com\/wp-content\/uploads\/2024\/05\/Maintenance-and-reliability-solutions-18x12.jpg 18w\" sizes=\"auto, (max-width: 1024px) 100vw, 1024px\" title=\"Soluciones de mantenimiento y fiabilidad | Oceaneering\" \/><\/a>\n\t<h3><a href='https:\/\/www.oceaneering.com\/es\/maintenance-and-reliability\/' title='Mantenimiento y fiabilidad'>Mantenimiento y fiabilidad<\/a><\/h3>\n    \t<p>Aumente el tiempo de actividad operativa y el rendimiento de los activos en toda su infraestructura f\u00edsica, sin dejar de mantener la seguridad y la conformidad. <\/p>\n\t\t<a href=\"https:\/\/www.oceaneering.com\/es\/maintenance-and-reliability\/\">Seguir leyendo<\/a>\n\t\t<!-- .pp-content-posts -->\n<h2>\n\t\tCapacidades integrales. Experiencia global.\n\t<\/h2>\n\t<p>Mejore la fiabilidad y la seguridad de sus activos con una toma de decisiones basada en datos de todos los activos, lo que le permitir\u00e1 centrarse en las principales \u00e1reas de preocupaci\u00f3n en todos los tipos de activos.<\/p>\n\t\t\t\t<img decoding=\"async\" src=\"https:\/\/www.oceaneering.com\/wp-content\/uploads\/2025\/06\/Pressure-Systems.png\" alt=\"Icon of a pressure valve showing services related to pressure systems.\" title=\"Sistemas de presi\u00f3n\" itemprop=\"image\"\/>\n\t\t<h3>Sistemas de presi\u00f3n<\/h3>\n\t\t\t\t<p>Mitigue los riesgos, prolongue la vida \u00fatil de los activos y garantice la fiabilidad de sus sistemas terrestres y mar\u00edtimos.<\/p>\n<a href=\"https:\/\/www.oceaneering.com\/es\/asset-integrity-management\/pressure-systems\/\" target=\"_self\">M\u00e1s informaci\u00f3n<\/a>\t\t\t\n\t\t\t\t<img decoding=\"async\" src=\"https:\/\/www.oceaneering.com\/wp-content\/uploads\/2025\/06\/Fixed-and-Floating-Structures-1.png\" alt=\"Icon of an oil platform showing services related to fixed and floating structures.\" title=\"Estructuras fijas y flotantes 1\" itemprop=\"image\"\/>\n\t\t<h3>Estructuras fijas y flotantes<\/h3>\n\t\t\t\t<p>Garantizar la seguridad estructural, la funcionalidad y el cumplimiento de la normativa y los est\u00e1ndares industriales.<\/p>\n<a href=\"https:\/\/www.oceaneering.com\/es\/asset-integrity-management\/fixed-and-floating-structures\/\" target=\"_self\">M\u00e1s informaci\u00f3n<\/a>\t\t\t\n\t\t\t\t<img decoding=\"async\" src=\"https:\/\/www.oceaneering.com\/wp-content\/uploads\/2025\/06\/Onshore-Pipelines.png\" alt=\"Icon of a pipeline showing services related to onshore pipelines.\" title=\"Oleoductos terrestres\" itemprop=\"image\"\/>\n\t\t<h3>Oleoductos terrestres<\/h3>\n\t\t\t\t<p>Aproveche un enfoque proactivo basado en datos para prevenir fallos, optimizar el mantenimiento y garantizar operaciones seguras y conformes a la normativa.<\/p>\n<a href=\"https:\/\/www.oceaneering.com\/es\/asset-integrity-management\/onshore-pipelines\/\" target=\"_self\">M\u00e1s informaci\u00f3n<\/a>\t\t\t\n\t\t\t\t<img decoding=\"async\" src=\"https:\/\/www.oceaneering.com\/wp-content\/uploads\/2025\/06\/Offshore-Pipeline-and-Subsea-Structure-1.png\" alt=\"Icon of a subsea structure showing services related to offshore pipeline and subsea structures.\" title=\"Oleoductos y estructuras submarinas 1\" itemprop=\"image\"\/>\n\t\t<h3>Activos submarinos<\/h3>\n\t\t\t\t<p>Abordar la corrosi\u00f3n, la erosi\u00f3n, la degradaci\u00f3n de los materiales, los fallos estructurales y las amenazas de terceros.<\/p>\n<a href=\"https:\/\/www.oceaneering.com\/es\/asset-integrity-management\/subsea-assets\/\" target=\"_self\">M\u00e1s informaci\u00f3n<\/a>\t\t\t\n\t\t\t\t<img decoding=\"async\" src=\"https:\/\/www.oceaneering.com\/wp-content\/uploads\/2025\/06\/Storage-Tanks-and-Associated-Pipework.png\" alt=\"Icon of two storage tanks showing services related to storage tanks and associated pipework.\" title=\"Dep\u00f3sitos de almacenamiento y tuber\u00edas asociadas\" itemprop=\"image\"\/>\n\t\t<h3>Dep\u00f3sitos de almacenamiento y tuber\u00edas asociadas<\/h3>\n\t\t\t\t<p>Combine inspecci\u00f3n e ingenier\u00eda para optimizar la planificaci\u00f3n del mantenimiento y garantizar la seguridad y longevidad de sus activos.<\/p>\n<a href=\"https:\/\/www.oceaneering.com\/es\/asset-integrity-management\/storage-tanks-and-associated-pipework\/\" target=\"_self\">M\u00e1s informaci\u00f3n<\/a>\t\t\t\n\t\t\t\t<img decoding=\"async\" src=\"https:\/\/www.oceaneering.com\/wp-content\/uploads\/2025\/06\/Cranes-and-Lifting-Equipment-1.png\" alt=\"Icon of an oil platform showing services related to fixed and floating structures.\" title=\"Gr\u00faas y equipos de elevaci\u00f3n 1\" itemprop=\"image\"\/>\n\t\t<h3>Gr\u00faas y equipos de elevaci\u00f3n<\/h3>\n\t\t\t\t<p>Agilice la inspecci\u00f3n, la verificaci\u00f3n por terceros y la certificaci\u00f3n de gr\u00faas y equipos de elevaci\u00f3n, tanto en tierra como en alta mar.<\/p>\n<a href=\"https:\/\/www.oceaneering.com\/es\/asset-integrity-management\/inspection\/crane-lifting\/\" target=\"_self\">M\u00e1s informaci\u00f3n<\/a>\t\t\t\n\t\t\t\t<img loading=\"lazy\" decoding=\"async\" src=\"https:\/\/www.oceaneering.com\/wp-content\/uploads\/2023\/11\/Floating_Windmill_SM_image_02.jpg\" alt=\"Floating_Windmill_SM_image_02\" itemprop=\"image\" height=\"698\" width=\"1080\" title=\"Molino de viento flotante SM imagen 02\" onerror=\"this.style.display='none'\"  \/>\n<h2>\n\t\tMejora de la informaci\u00f3n en todos los sectores\n\t<\/h2>\n\t<p>Gracias a nuestra presencia mundial, nuestro personal certificado, nuestra experiencia en ingenier\u00eda en condiciones adversas y nuestra capacidad para ofrecer asistencia completa las 24 horas del d\u00eda, nos encontramos en una posici\u00f3n \u00fanica para prestar apoyo a una amplia gama de sectores con unos servicios de gesti\u00f3n de la integridad de los activos inigualables.<\/p>\n<ul>\n<li><strong>Petr\u00f3leo y gas<\/strong>\n<ul>\n<li>Upstream, Midstream, Downstream, Onshore, Offshore, Subsea y Topside<\/li>\n<\/ul>\n<\/li>\n<li><strong>Energ\u00eda renovable y baja en carbono<\/strong>\n<ul>\n<li>E\u00f3lica marina, energ\u00eda nuclear, hidr\u00f3geno y captura y almacenamiento de carbono<\/li>\n<\/ul>\n<\/li>\n<li><strong>Construcci\u00f3n y fabricaci\u00f3n<\/strong>\n<ul>\n<li>Infraestructuras, puentes, estadios y m\u00e1s<\/li>\n<\/ul>\n<\/li>\n<\/ul>\n<h2>\n\t\tPotencie sus operaciones con soluciones integradas \n\t<\/h2>\n<h3>\n\t\tAdoptar un enfoque integrado\n\t<\/h3>\n\t<p>Mejore la eficacia y minimice los tiempos de inactividad con nuestro enfoque hol\u00edstico, que integra la gesti\u00f3n de la integridad y la inspecci\u00f3n avanzada.<\/p>\n<h3>\n\t\tAproveche la tecnolog\u00eda m\u00e1s avanzada \n\t<\/h3>\n\t<p>Mejore la fiabilidad, la precisi\u00f3n de los datos y la seguridad utilizando tecnolog\u00edas de inspecci\u00f3n avanzadas y plataformas de software centradas en la integridad.<\/p>\n<h3>\n\t\tUtilizar los datos para tomar decisiones   \n\t<\/h3>\n\t<p>Conf\u00ede en nuestra experiencia en ingenier\u00eda para ayudarle a optimizar el gasto y centrarse en las principales \u00e1reas de inter\u00e9s.<\/p>\n<h3>\n\t\tAumentar la integridad y la seguridad \n\t<\/h3>\n\t<p>Cumplen las normas m\u00e1s estrictas de seguridad, conformidad y fiabilidad, garantizando la funcionalidad y longevidad de sus activos.<\/p>\n<h2>\n\t\tPreguntas frecuentes\n\t<\/h2>\n\t<p>\u00bfC\u00f3mo puede Oceaneering transformar la gesti\u00f3n de la integridad de sus activos?<\/p>\n\t\t\t\t\t\t<h5>What makes Oceaneering&#8217;s approach to asset integrity different?<\/h5>\n\t\t\t<p>We don&#8217;t just offer services-we deliver engineer-driven integrated solutions. Our approach combines advanced inspection technologies, integrity management, engineering expertise, and software solutions to give you a complete picture of your assets and operations.<\/p>\n\t\t\t\t\t\t<h5>\u00bfC\u00f3mo utiliza Oceaneering la tecnolog\u00eda para mejorar su rendimiento?<\/h5>\n\t\t\t<p>We use cutting-edge tools and platforms to enhance data accuracy, streamline inspections, and support smarter decision-making. It&#8217;s all about using the right tech to drive real-world results.<\/p>\n\t\t\t\t\t\t<h5>\u00bfPuede Oceaneering ayudar a reducir el tiempo de inactividad?<\/h5>\n\t\t\t<p>Absolutamente. Nuestra estrategia integral est\u00e1 dise\u00f1ada para mejorar la eficacia y minimizar los tiempos de inactividad. Nuestros puntos fuertes en ingenier\u00eda de integridad, junto con nuestras capacidades de inspecci\u00f3n, son ideales para anticiparse a los problemas antes de que se conviertan en tales. El uso de ingenier\u00eda avanzada como nuestro enfoque para automatizar el RBI tambi\u00e9n puede ayudarle a aplazar las inspecciones, ahorrando tiempo y costes a la vez que mantiene sus operaciones en l\u00ednea.<\/p>\n\t\t\t\t\t\t<h5>\u00bfQu\u00e9 hay de la seguridad y el cumplimiento?<\/h5>\n\t\t\t<p>Safety is non-negotiable. We help you meet the highest standards for safety, compliance, and reliability-ensuring your assets are not only functional but built to last.<\/p>\n\t\t\t\t\t\t<h5>\u00bfC\u00f3mo apoya Oceaneering la optimizaci\u00f3n de costes?<\/h5>\n\t\t\t<p>Nuestros equipos de ingenieros colaboran estrechamente con usted para identificar las principales \u00e1reas de inter\u00e9s y optimizar sus gastos. Utilizamos los datos para centrar sus recursos donde m\u00e1s importan, sin comprometer la calidad, la seguridad o el cumplimiento de las normas.<\/p>\n\t\t\t\t\t\t<h5>\u00bfPor qu\u00e9 Oceaneering dedica tanto tiempo y esfuerzo a desarrollar soluciones internamente?<\/h5>\n\t\t\t<p>We develop solutions in-house because we know that all tools are not one-size-fits-all. Our teams work in some of the world&#8217;s most complex and demanding environments, enabling them to understand key integrity concerns at their core. By building our own technology, we maintain full control over performance, safety, and adaptability. It allows us to move faster, respond smarter, and deliver tools that are precisely engineered for the challenges our clients face, ensuring reliability, driving efficiency, and staying ahead of what&#8217;s next.<\/p>\n\t\t\t\t\t\t<h5>\u00bfTodas sus plataformas de software y tecnolog\u00edas de inspecci\u00f3n se desarrollan internamente?<\/h5>\n\t\t\t<p>No. Desarrollamos soluciones internas e integramos productos de terceros para ofrecer a nuestros clientes las soluciones m\u00e1s s\u00f3lidas y rentables. Algunos ejemplos son el refuerzo de nuestras capacidades de modelado 3D con la adquisici\u00f3n de <a href=\"https:\/\/investors.oceaneering.com\/news\/news-details\/2024\/Oceaneering-Acquires-Global-Design-Innovation-Ltd\/default.aspx\" target=\"_blank\" rel=\"noopener\">GDi<\/a> y la implantaci\u00f3n de la inspecci\u00f3n interna de tanques mediante sistemas de drones de terceros.<\/p>\n\t\t\t\t\t\t<h5>\u00bfPor qu\u00e9 deber\u00eda confiar a Oceaneering la integridad de mis activos?<\/h5>\n\t\t\t<p>Because we bring significant expertise, proven technology, and a commitment to excellence. From inspection to analytics, we&#8217;re here to help you protect your assets and power your performance.<\/p>\n\t\t\t<a href=\"#contact\" target=\"_self\">\n\t\t\t\t\t\t\t\u00bfTiene m\u00e1s preguntas? P\u00f3ngase en contacto con nosotros.\n\t\t\t<\/a>\n\n\t\tContacte con nosotros\n\t\n<h2>\n\t\tNuestro equipo de expertos est\u00e1 listo para ayudarle a empezar.\n\t<\/h2>\n\t<p>Oceaneering ofrece los mejores productos y soluciones de su clase, respaldados por una calidad, fiabilidad y asistencia global inigualables. Rellene el formulario de consulta para iniciar una conversaci\u00f3n hoy mismo.<\/p>","protected":false},"excerpt":{"rendered":"<p>Discuss a Project Asset Integrity Management Minimize downtime and improve your operational efficiency by leveraging our integrated approach, combining expert engineering, software platforms, and advanced inspection technology. Enhance Efficiency and Reliability We deliver unparalleled value and peace of mind with industry-trusted services and technologies that ensure the reliability and longevity of your assets. Adopt a &#8230; <a title=\"Gesti\u00f3n de la integridad de los activos\" class=\"read-more\" href=\"https:\/\/www.oceaneering.com\/es\/asset-integrity-management\/\" aria-label=\"Leer m\u00e1s sobre Asset Integrity Management\">Seguir leyendo<\/a><\/p>","protected":false},"author":19,"featured_media":0,"parent":0,"menu_order":2,"comment_status":"closed","ping_status":"closed","template":"","meta":{"_acf_changed":false,"footnotes":"","_links_to":"","_links_to_target":""},"product_category":[1205],"search_tags":[1800],"class_list":["post-59710","page","type-page","status-publish","product_category-asset-integrity-management","search_tags-asset-integrity"],"acf":[],"aioseo_notices":[],"_links":{"self":[{"href":"https:\/\/www.oceaneering.com\/es\/wp-json\/wp\/v2\/pages\/59710","targetHints":{"allow":["GET"]}}],"collection":[{"href":"https:\/\/www.oceaneering.com\/es\/wp-json\/wp\/v2\/pages"}],"about":[{"href":"https:\/\/www.oceaneering.com\/es\/wp-json\/wp\/v2\/types\/page"}],"author":[{"embeddable":true,"href":"https:\/\/www.oceaneering.com\/es\/wp-json\/wp\/v2\/users\/19"}],"replies":[{"embeddable":true,"href":"https:\/\/www.oceaneering.com\/es\/wp-json\/wp\/v2\/comments?post=59710"}],"version-history":[{"count":2,"href":"https:\/\/www.oceaneering.com\/es\/wp-json\/wp\/v2\/pages\/59710\/revisions"}],"predecessor-version":[{"id":80072,"href":"https:\/\/www.oceaneering.com\/es\/wp-json\/wp\/v2\/pages\/59710\/revisions\/80072"}],"wp:attachment":[{"href":"https:\/\/www.oceaneering.com\/es\/wp-json\/wp\/v2\/media?parent=59710"}],"wp:term":[{"taxonomy":"product_category","embeddable":true,"href":"https:\/\/www.oceaneering.com\/es\/wp-json\/wp\/v2\/product_category?post=59710"},{"taxonomy":"search_tags","embeddable":true,"href":"https:\/\/www.oceaneering.com\/es\/wp-json\/wp\/v2\/search_tags?post=59710"}],"curies":[{"name":"wp","href":"https:\/\/api.w.org\/{rel}","templated":true}]}}