{"id":59703,"date":"2023-10-18T15:41:07","date_gmt":"2023-10-18T19:41:07","guid":{"rendered":"https:\/\/oceaneering.com\/?page_id=59703"},"modified":"2025-12-05T03:41:18","modified_gmt":"2025-12-05T09:41:18","slug":"government-and-defense","status":"publish","type":"page","link":"https:\/\/www.oceaneering.com\/es\/government-and-defense\/","title":{"rendered":"Gobierno y defensa"},"content":{"rendered":"<h1>Gobierno y defensa<\/h1>\r\n<p>Somos un socio de confianza que proporciona soluciones de ingenier\u00eda, servicios y fabricaci\u00f3n al sector comercial, al Departamento de Defensa de EE.UU. y a la NASA.<\/p>\r\n<p>Colaboramos con usted para ofrecerle soluciones innovadoras que respalden el desarrollo y la aplicaci\u00f3n de sistemas pr\u00e1cticos y rentables que respondan a los retos, desde los m\u00e1s rutinarios hasta los m\u00e1s extremos.<\/p>\r\n<p>Nuestra experiencia y conocimientos en m\u00faltiples sectores nos sit\u00faan como l\u00edderes en los mercados de servicios gubernamentales y de defensa. Nuestros productos y servicios satisfacen las rigurosas exigencias de los complejos entornos en los que operan, ofreciendo resultados con una seguridad y fiabilidad sin concesiones.<\/p>\r\n<h2>Tecnolog\u00edas Oceaneering<\/h2>\r\n<p>Oceaneering Technologies (OTECH) dise\u00f1a, construye y opera sistemas mar\u00edtimos y especializados \u00fanicos para clientes gubernamentales, militares y comerciales. Sus conocimientos de ingenier\u00eda, unidos a su amplia experiencia en alta mar, permiten desarrollar soluciones pragm\u00e1ticas y suministrar sistemas fiables.<\/p>\r\n<p>Estamos especializados en el dise\u00f1o de equipos que funcionan en entornos dif\u00edciles mediante soluciones de ingenier\u00eda que gestionan eficazmente los impactos causados por la bioincrustaci\u00f3n, la corrosi\u00f3n y la exposici\u00f3n a largo plazo.<\/p>\r\n<p><a href=\"https:\/\/www.oceaneering.com\/es\/oceaneering-technologies\/\" target=\"_self\" rel=\"noopener\"> M\u00e1s informaci\u00f3n <\/a><\/p>\r\n<h3><a href=\"https:\/\/careers.oceaneering.com\/global\/en\/search-results?keywords=otech\" target=\"_blank\" rel=\"noopener\">\u00a1Estamos contratando!<\/a><\/h3>\r\n<p>Conozca nuestras vacantes actuales en OTECH<\/p>\r\n<p><a href=\"https:\/\/careers.oceaneering.com\/global\/en\/search-results?keywords=otech\" target=\"_blank\" rel=\"noopener\">Seguir leyendo<\/a><\/p>\r\n<h2>Sistemas espaciales Oceaneering<\/h2>\r\n<p>Oceaneering Space Systems (OSS) -que goza de una ubicaci\u00f3n privilegiada cerca del Centro Espacial Johnson en Houston, Texas- desarrolla, integra y aplica tecnolog\u00edas nuevas y consolidadas para hacer frente a los retos de trabajar en el espacio y otros entornos hostiles.<\/p>\r\n<p>Llevamos m\u00e1s de 35 a\u00f1os suministrando equipos y sistemas de hardware para vuelos espaciales al Departamento de Defensa de Estados Unidos, la NASA, sus contratistas y los proveedores de veh\u00edculos comerciales de lanzamiento. Nuestras capacidades abarcan una amplia gama de productos y servicios, como rob\u00f3tica y automatizaci\u00f3n espacial, mantenimiento de sat\u00e9lites, sistemas de vuelos espaciales tripulados y sistemas de protecci\u00f3n t\u00e9rmica.<\/p>\r\n<p><a href=\"https:\/\/www.oceaneering.com\/es\/space-systems\/\" target=\"_self\" rel=\"noopener\"> M\u00e1s informaci\u00f3n <\/a><\/p>\r\n<h3><a href=\"https:\/\/www.oceaneering.com\/es\/space-systems\/#recruiting\" target=\"_blank\" rel=\"noopener\">\u00a1Estamos contratando!<\/a><\/h3>\r\n<p>Conozca nuestras vacantes actuales en Space Systems<\/p>\r\n<p><a href=\"https:\/\/www.oceaneering.com\/es\/space-systems\/#recruiting\" target=\"_blank\" rel=\"noopener\">Seguir leyendo<\/a><\/p>\r\n<h2>Divisi\u00f3n de Servicios Mar\u00edtimos<\/h2>\r\n<p>Nuestra Divisi\u00f3n de Servicios Marinos cuenta con m\u00e1s de 30 a\u00f1os de experiencia en la prestaci\u00f3n de servicios completos de reparaci\u00f3n naval para buques de la Marina de los Estados Unidos, incluidos submarinos, buques y embarcaciones de superficie y sistemas de inmersi\u00f3n profunda.<\/p>\r\n<p>Desde nuestras modernas instalaciones de Chesapeake (Virginia), estamos certificados en actividades de reparaci\u00f3n SUBSAFE y DSS-SOC y especializados en el dise\u00f1o, reparaci\u00f3n, mantenimiento, modificaci\u00f3n e instalaci\u00f3n de sistemas de casco, mec\u00e1nicos y el\u00e9ctricos (HM&amp;E).<\/p>\r\n<p>Llevamos a cabo tareas de mantenimiento de alto riesgo en activos que operan en entornos exigentes. Nuestras sedes y certificaciones en todo el mundo nos permiten cumplir incluso los plazos m\u00e1s cr\u00edticos y urgentes.<\/p>\r\n<p><a href=\"https:\/\/www.oceaneering.com\/es\/marine-services-division\/\" target=\"_self\" rel=\"noopener\"> M\u00e1s informaci\u00f3n <\/a><\/p>\r\n<h1>Contacte con nosotros<\/h1>\r\n<h2>Nuestro equipo de expertos est\u00e1 listo para ayudarle a empezar.<\/h2>\r\n<p>Oceaneering ofrece los mejores productos y soluciones de su clase, respaldados por una calidad, fiabilidad y asistencia global inigualables. Rellene el formulario de consulta para iniciar una conversaci\u00f3n hoy mismo.<\/p>","protected":false},"excerpt":{"rendered":"<p>Gobierno y Defensa Somos un socio de confianza que proporciona soluciones de ingenier\u00eda, servicios y fabricaci\u00f3n al sector comercial, al Departamento de Defensa de EE.UU. y a la NASA. Colaboramos con usted para ofrecerle soluciones innovadoras que respalden el desarrollo y la aplicaci\u00f3n de sistemas pr\u00e1cticos y rentables que den respuesta a los retos, desde los m\u00e1s rutinarios hasta los m\u00e1s extremos. Nuestra experiencia y conocimientos ... <a title=\"Gobierno y defensa\" class=\"read-more\" href=\"https:\/\/www.oceaneering.com\/es\/government-and-defense\/\" aria-label=\"Leer m\u00e1s sobre Gobierno y Defensa\">Seguir leyendo<\/a><\/p>","protected":false},"author":19,"featured_media":0,"parent":0,"menu_order":2,"comment_status":"closed","ping_status":"closed","template":"","meta":{"_acf_changed":false,"footnotes":"","_links_to":"","_links_to_target":""},"product_category":[1482,1461,1475],"search_tags":[1625,1626,1489,1515,1795,1787],"class_list":["post-59703","page","type-page","status-publish","product_category-marine-services-division-msd","product_category-oceaneering-technologies-otech","product_category-space-systems","search_tags-msd","search_tags-navy","search_tags-otech","search_tags-oss","search_tags-robotics-and-automation","search_tags-space-systems"],"acf":[],"aioseo_notices":[],"_links":{"self":[{"href":"https:\/\/www.oceaneering.com\/es\/wp-json\/wp\/v2\/pages\/59703","targetHints":{"allow":["GET"]}}],"collection":[{"href":"https:\/\/www.oceaneering.com\/es\/wp-json\/wp\/v2\/pages"}],"about":[{"href":"https:\/\/www.oceaneering.com\/es\/wp-json\/wp\/v2\/types\/page"}],"author":[{"embeddable":true,"href":"https:\/\/www.oceaneering.com\/es\/wp-json\/wp\/v2\/users\/19"}],"replies":[{"embeddable":true,"href":"https:\/\/www.oceaneering.com\/es\/wp-json\/wp\/v2\/comments?post=59703"}],"version-history":[{"count":2,"href":"https:\/\/www.oceaneering.com\/es\/wp-json\/wp\/v2\/pages\/59703\/revisions"}],"predecessor-version":[{"id":80147,"href":"https:\/\/www.oceaneering.com\/es\/wp-json\/wp\/v2\/pages\/59703\/revisions\/80147"}],"wp:attachment":[{"href":"https:\/\/www.oceaneering.com\/es\/wp-json\/wp\/v2\/media?parent=59703"}],"wp:term":[{"taxonomy":"product_category","embeddable":true,"href":"https:\/\/www.oceaneering.com\/es\/wp-json\/wp\/v2\/product_category?post=59703"},{"taxonomy":"search_tags","embeddable":true,"href":"https:\/\/www.oceaneering.com\/es\/wp-json\/wp\/v2\/search_tags?post=59703"}],"curies":[{"name":"wp","href":"https:\/\/api.w.org\/{rel}","templated":true}]}}