{"id":5,"date":"2017-05-24T17:12:39","date_gmt":"2017-05-24T17:12:39","guid":{"rendered":"http:\/\/ctframework.wpengine.com\/?page_id=5"},"modified":"2026-03-04T05:39:32","modified_gmt":"2026-03-04T11:39:32","slug":"home","status":"publish","type":"page","link":"https:\/\/www.oceaneering.com\/es\/","title":{"rendered":"Inicio"},"content":{"rendered":"Una nueva potencia en rob\u00f3tica\n<h1>\n\t\tPresentamos el ROV el\u00e9ctrico Momentum\u2122 para trabajos pesados\n\t<\/h1>\n\n\t\tEste sistema de propulsi\u00f3n el\u00e9ctrica de \u00faltima generaci\u00f3n permite realizar campa\u00f1as submarinas prolongadas de hasta 30 d\u00edas sin necesidad de mantenimiento en entornos complejos.\n\t\n\t\t\t<a href=\"https:\/\/www.oceaneering.com\/es\/rov-services\/rov-systems\/momentum-electric-rov\/\" target=\"_self\">\n\t\t\t\t\t\t\tM\u00e1s informaci\u00f3n\n\t\t\t<\/a>\n\t\t\t\t<img decoding=\"async\" src=\"https:\/\/oceaneering.com\/wp-content\/uploads\/2024\/01\/Group-2772.png\" alt=\"Group 2772\" itemprop=\"image\" title=\"Grupo 2772\" onerror=\"this.style.display='none'\"  \/>\n<h2>\n\t\tComprometidos con la seguridad y la calidad \n\t<\/h2>\n\n\t\tGracias a nuestra avanzada experiencia en ingenier\u00eda y a nuestra tecnolog\u00eda puntera, ofrecemos soluciones y servicios integrados que responden a sus retos espec\u00edficos de forma segura.\n\t\n\t\t\t<a href=\"https:\/\/www.oceaneering.com\/es\/contact-us\/\" target=\"_self\">\n\t\t\t\t\t\t\tDebatir un proyecto\n\t\t\t<\/a>\n<h2>\n\t\tFerias, seminarios web y eventos\n\t<\/h2>\n\n\t\tInteract\u00fae con los expertos en la materia de Oceaneering en nuestros seminarios web, eventos para clientes, ferias comerciales y eventos del sector para descubrir c\u00f3mo resolvemos lo irresoluble con nuestras tecnolog\u00edas avanzadas.\n\t\n\t\t\t<a href=\"https:\/\/www.oceaneering.com\/es\/news-media\/events\/\" target=\"_self\">\n\t\t\t\t\t\t\tVer todos\n\t\t\t<\/a>\n<h2>\n\t\tSuperar las expectativas\n\t<\/h2>\n\t<p>Entendemos los complejos problemas a los que se enfrenta y estamos aqu\u00ed para simplificar y potenciar sus operaciones y proyectos, desde los m\u00e1s rutinarios a los m\u00e1s extremos.<\/p>\n\t\t<!-- Comment to fix spacing issue\n\t-->\n\t\t0 Years\n\t<!-- Comment to fix spacing issue\n\t-->\t\n\n\t\tde ofrecer soluciones optimizadas\n\t\n\t\t<!-- Comment to fix spacing issue\n\t-->\n\t\t0+\n\t<!-- Comment to fix spacing issue\n\t-->\t\n\n\t\templeados con experiencia que ofrecen resultados\n\t\n\t\t<!-- Comment to fix spacing issue\n\t-->\n\t\t0+\n\t<!-- Comment to fix spacing issue\n\t-->\t\n\n\t\tbases operativas en 24 pa\u00edses de seis continentes\n\t\n\t\t\t\t\t\t\t\t\t<h3>Soluciones reales e impactantes.<\/h3>\n\t\t\t\t\t\t\t\t\t<p>Descubra c\u00f3mo nuestras innovaciones creativas convierten los retos en oportunidades, ofreciendo resultados tangibles en los que puede confiar.<\/p>\n\t\t\t\t\t\t<a href=\"https:\/\/www.oceaneering.com\/es\/resources\/?_content_types=case-study\" target=\"_self\">\n\t\t\t\t\t\t\t\tVer todos los casos pr\u00e1cticos\t\t\t\t\t\t\t\n\t\t\t\t\t\t\t\t\t\t\t\t\t<\/a>\n\t\t\t\t\t\t<button>\n\t\t\t\t\t\t\tAnterior\n\t\t\t\t\t\t<\/button>\n\t\t\t\t\t\t<button>\n\t\t\t\t\t\t\tSiguiente\n\t\t\t\t\t\t<\/button>\n\t\t\t\t\t\t\t<a href=\"https:\/\/www.oceaneering.com\/es\/case-studies\/template-case-study\/\">\n\t\t\t\t\t\t\t\t\t\t<img decoding=\"async\" src=\"\" alt=\"\"\/>\n\t\t\t\t\t\t\t\t\t\t<h3>Private: Template Case Study<\/h3>\n\t\t\t\t\t\t\t\t\t\t<h3>Private: Template Case Study<\/h3>\n\t\t\t\t\t\t\t\t\t\t\t\t\t\t\t\t\t\t\t\t\t<p>Challenges Lorem ipsum dolor sit amet, consectetur adipiscing elit. Nunc luctus sapien nec egestas rutrum. Sed sagittis ex&#8230;<\/p>\n\t\t\t\t\t\t\t\t\t\t\tM\u00e1s informaci\u00f3n\n\t\t\t\t\t\t\t<\/a>\n\t\t\t\t\t\t\t<a href=\"https:\/\/www.oceaneering.com\/es\/case-studies\/high-precision-subsea-survey-and-torpedo-anchor-support-for-fpso-mooring-line-hook-up\/\">\n\t\t\t\t\t\t\t\t\t\t<img decoding=\"async\" src=\"https:\/\/www.oceaneering.com\/wp-content\/uploads\/2026\/03\/Torpedo-Survey-1-copy.webp\" alt=\"\"\/>\n\t\t\t\t\t\t\t\t\t\t<h3>Private: High-Precision Subsea Survey and Torpedo Anchor Support for FPSO Mooring Line Hook Up<\/h3>\n\t\t\t\t\t\t\t\t\t\t<h3>Private: High-Precision Subsea Survey and Torpedo Anchor Support for FPSO Mooring Line Hook Up<\/h3>\n\t\t\t\t\t\t\t\t\t\t\t\t\t\t\t\t\t\t\t\t\t<p>In 2025, our team completed a multi-year project focused on survey and installation scopes for a floating&#8230;<\/p>\n\t\t\t\t\t\t\t\t\t\t\tM\u00e1s informaci\u00f3n\n\t\t\t\t\t\t\t<\/a>\n\t\t\t\t\t\t\t<a href=\"https:\/\/www.oceaneering.com\/es\/case-studies\/delivering-fpso-life-extension-through-integrated-offshore-operations\/\">\n\t\t\t\t\t\t\t\t\t\t<img decoding=\"async\" src=\"https:\/\/www.oceaneering.com\/wp-content\/uploads\/2026\/01\/Single-Vessel-3-copy.webp\" alt=\"Oceaneering ROV and a diver work subsea in tandem on a large piece of subsea infrastructure in order to extend the life of an FPSO offshore Angola.\"\/>\n\t\t\t\t\t\t\t\t\t\t<h3>Ampliaci\u00f3n de la vida \u00fatil de las FPSO mediante operaciones mar\u00edtimas integradas<\/h3>\n\t\t\t\t\t\t\t\t\t\t<h3>Ampliaci\u00f3n de la vida \u00fatil de las FPSO mediante operaciones mar\u00edtimas integradas<\/h3>\n\t\t\t\t\t\t\t\t\t\t\t\t\t\t\t\t\t\t\t\t\t<p>In April 2025, Ocean Installer and Oceaneering successfully completed a significant collaborative project for a major life&#8230;<\/p>\n\t\t\t\t\t\t\t\t\t\t\tM\u00e1s informaci\u00f3n\n\t\t\t\t\t\t\t<\/a>\n\t\t\t\t\t\t\t<a href=\"https:\/\/www.oceaneering.com\/es\/case-studies\/automating-success-compactmover-agv-integration-at-ausnutria\/\">\n\t\t\t\t\t\t\t\t\t\t<img decoding=\"async\" src=\"https:\/\/www.oceaneering.com\/wp-content\/uploads\/2026\/01\/OMR-Case-study-scaled.webp\" alt=\"CompactMover\u2122 AGV integration transporting large bulk bags on pallets in an automated intralogistics environment at Ausnutria\"\/>\n\t\t\t\t\t\t\t\t\t\t<h3>Automatizaci\u00f3n del \u00e9xito: integraci\u00f3n de AGV CompactMover\u2122 en Ausnutria<\/h3>\n\t\t\t\t\t\t\t\t\t\t<h3>Automatizaci\u00f3n del \u00e9xito: integraci\u00f3n de AGV CompactMover\u2122 en Ausnutria<\/h3>\n\t\t\t\t\t\t\t\t\t\t\t\t\t\t\t\t\t\t\t\t\t<p>Ausnutria, a leading infant nutrition producer based in the Netherlands, integrated four automated guided vehicles at one&#8230;<\/p>\n\t\t\t\t\t\t\t\t\t\t\tM\u00e1s informaci\u00f3n\n\t\t\t\t\t\t\t<\/a>\n\t\t\t\t\t\t\t<a href=\"https:\/\/www.oceaneering.com\/es\/case-studies\/fracture-mechanics-assessment-of-non-impact-tested-c-steel-pipework-at-risk-of-cold-temperature-exposu\/\">\n\t\t\t\t\t\t\t\t\t\t<img decoding=\"async\" src=\"https:\/\/www.oceaneering.com\/wp-content\/uploads\/2026\/01\/OMR-Case-study-scaled.webp\" alt=\"CompactMover\u2122 AGV integration transporting large bulk bags on pallets in an automated intralogistics environment at Ausnutria\"\/>\n\t\t\t\t\t\t\t\t\t\t<h3>Private: Fracture Mechanics Assessment of Non-Impact-Tested C-Steel Pipework at Risk of Cold Temperature Exposu<\/h3>\n\t\t\t\t\t\t\t\t\t\t<h3>Private: Fracture Mechanics Assessment of Non-Impact-Tested C-Steel Pipework at Risk of Cold Temperature Exposu<\/h3>\n\t\t\t\t\t\t\t\t\t\t\t\t\t\t\t\t\t\t\t\t\t<p>During shutdown preparation at a 20-year-old natural gas processing facility in the Asia-Pacific region, our client faced&#8230;<\/p>\n\t\t\t\t\t\t\t\t\t\t\tM\u00e1s informaci\u00f3n\n\t\t\t\t\t\t\t<\/a>\n\t\t\t\t\t\t\t<a href=\"https:\/\/www.oceaneering.com\/es\/case-studies\/delivering-confidence-through-hisc-assessment-of-subsea-cra-pipelines\/\">\n\t\t\t\t\t\t\t\t\t\t<img decoding=\"async\" src=\"https:\/\/www.oceaneering.com\/wp-content\/uploads\/2026\/01\/OMR-Case-study-scaled.webp\" alt=\"CompactMover\u2122 AGV integration transporting large bulk bags on pallets in an automated intralogistics environment at Ausnutria\"\/>\n\t\t\t\t\t\t\t\t\t\t<h3>Private: Delivering Confidence Through HISC Assessment of Subsea CRA Pipelines<\/h3>\n\t\t\t\t\t\t\t\t\t\t<h3>Private: Delivering Confidence Through HISC Assessment of Subsea CRA Pipelines<\/h3>\n\t\t\t\t\t\t\t\t\t\t\t\t\t\t\t\t\t\t\t\t\t<p>Pipeline integrity is essential for safe, reliable offshore operations. We were engaged to assess hydrogen-induced stress cracking&#8230;<\/p>\n\t\t\t\t\t\t\t\t\t\t\tM\u00e1s informaci\u00f3n\n\t\t\t\t\t\t\t<\/a>\n\t\t\t\t\t\t\t<a href=\"https:\/\/www.oceaneering.com\/es\/case-studies\/solving-the-challenges-of-fabric-maintenance-leveraging-software-platform-to-increase-efficiency-and-cost-savings\/\">\n\t\t\t\t\t\t\t\t\t\t<img decoding=\"async\" src=\"https:\/\/www.oceaneering.com\/wp-content\/uploads\/2023\/11\/shutterstock_164419370-1.jpg\" alt=\"Offshore oil and gas platform.\"\/>\n\t\t\t\t\t\t\t\t\t\t<h3>Private: SOLVing the Challenges of Fabric Maintenance: Leveraging Software Platform to Increase Efficiency and Cost Savings<\/h3>\n\t\t\t\t\t\t\t\t\t\t<h3>Private: SOLVing the Challenges of Fabric Maintenance: Leveraging Software Platform to Increase Efficiency and Cost Savings<\/h3>\n\t\t\t\t\t\t\t\t\t\t\t\t\t\t\t\t\t\t\t\t\t<p>Oceaneering recently completed year 12 of an ongoing SOLV program for a major energy producer and their&#8230;<\/p>\n\t\t\t\t\t\t\t\t\t\t\tM\u00e1s informaci\u00f3n\n\t\t\t\t\t\t\t<\/a>\n\t\t\t\t\t\t\t<a href=\"https:\/\/www.oceaneering.com\/es\/case-studies\/tennis-ball-sized-technology-overcomes-common-pigging-issues-to-improve-pipeline-inspection\/\">\n\t\t\t\t\t\t\t\t\t\t<img decoding=\"async\" src=\"https:\/\/www.oceaneering.com\/wp-content\/uploads\/2025\/11\/Pipe.webp\" alt=\"\"\/>\n\t\t\t\t\t\t\t\t\t\t<h3>Una tecnolog\u00eda del tama\u00f1o de una pelota de tenis supera los problemas habituales del pigging para mejorar la inspecci\u00f3n de tuber\u00edas<\/h3>\n\t\t\t\t\t\t\t\t\t\t<h3>Una tecnolog\u00eda del tama\u00f1o de una pelota de tenis supera los problemas habituales del pigging para mejorar la inspecci\u00f3n de tuber\u00edas<\/h3>\n\t\t\t\t\t\t\t\t\t\t\t\t\t\t\t\t\t\t\t\t\t<p>Faced with mounting challenges and an inspection backlog in their pipeline inspection program, a client needed a&#8230;<\/p>\n\t\t\t\t\t\t\t\t\t\t\tM\u00e1s informaci\u00f3n\n\t\t\t\t\t\t\t<\/a>\n\t\t\t\t\t\t\t<a href=\"https:\/\/www.oceaneering.com\/es\/case-studies\/successful-special-periodic-survey-sps-and-under-water-inspection-in-lieu-of-dry-docking-uwild-scope-enables-client-to-remain-on-critical-path\/\">\n\t\t\t\t\t\t\t\t\t\t<img decoding=\"async\" src=\"https:\/\/www.oceaneering.com\/wp-content\/uploads\/2025\/09\/170-copy.webp\" alt=\"Image of underwater inspection of a vessel's outlet valves.\"\/>\n\t\t\t\t\t\t\t\t\t\t<h3>El \u00e9xito de la inspecci\u00f3n peri\u00f3dica especial (SPS) y la inspecci\u00f3n submarina en lugar del dique seco (UWILD) permiten al cliente mantenerse en la ruta cr\u00edtica.<\/h3>\n\t\t\t\t\t\t\t\t\t\t<h3>El \u00e9xito de la inspecci\u00f3n peri\u00f3dica especial (SPS) y la inspecci\u00f3n submarina en lugar del dique seco (UWILD) permiten al cliente mantenerse en la ruta cr\u00edtica.<\/h3>\n\t\t\t\t\t\t\t\t\t\t\t\t\t\t\t\t\t\t\t\t\t<p>In 2025, we completed an SPS UWILD onboard a 7th generation drillship. Having successfully delivered multiple global&#8230;<\/p>\n\t\t\t\t\t\t\t\t\t\t\tM\u00e1s informaci\u00f3n\n\t\t\t\t\t\t\t<\/a>\n\t\t\t\t\t\t\t<a href=\"https:\/\/www.oceaneering.com\/es\/case-studies\/integrated-team-completes-fpso-mooring-line-inspection-off-coast-of-guyana\/\">\n\t\t\t\t\t\t\t\t\t\t<img decoding=\"async\" src=\"https:\/\/www.oceaneering.com\/wp-content\/uploads\/2025\/05\/FPSO-vessel.webp\" alt=\"Floating production storage and offloading (FPSO) vessel offshore.\"\/>\n\t\t\t\t\t\t\t\t\t\t<h3>Un equipo integrado completa la inspecci\u00f3n de las l\u00edneas de amarre de la FPSO frente a la costa de Guyana<\/h3>\n\t\t\t\t\t\t\t\t\t\t<h3>Un equipo integrado completa la inspecci\u00f3n de las l\u00edneas de amarre de la FPSO frente a la costa de Guyana<\/h3>\n\t\t\t\t\t\t\t\t\t\t\t\t\t\t\t\t\t\t\t\t\t<p>In June 2024, we successfully completed a significant mooring line inspection scope for two floating production, storage,&#8230;<\/p>\n\t\t\t\t\t\t\t\t\t\t\tM\u00e1s informaci\u00f3n\n\t\t\t\t\t\t\t<\/a>\n\t\tCarreras profesionales\n<h2>\n\t\t\u00bfListo para forjar un nuevo camino?\n\t<\/h2>\n\n\t\tEstamos redefiniendo el trabajo como puerta de acceso a soluciones transformadoras que reconfiguran los sectores. Su oportunidad de ser pionero del futuro empieza aqu\u00ed, donde nuestro compromiso con la innovaci\u00f3n, la seguridad y la sostenibilidad impulsa cada esfuerzo.\n\t\n\t\t\t<a href=\"https:\/\/www.oceaneering.com\/es\/careers\/\" target=\"_self\">\n\t\t\t\t\t\t\tCrea tu pr\u00f3xima aventura\n\t\t\t\t\t<\/a>\n\t\t\t\t<img decoding=\"async\" src=\"https:\/\/oceaneering.com\/wp-content\/uploads\/2024\/01\/Group-2768.png\" alt=\"Group 2768\" itemprop=\"image\" title=\"Grupo 2768\" onerror=\"this.style.display='none'\"  \/>\n<h2>\n\t\t\u00daltimas noticias\n\t<\/h2>\n\t\t\t<a href='https:\/\/www.oceaneering.com\/es\/oceaneering-secures-multi-year-inspection-contract-extension-in-norway\/' title='Oceaneering consigue la renovaci\u00f3n de un contrato de inspecci\u00f3n plurianual en Noruega'><img width=\"1024\" height=\"683\" src=\"https:\/\/www.oceaneering.com\/wp-content\/uploads\/2023\/12\/19GR-0099-edited-1024x683.jpg\" alt=\"Rope Access Inspection\" itemprop=\"image\" decoding=\"async\" loading=\"lazy\" srcset=\"https:\/\/www.oceaneering.com\/wp-content\/uploads\/2023\/12\/19GR-0099-edited-1024x683.jpg 1024w, https:\/\/www.oceaneering.com\/wp-content\/uploads\/2023\/12\/19GR-0099-edited-300x200.jpg 300w, https:\/\/www.oceaneering.com\/wp-content\/uploads\/2023\/12\/19GR-0099-edited-768x512.jpg 768w, https:\/\/www.oceaneering.com\/wp-content\/uploads\/2023\/12\/19GR-0099-edited-1536x1024.jpg 1536w, https:\/\/www.oceaneering.com\/wp-content\/uploads\/2023\/12\/19GR-0099-edited-2048x1366.jpg 2048w, https:\/\/www.oceaneering.com\/wp-content\/uploads\/2023\/12\/19GR-0099-edited-18x12.jpg 18w\" sizes=\"auto, (max-width: 1024px) 100vw, 1024px\" title=\"Inspecci\u00f3n de trabajos verticales en cuerda | Oceaneering\" \/><\/a>\n\t\t1\/22\/2026\n\t<h3><a href='https:\/\/www.oceaneering.com\/es\/oceaneering-secures-multi-year-inspection-contract-extension-in-norway\/' title='Oceaneering consigue la renovaci\u00f3n de un contrato de inspecci\u00f3n plurianual en Noruega'>Oceaneering consigue la renovaci\u00f3n de un contrato de inspecci\u00f3n plurianual en Noruega<\/a><\/h3>\n    \t<p>Houston &#8211; Oceaneering International, Inc. announced that its Integrity Management and Digital Solutions (IMDS) business has secured a four-year extension&#8230;<\/p>\n\t\t<a href=\"https:\/\/www.oceaneering.com\/es\/oceaneering-secures-multi-year-inspection-contract-extension-in-norway\/\">Seguir leyendo <\/a>\n\t\t\t<a href='https:\/\/www.oceaneering.com\/es\/oceaneering-wins-asqe-diamond-award-for-quality-excellence\/' title='Oceaneering gana el premio ASQE Diamond Award a la excelencia en calidad'><img width=\"1024\" height=\"819\" src=\"https:\/\/www.oceaneering.com\/wp-content\/uploads\/2025\/12\/News-Quality-Diamond-Award2025-web-1024x819.jpg\" alt=\"ASQE Diamond Award\" itemprop=\"image\" decoding=\"async\" loading=\"lazy\" srcset=\"https:\/\/www.oceaneering.com\/wp-content\/uploads\/2025\/12\/News-Quality-Diamond-Award2025-web-1024x819.jpg 1024w, https:\/\/www.oceaneering.com\/wp-content\/uploads\/2025\/12\/News-Quality-Diamond-Award2025-web-300x240.jpg 300w, https:\/\/www.oceaneering.com\/wp-content\/uploads\/2025\/12\/News-Quality-Diamond-Award2025-web-768x614.jpg 768w, https:\/\/www.oceaneering.com\/wp-content\/uploads\/2025\/12\/News-Quality-Diamond-Award2025-web-1536x1229.jpg 1536w, https:\/\/www.oceaneering.com\/wp-content\/uploads\/2025\/12\/News-Quality-Diamond-Award2025-web-15x12.jpg 15w, https:\/\/www.oceaneering.com\/wp-content\/uploads\/2025\/12\/News-Quality-Diamond-Award2025-web.jpg 2046w\" sizes=\"auto, (max-width: 1024px) 100vw, 1024px\" title=\"Premio ASQEDiamond | Oceaneering\" \/><\/a>\n\t\t12\/10\/2025\n\t<h3><a href='https:\/\/www.oceaneering.com\/es\/oceaneering-wins-asqe-diamond-award-for-quality-excellence\/' title='Oceaneering gana el premio ASQE Diamond Award a la excelencia en calidad'>Oceaneering gana el premio ASQE Diamond Award a la excelencia en calidad<\/a><\/h3>\n    \t<p>Houston, Texas &#8211; Oceaneering International, Inc. has been honored with the American Society for Quality and Excellence (ASQE) Diamond Award,&#8230;<\/p>\n\t\t<a href=\"https:\/\/www.oceaneering.com\/es\/oceaneering-wins-asqe-diamond-award-for-quality-excellence\/\">Seguir leyendo <\/a>\n\t\t\t<a href='https:\/\/www.oceaneering.com\/es\/oceaneering-expands-vision-platform-with-subsea-module-for-engineering%e2%80%91grade-integrity-visualization\/' title='Oceaneering ampl\u00eda la plataforma Vision\u2122 con un m\u00f3dulo submarino para la visualizaci\u00f3n de la integridad a nivel de ingenier\u00eda'><img width=\"1024\" height=\"576\" src=\"https:\/\/www.oceaneering.com\/wp-content\/uploads\/2025\/11\/Vision-subsea3-1024x576.webp\" alt=\"Digital X ray visualization of a vessel\" itemprop=\"image\" decoding=\"async\" loading=\"lazy\" srcset=\"https:\/\/www.oceaneering.com\/wp-content\/uploads\/2025\/11\/Vision-subsea3-1024x576.webp 1024w, https:\/\/www.oceaneering.com\/wp-content\/uploads\/2025\/11\/Vision-subsea3-300x169.webp 300w, https:\/\/www.oceaneering.com\/wp-content\/uploads\/2025\/11\/Vision-subsea3-768x432.webp 768w, https:\/\/www.oceaneering.com\/wp-content\/uploads\/2025\/11\/Vision-subsea3-1536x864.webp 1536w, https:\/\/www.oceaneering.com\/wp-content\/uploads\/2025\/11\/Vision-subsea3-2048x1152.webp 2048w, https:\/\/www.oceaneering.com\/wp-content\/uploads\/2025\/11\/Vision-subsea3-18x10.webp 18w, https:\/\/www.oceaneering.com\/wp-content\/uploads\/2025\/11\/Vision-subsea3-1280x720.webp 1280w, https:\/\/www.oceaneering.com\/wp-content\/uploads\/2025\/11\/Vision-subsea3-960x540.webp 960w, https:\/\/www.oceaneering.com\/wp-content\/uploads\/2025\/11\/Vision-subsea3-640x360.webp 640w, https:\/\/www.oceaneering.com\/wp-content\/uploads\/2025\/11\/Vision-subsea3-320x180.webp 320w\" sizes=\"auto, (max-width: 1024px) 100vw, 1024px\" title=\"Visi\u00f3n submarina 3 | Oceaneering\" \/><\/a>\n\t\t11\/4\/2025\n\t<h3><a href='https:\/\/www.oceaneering.com\/es\/oceaneering-expands-vision-platform-with-subsea-module-for-engineering%e2%80%91grade-integrity-visualization\/' title='Oceaneering ampl\u00eda la plataforma Vision\u2122 con un m\u00f3dulo submarino para la visualizaci\u00f3n de la integridad a nivel de ingenier\u00eda'>Oceaneering ampl\u00eda la plataforma Vision\u2122 con un m\u00f3dulo submarino para la visualizaci\u00f3n de la integridad a nivel de ingenier\u00eda<\/a><\/h3>\n    \t<p>Abu Dhabi, UAE &#8211; Oceaneering International, Inc. today announced Vision\u2122 Subsea, a new module within the cloud\u2011based Vision\u2122 3D data&#8230;<\/p>\n\t\t<a href=\"https:\/\/www.oceaneering.com\/es\/oceaneering-expands-vision-platform-with-subsea-module-for-engineering%e2%80%91grade-integrity-visualization\/\">Seguir leyendo <\/a>\n\t\t<!-- .pp-content-posts -->\n\t\t\t<a href=\"https:\/\/www.oceaneering.com\/es\/blog\/\" target=\"_self\">\n\t\t\t\t\t\t\tVer todas las noticias\n\t\t\t\t\t<\/a>","protected":false},"excerpt":{"rendered":"<p>A New Robotics Powerhouse Introducing the Momentum\u2122 Electric Work Class ROV This next-generation electric-propulsion system supports extended subsea campaigns with up to 30 days no\u2011touch maintenance in complex environments. Learn More Committed to Safety, Security, and Quality With advanced engineering expertise and leading technology, we provide integrated solutions and services that address your unique challenges-safely &#8230; <a title=\"Inicio\" class=\"read-more\" href=\"https:\/\/www.oceaneering.com\/es\/\" aria-label=\"Leer m\u00e1s sobre Inicio\">Seguir leyendo<\/a><\/p>","protected":false},"author":7,"featured_media":0,"parent":0,"menu_order":0,"comment_status":"closed","ping_status":"closed","template":"","meta":{"_acf_changed":false,"footnotes":"","_links_to":"","_links_to_target":""},"product_category":[],"search_tags":[1865,1867],"class_list":["post-5","page","type-page","status-publish","search_tags-about","search_tags-homepage"],"acf":[],"aioseo_notices":[],"_links":{"self":[{"href":"https:\/\/www.oceaneering.com\/es\/wp-json\/wp\/v2\/pages\/5","targetHints":{"allow":["GET"]}}],"collection":[{"href":"https:\/\/www.oceaneering.com\/es\/wp-json\/wp\/v2\/pages"}],"about":[{"href":"https:\/\/www.oceaneering.com\/es\/wp-json\/wp\/v2\/types\/page"}],"author":[{"embeddable":true,"href":"https:\/\/www.oceaneering.com\/es\/wp-json\/wp\/v2\/users\/7"}],"replies":[{"embeddable":true,"href":"https:\/\/www.oceaneering.com\/es\/wp-json\/wp\/v2\/comments?post=5"}],"version-history":[{"count":18,"href":"https:\/\/www.oceaneering.com\/es\/wp-json\/wp\/v2\/pages\/5\/revisions"}],"predecessor-version":[{"id":81324,"href":"https:\/\/www.oceaneering.com\/es\/wp-json\/wp\/v2\/pages\/5\/revisions\/81324"}],"wp:attachment":[{"href":"https:\/\/www.oceaneering.com\/es\/wp-json\/wp\/v2\/media?parent=5"}],"wp:term":[{"taxonomy":"product_category","embeddable":true,"href":"https:\/\/www.oceaneering.com\/es\/wp-json\/wp\/v2\/product_category?post=5"},{"taxonomy":"search_tags","embeddable":true,"href":"https:\/\/www.oceaneering.com\/es\/wp-json\/wp\/v2\/search_tags?post=5"}],"curies":[{"name":"wp","href":"https:\/\/api.w.org\/{rel}","templated":true}]}}