{"id":2682,"date":"2023-10-17T10:52:27","date_gmt":"2023-10-17T14:52:27","guid":{"rendered":"https:\/\/oceaneering.com\/?page_id=2682"},"modified":"2026-02-13T07:19:39","modified_gmt":"2026-02-13T13:19:39","slug":"remote-services","status":"publish","type":"page","link":"https:\/\/www.oceaneering.com\/es\/remote-services\/","title":{"rendered":"Servicios a distancia"},"content":{"rendered":"<a href=\"https:\/\/www.oceaneering.com\/es\/remote-services\/#contact\" target=\"_self\">\n\t\t\t\t\t\t\tDebatir un proyecto\n\t\t\t\t\t<\/a>\n<h1>\n\t\tServicios a distancia\n\t<\/h1>\n\n\t\tReplantearse el modo en que se gestionan las operaciones extraterritoriales de principio a fin.\n\t\n<h2>\n\t\tGestione sus operaciones offshore desde tierra firme\n\t<\/h2>\n\n\t\tLa experiencia de Oceaneering en alta mar, junto con un elevado tiempo de actividad y comunicaciones, permite la supervisi\u00f3n, ejecuci\u00f3n y toma de decisiones en tiempo real. Con sus operaciones remotas ejecutadas desde una base en tierra, puede aumentar la flexibilidad operativa, reducir la huella de carbono y disminuir el riesgo para los empleados.\n\t\n\t\t\t\t<img decoding=\"async\" src=\"https:\/\/oceaneering.com\/wp-content\/uploads\/2023\/10\/The-Heart-of-the-operation-square.jpeg\" alt=\"The-Heart-of-the-operation-square\" itemprop=\"image\" title=\"El-coraz\u00f3n-de-la-operaci\u00f3n-cuadrado\" onerror=\"this.style.display='none'\"  \/>\n<h2>\n\t\tBeneficios\n\t<\/h2>\n\t\t\t\t<img decoding=\"async\" src=\"https:\/\/oceaneering.com\/wp-content\/uploads\/2023\/10\/Reduction-no-circle-01-250x250-1.png\" alt=\"Reduction-no-circle-01-250x250\" itemprop=\"image\" title=\"Reduction-no-circle-01-250x250\" onerror=\"this.style.display='none'\"  \/>\n<h3>\n\t\tReduzca sus emisiones de CO2\n\t<\/h3>\n\t\t\t\t<img decoding=\"async\" src=\"https:\/\/oceaneering.com\/wp-content\/uploads\/2023\/10\/Vessel-01-250x250-1.png\" alt=\"Vessel-01-250x250\" itemprop=\"image\" title=\"Recipiente-01-250x250\" onerror=\"this.style.display='none'\"  \/>\n<h3>\n\t\tMejorar la gesti\u00f3n del espacio en cubierta\n\t<\/h3>\n\t\t\t\t<img decoding=\"async\" src=\"https:\/\/oceaneering.com\/wp-content\/uploads\/2023\/10\/Intervention-Tasks-01-250x250-1.png\" alt=\"Intervention-Tasks-01-250x250\" itemprop=\"image\" title=\"Intervention-Tasks-01-250x250\" onerror=\"this.style.display='none'\"  \/>\n<h3>\n\t\tMejorar la flexibilidad en el extranjero\n\t<\/h3>\n\t\t\t\t<img decoding=\"async\" src=\"https:\/\/oceaneering.com\/wp-content\/uploads\/2023\/10\/Conclusion-1-no-circle-01-250x250-1.png\" alt=\"Conclusion-1-no-circle-01-250x250\" itemprop=\"image\" title=\"Conclusion-1-no-circle-01-250x250\" onerror=\"this.style.display='none'\"  \/>\n<h3>\n\t\tAumentar la productividad\n\t<\/h3>\n\t\t\t\t<img decoding=\"async\" src=\"https:\/\/oceaneering.com\/wp-content\/uploads\/2023\/10\/POB-no-circle-01-250x250-1.png\" alt=\"POB-no-circle-01-250x250\" itemprop=\"image\" title=\"POB-no-circle-01-250x250\" onerror=\"this.style.display='none'\"  \/>\n<h3>\n\t\tReduzca su POB\n\t<\/h3>\n\t\t\t\t<img decoding=\"async\" src=\"https:\/\/oceaneering.com\/wp-content\/uploads\/2023\/10\/Savings-no-circle-01-250x250-1.png\" alt=\"Savings-no-circle-01-250x250\" itemprop=\"image\" title=\"Savings-no-circle-01-250x250\" onerror=\"this.style.display='none'\"  \/>\n<h3>\n\t\tAhorro log\u00edstico\n\t<\/h3>\n\t\t\t\t<img decoding=\"async\" src=\"https:\/\/oceaneering.com\/wp-content\/uploads\/2023\/10\/Contracts-no-circle-01-250x250-1.png\" alt=\"Contracts-no-circle-01-250x250\" itemprop=\"image\" title=\"Contracts-no-circle-01-250x250\" onerror=\"this.style.display='none'\"  \/>\n<h3>\n\t\tContratos gestionados\n\t<\/h3>\n\t\t\t\t<img decoding=\"async\" src=\"https:\/\/oceaneering.com\/wp-content\/uploads\/2023\/10\/Schedule-no-circle-01-250x250-1.png\" alt=\"Schedule-no-circle-01-250x250\" itemprop=\"image\" title=\"Schedule-no-circle-01-250x250\" onerror=\"this.style.display='none'\"  \/>\n<h3>\n\t\tHorario reducido\n\t<\/h3>\n\t\t\t\t<img decoding=\"async\" src=\"https:\/\/oceaneering.com\/wp-content\/uploads\/2023\/10\/Streamline-Data-sw-01-250x250-1.png\" alt=\"Streamline-Data-sw-01-250x250\" itemprop=\"image\" title=\"Streamline-Data-sw-01-250x250\" onerror=\"this.style.display='none'\"  \/>\n<h3>\n\t\tRacionalice la recogida de datos y tome decisiones m\u00e1s r\u00e1pidas y precisas\n\t<\/h3>\n<h2>\n\t\tAproveche nuestra experiencia\n\t<\/h2>\n\n\t\tA medida que el mundo se vuelve m\u00e1s interconectado y orientado a la comunicaci\u00f3n, Oceaneering ha dado un paso m\u00e1s y ha trasladado al personal que ejecuta las operaciones a <a rel=\"noopener\" href=\"https:\/\/www.oceaneering.com\/es\/remote-services\/onshore-remote-operations-centers-orocs\/\">Centros de operaciones remotas en tierra<\/a> (OROC). Oceaneering started its first OROC in Stavanger, Norway, in 2015. We have expanded across the globe with dedicated sites in Morgan City, Louisiana; Maca\u00e9, Brazil, and Aberdeen, UK. Additional locations can easily be added in other locations near the customer&#8217;s operations base.\n\t\n\t\t\t<img decoding=\"async\" src=\"https:\/\/oceaneering.com\/wp-content\/uploads\/2023\/11\/website-thumbnail-201987.jpeg\" title=\"website-thumbnail-201987\" alt=\"\" \/>\t\t\t\t\t\t\t\n\t\t\t\t\tReproducir v\u00eddeo\n<h2>\n\t\tTecnolog\u00eda de Pilotaje a Distancia y Control Automatizado (RPACT)\n\t<\/h2>\n\t<p>Nuestras instalaciones OROC incorporan nuestra emblem\u00e1tica Tecnolog\u00eda de Pilotaje Remoto y Control Automatizado (RPACT), que permite el pilotaje completo de ROV a trav\u00e9s de tecnolog\u00edas de conexi\u00f3n virtual como radiofrecuencia (RF) de buque a buque, sat\u00e9lite\/Internet o enlace \u00f3ptico submarino. El software tambi\u00e9n permite el control colaborativo, por ejemplo, el piloto en tierra pilota el ROV mientras el piloto en alta mar maneja los manipuladores.<\/p>\n<p>Complementado con comandos preprogramados y automatizados, RPACT utiliza un software de procesamiento de v\u00eddeo que analiza el v\u00eddeo, determina las distancias espaciales y reconoce las formas para permitir el movimiento manos libres del ROV. Esto proporciona una ayuda esencial al piloto mientras opera el ROV a trav\u00e9s de enlaces de comunicaci\u00f3n de larga latencia.<\/p>\n\t\t\t<a href=\"https:\/\/oceaneering.canto.com\/download\/document\/idcngclcrt2jj53n44fmeko32f\/original.pdf\" target=\"_blank\" rel=\"noopener\">\n\t\t\t\t\t\t\tTecnolog\u00eda de Pilotaje a Distancia y Control Automatizado (RPACT)\n\t\t\t<\/a>\n<h2>\n\t\tTecnolog\u00edas facilitadoras\n\t<\/h2>\n\t<p>Las tecnolog\u00edas remotas de Oceaneering permiten tomar decisiones en tiempo real gracias a nuestras avanzadas soluciones de comunicaciones de datos y software en la nube.<\/p>\n\t\t\t\t<a href=\"https:\/\/oceaneering.canto.com\/download\/document\/lahb9qrv8d7vb37kcmsugea10o\/original.pdf\"  target=\"_blank\" rel=\"noopener\"  itemprop=\"url\">\n\t\t\t\t<img decoding=\"async\" src=\"https:\/\/oceaneering.com\/wp-content\/uploads\/2023\/10\/20AW038-1-panorama.png\" alt=\"20AW038-1-panorama\" itemprop=\"image\" title=\"20AW038-1-panorama\" onerror=\"this.style.display='none'\"  \/>\n\t\t\t\t<\/a>\n<h3>\n\t\t<a href=\"https:\/\/oceaneering.canto.com\/download\/document\/lahb9qrv8d7vb37kcmsugea10o\/original.pdf\" title=\"Lleve sus comunicaciones de datos al siglo XXI\"  target=\"_blank\"  rel=\"noopener\">\n\t\tLleve sus comunicaciones de datos al siglo XXI\n\t\t<\/a>\n\t<\/h3>\n\t<p>Nuestra <strong>Enlace inteligente agn\u00f3stico por sat\u00e9lite (SAIL)<\/strong> Solution combines LTE, Wi-Fi, and Multi-Orbit Satellite Constellations to provide secure communication and networking capabilities, improving our customers&#8217; network speeds from the frustrating dial-up connections of last century. SAIL has been used by our customers to enable the offshore drilling rig of the future, today.<\/p>\n\t\t\t<a href=\"https:\/\/oceaneering.canto.com\/download\/document\/lahb9qrv8d7vb37kcmsugea10o\/original.pdf\" target=\"_blank\" rel=\"noopener\">\n\t\t\t\t\t\t\tSoluci\u00f3n de enlace inteligente agn\u00f3stico por sat\u00e9lite (SAIL)\n\t\t\t\t\t<\/a>\n\t\t\t\t<a href=\"https:\/\/oceaneering.canto.com\/download\/document\/obi7vkr4r931pefv15g160q90u\/original.pdf\"  target=\"_blank\" rel=\"noopener\"  itemprop=\"url\">\n\t\t\t\t<img decoding=\"async\" src=\"https:\/\/oceaneering.com\/wp-content\/uploads\/2023\/10\/shutterstock_1460459846-1852px-panorama.jpeg\" alt=\"shutterstock_1460459846-1852px-panorama\" itemprop=\"image\" title=\"shutterstock_1460459846-1852px-panorama\" onerror=\"this.style.display='none'\"  \/>\n\t\t\t\t<\/a>\n<h3>\n\t\t<a href=\"https:\/\/oceaneering.canto.com\/download\/document\/obi7vkr4r931pefv15g160q90u\/original.pdf\" title=\"Acceso directo a los datos y almacenamiento en la nube\"  target=\"_blank\"  rel=\"noopener\">\n\t\tAcceso directo a los datos y almacenamiento en la nube\n\t\t<\/a>\n\t<\/h3>\n\t<p>Acceda a sus datos y gesti\u00f3nelos cuando y como los necesite mientras supervisa las operaciones submarinas y de superficie desde tierra. <strong>B\u00f3veda medi\u00e1tica de Oceaneering (OMV)<\/strong> ofrece soluciones avanzadas de transmisi\u00f3n en directo y archivo para satisfacer sus necesidades de supervisi\u00f3n remota en tiempo real y soluciones de an\u00e1lisis de datos.<\/p>\n\t\t\t<a href=\"https:\/\/www.oceaneering.com\/es\/asset-intelligence-and-management\/media-and-integrity-management\/\" target=\"_self\">\n\t\t\t\t\t\t\tM\u00e1s informaci\u00f3n\n\t\t\t<\/a>\n\n\t\tContacte con nosotros\n\t\n<h2>\n\t\tNuestro equipo de expertos est\u00e1 listo para ayudarle a empezar.\n\t<\/h2>\n\t<p>Oceaneering ofrece los mejores productos y soluciones de su clase, respaldados por una calidad, fiabilidad y asistencia global inigualables. Rellene el formulario de consulta para iniciar una conversaci\u00f3n hoy mismo.<\/p>","protected":false},"excerpt":{"rendered":"<p>Discuss a Project Remote Services Rethink the way offshore operations are run from end-to-end. Run Your Offshore Operations From Onshore Oceaneering&#8217;s offshore expertise paired with high uptime and communications enables real-time monitoring, execution, and decision making. With your remote operations running from an onshore base, you can increase operational flexibility, reducing carbon footprint, and reducing &#8230; <a title=\"Servicios a distancia\" class=\"read-more\" href=\"https:\/\/www.oceaneering.com\/es\/remote-services\/\" aria-label=\"Leer m\u00e1s sobre Servicios remotos\">Seguir leyendo<\/a><\/p>","protected":false},"author":13,"featured_media":0,"parent":0,"menu_order":2,"comment_status":"closed","ping_status":"closed","template":"","meta":{"_acf_changed":false,"footnotes":"","_links_to":"","_links_to_target":""},"product_category":[1468],"search_tags":[1509,1802],"class_list":["post-2682","page","type-page","status-publish","product_category-remote-operations","search_tags-integrated-rig-solutions","search_tags-remote-services"],"acf":[],"aioseo_notices":[],"_links":{"self":[{"href":"https:\/\/www.oceaneering.com\/es\/wp-json\/wp\/v2\/pages\/2682","targetHints":{"allow":["GET"]}}],"collection":[{"href":"https:\/\/www.oceaneering.com\/es\/wp-json\/wp\/v2\/pages"}],"about":[{"href":"https:\/\/www.oceaneering.com\/es\/wp-json\/wp\/v2\/types\/page"}],"author":[{"embeddable":true,"href":"https:\/\/www.oceaneering.com\/es\/wp-json\/wp\/v2\/users\/13"}],"replies":[{"embeddable":true,"href":"https:\/\/www.oceaneering.com\/es\/wp-json\/wp\/v2\/comments?post=2682"}],"version-history":[{"count":3,"href":"https:\/\/www.oceaneering.com\/es\/wp-json\/wp\/v2\/pages\/2682\/revisions"}],"predecessor-version":[{"id":81030,"href":"https:\/\/www.oceaneering.com\/es\/wp-json\/wp\/v2\/pages\/2682\/revisions\/81030"}],"wp:attachment":[{"href":"https:\/\/www.oceaneering.com\/es\/wp-json\/wp\/v2\/media?parent=2682"}],"wp:term":[{"taxonomy":"product_category","embeddable":true,"href":"https:\/\/www.oceaneering.com\/es\/wp-json\/wp\/v2\/product_category?post=2682"},{"taxonomy":"search_tags","embeddable":true,"href":"https:\/\/www.oceaneering.com\/es\/wp-json\/wp\/v2\/search_tags?post=2682"}],"curies":[{"name":"wp","href":"https:\/\/api.w.org\/{rel}","templated":true}]}}