{"id":2517,"date":"2023-10-16T22:42:36","date_gmt":"2023-10-17T02:42:36","guid":{"rendered":"https:\/\/oceaneering.com\/?page_id=2517"},"modified":"2024-01-29T11:31:50","modified_gmt":"2024-01-29T16:31:50","slug":"dredging","status":"publish","type":"page","link":"https:\/\/www.oceaneering.com\/es\/decommissioning\/dredging\/","title":{"rendered":"Dragado"},"content":{"rendered":"<a href=\"https:\/\/www.oceaneering.com\/es\/decommissioning\/#contact\" target=\"_self\" rel=\"noopener\">\n\t\t\t\t\t\t\tDebatir un proyecto\n\t\t\t\t\t<\/a>\n<h1>\n\t\tDragado\n\t<\/h1>\n\t<p>Nuestras dragas desplegadas por buzos o ROV excavan tuber\u00edas para trabajos de abandono, inspecci\u00f3n y mantenimiento eliminando arcilla, escombros de roca y otros sedimentos.<\/p>\n<h2>\n\t\tDragado de pilotes\n\t<\/h2>\n\t<p>Utilice nuestras dragas de pilotes tanto para el abandono como para el desarrollo de nuevos yacimientos, en aguas profundas y poco profundas. Nuestras dragas de pilotes hidr\u00e1ulicas son las m\u00e1s adecuadas para su uso en aguas poco profundas.<\/p>\n<p>Nuestra draga de pilotes para aguas profundas, ganadora del premio Spotlight on New Technology\u2120 de la Offshore Technology Conference (OTC) de 2015, se acciona el\u00e9ctricamente con bombas que proporcionan chorro de agua y succi\u00f3n para excavar pilotes hasta 3.000 msw (10.000 fsw).<\/p>\n<p>El chorro proporciona un patr\u00f3n de 360\u00b0 para fluidificar la tierra dentro del pilote y, a continuaci\u00f3n, las bombas de succi\u00f3n retiran la tierra del pilote.<\/p>\n\t\t\t<a href=\"https:\/\/oceaneering.canto.com\/download\/document\/44mv74p8ol79n2k2maahnidv3s\/original.pdf\" target=\"_blank\" rel=\"noopener\">\n\t\t\t\t\t\t\tDraga de pilotes para aguas profundas\n\t\t\t<\/a>\n<h2>\n\t\tDragado convencional\n\t<\/h2>\n\t<p>Para eliminar eficazmente los sedimentos y el suelo submarinos, ofrecemos una amplia gama de tama\u00f1os de dragas y opciones de despliegue. Nuestra draga de 6 pulgadas (150 mm) puede desplegarse como un sistema aut\u00f3nomo manipulado por un buceador en el fondo marino, o como parte de un paquete ROV integrado. Cuando se utiliza con un ROV, la draga puede montarse en una jaula o en el vientre.<\/p>\n<p>Para la excavaci\u00f3n de tuber\u00edas, el saneamiento de desmontes, el salvamento y otras tareas en alta mar, ofrecemos dragas de tama\u00f1os ampliados de 254 mm (10 pulg.) a 406 mm (16 pulg.). Nuestras dragas de mayor tama\u00f1o pueden desplegarse como sistemas aut\u00f3nomos para eliminar mayores vol\u00famenes de residuos del fondo marino.<\/p>\n<h2>\n\t\tRelleno y eliminaci\u00f3n de recortes\n\t<\/h2>\n\t<p>Nuestras dragas tienen un historial demostrado de \u00e9xito en el relleno de lugares previamente excavados.<\/p>\n<p>Para pozos m\u00e1s profundos y estructuras de cabeza de pozo m\u00e1s grandes que contienen mayores dep\u00f3sitos de recortes de perforaci\u00f3n, nuestros equipos de dragado recogen y transportan los recortes a las zonas de eliminaci\u00f3n designadas. Las dragas submarinas con cubos de recogida incorporados mantienen las zonas de perforaci\u00f3n limpias de residuos. Utilizamos un ROV para realizar conexiones submarinas, y nuestra herramienta de recogida de recortes de perforaci\u00f3n puede desplegarse sin equipo de perforaci\u00f3n.<\/p>\n<h1>\n\t\tContacte con nosotros\n\t<\/h1>\n<h2>\n\t\tNuestro equipo de expertos est\u00e1 listo para ayudarle a empezar.\n\t<\/h2>\n\t<p>Oceaneering ofrece los mejores productos y soluciones de su clase, respaldados por una calidad, fiabilidad y asistencia global inigualables. Rellene el formulario de consulta para iniciar una conversaci\u00f3n hoy mismo.<\/p>","protected":false},"excerpt":{"rendered":"<p>Discutir un proyecto Dragado Nuestras dragas desplegadas por buzos o ROV excavan tuber\u00edas para trabajos de abandono, inspecci\u00f3n y mantenimiento eliminando arcilla, escombros de roca y otros sedimentos. Dragado de pilotes Utilice nuestras dragas de pilotes tanto para el abandono como para el desarrollo de nuevos yacimientos, en aguas profundas y poco profundas. Nuestras dragas de pilotes hidr\u00e1ulicas son las m\u00e1s adecuadas para su uso en aguas poco profundas. Nuestras ... <a title=\"Dragado\" class=\"read-more\" href=\"https:\/\/www.oceaneering.com\/es\/decommissioning\/dredging\/\" aria-label=\"Leer m\u00e1s sobre Dragado\">Seguir leyendo<\/a><\/p>","protected":false},"author":19,"featured_media":0,"parent":2447,"menu_order":2,"comment_status":"closed","ping_status":"closed","template":"","meta":{"_acf_changed":false,"footnotes":"","_links_to":"","_links_to_target":""},"product_category":[1312,1313],"search_tags":[1377,1704],"class_list":["post-2517","page","type-page","status-publish","product_category-decommissioning","product_category-plug-and-abandonment","search_tags-decommissioning","search_tags-dredge"],"acf":[],"aioseo_notices":[],"_links":{"self":[{"href":"https:\/\/www.oceaneering.com\/es\/wp-json\/wp\/v2\/pages\/2517","targetHints":{"allow":["GET"]}}],"collection":[{"href":"https:\/\/www.oceaneering.com\/es\/wp-json\/wp\/v2\/pages"}],"about":[{"href":"https:\/\/www.oceaneering.com\/es\/wp-json\/wp\/v2\/types\/page"}],"author":[{"embeddable":true,"href":"https:\/\/www.oceaneering.com\/es\/wp-json\/wp\/v2\/users\/19"}],"replies":[{"embeddable":true,"href":"https:\/\/www.oceaneering.com\/es\/wp-json\/wp\/v2\/comments?post=2517"}],"version-history":[{"count":0,"href":"https:\/\/www.oceaneering.com\/es\/wp-json\/wp\/v2\/pages\/2517\/revisions"}],"up":[{"embeddable":true,"href":"https:\/\/www.oceaneering.com\/es\/wp-json\/wp\/v2\/pages\/2447"}],"wp:attachment":[{"href":"https:\/\/www.oceaneering.com\/es\/wp-json\/wp\/v2\/media?parent=2517"}],"wp:term":[{"taxonomy":"product_category","embeddable":true,"href":"https:\/\/www.oceaneering.com\/es\/wp-json\/wp\/v2\/product_category?post=2517"},{"taxonomy":"search_tags","embeddable":true,"href":"https:\/\/www.oceaneering.com\/es\/wp-json\/wp\/v2\/search_tags?post=2517"}],"curies":[{"name":"wp","href":"https:\/\/api.w.org\/{rel}","templated":true}]}}